{"id":13746,"date":"2021-05-26T15:33:13","date_gmt":"2021-05-26T13:33:13","guid":{"rendered":"https:\/\/all-actresses.com\/producers\/"},"modified":"2024-05-13T11:45:55","modified_gmt":"2024-05-13T09:45:55","slug":"producenter","status":"publish","type":"page","link":"https:\/\/all-actresses.com\/sv\/producenter\/","title":{"rendered":"Producenter"},"content":{"rendered":"\n<figure class=\"wp-block-image alignfull size-full\"><img decoding=\"async\" width=\"1900\" height=\"480\" data-src=\"https:\/\/all-actresses.com\/wp-content\/uploads\/2024\/03\/Header_Produzent_SV.png\" alt=\"Producenter\" class=\"wp-image-11347 lazyload\" data-srcset=\"https:\/\/all-actresses.com\/wp-content\/uploads\/2024\/03\/Header_Produzent_SV.png 1900w, https:\/\/all-actresses.com\/wp-content\/uploads\/2024\/03\/Header_Produzent_SV-300x76.png 300w, https:\/\/all-actresses.com\/wp-content\/uploads\/2024\/03\/Header_Produzent_SV-1024x259.png 1024w, https:\/\/all-actresses.com\/wp-content\/uploads\/2024\/03\/Header_Produzent_SV-768x194.png 768w, https:\/\/all-actresses.com\/wp-content\/uploads\/2024\/03\/Header_Produzent_SV-1536x388.png 1536w\" data-sizes=\"(max-width: 1900px) 100vw, 1900px\" src=\"data:image\/svg+xml;base64,PHN2ZyB3aWR0aD0iMSIgaGVpZ2h0PSIxIiB4bWxucz0iaHR0cDovL3d3dy53My5vcmcvMjAwMC9zdmciPjwvc3ZnPg==\" style=\"--smush-placeholder-width: 1900px; --smush-placeholder-aspect-ratio: 1900\/480;\" \/><\/figure>\n\n\n\n<div class=\"pt-cv-wrapper\"><div class=\"pt-cv-view pt-cv-grid pt-cv-colsys\" id=\"pt-cv-view-09704e6i7r\"><div data-id=\"pt-cv-page-1\" class=\"pt-cv-page\" data-cvc=\"3\"><div class=\"col-md-4 col-sm-6 col-xs-12 pt-cv-content-item pt-cv-1-col\" ><div class='pt-cv-ifield'><h3 class=\"pt-cv-title\"><a href=\"https:\/\/all-actresses.com\/sv\/fake-taxi\/\" class=\"_self\" target=\"_self\" >Fake Taxi<\/a><\/h3>\n<div class=\"pt-cv-content\">Fake Taxi Producentbolaget och onlinevideoplattformen Fake Taxi \u00e4r en av de mest k\u00e4nda och mest sedda videoplattformarna ...<br \/><div class=\"pt-cv-rmwrap\"><a href=\"https:\/\/all-actresses.com\/sv\/fake-taxi\/\" class=\"_self pt-cv-readmore btn btn-success\" target=\"_self\">L\u00e4s Mer \u2026<\/a><\/div><\/div><\/div><\/div>\n<div class=\"col-md-4 col-sm-6 col-xs-12 pt-cv-content-item pt-cv-1-col\" ><div class='pt-cv-ifield'><h3 class=\"pt-cv-title\"><a href=\"https:\/\/all-actresses.com\/sv\/brazzers\/\" class=\"_self\" target=\"_self\" >Brazzers<\/a><\/h3>\n<div class=\"pt-cv-content\">Brazzers Vuxenvideon\u00e4tverket Brazzers \u00e4r f\u00f6rmodligen ett av de mest k\u00e4nda n\u00e4tverken som finns. N\u00e4tverket drivs av det ...<br \/><div class=\"pt-cv-rmwrap\"><a href=\"https:\/\/all-actresses.com\/sv\/brazzers\/\" class=\"_self pt-cv-readmore btn btn-success\" target=\"_self\">L\u00e4s Mer \u2026<\/a><\/div><\/div><\/div><\/div>\n<div class=\"col-md-4 col-sm-6 col-xs-12 pt-cv-content-item pt-cv-1-col\" ><div class='pt-cv-ifield'><h3 class=\"pt-cv-title\"><a href=\"https:\/\/all-actresses.com\/sv\/bang-bros\/\" class=\"_self\" target=\"_self\" >Bang Bros<\/a><\/h3>\n<div class=\"pt-cv-content\">Bang Bros Det erotiska videobolaget Bang Bros grundades f\u00f6r mer \u00e4n 20 \u00e5r sedan och \u00e4r nu ...<br \/><div class=\"pt-cv-rmwrap\"><a href=\"https:\/\/all-actresses.com\/sv\/bang-bros\/\" class=\"_self pt-cv-readmore btn btn-success\" target=\"_self\">L\u00e4s Mer \u2026<\/a><\/div><\/div><\/div><\/div><\/div><\/div><\/div>\n","protected":false},"excerpt":{"rendered":"","protected":false},"author":1,"featured_media":13747,"parent":0,"menu_order":0,"comment_status":"closed","ping_status":"closed","template":"","meta":{"footnotes":""},"class_list":["post-13746","page","type-page","status-publish","has-post-thumbnail"],"yoast_head":"<!-- This site is optimized with the Yoast SEO plugin v27.4 - https:\/\/yoast.com\/product\/yoast-seo-wordpress\/ -->\n<title>De mest k\u00e4nda producenterna i vuxenindustrin | Se nu!<\/title>\n<meta name=\"description\" content=\"L\u00e4r dig sp\u00e4nnande fakta &amp; bakgrundsinformation om de mest k\u00e4nda erotiska producenterna \u2713 intressanta insikter nu\" \/>\n<meta name=\"robots\" content=\"index, follow, max-snippet:-1, max-image-preview:large, max-video-preview:-1\" \/>\n<link rel=\"canonical\" href=\"https:\/\/all-actresses.com\/sv\/producenter\/\" \/>\n<meta property=\"og:locale\" content=\"sv_SE\" \/>\n<meta property=\"og:type\" content=\"article\" \/>\n<meta property=\"og:title\" content=\"De mest k\u00e4nda producenterna i vuxenindustrin | Se nu!\" \/>\n<meta property=\"og:description\" content=\"L\u00e4r dig sp\u00e4nnande fakta &amp; bakgrundsinformation om de mest k\u00e4nda erotiska producenterna \u2713 intressanta insikter nu\" \/>\n<meta property=\"og:url\" content=\"https:\/\/all-actresses.com\/sv\/producenter\/\" \/>\n<meta property=\"og:site_name\" content=\"all-actresses.com\" \/>\n<meta property=\"article:modified_time\" content=\"2024-05-13T09:45:55+00:00\" \/>\n<meta property=\"og:image\" content=\"https:\/\/all-actresses.com\/wp-content\/uploads\/2020\/10\/All-Actresses-fav.png\" \/>\n\t<meta property=\"og:image:width\" content=\"512\" \/>\n\t<meta property=\"og:image:height\" content=\"512\" \/>\n\t<meta property=\"og:image:type\" content=\"image\/png\" \/>\n<meta name=\"twitter:card\" content=\"summary_large_image\" \/>\n<meta name=\"twitter:label1\" content=\"Ber\u00e4knad l\u00e4stid\" \/>\n\t<meta name=\"twitter:data1\" content=\"1 minut\" \/>\n<script type=\"application\/ld+json\" class=\"yoast-schema-graph\">{\"@context\":\"https:\\\/\\\/schema.org\",\"@graph\":[{\"@type\":\"WebPage\",\"@id\":\"https:\\\/\\\/all-actresses.com\\\/sv\\\/producenter\\\/\",\"url\":\"https:\\\/\\\/all-actresses.com\\\/sv\\\/producenter\\\/\",\"name\":\"De mest k\u00e4nda producenterna i vuxenindustrin | Se nu!\",\"isPartOf\":{\"@id\":\"https:\\\/\\\/all-actresses.com\\\/#website\"},\"primaryImageOfPage\":{\"@id\":\"https:\\\/\\\/all-actresses.com\\\/sv\\\/producenter\\\/#primaryimage\"},\"image\":{\"@id\":\"https:\\\/\\\/all-actresses.com\\\/sv\\\/producenter\\\/#primaryimage\"},\"thumbnailUrl\":\"https:\\\/\\\/all-actresses.com\\\/wp-content\\\/uploads\\\/2020\\\/10\\\/All-Actresses-fav.png\",\"datePublished\":\"2021-05-26T13:33:13+00:00\",\"dateModified\":\"2024-05-13T09:45:55+00:00\",\"description\":\"L\u00e4r dig sp\u00e4nnande fakta & bakgrundsinformation om de mest k\u00e4nda erotiska producenterna \u2713 intressanta insikter nu\",\"breadcrumb\":{\"@id\":\"https:\\\/\\\/all-actresses.com\\\/sv\\\/producenter\\\/#breadcrumb\"},\"inLanguage\":\"sv-SE\",\"potentialAction\":[{\"@type\":\"ReadAction\",\"target\":[\"https:\\\/\\\/all-actresses.com\\\/sv\\\/producenter\\\/\"]}]},{\"@type\":\"ImageObject\",\"inLanguage\":\"sv-SE\",\"@id\":\"https:\\\/\\\/all-actresses.com\\\/sv\\\/producenter\\\/#primaryimage\",\"url\":\"https:\\\/\\\/all-actresses.com\\\/wp-content\\\/uploads\\\/2020\\\/10\\\/All-Actresses-fav.png\",\"contentUrl\":\"https:\\\/\\\/all-actresses.com\\\/wp-content\\\/uploads\\\/2020\\\/10\\\/All-Actresses-fav.png\",\"width\":512,\"height\":512},{\"@type\":\"BreadcrumbList\",\"@id\":\"https:\\\/\\\/all-actresses.com\\\/sv\\\/producenter\\\/#breadcrumb\",\"itemListElement\":[{\"@type\":\"ListItem\",\"position\":1,\"name\":\"Startseite\",\"item\":\"https:\\\/\\\/all-actresses.com\\\/sv\\\/\"},{\"@type\":\"ListItem\",\"position\":2,\"name\":\"Producenter\"}]},{\"@type\":\"WebSite\",\"@id\":\"https:\\\/\\\/all-actresses.com\\\/#website\",\"url\":\"https:\\\/\\\/all-actresses.com\\\/\",\"name\":\"all-actresses.com\",\"description\":\"Entdecke die Welt von AllActresses!\",\"publisher\":{\"@id\":\"https:\\\/\\\/all-actresses.com\\\/#organization\"},\"potentialAction\":[{\"@type\":\"SearchAction\",\"target\":{\"@type\":\"EntryPoint\",\"urlTemplate\":\"https:\\\/\\\/all-actresses.com\\\/?s={search_term_string}\"},\"query-input\":{\"@type\":\"PropertyValueSpecification\",\"valueRequired\":true,\"valueName\":\"search_term_string\"}}],\"inLanguage\":\"sv-SE\"},{\"@type\":\"Organization\",\"@id\":\"https:\\\/\\\/all-actresses.com\\\/#organization\",\"name\":\"all-actresses.com\",\"url\":\"https:\\\/\\\/all-actresses.com\\\/\",\"logo\":{\"@type\":\"ImageObject\",\"inLanguage\":\"sv-SE\",\"@id\":\"https:\\\/\\\/all-actresses.com\\\/#\\\/schema\\\/logo\\\/image\\\/\",\"url\":\"https:\\\/\\\/all-actresses.com\\\/wp-content\\\/uploads\\\/2021\\\/05\\\/allactresses-2-e1620037015851.jpg\",\"contentUrl\":\"https:\\\/\\\/all-actresses.com\\\/wp-content\\\/uploads\\\/2021\\\/05\\\/allactresses-2-e1620037015851.jpg\",\"width\":400,\"height\":213,\"caption\":\"all-actresses.com\"},\"image\":{\"@id\":\"https:\\\/\\\/all-actresses.com\\\/#\\\/schema\\\/logo\\\/image\\\/\"}}]}<\/script>\n<!-- \/ Yoast SEO plugin. -->","yoast_head_json":{"title":"De mest k\u00e4nda producenterna i vuxenindustrin | Se nu!","description":"L\u00e4r dig sp\u00e4nnande fakta & bakgrundsinformation om de mest k\u00e4nda erotiska producenterna \u2713 intressanta insikter nu","robots":{"index":"index","follow":"follow","max-snippet":"max-snippet:-1","max-image-preview":"max-image-preview:large","max-video-preview":"max-video-preview:-1"},"canonical":"https:\/\/all-actresses.com\/sv\/producenter\/","og_locale":"sv_SE","og_type":"article","og_title":"De mest k\u00e4nda producenterna i vuxenindustrin | Se nu!","og_description":"L\u00e4r dig sp\u00e4nnande fakta & bakgrundsinformation om de mest k\u00e4nda erotiska producenterna \u2713 intressanta insikter nu","og_url":"https:\/\/all-actresses.com\/sv\/producenter\/","og_site_name":"all-actresses.com","article_modified_time":"2024-05-13T09:45:55+00:00","og_image":[{"width":512,"height":512,"url":"https:\/\/all-actresses.com\/wp-content\/uploads\/2020\/10\/All-Actresses-fav.png","type":"image\/png"}],"twitter_card":"summary_large_image","twitter_misc":{"Ber\u00e4knad l\u00e4stid":"1 minut"},"schema":{"@context":"https:\/\/schema.org","@graph":[{"@type":"WebPage","@id":"https:\/\/all-actresses.com\/sv\/producenter\/","url":"https:\/\/all-actresses.com\/sv\/producenter\/","name":"De mest k\u00e4nda producenterna i vuxenindustrin | Se nu!","isPartOf":{"@id":"https:\/\/all-actresses.com\/#website"},"primaryImageOfPage":{"@id":"https:\/\/all-actresses.com\/sv\/producenter\/#primaryimage"},"image":{"@id":"https:\/\/all-actresses.com\/sv\/producenter\/#primaryimage"},"thumbnailUrl":"https:\/\/all-actresses.com\/wp-content\/uploads\/2020\/10\/All-Actresses-fav.png","datePublished":"2021-05-26T13:33:13+00:00","dateModified":"2024-05-13T09:45:55+00:00","description":"L\u00e4r dig sp\u00e4nnande fakta & bakgrundsinformation om de mest k\u00e4nda erotiska producenterna \u2713 intressanta insikter nu","breadcrumb":{"@id":"https:\/\/all-actresses.com\/sv\/producenter\/#breadcrumb"},"inLanguage":"sv-SE","potentialAction":[{"@type":"ReadAction","target":["https:\/\/all-actresses.com\/sv\/producenter\/"]}]},{"@type":"ImageObject","inLanguage":"sv-SE","@id":"https:\/\/all-actresses.com\/sv\/producenter\/#primaryimage","url":"https:\/\/all-actresses.com\/wp-content\/uploads\/2020\/10\/All-Actresses-fav.png","contentUrl":"https:\/\/all-actresses.com\/wp-content\/uploads\/2020\/10\/All-Actresses-fav.png","width":512,"height":512},{"@type":"BreadcrumbList","@id":"https:\/\/all-actresses.com\/sv\/producenter\/#breadcrumb","itemListElement":[{"@type":"ListItem","position":1,"name":"Startseite","item":"https:\/\/all-actresses.com\/sv\/"},{"@type":"ListItem","position":2,"name":"Producenter"}]},{"@type":"WebSite","@id":"https:\/\/all-actresses.com\/#website","url":"https:\/\/all-actresses.com\/","name":"all-actresses.com","description":"Entdecke die Welt von AllActresses!","publisher":{"@id":"https:\/\/all-actresses.com\/#organization"},"potentialAction":[{"@type":"SearchAction","target":{"@type":"EntryPoint","urlTemplate":"https:\/\/all-actresses.com\/?s={search_term_string}"},"query-input":{"@type":"PropertyValueSpecification","valueRequired":true,"valueName":"search_term_string"}}],"inLanguage":"sv-SE"},{"@type":"Organization","@id":"https:\/\/all-actresses.com\/#organization","name":"all-actresses.com","url":"https:\/\/all-actresses.com\/","logo":{"@type":"ImageObject","inLanguage":"sv-SE","@id":"https:\/\/all-actresses.com\/#\/schema\/logo\/image\/","url":"https:\/\/all-actresses.com\/wp-content\/uploads\/2021\/05\/allactresses-2-e1620037015851.jpg","contentUrl":"https:\/\/all-actresses.com\/wp-content\/uploads\/2021\/05\/allactresses-2-e1620037015851.jpg","width":400,"height":213,"caption":"all-actresses.com"},"image":{"@id":"https:\/\/all-actresses.com\/#\/schema\/logo\/image\/"}}]}},"_links":{"self":[{"href":"https:\/\/all-actresses.com\/sv\/wp-json\/wp\/v2\/pages\/13746","targetHints":{"allow":["GET"]}}],"collection":[{"href":"https:\/\/all-actresses.com\/sv\/wp-json\/wp\/v2\/pages"}],"about":[{"href":"https:\/\/all-actresses.com\/sv\/wp-json\/wp\/v2\/types\/page"}],"author":[{"embeddable":true,"href":"https:\/\/all-actresses.com\/sv\/wp-json\/wp\/v2\/users\/1"}],"replies":[{"embeddable":true,"href":"https:\/\/all-actresses.com\/sv\/wp-json\/wp\/v2\/comments?post=13746"}],"version-history":[{"count":1,"href":"https:\/\/all-actresses.com\/sv\/wp-json\/wp\/v2\/pages\/13746\/revisions"}],"predecessor-version":[{"id":13758,"href":"https:\/\/all-actresses.com\/sv\/wp-json\/wp\/v2\/pages\/13746\/revisions\/13758"}],"wp:featuredmedia":[{"embeddable":true,"href":"https:\/\/all-actresses.com\/sv\/wp-json\/wp\/v2\/media\/13747"}],"wp:attachment":[{"href":"https:\/\/all-actresses.com\/sv\/wp-json\/wp\/v2\/media?parent=13746"}],"curies":[{"name":"wp","href":"https:\/\/api.w.org\/{rel}","templated":true}]}}