{"id":12883,"date":"2021-06-16T15:39:30","date_gmt":"2021-06-16T13:39:30","guid":{"rendered":"https:\/\/all-actresses.com\/about-us\/"},"modified":"2024-05-17T07:22:48","modified_gmt":"2024-05-17T05:22:48","slug":"om-oss","status":"publish","type":"page","link":"https:\/\/all-actresses.com\/sv\/om-oss\/","title":{"rendered":"Om oss"},"content":{"rendered":"\n<figure class=\"wp-block-image alignfull size-full\"><img decoding=\"async\" width=\"1900\" height=\"480\" data-src=\"https:\/\/all-actresses.com\/wp-content\/uploads\/2024\/05\/Om-oss.jpg\" alt=\"\" class=\"wp-image-14269 lazyload\" data-srcset=\"https:\/\/all-actresses.com\/wp-content\/uploads\/2024\/05\/Om-oss.jpg 1900w, https:\/\/all-actresses.com\/wp-content\/uploads\/2024\/05\/Om-oss-300x76.jpg 300w, https:\/\/all-actresses.com\/wp-content\/uploads\/2024\/05\/Om-oss-1024x259.jpg 1024w, https:\/\/all-actresses.com\/wp-content\/uploads\/2024\/05\/Om-oss-768x194.jpg 768w, https:\/\/all-actresses.com\/wp-content\/uploads\/2024\/05\/Om-oss-1536x388.jpg 1536w\" data-sizes=\"(max-width: 1900px) 100vw, 1900px\" src=\"data:image\/svg+xml;base64,PHN2ZyB3aWR0aD0iMSIgaGVpZ2h0PSIxIiB4bWxucz0iaHR0cDovL3d3dy53My5vcmcvMjAwMC9zdmciPjwvc3ZnPg==\" style=\"--smush-placeholder-width: 1900px; --smush-placeholder-aspect-ratio: 1900\/480;\" \/><\/figure>\n\n\n\n<h2 class=\"wp-block-heading\"><strong>Historien om All-Actresses<\/strong><\/h2>\n\n\n\n<h3 class=\"wp-block-heading\"><strong>Fr\u00e5n en spontan id\u00e9 till en internationell portal &#8211; det h\u00e4r \u00e4r historien bakom<\/strong><\/h3>\n\n\n\n<p>Vi befinner oss i \u00e5r 2020. En solig senh\u00f6stdag \u00e4gnar sig v\u00e5rt digitala marknadsf\u00f6ringsteam \u00e5t ett \u00e4mne som det s\u00f6ks enormt mycket efter p\u00e5 webben: Vuxen- och erotiksektorn. Efterfr\u00e5gan p\u00e5 artister, erotiska n\u00e4tverk och plattformar \u00e4r enorm.<\/p>\n\n\n\n<p>Tidigare hade vi redan gjort m\u00e5nga erfarenheter med vuxensektorn p\u00e5 Internet. Vi uppt\u00e4ckte snabbt att det knappast finns n\u00e5gra v\u00e4lrenommerade k\u00e4llor som tillgodoser denna efterfr\u00e5gan. Dessa sajter erbjuder inget anv\u00e4ndbart inneh\u00e5ll utan syftar bara till att tj\u00e4na pengar p\u00e5 sina bes\u00f6kare genom p\u00e5tr\u00e4ngande banners, popup-f\u00f6nster och andra former av reklam. Vi var fast beslutna att \u00e4ndra p\u00e5 detta genom att grunda All-Actresses.<\/p>\n\n\n\n<h3 class=\"wp-block-heading\"><strong>V\u00e5rt uppdrag<\/strong><\/h3>\n\n\n\n<p>Vi vill ge dig all information om de mest popul\u00e4ra sk\u00e5despelerskorna, webbkameraportalerna och videon\u00e4tverken fr\u00e5n en och samma k\u00e4lla. Vi vill ocks\u00e5 presentera de b\u00e4sta erotiska erbjudandena till det b\u00e4sta priset och ta bort din r\u00e4dsla f\u00f6r bedr\u00e4gliga erbjudanden. V\u00e5r f\u00f6rsta prioritet \u00e4r att bringa ljus in i den fortfarande m\u00f6rka v\u00e4rlden av vuxenindustrin. Tyv\u00e4rr finns det fortfarande m\u00e5nga tvivelaktiga erbjudanden och webbplatser som f\u00f6rhindrar exakt det.<\/p>\n\n\n\n<h3 class=\"wp-block-heading\"><strong>V\u00e5r vision<\/strong><\/h3>\n\n\n\n<p>V\u00e5r vision och v\u00e5rt m\u00e5l \u00e4r att vara tillg\u00e4nglig f\u00f6r anv\u00e4ndare fr\u00e5n hela v\u00e4rlden med v\u00e5r portal som konsult f\u00f6r vuxensektorn. All-Actresses.com b\u00f6r etablera sig som en konstant faktor i vuxensektorn och fungera som en lojal f\u00f6ljeslagare genom sin expertis, auktoritet och s\u00e4rskilt f\u00f6rtroende.<\/p>\n\n\n\n<h3 class=\"wp-block-heading\"><strong>V\u00e5ra samarbetspartners<\/strong><\/h3>\n\n\n\n<p>P\u00e5 All-Actresses.com vill vi erbjuda den b\u00e4sta upplevelsen till det b\u00e4sta priset. Av denna anledning har vi intensivt \u00f6verv\u00e4gt fr\u00e5gan om vilka partners vi skulle vilja arbeta med. Och med vilka partners ett samarbete \u00e4r uteslutet.<\/p>\n\n\n\n<p>Vi samarbetar med de st\u00f6rsta internationella webbkameraportalerna som <a href=\"https:\/\/all-actresses.com\/sv\/camsoda\/\">Camsoda<\/a>, <a href=\"https:\/\/all-actresses.com\/sv\/bongacams\/\">Bongacams<\/a>, <a href=\"https:\/\/all-actresses.com\/sv\/chaturbate\/\">Chaturbate<\/a>, <a href=\"https:\/\/all-actresses.com\/sv\/cam4\/\">CAM4<\/a>, <a href=\"https:\/\/all-actresses.com\/sv\/livejasmin\/\">LiveJasmin<\/a> och <a href=\"https:\/\/all-actresses.com\/sv\/streamate\/\">Streamate<\/a>. Inom produktionsomr\u00e5det samarbetar vi med bland annat <a href=\"https:\/\/all-actresses.com\/sv\/brazzers\/\">Brazzers<\/a>, <a href=\"https:\/\/all-actresses.com\/sv\/fake-taxi\/\">FakeHub<\/a>, <a href=\"https:\/\/lp.mydirtyhobby.com\/2\/?video=4&amp;lang=de&amp;ats=eyJhIjozMDkyNTEsImMiOjU5MTA3NzMyLCJuIjoyMSwicyI6MjQxLCJlIjo5NTQyLCJwIjoyfQ==\">MyDirtyHobby<\/a> och <a href=\"https:\/\/www.zubivu.com\/VX\/LP\/Tuby2\/A?w=48182&amp;ws=\">Visit-X<\/a>.<\/p>\n\n\n\n<p>Med v\u00e5r portal tillgodoser vi efterfr\u00e5gan p\u00e5 de st\u00f6rsta s\u00f6kmotorerna i v\u00e4rlden, till exempel Google, Bing eller Yahoo. Dessutom har vi ocks\u00e5 fr\u00e5gat oss hur vi kan n\u00e5 anv\u00e4ndare som \u00e4r aktiva i sociala medier.<\/p>\n\n\n\n<p>Med v\u00e5r Facebook- och Instagram-sida All-Actresses.com n\u00e5r vi precis denna m\u00e5lgrupp. Med Instagram-sidan <a href=\"https:\/\/www.instagram.com\/camsoda_stars\/\">@camsoda_stars<\/a> har vi dessutom byggt upp en bred fanskara som s\u00e4rskilt riktar sig till Camsodas modeller och som f\u00f6ljer och st\u00f6ttar dem i deras n\u00e4rvaro i sociala medier.<\/p>\n\n\n\n<p>V\u00e5rt m\u00e5l i sociala medier \u00e4r att skapa \u00e4nnu mer entusiasm f\u00f6r v\u00e5r bransch, f\u00f6ra samman communityn och \u00f6ka r\u00e4ckvidden f\u00f6r b\u00e5de k\u00e4nda modeller och amat\u00f6rmodeller. F\u00f6r det sistn\u00e4mnda m\u00e5let har vi lanserat ytterligare en portal.<\/p>\n\n\n\n<p>Med CamshowStars.com och Instagram-sidan <a href=\"https:\/\/www.instagram.com\/camshow_stars\/\">@camshow_stars<\/a> hj\u00e4lper vi blivande webbkameramodeller att f\u00e5 sina fans att v\u00e4xa. Det g\u00f6r vi genom att anpassa inneh\u00e5llet till popul\u00e4ra s\u00f6kmotorer och sociala medieportaler. V\u00e5r strategi har hittills visat sig vara extremt framg\u00e5ngsrik.<\/p>\n\n\n\n<h3 class=\"wp-block-heading\"><strong>Vill du bli medlem?<\/strong><\/h3>\n\n\n\n<p>\u00c4r du en erotisk modell, webbkameramodell eller n\u00e5gon som \u00e4r entusiastisk \u00f6ver \u00e4mnena? Tveka d\u00e5 inte och kontakta oss via v\u00e5ra Instagram-sidor (<a href=\"https:\/\/www.instagram.com\/allactressescom\/\">@allactressescom<\/a> och <a href=\"https:\/\/www.instagram.com\/camshow_stars\/\">@camshow_stars<\/a>) eller via mail. Vad kan vi g\u00f6ra f\u00f6r dig specifikt? \u00c5 ena sidan har vi m\u00f6jlighet att lista dig p\u00e5 v\u00e5r portal p\u00e5 All-Actresses.com eller Camshowstars.com med en exklusiv post. Men vi erbjuder dig ocks\u00e5 hj\u00e4lp med registreringen och publiceringen av ditt f\u00f6rsta inneh\u00e5ll p\u00e5 de mest popul\u00e4ra erotiska plattformarna. Dessutom tittar vi g\u00e4rna p\u00e5 dina befintliga profiler tillsammans med dig och ger dig tips om hur du kan f\u00e5 \u00e4nnu fler fans.<\/p>\n","protected":false},"excerpt":{"rendered":"<p>Historien om All-Actresses Fr\u00e5n en spontan id\u00e9 till en internationell portal &#8211; det h\u00e4r \u00e4r historien bakom Vi befinner oss i \u00e5r 2020. En solig senh\u00f6stdag \u00e4gnar sig v\u00e5rt digitala marknadsf\u00f6ringsteam \u00e5t ett \u00e4mne som det s\u00f6ks enormt mycket efter p\u00e5 webben: Vuxen- och erotiksektorn. Efterfr\u00e5gan p\u00e5 artister, erotiska n\u00e4tverk och plattformar \u00e4r enorm. Tidigare &#8230; <a title=\"Om oss\" class=\"read-more\" href=\"https:\/\/all-actresses.com\/sv\/om-oss\/\" aria-label=\"L\u00e4s mer om Om oss\">L\u00e4s mer<\/a><\/p>\n","protected":false},"author":1,"featured_media":0,"parent":0,"menu_order":0,"comment_status":"closed","ping_status":"closed","template":"","meta":{"footnotes":""},"class_list":["post-12883","page","type-page","status-publish"],"yoast_head":"<!-- This site is optimized with the Yoast SEO plugin v27.3 - https:\/\/yoast.com\/product\/yoast-seo-wordpress\/ -->\n<title>Om oss - all-actresses.com<\/title>\n<meta name=\"robots\" content=\"noindex, nofollow\" \/>\n<meta property=\"og:locale\" content=\"sv_SE\" \/>\n<meta property=\"og:type\" content=\"article\" \/>\n<meta property=\"og:title\" content=\"Om oss - all-actresses.com\" \/>\n<meta property=\"og:description\" content=\"Historien om All-Actresses Fr\u00e5n en spontan id\u00e9 till en internationell portal &#8211; det h\u00e4r \u00e4r historien bakom Vi befinner oss i \u00e5r 2020. En solig senh\u00f6stdag \u00e4gnar sig v\u00e5rt digitala marknadsf\u00f6ringsteam \u00e5t ett \u00e4mne som det s\u00f6ks enormt mycket efter p\u00e5 webben: Vuxen- och erotiksektorn. Efterfr\u00e5gan p\u00e5 artister, erotiska n\u00e4tverk och plattformar \u00e4r enorm. Tidigare ... L\u00e4s mer\" \/>\n<meta property=\"og:url\" content=\"https:\/\/all-actresses.com\/sv\/om-oss\/\" \/>\n<meta property=\"og:site_name\" content=\"all-actresses.com\" \/>\n<meta property=\"article:modified_time\" content=\"2024-05-17T05:22:48+00:00\" \/>\n<meta property=\"og:image\" content=\"https:\/\/all-actresses.com\/wp-content\/uploads\/2024\/05\/Om-oss.jpg\" \/>\n<meta name=\"twitter:card\" content=\"summary_large_image\" \/>\n<meta name=\"twitter:label1\" content=\"Ber\u00e4knad l\u00e4stid\" \/>\n\t<meta name=\"twitter:data1\" content=\"4 minuter\" \/>\n<script type=\"application\/ld+json\" class=\"yoast-schema-graph\">{\"@context\":\"https:\\\/\\\/schema.org\",\"@graph\":[{\"@type\":\"WebPage\",\"@id\":\"https:\\\/\\\/all-actresses.com\\\/sv\\\/om-oss\\\/\",\"url\":\"https:\\\/\\\/all-actresses.com\\\/sv\\\/om-oss\\\/\",\"name\":\"Om oss - all-actresses.com\",\"isPartOf\":{\"@id\":\"https:\\\/\\\/all-actresses.com\\\/#website\"},\"primaryImageOfPage\":{\"@id\":\"https:\\\/\\\/all-actresses.com\\\/sv\\\/om-oss\\\/#primaryimage\"},\"image\":{\"@id\":\"https:\\\/\\\/all-actresses.com\\\/sv\\\/om-oss\\\/#primaryimage\"},\"thumbnailUrl\":\"https:\\\/\\\/all-actresses.com\\\/wp-content\\\/uploads\\\/2024\\\/05\\\/Om-oss.jpg\",\"datePublished\":\"2021-06-16T13:39:30+00:00\",\"dateModified\":\"2024-05-17T05:22:48+00:00\",\"breadcrumb\":{\"@id\":\"https:\\\/\\\/all-actresses.com\\\/sv\\\/om-oss\\\/#breadcrumb\"},\"inLanguage\":\"sv-SE\",\"potentialAction\":[{\"@type\":\"ReadAction\",\"target\":[\"https:\\\/\\\/all-actresses.com\\\/sv\\\/om-oss\\\/\"]}]},{\"@type\":\"ImageObject\",\"inLanguage\":\"sv-SE\",\"@id\":\"https:\\\/\\\/all-actresses.com\\\/sv\\\/om-oss\\\/#primaryimage\",\"url\":\"https:\\\/\\\/all-actresses.com\\\/wp-content\\\/uploads\\\/2024\\\/05\\\/Om-oss.jpg\",\"contentUrl\":\"https:\\\/\\\/all-actresses.com\\\/wp-content\\\/uploads\\\/2024\\\/05\\\/Om-oss.jpg\"},{\"@type\":\"BreadcrumbList\",\"@id\":\"https:\\\/\\\/all-actresses.com\\\/sv\\\/om-oss\\\/#breadcrumb\",\"itemListElement\":[{\"@type\":\"ListItem\",\"position\":1,\"name\":\"Startseite\",\"item\":\"https:\\\/\\\/all-actresses.com\\\/sv\\\/\"},{\"@type\":\"ListItem\",\"position\":2,\"name\":\"Om oss\"}]},{\"@type\":\"WebSite\",\"@id\":\"https:\\\/\\\/all-actresses.com\\\/#website\",\"url\":\"https:\\\/\\\/all-actresses.com\\\/\",\"name\":\"all-actresses.com\",\"description\":\"Entdecke die Welt von AllActresses!\",\"publisher\":{\"@id\":\"https:\\\/\\\/all-actresses.com\\\/#organization\"},\"potentialAction\":[{\"@type\":\"SearchAction\",\"target\":{\"@type\":\"EntryPoint\",\"urlTemplate\":\"https:\\\/\\\/all-actresses.com\\\/?s={search_term_string}\"},\"query-input\":{\"@type\":\"PropertyValueSpecification\",\"valueRequired\":true,\"valueName\":\"search_term_string\"}}],\"inLanguage\":\"sv-SE\"},{\"@type\":\"Organization\",\"@id\":\"https:\\\/\\\/all-actresses.com\\\/#organization\",\"name\":\"all-actresses.com\",\"url\":\"https:\\\/\\\/all-actresses.com\\\/\",\"logo\":{\"@type\":\"ImageObject\",\"inLanguage\":\"sv-SE\",\"@id\":\"https:\\\/\\\/all-actresses.com\\\/#\\\/schema\\\/logo\\\/image\\\/\",\"url\":\"https:\\\/\\\/all-actresses.com\\\/wp-content\\\/uploads\\\/2021\\\/05\\\/allactresses-2-e1620037015851.jpg\",\"contentUrl\":\"https:\\\/\\\/all-actresses.com\\\/wp-content\\\/uploads\\\/2021\\\/05\\\/allactresses-2-e1620037015851.jpg\",\"width\":400,\"height\":213,\"caption\":\"all-actresses.com\"},\"image\":{\"@id\":\"https:\\\/\\\/all-actresses.com\\\/#\\\/schema\\\/logo\\\/image\\\/\"}}]}<\/script>\n<!-- \/ Yoast SEO plugin. -->","yoast_head_json":{"title":"Om oss - all-actresses.com","robots":{"index":"noindex","follow":"nofollow"},"og_locale":"sv_SE","og_type":"article","og_title":"Om oss - all-actresses.com","og_description":"Historien om All-Actresses Fr\u00e5n en spontan id\u00e9 till en internationell portal &#8211; det h\u00e4r \u00e4r historien bakom Vi befinner oss i \u00e5r 2020. En solig senh\u00f6stdag \u00e4gnar sig v\u00e5rt digitala marknadsf\u00f6ringsteam \u00e5t ett \u00e4mne som det s\u00f6ks enormt mycket efter p\u00e5 webben: Vuxen- och erotiksektorn. Efterfr\u00e5gan p\u00e5 artister, erotiska n\u00e4tverk och plattformar \u00e4r enorm. Tidigare ... L\u00e4s mer","og_url":"https:\/\/all-actresses.com\/sv\/om-oss\/","og_site_name":"all-actresses.com","article_modified_time":"2024-05-17T05:22:48+00:00","og_image":[{"url":"https:\/\/all-actresses.com\/wp-content\/uploads\/2024\/05\/Om-oss.jpg","type":"","width":"","height":""}],"twitter_card":"summary_large_image","twitter_misc":{"Ber\u00e4knad l\u00e4stid":"4 minuter"},"schema":{"@context":"https:\/\/schema.org","@graph":[{"@type":"WebPage","@id":"https:\/\/all-actresses.com\/sv\/om-oss\/","url":"https:\/\/all-actresses.com\/sv\/om-oss\/","name":"Om oss - all-actresses.com","isPartOf":{"@id":"https:\/\/all-actresses.com\/#website"},"primaryImageOfPage":{"@id":"https:\/\/all-actresses.com\/sv\/om-oss\/#primaryimage"},"image":{"@id":"https:\/\/all-actresses.com\/sv\/om-oss\/#primaryimage"},"thumbnailUrl":"https:\/\/all-actresses.com\/wp-content\/uploads\/2024\/05\/Om-oss.jpg","datePublished":"2021-06-16T13:39:30+00:00","dateModified":"2024-05-17T05:22:48+00:00","breadcrumb":{"@id":"https:\/\/all-actresses.com\/sv\/om-oss\/#breadcrumb"},"inLanguage":"sv-SE","potentialAction":[{"@type":"ReadAction","target":["https:\/\/all-actresses.com\/sv\/om-oss\/"]}]},{"@type":"ImageObject","inLanguage":"sv-SE","@id":"https:\/\/all-actresses.com\/sv\/om-oss\/#primaryimage","url":"https:\/\/all-actresses.com\/wp-content\/uploads\/2024\/05\/Om-oss.jpg","contentUrl":"https:\/\/all-actresses.com\/wp-content\/uploads\/2024\/05\/Om-oss.jpg"},{"@type":"BreadcrumbList","@id":"https:\/\/all-actresses.com\/sv\/om-oss\/#breadcrumb","itemListElement":[{"@type":"ListItem","position":1,"name":"Startseite","item":"https:\/\/all-actresses.com\/sv\/"},{"@type":"ListItem","position":2,"name":"Om oss"}]},{"@type":"WebSite","@id":"https:\/\/all-actresses.com\/#website","url":"https:\/\/all-actresses.com\/","name":"all-actresses.com","description":"Entdecke die Welt von AllActresses!","publisher":{"@id":"https:\/\/all-actresses.com\/#organization"},"potentialAction":[{"@type":"SearchAction","target":{"@type":"EntryPoint","urlTemplate":"https:\/\/all-actresses.com\/?s={search_term_string}"},"query-input":{"@type":"PropertyValueSpecification","valueRequired":true,"valueName":"search_term_string"}}],"inLanguage":"sv-SE"},{"@type":"Organization","@id":"https:\/\/all-actresses.com\/#organization","name":"all-actresses.com","url":"https:\/\/all-actresses.com\/","logo":{"@type":"ImageObject","inLanguage":"sv-SE","@id":"https:\/\/all-actresses.com\/#\/schema\/logo\/image\/","url":"https:\/\/all-actresses.com\/wp-content\/uploads\/2021\/05\/allactresses-2-e1620037015851.jpg","contentUrl":"https:\/\/all-actresses.com\/wp-content\/uploads\/2021\/05\/allactresses-2-e1620037015851.jpg","width":400,"height":213,"caption":"all-actresses.com"},"image":{"@id":"https:\/\/all-actresses.com\/#\/schema\/logo\/image\/"}}]}},"_links":{"self":[{"href":"https:\/\/all-actresses.com\/sv\/wp-json\/wp\/v2\/pages\/12883","targetHints":{"allow":["GET"]}}],"collection":[{"href":"https:\/\/all-actresses.com\/sv\/wp-json\/wp\/v2\/pages"}],"about":[{"href":"https:\/\/all-actresses.com\/sv\/wp-json\/wp\/v2\/types\/page"}],"author":[{"embeddable":true,"href":"https:\/\/all-actresses.com\/sv\/wp-json\/wp\/v2\/users\/1"}],"replies":[{"embeddable":true,"href":"https:\/\/all-actresses.com\/sv\/wp-json\/wp\/v2\/comments?post=12883"}],"version-history":[{"count":3,"href":"https:\/\/all-actresses.com\/sv\/wp-json\/wp\/v2\/pages\/12883\/revisions"}],"predecessor-version":[{"id":14286,"href":"https:\/\/all-actresses.com\/sv\/wp-json\/wp\/v2\/pages\/12883\/revisions\/14286"}],"wp:attachment":[{"href":"https:\/\/all-actresses.com\/sv\/wp-json\/wp\/v2\/media?parent=12883"}],"curies":[{"name":"wp","href":"https:\/\/api.w.org\/{rel}","templated":true}]}}