{"id":12774,"date":"2021-05-26T11:54:50","date_gmt":"2021-05-26T09:54:50","guid":{"rendered":"https:\/\/all-actresses.com\/community\/"},"modified":"2024-04-24T12:11:24","modified_gmt":"2024-04-24T10:11:24","slug":"community","status":"publish","type":"page","link":"https:\/\/all-actresses.com\/sv\/community\/","title":{"rendered":"Gemenskap"},"content":{"rendered":"\n<figure class=\"wp-block-image alignfull size-full\"><img decoding=\"async\" width=\"1900\" height=\"480\" data-src=\"https:\/\/all-actresses.com\/wp-content\/uploads\/2024\/03\/Header_Community-SW.png\" alt=\"Header_Gemenskap\" class=\"wp-image-11263 lazyload\" data-srcset=\"https:\/\/all-actresses.com\/wp-content\/uploads\/2024\/03\/Header_Community-SW.png 1900w, https:\/\/all-actresses.com\/wp-content\/uploads\/2024\/03\/Header_Community-SW-300x76.png 300w, https:\/\/all-actresses.com\/wp-content\/uploads\/2024\/03\/Header_Community-SW-1024x259.png 1024w, https:\/\/all-actresses.com\/wp-content\/uploads\/2024\/03\/Header_Community-SW-768x194.png 768w, https:\/\/all-actresses.com\/wp-content\/uploads\/2024\/03\/Header_Community-SW-1536x388.png 1536w\" data-sizes=\"(max-width: 1900px) 100vw, 1900px\" src=\"data:image\/svg+xml;base64,PHN2ZyB3aWR0aD0iMSIgaGVpZ2h0PSIxIiB4bWxucz0iaHR0cDovL3d3dy53My5vcmcvMjAwMC9zdmciPjwvc3ZnPg==\" style=\"--smush-placeholder-width: 1900px; --smush-placeholder-aspect-ratio: 1900\/480;\" \/><\/figure>\n\n\n\n<div class=\"pt-cv-wrapper\"><div class=\"pt-cv-view pt-cv-grid pt-cv-colsys\" id=\"pt-cv-view-0b3369bu3p\"><div data-id=\"pt-cv-page-1\" class=\"pt-cv-page\" data-cvc=\"2\"><div class=\"col-md-6 col-sm-6 col-xs-12 pt-cv-content-item pt-cv-1-col\" ><div class='pt-cv-ifield'><a href=\"https:\/\/all-actresses.com\/sv\/ersties\/\" class=\"_self pt-cv-href-thumbnail pt-cv-thumb-default\" target=\"_self\" ><\/a>\n<h3 class=\"pt-cv-title\"><a href=\"https:\/\/all-actresses.com\/sv\/ersties\/\" class=\"_self\" target=\"_self\" >Ersties<\/a><\/h3>\n<div class=\"pt-cv-content\">Ersties N\u00e4r man h\u00f6r ordet Ersties t\u00e4nker m\u00e5nga i Tyskland p\u00e5 studenter som \u00e4r nya p\u00e5 universitetet. Denna tanke g\u00e5r ...<br \/><div class=\"pt-cv-rmwrap\"><a href=\"https:\/\/all-actresses.com\/sv\/ersties\/\" class=\"_self pt-cv-readmore btn btn-success\" target=\"_self\">L\u00e4s Mer \u2026<\/a><\/div><\/div><\/div><\/div>\n<div class=\"col-md-6 col-sm-6 col-xs-12 pt-cv-content-item pt-cv-1-col\" ><div class='pt-cv-ifield'><a href=\"https:\/\/all-actresses.com\/sv\/mydirtyhobby\/\" class=\"_self pt-cv-href-thumbnail pt-cv-thumb-default\" target=\"_self\" ><\/a>\n<h3 class=\"pt-cv-title\"><a href=\"https:\/\/all-actresses.com\/sv\/mydirtyhobby\/\" class=\"_self\" target=\"_self\" >MyDirtyHobby<\/a><\/h3>\n<div class=\"pt-cv-content\">MyDirtyHobby \u00c4r du passionerad f\u00f6r att titta p\u00e5 videor med vuxeninneh\u00e5ll, men kan inte hitta v\u00e4gen runt de otaliga videoleverant\u00f6rerna? ...<br \/><div class=\"pt-cv-rmwrap\"><a href=\"https:\/\/all-actresses.com\/sv\/mydirtyhobby\/\" class=\"_self pt-cv-readmore btn btn-success\" target=\"_self\">L\u00e4s Mer \u2026<\/a><\/div><\/div><\/div><\/div>\n<div class=\"col-md-6 col-sm-6 col-xs-12 pt-cv-content-item pt-cv-1-col\" ><div class='pt-cv-ifield'><a href=\"https:\/\/all-actresses.com\/sv\/stripchat\/\" class=\"_self pt-cv-href-thumbnail pt-cv-thumb-default\" target=\"_self\" ><\/a>\n<h3 class=\"pt-cv-title\"><a href=\"https:\/\/all-actresses.com\/sv\/stripchat\/\" class=\"_self\" target=\"_self\" >Stripchat<\/a><\/h3>\n<div class=\"pt-cv-content\">Stripchat \u00d6ver tid kan trender observeras i alla branscher. Detta \u00e4r s\u00e4rskilt sant f\u00f6r den erotiska industrin. Erotiska filmer \u00e4r ...<br \/><div class=\"pt-cv-rmwrap\"><a href=\"https:\/\/all-actresses.com\/sv\/stripchat\/\" class=\"_self pt-cv-readmore btn btn-success\" target=\"_self\">L\u00e4s Mer \u2026<\/a><\/div><\/div><\/div><\/div>\n<div class=\"col-md-6 col-sm-6 col-xs-12 pt-cv-content-item pt-cv-1-col\" ><div class='pt-cv-ifield'><a href=\"https:\/\/all-actresses.com\/sv\/youporn\/\" class=\"_self pt-cv-href-thumbnail pt-cv-thumb-default\" target=\"_self\" ><\/a>\n<h3 class=\"pt-cv-title\"><a href=\"https:\/\/all-actresses.com\/sv\/youporn\/\" class=\"_self\" target=\"_self\" >YouPorn<\/a><\/h3>\n<div class=\"pt-cv-content\">YouPorn Efter v\u00e4rldens st\u00f6rsta videoplattform YouTube etablerades ett av de mest k\u00e4nda videon\u00e4tverken p\u00e5 Internet i b\u00f6rjan av 2000-talet. Som ...<br \/><div class=\"pt-cv-rmwrap\"><a href=\"https:\/\/all-actresses.com\/sv\/youporn\/\" class=\"_self pt-cv-readmore btn btn-success\" target=\"_self\">L\u00e4s Mer \u2026<\/a><\/div><\/div><\/div><\/div>\n<div class=\"col-md-6 col-sm-6 col-xs-12 pt-cv-content-item pt-cv-1-col\" ><div class='pt-cv-ifield'><a href=\"https:\/\/all-actresses.com\/sv\/xvideos\/\" class=\"_self pt-cv-href-thumbnail pt-cv-thumb-default\" target=\"_self\" ><\/a>\n<h3 class=\"pt-cv-title\"><a href=\"https:\/\/all-actresses.com\/sv\/xvideos\/\" class=\"_self\" target=\"_self\" >XVIDEOS<\/a><\/h3>\n<div class=\"pt-cv-content\">XVIDEOS Sedan 2007 har en s\u00e4rskild webbplats blivit en av v\u00e4rldens mest popul\u00e4ra videoplattformar: Spr\u00e5ket \u00e4r fr\u00e5n videon\u00e4tverket XVIDEOS.com. S\u00e4rskilt ...<br \/><div class=\"pt-cv-rmwrap\"><a href=\"https:\/\/all-actresses.com\/sv\/xvideos\/\" class=\"_self pt-cv-readmore btn btn-success\" target=\"_self\">L\u00e4s Mer \u2026<\/a><\/div><\/div><\/div><\/div>\n<div class=\"col-md-6 col-sm-6 col-xs-12 pt-cv-content-item pt-cv-1-col\" ><div class='pt-cv-ifield'><a href=\"https:\/\/all-actresses.com\/sv\/xhamsterlive\/\" class=\"_self pt-cv-href-thumbnail pt-cv-thumb-default\" target=\"_self\" ><\/a>\n<h3 class=\"pt-cv-title\"><a href=\"https:\/\/all-actresses.com\/sv\/xhamsterlive\/\" class=\"_self\" target=\"_self\" >XHamsterLive<\/a><\/h3>\n<div class=\"pt-cv-content\">XHamsterLive Letar du efter en riktig erotisk plattform med livestream-funktion f\u00f6r dig? D\u00e5 \u00e4r vi glada att hj\u00e4lpa dig med ...<br \/><div class=\"pt-cv-rmwrap\"><a href=\"https:\/\/all-actresses.com\/sv\/xhamsterlive\/\" class=\"_self pt-cv-readmore btn btn-success\" target=\"_self\">L\u00e4s Mer \u2026<\/a><\/div><\/div><\/div><\/div>\n<div class=\"col-md-6 col-sm-6 col-xs-12 pt-cv-content-item pt-cv-1-col\" ><div class='pt-cv-ifield'><a href=\"https:\/\/all-actresses.com\/sv\/xnxx\/\" class=\"_self pt-cv-href-thumbnail pt-cv-thumb-default\" target=\"_self\" ><\/a>\n<h3 class=\"pt-cv-title\"><a href=\"https:\/\/all-actresses.com\/sv\/xnxx\/\" class=\"_self\" target=\"_self\" >XNXX<\/a><\/h3>\n<div class=\"pt-cv-content\">XNXX Om du letar efter videor med erotiskt inneh\u00e5ll p\u00e5 Internet kommer du s\u00e4kert att st\u00f6ta p\u00e5 plattformen f\u00f6rr eller ...<br \/><div class=\"pt-cv-rmwrap\"><a href=\"https:\/\/all-actresses.com\/sv\/xnxx\/\" class=\"_self pt-cv-readmore btn btn-success\" target=\"_self\">L\u00e4s Mer \u2026<\/a><\/div><\/div><\/div><\/div>\n<div class=\"col-md-6 col-sm-6 col-xs-12 pt-cv-content-item pt-cv-1-col\" ><div class='pt-cv-ifield'><a href=\"https:\/\/all-actresses.com\/sv\/xhamster\/\" class=\"_self pt-cv-href-thumbnail pt-cv-thumb-default\" target=\"_self\" ><\/a>\n<h3 class=\"pt-cv-title\"><a href=\"https:\/\/all-actresses.com\/sv\/xhamster\/\" class=\"_self\" target=\"_self\" >XHamster<\/a><\/h3>\n<div class=\"pt-cv-content\">XHamster Under de senaste decennierna har otaliga webbplatser med erbjudet vuxeninneh\u00e5ll dykt upp. Men inte alla av dem \u00e4r riktigt ...<br \/><div class=\"pt-cv-rmwrap\"><a href=\"https:\/\/all-actresses.com\/sv\/xhamster\/\" class=\"_self pt-cv-readmore btn btn-success\" target=\"_self\">L\u00e4s Mer \u2026<\/a><\/div><\/div><\/div><\/div>\n<div class=\"col-md-6 col-sm-6 col-xs-12 pt-cv-content-item pt-cv-1-col\" ><div class='pt-cv-ifield'><a href=\"https:\/\/all-actresses.com\/sv\/susi-live\/\" class=\"_self pt-cv-href-thumbnail pt-cv-thumb-default\" target=\"_self\" ><\/a>\n<h3 class=\"pt-cv-title\"><a href=\"https:\/\/all-actresses.com\/sv\/susi-live\/\" class=\"_self\" target=\"_self\" >Susi.live<\/a><\/h3>\n<div class=\"pt-cv-content\">Susi.live Om man tittar n\u00e4rmare p\u00e5 dagens s\u00f6ktrender p\u00e5 Internet m\u00e4rker man snabbt en sak: efterfr\u00e5gan p\u00e5 bilder, filmer och ...<br \/><div class=\"pt-cv-rmwrap\"><a href=\"https:\/\/all-actresses.com\/sv\/susi-live\/\" class=\"_self pt-cv-readmore btn btn-success\" target=\"_self\">L\u00e4s Mer \u2026<\/a><\/div><\/div><\/div><\/div>\n<div class=\"col-md-6 col-sm-6 col-xs-12 pt-cv-content-item pt-cv-1-col\" ><div class='pt-cv-ifield'><a href=\"https:\/\/all-actresses.com\/sv\/streamate\/\" class=\"_self pt-cv-href-thumbnail pt-cv-thumb-default\" target=\"_self\" ><\/a>\n<h3 class=\"pt-cv-title\"><a href=\"https:\/\/all-actresses.com\/sv\/streamate\/\" class=\"_self\" target=\"_self\" >Streamate<\/a><\/h3>\n<div class=\"pt-cv-content\">Streamate Streamate - N\u00e4r du h\u00f6r det h\u00e4r namnet f\u00f6r f\u00f6rsta g\u00e5ngen tenderar du inte att t\u00e4nka p\u00e5 en erotisk ...<br \/><div class=\"pt-cv-rmwrap\"><a href=\"https:\/\/all-actresses.com\/sv\/streamate\/\" class=\"_self pt-cv-readmore btn btn-success\" target=\"_self\">L\u00e4s Mer \u2026<\/a><\/div><\/div><\/div><\/div>\n<div class=\"col-md-6 col-sm-6 col-xs-12 pt-cv-content-item pt-cv-1-col\" ><div class='pt-cv-ifield'><a href=\"https:\/\/all-actresses.com\/sv\/redtube\/\" class=\"_self pt-cv-href-thumbnail pt-cv-thumb-default\" target=\"_self\" ><\/a>\n<h3 class=\"pt-cv-title\"><a href=\"https:\/\/all-actresses.com\/sv\/redtube\/\" class=\"_self\" target=\"_self\" >RedTube<\/a><\/h3>\n<div class=\"pt-cv-content\">RedTube Sedan 2007 finns en av de st\u00f6rsta erotiska plattformarna n\u00e5gonsin p\u00e5 Internet: Vi talar om den erotiska webbplatsen RedTube ...<br \/><div class=\"pt-cv-rmwrap\"><a href=\"https:\/\/all-actresses.com\/sv\/redtube\/\" class=\"_self pt-cv-readmore btn btn-success\" target=\"_self\">L\u00e4s Mer \u2026<\/a><\/div><\/div><\/div><\/div>\n<div class=\"col-md-6 col-sm-6 col-xs-12 pt-cv-content-item pt-cv-1-col\" ><div class='pt-cv-ifield'><a href=\"https:\/\/all-actresses.com\/sv\/pornhub\/\" class=\"_self pt-cv-href-thumbnail pt-cv-thumb-default\" target=\"_self\" ><\/a>\n<h3 class=\"pt-cv-title\"><a href=\"https:\/\/all-actresses.com\/sv\/pornhub\/\" class=\"_self\" target=\"_self\" >Pornhub<\/a><\/h3>\n<div class=\"pt-cv-content\">Pornhub I din s\u00f6kning efter erotiska videor och bilder har du s\u00e4kert st\u00f6tt p\u00e5 videoplattformen fr\u00e5n Pornhub har kommit till ...<br \/><div class=\"pt-cv-rmwrap\"><a href=\"https:\/\/all-actresses.com\/sv\/pornhub\/\" class=\"_self pt-cv-readmore btn btn-success\" target=\"_self\">L\u00e4s Mer \u2026<\/a><\/div><\/div><\/div><\/div>\n<div class=\"col-md-6 col-sm-6 col-xs-12 pt-cv-content-item pt-cv-1-col\" ><div class='pt-cv-ifield'><a href=\"https:\/\/all-actresses.com\/sv\/jerkmate\/\" class=\"_self pt-cv-href-thumbnail pt-cv-thumb-default\" target=\"_self\" ><\/a>\n<h3 class=\"pt-cv-title\"><a href=\"https:\/\/all-actresses.com\/sv\/jerkmate\/\" class=\"_self\" target=\"_self\" >Jerkmate<\/a><\/h3>\n<div class=\"pt-cv-content\">Jerkmate Sedan flera \u00e5r tillbaka kan man se en f\u00f6r\u00e4ndring inom den erotiska branschen. Framf\u00f6r allt f\u00e5r portaler som m\u00f6jligg\u00f6r ...<br \/><div class=\"pt-cv-rmwrap\"><a href=\"https:\/\/all-actresses.com\/sv\/jerkmate\/\" class=\"_self pt-cv-readmore btn btn-success\" target=\"_self\">L\u00e4s Mer \u2026<\/a><\/div><\/div><\/div><\/div>\n<div class=\"col-md-6 col-sm-6 col-xs-12 pt-cv-content-item pt-cv-1-col\" ><div class='pt-cv-ifield'><a href=\"https:\/\/all-actresses.com\/sv\/chaturbate\/\" class=\"_self pt-cv-href-thumbnail pt-cv-thumb-default\" target=\"_self\" ><\/a>\n<h3 class=\"pt-cv-title\"><a href=\"https:\/\/all-actresses.com\/sv\/chaturbate\/\" class=\"_self\" target=\"_self\" >Chaturbate<\/a><\/h3>\n<div class=\"pt-cv-content\">Chaturbate Under de senaste \u00e5ren har det observerats \u00f6ver hela v\u00e4rlden att sociala n\u00e4tverk blir mer och mer popul\u00e4ra f\u00f6rutom ...<br \/><div class=\"pt-cv-rmwrap\"><a href=\"https:\/\/all-actresses.com\/sv\/chaturbate\/\" class=\"_self pt-cv-readmore btn btn-success\" target=\"_self\">L\u00e4s Mer \u2026<\/a><\/div><\/div><\/div><\/div>\n<div class=\"col-md-6 col-sm-6 col-xs-12 pt-cv-content-item pt-cv-1-col\" ><div class='pt-cv-ifield'><a href=\"https:\/\/all-actresses.com\/sv\/camsoda\/\" class=\"_self pt-cv-href-thumbnail pt-cv-thumb-default\" target=\"_self\" ><\/a>\n<h3 class=\"pt-cv-title\"><a href=\"https:\/\/all-actresses.com\/sv\/camsoda\/\" class=\"_self\" target=\"_self\" >Camsoda<\/a><\/h3>\n<div class=\"pt-cv-content\">Camsoda Erotiska filmer var ig\u00e5r - erotiska webbkamerastr\u00f6mmar \u00e4r idag. Eller? Tja, den h\u00e4r tesen kanske l\u00e5ter lite \u00f6verdriven. Men ...<br \/><div class=\"pt-cv-rmwrap\"><a href=\"https:\/\/all-actresses.com\/sv\/camsoda\/\" class=\"_self pt-cv-readmore btn btn-success\" target=\"_self\">L\u00e4s Mer \u2026<\/a><\/div><\/div><\/div><\/div>\n<div class=\"col-md-6 col-sm-6 col-xs-12 pt-cv-content-item pt-cv-1-col\" ><div class='pt-cv-ifield'><a href=\"https:\/\/all-actresses.com\/sv\/cam4\/\" class=\"_self pt-cv-href-thumbnail pt-cv-thumb-default\" target=\"_self\" ><\/a>\n<h3 class=\"pt-cv-title\"><a href=\"https:\/\/all-actresses.com\/sv\/cam4\/\" class=\"_self\" target=\"_self\" >Cam4<\/a><\/h3>\n<div class=\"pt-cv-content\">Cam4 Livestreaming - det finns nog ingen annan underh\u00e5llningsform som har lyckats etablera sig s\u00e5 bra under de senaste \u00e5ren ...<br \/><div class=\"pt-cv-rmwrap\"><a href=\"https:\/\/all-actresses.com\/sv\/cam4\/\" class=\"_self pt-cv-readmore btn btn-success\" target=\"_self\">L\u00e4s Mer \u2026<\/a><\/div><\/div><\/div><\/div>\n<div class=\"col-md-6 col-sm-6 col-xs-12 pt-cv-content-item pt-cv-1-col\" ><div class='pt-cv-ifield'><a href=\"https:\/\/all-actresses.com\/sv\/beeg\/\" class=\"_self pt-cv-href-thumbnail pt-cv-thumb-default\" target=\"_self\" ><\/a>\n<h3 class=\"pt-cv-title\"><a href=\"https:\/\/all-actresses.com\/sv\/beeg\/\" class=\"_self\" target=\"_self\" >Beeg.<\/a><\/h3>\n<div class=\"pt-cv-content\">Beeg Om du \u00e4r en lojal f\u00f6ljare av v\u00e5r webbplats, vet du s\u00e4kert att vi uteslutande presenterar de st\u00f6rsta erotiska ...<br \/><div class=\"pt-cv-rmwrap\"><a href=\"https:\/\/all-actresses.com\/sv\/beeg\/\" class=\"_self pt-cv-readmore btn btn-success\" target=\"_self\">L\u00e4s Mer \u2026<\/a><\/div><\/div><\/div><\/div>\n<div class=\"col-md-6 col-sm-6 col-xs-12 pt-cv-content-item pt-cv-1-col\" ><div class='pt-cv-ifield'><a href=\"https:\/\/all-actresses.com\/webcam-vergleich\/\" class=\"_self pt-cv-href-thumbnail pt-cv-thumb-default\" target=\"_self\" ><\/a>\n<h3 class=\"pt-cv-title\"><a href=\"https:\/\/all-actresses.com\/webcam-vergleich\/\" class=\"_self\" target=\"_self\" >Gro\u00dfer Webcam Vergleich<\/a><\/h3>\n<div class=\"pt-cv-content\">Wir wissen beide, dass du gerade besseres zu tun hast, als einen Testbericht mit mehreren Seiten zu lesen. Also halten ...<br \/><div class=\"pt-cv-rmwrap\"><a href=\"https:\/\/all-actresses.com\/webcam-vergleich\/\" class=\"_self pt-cv-readmore btn btn-success\" target=\"_self\">L\u00e4s Mer \u2026<\/a><\/div><\/div><\/div><\/div>\n<div class=\"col-md-6 col-sm-6 col-xs-12 pt-cv-content-item pt-cv-1-col\" ><div class='pt-cv-ifield'><a href=\"https:\/\/all-actresses.com\/sv\/bongacams\/\" class=\"_self pt-cv-href-thumbnail pt-cv-thumb-default\" target=\"_self\" ><\/a>\n<h3 class=\"pt-cv-title\"><a href=\"https:\/\/all-actresses.com\/sv\/bongacams\/\" class=\"_self\" target=\"_self\" >BongaCams<\/a><\/h3>\n<div class=\"pt-cv-content\">BongaCams Om man tittar n\u00e4rmare p\u00e5 de senaste \u00e5rens internettrender \u00e4r det ett \u00e4mne som sticker ut s\u00e4rskilt: sociala n\u00e4tverk ...<br \/><div class=\"pt-cv-rmwrap\"><a href=\"https:\/\/all-actresses.com\/sv\/bongacams\/\" class=\"_self pt-cv-readmore btn btn-success\" target=\"_self\">L\u00e4s Mer \u2026<\/a><\/div><\/div><\/div><\/div><\/div><\/div><\/div>\n","protected":false},"excerpt":{"rendered":"","protected":false},"author":1,"featured_media":0,"parent":0,"menu_order":0,"comment_status":"closed","ping_status":"closed","template":"","meta":{"footnotes":""},"class_list":["post-12774","page","type-page","status-publish"],"yoast_head":"<!-- This site is optimized with the Yoast SEO plugin v27.5 - https:\/\/yoast.com\/product\/yoast-seo-wordpress\/ -->\n<title>Erotiska n\u00e4tverk &amp; webbkameror i korthet | Vad du beh\u00f6ver veta!<\/title>\n<meta name=\"description\" content=\"Vilka v\u00e4lrenommerade webbkameratj\u00e4nster och erotiska plattformar finns det? Vilka tj\u00e4nster \u00e4r kostnadsfria? Var v\u00e4ntar riktiga anv\u00e4ndare p\u00e5 mig? Ta reda p\u00e5 det h\u00e4r!\" \/>\n<meta name=\"robots\" content=\"index, follow, max-snippet:-1, max-image-preview:large, max-video-preview:-1\" \/>\n<link rel=\"canonical\" href=\"https:\/\/all-actresses.com\/sv\/community\/\" \/>\n<meta property=\"og:locale\" content=\"sv_SE\" \/>\n<meta property=\"og:type\" content=\"article\" \/>\n<meta property=\"og:title\" content=\"Erotiska n\u00e4tverk &amp; webbkameror i korthet | Vad du beh\u00f6ver veta!\" \/>\n<meta property=\"og:description\" content=\"Vilka v\u00e4lrenommerade webbkameratj\u00e4nster och erotiska plattformar finns det? Vilka tj\u00e4nster \u00e4r kostnadsfria? Var v\u00e4ntar riktiga anv\u00e4ndare p\u00e5 mig? Ta reda p\u00e5 det h\u00e4r!\" \/>\n<meta property=\"og:url\" content=\"https:\/\/all-actresses.com\/sv\/community\/\" \/>\n<meta property=\"og:site_name\" content=\"all-actresses.com\" \/>\n<meta property=\"article:modified_time\" content=\"2024-04-24T10:11:24+00:00\" \/>\n<meta property=\"og:image\" content=\"https:\/\/all-actresses.com\/wp-content\/uploads\/2024\/03\/Header_Community-SW.png\" \/>\n<meta name=\"twitter:card\" content=\"summary_large_image\" \/>\n<meta name=\"twitter:label1\" content=\"Ber\u00e4knad l\u00e4stid\" \/>\n\t<meta name=\"twitter:data1\" content=\"1 minut\" \/>\n<script type=\"application\/ld+json\" class=\"yoast-schema-graph\">{\"@context\":\"https:\\\/\\\/schema.org\",\"@graph\":[{\"@type\":\"WebPage\",\"@id\":\"https:\\\/\\\/all-actresses.com\\\/sv\\\/community\\\/\",\"url\":\"https:\\\/\\\/all-actresses.com\\\/sv\\\/community\\\/\",\"name\":\"Erotiska n\u00e4tverk & webbkameror i korthet | Vad du beh\u00f6ver veta!\",\"isPartOf\":{\"@id\":\"https:\\\/\\\/all-actresses.com\\\/#website\"},\"primaryImageOfPage\":{\"@id\":\"https:\\\/\\\/all-actresses.com\\\/sv\\\/community\\\/#primaryimage\"},\"image\":{\"@id\":\"https:\\\/\\\/all-actresses.com\\\/sv\\\/community\\\/#primaryimage\"},\"thumbnailUrl\":\"https:\\\/\\\/all-actresses.com\\\/wp-content\\\/uploads\\\/2024\\\/03\\\/Header_Community-SW.png\",\"datePublished\":\"2021-05-26T09:54:50+00:00\",\"dateModified\":\"2024-04-24T10:11:24+00:00\",\"description\":\"Vilka v\u00e4lrenommerade webbkameratj\u00e4nster och erotiska plattformar finns det? Vilka tj\u00e4nster \u00e4r kostnadsfria? Var v\u00e4ntar riktiga anv\u00e4ndare p\u00e5 mig? Ta reda p\u00e5 det h\u00e4r!\",\"breadcrumb\":{\"@id\":\"https:\\\/\\\/all-actresses.com\\\/sv\\\/community\\\/#breadcrumb\"},\"inLanguage\":\"sv-SE\",\"potentialAction\":[{\"@type\":\"ReadAction\",\"target\":[\"https:\\\/\\\/all-actresses.com\\\/sv\\\/community\\\/\"]}]},{\"@type\":\"ImageObject\",\"inLanguage\":\"sv-SE\",\"@id\":\"https:\\\/\\\/all-actresses.com\\\/sv\\\/community\\\/#primaryimage\",\"url\":\"https:\\\/\\\/all-actresses.com\\\/wp-content\\\/uploads\\\/2024\\\/03\\\/Header_Community-SW.png\",\"contentUrl\":\"https:\\\/\\\/all-actresses.com\\\/wp-content\\\/uploads\\\/2024\\\/03\\\/Header_Community-SW.png\"},{\"@type\":\"BreadcrumbList\",\"@id\":\"https:\\\/\\\/all-actresses.com\\\/sv\\\/community\\\/#breadcrumb\",\"itemListElement\":[{\"@type\":\"ListItem\",\"position\":1,\"name\":\"Startseite\",\"item\":\"https:\\\/\\\/all-actresses.com\\\/sv\\\/\"},{\"@type\":\"ListItem\",\"position\":2,\"name\":\"Gemenskap\"}]},{\"@type\":\"WebSite\",\"@id\":\"https:\\\/\\\/all-actresses.com\\\/#website\",\"url\":\"https:\\\/\\\/all-actresses.com\\\/\",\"name\":\"all-actresses.com\",\"description\":\"Entdecke die Welt von AllActresses!\",\"publisher\":{\"@id\":\"https:\\\/\\\/all-actresses.com\\\/#organization\"},\"potentialAction\":[{\"@type\":\"SearchAction\",\"target\":{\"@type\":\"EntryPoint\",\"urlTemplate\":\"https:\\\/\\\/all-actresses.com\\\/?s={search_term_string}\"},\"query-input\":{\"@type\":\"PropertyValueSpecification\",\"valueRequired\":true,\"valueName\":\"search_term_string\"}}],\"inLanguage\":\"sv-SE\"},{\"@type\":\"Organization\",\"@id\":\"https:\\\/\\\/all-actresses.com\\\/#organization\",\"name\":\"all-actresses.com\",\"url\":\"https:\\\/\\\/all-actresses.com\\\/\",\"logo\":{\"@type\":\"ImageObject\",\"inLanguage\":\"sv-SE\",\"@id\":\"https:\\\/\\\/all-actresses.com\\\/#\\\/schema\\\/logo\\\/image\\\/\",\"url\":\"https:\\\/\\\/all-actresses.com\\\/wp-content\\\/uploads\\\/2021\\\/05\\\/allactresses-2-e1620037015851.jpg\",\"contentUrl\":\"https:\\\/\\\/all-actresses.com\\\/wp-content\\\/uploads\\\/2021\\\/05\\\/allactresses-2-e1620037015851.jpg\",\"width\":400,\"height\":213,\"caption\":\"all-actresses.com\"},\"image\":{\"@id\":\"https:\\\/\\\/all-actresses.com\\\/#\\\/schema\\\/logo\\\/image\\\/\"}}]}<\/script>\n<!-- \/ Yoast SEO plugin. -->","yoast_head_json":{"title":"Erotiska n\u00e4tverk & webbkameror i korthet | Vad du beh\u00f6ver veta!","description":"Vilka v\u00e4lrenommerade webbkameratj\u00e4nster och erotiska plattformar finns det? Vilka tj\u00e4nster \u00e4r kostnadsfria? Var v\u00e4ntar riktiga anv\u00e4ndare p\u00e5 mig? Ta reda p\u00e5 det h\u00e4r!","robots":{"index":"index","follow":"follow","max-snippet":"max-snippet:-1","max-image-preview":"max-image-preview:large","max-video-preview":"max-video-preview:-1"},"canonical":"https:\/\/all-actresses.com\/sv\/community\/","og_locale":"sv_SE","og_type":"article","og_title":"Erotiska n\u00e4tverk & webbkameror i korthet | Vad du beh\u00f6ver veta!","og_description":"Vilka v\u00e4lrenommerade webbkameratj\u00e4nster och erotiska plattformar finns det? Vilka tj\u00e4nster \u00e4r kostnadsfria? Var v\u00e4ntar riktiga anv\u00e4ndare p\u00e5 mig? Ta reda p\u00e5 det h\u00e4r!","og_url":"https:\/\/all-actresses.com\/sv\/community\/","og_site_name":"all-actresses.com","article_modified_time":"2024-04-24T10:11:24+00:00","og_image":[{"url":"https:\/\/all-actresses.com\/wp-content\/uploads\/2024\/03\/Header_Community-SW.png","type":"","width":"","height":""}],"twitter_card":"summary_large_image","twitter_misc":{"Ber\u00e4knad l\u00e4stid":"1 minut"},"schema":{"@context":"https:\/\/schema.org","@graph":[{"@type":"WebPage","@id":"https:\/\/all-actresses.com\/sv\/community\/","url":"https:\/\/all-actresses.com\/sv\/community\/","name":"Erotiska n\u00e4tverk & webbkameror i korthet | Vad du beh\u00f6ver veta!","isPartOf":{"@id":"https:\/\/all-actresses.com\/#website"},"primaryImageOfPage":{"@id":"https:\/\/all-actresses.com\/sv\/community\/#primaryimage"},"image":{"@id":"https:\/\/all-actresses.com\/sv\/community\/#primaryimage"},"thumbnailUrl":"https:\/\/all-actresses.com\/wp-content\/uploads\/2024\/03\/Header_Community-SW.png","datePublished":"2021-05-26T09:54:50+00:00","dateModified":"2024-04-24T10:11:24+00:00","description":"Vilka v\u00e4lrenommerade webbkameratj\u00e4nster och erotiska plattformar finns det? Vilka tj\u00e4nster \u00e4r kostnadsfria? Var v\u00e4ntar riktiga anv\u00e4ndare p\u00e5 mig? Ta reda p\u00e5 det h\u00e4r!","breadcrumb":{"@id":"https:\/\/all-actresses.com\/sv\/community\/#breadcrumb"},"inLanguage":"sv-SE","potentialAction":[{"@type":"ReadAction","target":["https:\/\/all-actresses.com\/sv\/community\/"]}]},{"@type":"ImageObject","inLanguage":"sv-SE","@id":"https:\/\/all-actresses.com\/sv\/community\/#primaryimage","url":"https:\/\/all-actresses.com\/wp-content\/uploads\/2024\/03\/Header_Community-SW.png","contentUrl":"https:\/\/all-actresses.com\/wp-content\/uploads\/2024\/03\/Header_Community-SW.png"},{"@type":"BreadcrumbList","@id":"https:\/\/all-actresses.com\/sv\/community\/#breadcrumb","itemListElement":[{"@type":"ListItem","position":1,"name":"Startseite","item":"https:\/\/all-actresses.com\/sv\/"},{"@type":"ListItem","position":2,"name":"Gemenskap"}]},{"@type":"WebSite","@id":"https:\/\/all-actresses.com\/#website","url":"https:\/\/all-actresses.com\/","name":"all-actresses.com","description":"Entdecke die Welt von AllActresses!","publisher":{"@id":"https:\/\/all-actresses.com\/#organization"},"potentialAction":[{"@type":"SearchAction","target":{"@type":"EntryPoint","urlTemplate":"https:\/\/all-actresses.com\/?s={search_term_string}"},"query-input":{"@type":"PropertyValueSpecification","valueRequired":true,"valueName":"search_term_string"}}],"inLanguage":"sv-SE"},{"@type":"Organization","@id":"https:\/\/all-actresses.com\/#organization","name":"all-actresses.com","url":"https:\/\/all-actresses.com\/","logo":{"@type":"ImageObject","inLanguage":"sv-SE","@id":"https:\/\/all-actresses.com\/#\/schema\/logo\/image\/","url":"https:\/\/all-actresses.com\/wp-content\/uploads\/2021\/05\/allactresses-2-e1620037015851.jpg","contentUrl":"https:\/\/all-actresses.com\/wp-content\/uploads\/2021\/05\/allactresses-2-e1620037015851.jpg","width":400,"height":213,"caption":"all-actresses.com"},"image":{"@id":"https:\/\/all-actresses.com\/#\/schema\/logo\/image\/"}}]}},"_links":{"self":[{"href":"https:\/\/all-actresses.com\/sv\/wp-json\/wp\/v2\/pages\/12774","targetHints":{"allow":["GET"]}}],"collection":[{"href":"https:\/\/all-actresses.com\/sv\/wp-json\/wp\/v2\/pages"}],"about":[{"href":"https:\/\/all-actresses.com\/sv\/wp-json\/wp\/v2\/types\/page"}],"author":[{"embeddable":true,"href":"https:\/\/all-actresses.com\/sv\/wp-json\/wp\/v2\/users\/1"}],"replies":[{"embeddable":true,"href":"https:\/\/all-actresses.com\/sv\/wp-json\/wp\/v2\/comments?post=12774"}],"version-history":[{"count":3,"href":"https:\/\/all-actresses.com\/sv\/wp-json\/wp\/v2\/pages\/12774\/revisions"}],"predecessor-version":[{"id":12833,"href":"https:\/\/all-actresses.com\/sv\/wp-json\/wp\/v2\/pages\/12774\/revisions\/12833"}],"wp:attachment":[{"href":"https:\/\/all-actresses.com\/sv\/wp-json\/wp\/v2\/media?parent=12774"}],"curies":[{"name":"wp","href":"https:\/\/api.w.org\/{rel}","templated":true}]}}