{"id":6542,"date":"2021-06-16T15:30:23","date_gmt":"2021-06-16T13:30:23","guid":{"rendered":"https:\/\/all-actresses.com\/?page_id=6542"},"modified":"2024-04-10T14:01:06","modified_gmt":"2024-04-10T12:01:06","slug":"sobre-nos","status":"publish","type":"page","link":"https:\/\/all-actresses.com\/pt-br\/sobre-nos\/","title":{"rendered":"Sobre n\u00f3s"},"content":{"rendered":"\n<figure class=\"wp-block-image alignfull size-full\"><img decoding=\"async\" width=\"1900\" height=\"480\" data-src=\"https:\/\/all-actresses.com\/wp-content\/uploads\/2021\/06\/Sobre-nos.jpg\" alt=\"Sobre n\u00f3s header\" class=\"wp-image-6714 lazyload\" data-srcset=\"https:\/\/all-actresses.com\/wp-content\/uploads\/2021\/06\/Sobre-nos.jpg 1900w, https:\/\/all-actresses.com\/wp-content\/uploads\/2021\/06\/Sobre-nos-300x76.jpg 300w, https:\/\/all-actresses.com\/wp-content\/uploads\/2021\/06\/Sobre-nos-1024x259.jpg 1024w, https:\/\/all-actresses.com\/wp-content\/uploads\/2021\/06\/Sobre-nos-768x194.jpg 768w, https:\/\/all-actresses.com\/wp-content\/uploads\/2021\/06\/Sobre-nos-1536x388.jpg 1536w\" data-sizes=\"(max-width: 1900px) 100vw, 1900px\" src=\"data:image\/svg+xml;base64,PHN2ZyB3aWR0aD0iMSIgaGVpZ2h0PSIxIiB4bWxucz0iaHR0cDovL3d3dy53My5vcmcvMjAwMC9zdmciPjwvc3ZnPg==\" style=\"--smush-placeholder-width: 1900px; --smush-placeholder-aspect-ratio: 1900\/480;\" \/><\/figure>\n\n\n<div class=\"block-editor-block-list__layout is-root-container\">\n<h2><span style=\"color: #790079;\"><b>A hist\u00f3ria sobre todos os atrizes<\/b><\/span><\/h2>\n<h3><b>De uma id\u00e9ia espont\u00e2nea a um portal internacional &#8211; Esta hist\u00f3ria est\u00e1 por tr\u00e1s disso<\/b><\/h3>\n<p><span style=\"font-weight: 400;\">Estamos no ano 2020. Em um dia ensolarado no final do outono, nossa equipe de marketing digital se dedica a um t\u00f3pico que \u00e9 frequentemente procurado na World Wide Web: O setor adulto e er\u00f3tico. A demanda por artistas, redes er\u00f3ticas e plataformas \u00e9 enorme.<\/span><\/p>\n<p><span style=\"font-weight: 400;\">No passado, n\u00f3s j\u00e1 t\u00ednhamos feito muitas experi\u00eancias com a ind\u00fastria adulta na Internet. Rapidamente descobrimos que dificilmente existem fontes respeit\u00e1veis que atendam a essa demanda. Estes sites n\u00e3o fornecem conte\u00fado \u00fatil e visam apenas ganhar dinheiro de seus visitantes atrav\u00e9s de banners intrusivos, pop-ups e outras formas de publicidade. N\u00f3s quer\u00edamos mudar esta situa\u00e7\u00e3o fundando a All-Actresses.<\/span><\/p>\n<h3><b>Nossa miss\u00e3o<\/b><\/h3>\n<p><span style=\"font-weight: 400;\">N\u00f3s queremos fornecer a voc\u00ea todas as informa\u00e7\u00f5es sobre as atrizes mais populares, portais de webcam e redes de v\u00eddeo de uma s\u00f3 fonte. N\u00f3s tamb\u00e9m queremos lhe apresentar as melhores ofertas er\u00f3ticas ao melhor pre\u00e7o e tirar o seu medo de ofertas fraudulentas. Nossa primeira prioridade \u00e9 trazer luz para o mundo ainda escuro da ind\u00fastria adulta. Infelizmente, ainda h\u00e1 muitas ofertas e websites duvidosos que impedem exatamente isso.<\/span><\/p>\n<h3><b>Nossa Vis\u00e3o<\/b><\/h3>\n<p><span style=\"font-weight: 400;\">Nossa vis\u00e3o e nosso objetivo \u00e9 estar dispon\u00edvel para usu\u00e1rios de todo o mundo com nosso portal como um consultor para o setor adulto. All-Actresses.com deve se estabelecer como um fator constante no setor adulto e servir como um companheiro leal atrav\u00e9s de sua experi\u00eancia, autoridade e especialmente atrav\u00e9s de sua confian\u00e7a.<\/span><\/p>\n<h3><b>Nossos parceiros<\/b><\/h3>\n<p><span style=\"font-weight: 400;\">Na All-Actresses.com, n\u00f3s queremos oferecer a melhor experi\u00eancia ao melhor pre\u00e7o. Por esta raz\u00e3o, n\u00f3s examinamos de perto com quais parceiros n\u00f3s gostar\u00edamos de trabalhar. E com quais parceiros uma coopera\u00e7\u00e3o est\u00e1 fora de quest\u00e3o.<\/span><\/p>\n<p><span style=\"font-weight: 400;\">N\u00f3s cooperamos com os maiores portais de webcam internacionais como <a href=\"https:\/\/all-actresses.com\/pt-br\/camsoda\/\">Camsoda<\/a>, <a href=\"https:\/\/all-actresses.com\/pt-br\/bongacams\/\">Bongacams<\/a>, <a href=\"https:\/\/all-actresses.com\/pt-br\/chaturbate\/\">Chaturbate<\/a>, <a href=\"https:\/\/all-actresses.com\/pt-br\/cam4\/\">CAM4<\/a>, <a href=\"https:\/\/all-actresses.com\/pt-br\/livejasmin\/\">LiveJasmin<\/a> e <a href=\"https:\/\/all-actresses.com\/pt-br\/streamate\/\">Streamate<\/a>. Na \u00e1rea de produ\u00e7\u00e3o, n\u00f3s cooperamos com <a href=\"https:\/\/all-actresses.com\/pt-br\/brazzers\/\">Brazzers<\/a>, <a href=\"https:\/\/all-actresses.com\/pt-br\/fake-taxi\/\">FakeHub<\/a>, <a href=\"https:\/\/lp.mydirtyhobby.com\/2\/?video=4&amp;lang=de&amp;ats=eyJhIjozMDkyNTEsImMiOjU5MTA3NzMyLCJuIjoyMSwicyI6MjQxLCJlIjo5NTQyLCJwIjoyfQ==\">MyDirtyHobby<\/a> e <a href=\"https:\/\/www.zubivu.com\/VX\/LP\/Tuby2\/A?w=48182&amp;ws=\">Visit-X<\/a>, entre outros.<\/span><\/p>\n<p><span style=\"font-weight: 400;\">Com nosso portal n\u00f3s atendemos a demanda nos maiores mecanismos de busca do mundo, como Google, Bing ou Yahoo. Al\u00e9m disso, n\u00f3s tamb\u00e9m nos perguntamos como podemos alcan\u00e7ar os usu\u00e1rios que est\u00e3o nas m\u00eddias sociais.<\/span><\/p>\n<p><span style=\"font-weight: 400;\">Com nossa p\u00e1gina no Facebook e Instagram do All-Actresses.com n\u00f3s alcan\u00e7amos exatamente este grupo alvo. Al\u00e9m disso, constru\u00edmos uma ampla base de f\u00e3s com a p\u00e1gina Instagram <a href=\"https:\/\/www.instagram.com\/camsoda_stars\/\">@camsoda_stars<\/a>, que \u00e9 especialmente voltada para os modelos da Camsoda, acompanhando-os e apoiando-os em sua presen\u00e7a nas m\u00eddias sociais.<\/span><\/p>\n<p><span style=\"font-weight: 400;\">Nosso objetivo de m\u00eddia social \u00e9 gerar ainda mais agita\u00e7\u00e3o sobre nossa ind\u00fastria, unir a comunidade e aumentar o alcance tanto de modelos conhecidos quanto de modelos amadores. Para este \u00faltimo objetivo, n\u00f3s lan\u00e7amos outro portal.<\/span><\/p>\n<p><span style=\"font-weight: 400;\">Com CamshowStars.com e a p\u00e1gina Instagram <a href=\"https:\/\/www.instagram.com\/camshow_stars\/\">@camshow_stars<\/a>, n\u00f3s ajudamos os aspirantes a modelos de webcam a fazer crescer sua comunidade de f\u00e3s. N\u00f3s conseguimos isso atrav\u00e9s da adapta\u00e7\u00e3o do conte\u00fado aos mecanismos de busca populares e portais de m\u00eddia social. Nossa estrat\u00e9gia tem provado ser muito bem sucedida at\u00e9 hoje.<\/span><\/p>\n<h3><b>Voc\u00ea quer se tornar um membro?<\/b><\/h3>\n<p><span style=\"font-weight: 400;\">Voc\u00ea \u00e9 um modelo er\u00f3tico, modelo webcam ou algu\u00e9m que est\u00e1 entusiasmado com os t\u00f3picos? Ent\u00e3o n\u00e3o hesite e contate-nos atrav\u00e9s de nossas p\u00e1ginas Instagram<a href=\"https:\/\/www.instagram.com\/allactressescom\/\">(@allactressescom<\/a> e <a href=\"https:\/\/www.instagram.com\/camshow_stars\/\">@camshow_stars<\/a>) ou pelo correio. O que podemos fazer por voc\u00ea especificamente? Por um lado, n\u00f3s temos a possibilidade de listar voc\u00ea em nosso portal All-Actresses.com ou Camshowstars.com com uma entrada exclusiva. Mas n\u00f3s tamb\u00e9m oferecemos ajuda com o registro e a publica\u00e7\u00e3o do seu primeiro conte\u00fado nas plataformas er\u00f3ticas mais populares. Al\u00e9m disso, estamos felizes em olhar seus perfis existentes junto com voc\u00ea e lhe dar dicas sobre como voc\u00ea pode ganhar ainda mais f\u00e3s.<\/span><\/p>\n<\/div>","protected":false},"excerpt":{"rendered":"<p>A hist\u00f3ria sobre todos os atrizes De uma id\u00e9ia espont\u00e2nea a um portal internacional &#8211; Esta hist\u00f3ria est\u00e1 por tr\u00e1s disso Estamos no ano 2020. Em um dia ensolarado no final do outono, nossa equipe de marketing digital se dedica a um t\u00f3pico que \u00e9 frequentemente procurado na World Wide Web: O setor adulto e &#8230; <a title=\"Sobre n\u00f3s\" class=\"read-more\" href=\"https:\/\/all-actresses.com\/pt-br\/sobre-nos\/\" aria-label=\"Read more about Sobre n\u00f3s\">Ler mais<\/a><\/p>\n","protected":false},"author":1,"featured_media":0,"parent":0,"menu_order":0,"comment_status":"closed","ping_status":"closed","template":"","meta":{"footnotes":""},"class_list":["post-6542","page","type-page","status-publish"],"yoast_head":"<!-- This site is optimized with the Yoast SEO plugin v27.3 - https:\/\/yoast.com\/product\/yoast-seo-wordpress\/ -->\n<title>Sobre n\u00f3s - all-actresses.com<\/title>\n<meta name=\"robots\" content=\"noindex, nofollow\" \/>\n<meta property=\"og:locale\" content=\"pt_BR\" \/>\n<meta property=\"og:type\" content=\"article\" \/>\n<meta property=\"og:title\" content=\"Sobre n\u00f3s - all-actresses.com\" \/>\n<meta property=\"og:description\" content=\"A hist\u00f3ria sobre todos os atrizes De uma id\u00e9ia espont\u00e2nea a um portal internacional &#8211; Esta hist\u00f3ria est\u00e1 por tr\u00e1s disso Estamos no ano 2020. Em um dia ensolarado no final do outono, nossa equipe de marketing digital se dedica a um t\u00f3pico que \u00e9 frequentemente procurado na World Wide Web: O setor adulto e ... Ler mais\" \/>\n<meta property=\"og:url\" content=\"https:\/\/all-actresses.com\/pt-br\/sobre-nos\/\" \/>\n<meta property=\"og:site_name\" content=\"all-actresses.com\" \/>\n<meta property=\"article:modified_time\" content=\"2024-04-10T12:01:06+00:00\" \/>\n<meta property=\"og:image\" content=\"https:\/\/all-actresses.com\/wp-content\/uploads\/2021\/06\/Sobre-nos.jpg\" \/>\n<meta name=\"twitter:card\" content=\"summary_large_image\" \/>\n<meta name=\"twitter:label1\" content=\"Est. tempo de leitura\" \/>\n\t<meta name=\"twitter:data1\" content=\"4 minutos\" \/>\n<script type=\"application\/ld+json\" class=\"yoast-schema-graph\">{\"@context\":\"https:\\\/\\\/schema.org\",\"@graph\":[{\"@type\":\"WebPage\",\"@id\":\"https:\\\/\\\/all-actresses.com\\\/pt-br\\\/sobre-nos\\\/\",\"url\":\"https:\\\/\\\/all-actresses.com\\\/pt-br\\\/sobre-nos\\\/\",\"name\":\"Sobre n\u00f3s - all-actresses.com\",\"isPartOf\":{\"@id\":\"https:\\\/\\\/all-actresses.com\\\/#website\"},\"primaryImageOfPage\":{\"@id\":\"https:\\\/\\\/all-actresses.com\\\/pt-br\\\/sobre-nos\\\/#primaryimage\"},\"image\":{\"@id\":\"https:\\\/\\\/all-actresses.com\\\/pt-br\\\/sobre-nos\\\/#primaryimage\"},\"thumbnailUrl\":\"https:\\\/\\\/all-actresses.com\\\/wp-content\\\/uploads\\\/2021\\\/06\\\/Sobre-nos.jpg\",\"datePublished\":\"2021-06-16T13:30:23+00:00\",\"dateModified\":\"2024-04-10T12:01:06+00:00\",\"breadcrumb\":{\"@id\":\"https:\\\/\\\/all-actresses.com\\\/pt-br\\\/sobre-nos\\\/#breadcrumb\"},\"inLanguage\":\"pt-BR\",\"potentialAction\":[{\"@type\":\"ReadAction\",\"target\":[\"https:\\\/\\\/all-actresses.com\\\/pt-br\\\/sobre-nos\\\/\"]}]},{\"@type\":\"ImageObject\",\"inLanguage\":\"pt-BR\",\"@id\":\"https:\\\/\\\/all-actresses.com\\\/pt-br\\\/sobre-nos\\\/#primaryimage\",\"url\":\"https:\\\/\\\/all-actresses.com\\\/wp-content\\\/uploads\\\/2021\\\/06\\\/Sobre-nos.jpg\",\"contentUrl\":\"https:\\\/\\\/all-actresses.com\\\/wp-content\\\/uploads\\\/2021\\\/06\\\/Sobre-nos.jpg\"},{\"@type\":\"BreadcrumbList\",\"@id\":\"https:\\\/\\\/all-actresses.com\\\/pt-br\\\/sobre-nos\\\/#breadcrumb\",\"itemListElement\":[{\"@type\":\"ListItem\",\"position\":1,\"name\":\"Startseite\",\"item\":\"https:\\\/\\\/all-actresses.com\\\/pt-br\\\/\"},{\"@type\":\"ListItem\",\"position\":2,\"name\":\"Sobre n\u00f3s\"}]},{\"@type\":\"WebSite\",\"@id\":\"https:\\\/\\\/all-actresses.com\\\/#website\",\"url\":\"https:\\\/\\\/all-actresses.com\\\/\",\"name\":\"all-actresses.com\",\"description\":\"Entdecke die Welt von AllActresses!\",\"publisher\":{\"@id\":\"https:\\\/\\\/all-actresses.com\\\/#organization\"},\"potentialAction\":[{\"@type\":\"SearchAction\",\"target\":{\"@type\":\"EntryPoint\",\"urlTemplate\":\"https:\\\/\\\/all-actresses.com\\\/?s={search_term_string}\"},\"query-input\":{\"@type\":\"PropertyValueSpecification\",\"valueRequired\":true,\"valueName\":\"search_term_string\"}}],\"inLanguage\":\"pt-BR\"},{\"@type\":\"Organization\",\"@id\":\"https:\\\/\\\/all-actresses.com\\\/#organization\",\"name\":\"all-actresses.com\",\"url\":\"https:\\\/\\\/all-actresses.com\\\/\",\"logo\":{\"@type\":\"ImageObject\",\"inLanguage\":\"pt-BR\",\"@id\":\"https:\\\/\\\/all-actresses.com\\\/#\\\/schema\\\/logo\\\/image\\\/\",\"url\":\"https:\\\/\\\/all-actresses.com\\\/wp-content\\\/uploads\\\/2021\\\/05\\\/allactresses-2-e1620037015851.jpg\",\"contentUrl\":\"https:\\\/\\\/all-actresses.com\\\/wp-content\\\/uploads\\\/2021\\\/05\\\/allactresses-2-e1620037015851.jpg\",\"width\":400,\"height\":213,\"caption\":\"all-actresses.com\"},\"image\":{\"@id\":\"https:\\\/\\\/all-actresses.com\\\/#\\\/schema\\\/logo\\\/image\\\/\"}}]}<\/script>\n<!-- \/ Yoast SEO plugin. -->","yoast_head_json":{"title":"Sobre n\u00f3s - all-actresses.com","robots":{"index":"noindex","follow":"nofollow"},"og_locale":"pt_BR","og_type":"article","og_title":"Sobre n\u00f3s - all-actresses.com","og_description":"A hist\u00f3ria sobre todos os atrizes De uma id\u00e9ia espont\u00e2nea a um portal internacional &#8211; Esta hist\u00f3ria est\u00e1 por tr\u00e1s disso Estamos no ano 2020. Em um dia ensolarado no final do outono, nossa equipe de marketing digital se dedica a um t\u00f3pico que \u00e9 frequentemente procurado na World Wide Web: O setor adulto e ... Ler mais","og_url":"https:\/\/all-actresses.com\/pt-br\/sobre-nos\/","og_site_name":"all-actresses.com","article_modified_time":"2024-04-10T12:01:06+00:00","og_image":[{"url":"https:\/\/all-actresses.com\/wp-content\/uploads\/2021\/06\/Sobre-nos.jpg","type":"","width":"","height":""}],"twitter_card":"summary_large_image","twitter_misc":{"Est. tempo de leitura":"4 minutos"},"schema":{"@context":"https:\/\/schema.org","@graph":[{"@type":"WebPage","@id":"https:\/\/all-actresses.com\/pt-br\/sobre-nos\/","url":"https:\/\/all-actresses.com\/pt-br\/sobre-nos\/","name":"Sobre n\u00f3s - all-actresses.com","isPartOf":{"@id":"https:\/\/all-actresses.com\/#website"},"primaryImageOfPage":{"@id":"https:\/\/all-actresses.com\/pt-br\/sobre-nos\/#primaryimage"},"image":{"@id":"https:\/\/all-actresses.com\/pt-br\/sobre-nos\/#primaryimage"},"thumbnailUrl":"https:\/\/all-actresses.com\/wp-content\/uploads\/2021\/06\/Sobre-nos.jpg","datePublished":"2021-06-16T13:30:23+00:00","dateModified":"2024-04-10T12:01:06+00:00","breadcrumb":{"@id":"https:\/\/all-actresses.com\/pt-br\/sobre-nos\/#breadcrumb"},"inLanguage":"pt-BR","potentialAction":[{"@type":"ReadAction","target":["https:\/\/all-actresses.com\/pt-br\/sobre-nos\/"]}]},{"@type":"ImageObject","inLanguage":"pt-BR","@id":"https:\/\/all-actresses.com\/pt-br\/sobre-nos\/#primaryimage","url":"https:\/\/all-actresses.com\/wp-content\/uploads\/2021\/06\/Sobre-nos.jpg","contentUrl":"https:\/\/all-actresses.com\/wp-content\/uploads\/2021\/06\/Sobre-nos.jpg"},{"@type":"BreadcrumbList","@id":"https:\/\/all-actresses.com\/pt-br\/sobre-nos\/#breadcrumb","itemListElement":[{"@type":"ListItem","position":1,"name":"Startseite","item":"https:\/\/all-actresses.com\/pt-br\/"},{"@type":"ListItem","position":2,"name":"Sobre n\u00f3s"}]},{"@type":"WebSite","@id":"https:\/\/all-actresses.com\/#website","url":"https:\/\/all-actresses.com\/","name":"all-actresses.com","description":"Entdecke die Welt von AllActresses!","publisher":{"@id":"https:\/\/all-actresses.com\/#organization"},"potentialAction":[{"@type":"SearchAction","target":{"@type":"EntryPoint","urlTemplate":"https:\/\/all-actresses.com\/?s={search_term_string}"},"query-input":{"@type":"PropertyValueSpecification","valueRequired":true,"valueName":"search_term_string"}}],"inLanguage":"pt-BR"},{"@type":"Organization","@id":"https:\/\/all-actresses.com\/#organization","name":"all-actresses.com","url":"https:\/\/all-actresses.com\/","logo":{"@type":"ImageObject","inLanguage":"pt-BR","@id":"https:\/\/all-actresses.com\/#\/schema\/logo\/image\/","url":"https:\/\/all-actresses.com\/wp-content\/uploads\/2021\/05\/allactresses-2-e1620037015851.jpg","contentUrl":"https:\/\/all-actresses.com\/wp-content\/uploads\/2021\/05\/allactresses-2-e1620037015851.jpg","width":400,"height":213,"caption":"all-actresses.com"},"image":{"@id":"https:\/\/all-actresses.com\/#\/schema\/logo\/image\/"}}]}},"_links":{"self":[{"href":"https:\/\/all-actresses.com\/pt-br\/wp-json\/wp\/v2\/pages\/6542","targetHints":{"allow":["GET"]}}],"collection":[{"href":"https:\/\/all-actresses.com\/pt-br\/wp-json\/wp\/v2\/pages"}],"about":[{"href":"https:\/\/all-actresses.com\/pt-br\/wp-json\/wp\/v2\/types\/page"}],"author":[{"embeddable":true,"href":"https:\/\/all-actresses.com\/pt-br\/wp-json\/wp\/v2\/users\/1"}],"replies":[{"embeddable":true,"href":"https:\/\/all-actresses.com\/pt-br\/wp-json\/wp\/v2\/comments?post=6542"}],"version-history":[{"count":7,"href":"https:\/\/all-actresses.com\/pt-br\/wp-json\/wp\/v2\/pages\/6542\/revisions"}],"predecessor-version":[{"id":11914,"href":"https:\/\/all-actresses.com\/pt-br\/wp-json\/wp\/v2\/pages\/6542\/revisions\/11914"}],"wp:attachment":[{"href":"https:\/\/all-actresses.com\/pt-br\/wp-json\/wp\/v2\/media?parent=6542"}],"curies":[{"name":"wp","href":"https:\/\/api.w.org\/{rel}","templated":true}]}}