{"id":3778,"date":"2021-04-28T22:02:48","date_gmt":"2021-04-28T20:02:48","guid":{"rendered":"https:\/\/all-actresses.com\/?page_id=3778"},"modified":"2021-04-28T22:02:49","modified_gmt":"2021-04-28T20:02:49","slug":"produtores","status":"publish","type":"page","link":"https:\/\/all-actresses.com\/pt-br\/produtores\/","title":{"rendered":"Produtores"},"content":{"rendered":"\n<figure class=\"wp-block-image alignfull size-full\"><img decoding=\"async\" width=\"1900\" height=\"480\" data-src=\"https:\/\/all-actresses.com\/wp-content\/uploads\/2021\/04\/Header_produzenten_port.jpg\" alt=\"Produtores header\" class=\"wp-image-3560 lazyload\" data-srcset=\"https:\/\/all-actresses.com\/wp-content\/uploads\/2021\/04\/Header_produzenten_port.jpg 1900w, https:\/\/all-actresses.com\/wp-content\/uploads\/2021\/04\/Header_produzenten_port-300x76.jpg 300w, https:\/\/all-actresses.com\/wp-content\/uploads\/2021\/04\/Header_produzenten_port-1024x259.jpg 1024w, https:\/\/all-actresses.com\/wp-content\/uploads\/2021\/04\/Header_produzenten_port-768x194.jpg 768w, https:\/\/all-actresses.com\/wp-content\/uploads\/2021\/04\/Header_produzenten_port-1536x388.jpg 1536w\" data-sizes=\"(max-width: 1900px) 100vw, 1900px\" src=\"data:image\/svg+xml;base64,PHN2ZyB3aWR0aD0iMSIgaGVpZ2h0PSIxIiB4bWxucz0iaHR0cDovL3d3dy53My5vcmcvMjAwMC9zdmciPjwvc3ZnPg==\" style=\"--smush-placeholder-width: 1900px; --smush-placeholder-aspect-ratio: 1900\/480;\" \/><\/figure>\n\n\n\n<div class=\"pt-cv-wrapper\"><div class=\"pt-cv-view pt-cv-grid pt-cv-colsys\" id=\"pt-cv-view-09704e6i7r\"><div data-id=\"pt-cv-page-1\" class=\"pt-cv-page\" data-cvc=\"3\"><div class=\"col-md-4 col-sm-6 col-xs-12 pt-cv-content-item pt-cv-1-col\" ><div class='pt-cv-ifield'><h3 class=\"pt-cv-title\"><a href=\"https:\/\/all-actresses.com\/pt-br\/fake-taxi\/\" class=\"_self\" target=\"_self\" >Fake Taxi<\/a><\/h3>\n<div class=\"pt-cv-content\">Fake Taxi A empresa produtora e plataforma de v\u00eddeo online Fake Taxi \u00e9 uma das plataformas de ...<br \/><div class=\"pt-cv-rmwrap\"><a href=\"https:\/\/all-actresses.com\/pt-br\/fake-taxi\/\" class=\"_self pt-cv-readmore btn btn-success\" target=\"_self\">Leia Mais<\/a><\/div><\/div><\/div><\/div>\n<div class=\"col-md-4 col-sm-6 col-xs-12 pt-cv-content-item pt-cv-1-col\" ><div class='pt-cv-ifield'><h3 class=\"pt-cv-title\"><a href=\"https:\/\/all-actresses.com\/pt-br\/brazzers\/\" class=\"_self\" target=\"_self\" >Brazzers<\/a><\/h3>\n<div class=\"pt-cv-content\">Brazzers A rede er\u00f3tica de v\u00eddeo Brazzers \u00e9 provavelmente uma das redes mais conhecidas. A rede \u00e9 ...<br \/><div class=\"pt-cv-rmwrap\"><a href=\"https:\/\/all-actresses.com\/pt-br\/brazzers\/\" class=\"_self pt-cv-readmore btn btn-success\" target=\"_self\">Leia Mais<\/a><\/div><\/div><\/div><\/div>\n<div class=\"col-md-4 col-sm-6 col-xs-12 pt-cv-content-item pt-cv-1-col\" ><div class='pt-cv-ifield'><h3 class=\"pt-cv-title\"><a href=\"https:\/\/all-actresses.com\/pt-br\/bang-bros\/\" class=\"_self\" target=\"_self\" >Bang Bros<\/a><\/h3>\n<div class=\"pt-cv-content\">Bang Bros Fundada h\u00e1 mais de 20 anos, a empresa de v\u00eddeo er\u00f3tico Bang Bros \u00e9 hoje ...<br \/><div class=\"pt-cv-rmwrap\"><a href=\"https:\/\/all-actresses.com\/pt-br\/bang-bros\/\" class=\"_self pt-cv-readmore btn btn-success\" target=\"_self\">Leia Mais<\/a><\/div><\/div><\/div><\/div><\/div><\/div><\/div>\n","protected":false},"excerpt":{"rendered":"","protected":false},"author":1,"featured_media":3780,"parent":0,"menu_order":0,"comment_status":"closed","ping_status":"closed","template":"","meta":{"footnotes":""},"class_list":["post-3778","page","type-page","status-publish","has-post-thumbnail"],"yoast_head":"<!-- This site is optimized with the Yoast SEO plugin v27.5 - https:\/\/yoast.com\/product\/yoast-seo-wordpress\/ -->\n<title>Os produtores mais famosos da ind\u00fastria de adultos | Assista agora!<\/title>\n<meta name=\"description\" content=\"Aprenda fatos interessantes e informa\u00e7\u00f5es sobre os produtores er\u00f3ticos mais famosos \u2713 insights interessantes\" \/>\n<meta name=\"robots\" content=\"index, follow, max-snippet:-1, max-image-preview:large, max-video-preview:-1\" \/>\n<link rel=\"canonical\" href=\"https:\/\/all-actresses.com\/pt-br\/produtores\/\" \/>\n<meta property=\"og:locale\" content=\"pt_BR\" \/>\n<meta property=\"og:type\" content=\"article\" \/>\n<meta property=\"og:title\" content=\"Os produtores mais famosos da ind\u00fastria de adultos | Assista agora!\" \/>\n<meta property=\"og:description\" content=\"Aprenda fatos interessantes e informa\u00e7\u00f5es sobre os produtores er\u00f3ticos mais famosos \u2713 insights interessantes\" \/>\n<meta property=\"og:url\" content=\"https:\/\/all-actresses.com\/pt-br\/produtores\/\" \/>\n<meta property=\"og:site_name\" content=\"all-actresses.com\" \/>\n<meta property=\"article:modified_time\" content=\"2021-04-28T20:02:49+00:00\" \/>\n<meta property=\"og:image\" content=\"https:\/\/all-actresses.com\/wp-content\/uploads\/2020\/10\/All-Actresses-fav.png\" \/>\n\t<meta property=\"og:image:width\" content=\"512\" \/>\n\t<meta property=\"og:image:height\" content=\"512\" \/>\n\t<meta property=\"og:image:type\" content=\"image\/png\" \/>\n<meta name=\"twitter:card\" content=\"summary_large_image\" \/>\n<meta name=\"twitter:label1\" content=\"Est. tempo de leitura\" \/>\n\t<meta name=\"twitter:data1\" content=\"1 minuto\" \/>\n<script type=\"application\/ld+json\" class=\"yoast-schema-graph\">{\"@context\":\"https:\\\/\\\/schema.org\",\"@graph\":[{\"@type\":\"WebPage\",\"@id\":\"https:\\\/\\\/all-actresses.com\\\/pt-br\\\/produtores\\\/\",\"url\":\"https:\\\/\\\/all-actresses.com\\\/pt-br\\\/produtores\\\/\",\"name\":\"Os produtores mais famosos da ind\u00fastria de adultos | Assista agora!\",\"isPartOf\":{\"@id\":\"https:\\\/\\\/all-actresses.com\\\/#website\"},\"primaryImageOfPage\":{\"@id\":\"https:\\\/\\\/all-actresses.com\\\/pt-br\\\/produtores\\\/#primaryimage\"},\"image\":{\"@id\":\"https:\\\/\\\/all-actresses.com\\\/pt-br\\\/produtores\\\/#primaryimage\"},\"thumbnailUrl\":\"https:\\\/\\\/all-actresses.com\\\/wp-content\\\/uploads\\\/2020\\\/10\\\/All-Actresses-fav.png\",\"datePublished\":\"2021-04-28T20:02:48+00:00\",\"dateModified\":\"2021-04-28T20:02:49+00:00\",\"description\":\"Aprenda fatos interessantes e informa\u00e7\u00f5es sobre os produtores er\u00f3ticos mais famosos \u2713 insights interessantes\",\"breadcrumb\":{\"@id\":\"https:\\\/\\\/all-actresses.com\\\/pt-br\\\/produtores\\\/#breadcrumb\"},\"inLanguage\":\"pt-BR\",\"potentialAction\":[{\"@type\":\"ReadAction\",\"target\":[\"https:\\\/\\\/all-actresses.com\\\/pt-br\\\/produtores\\\/\"]}]},{\"@type\":\"ImageObject\",\"inLanguage\":\"pt-BR\",\"@id\":\"https:\\\/\\\/all-actresses.com\\\/pt-br\\\/produtores\\\/#primaryimage\",\"url\":\"https:\\\/\\\/all-actresses.com\\\/wp-content\\\/uploads\\\/2020\\\/10\\\/All-Actresses-fav.png\",\"contentUrl\":\"https:\\\/\\\/all-actresses.com\\\/wp-content\\\/uploads\\\/2020\\\/10\\\/All-Actresses-fav.png\",\"width\":512,\"height\":512},{\"@type\":\"BreadcrumbList\",\"@id\":\"https:\\\/\\\/all-actresses.com\\\/pt-br\\\/produtores\\\/#breadcrumb\",\"itemListElement\":[{\"@type\":\"ListItem\",\"position\":1,\"name\":\"Startseite\",\"item\":\"https:\\\/\\\/all-actresses.com\\\/pt-br\\\/\"},{\"@type\":\"ListItem\",\"position\":2,\"name\":\"Produtores\"}]},{\"@type\":\"WebSite\",\"@id\":\"https:\\\/\\\/all-actresses.com\\\/#website\",\"url\":\"https:\\\/\\\/all-actresses.com\\\/\",\"name\":\"all-actresses.com\",\"description\":\"Entdecke die Welt von AllActresses!\",\"publisher\":{\"@id\":\"https:\\\/\\\/all-actresses.com\\\/#organization\"},\"potentialAction\":[{\"@type\":\"SearchAction\",\"target\":{\"@type\":\"EntryPoint\",\"urlTemplate\":\"https:\\\/\\\/all-actresses.com\\\/?s={search_term_string}\"},\"query-input\":{\"@type\":\"PropertyValueSpecification\",\"valueRequired\":true,\"valueName\":\"search_term_string\"}}],\"inLanguage\":\"pt-BR\"},{\"@type\":\"Organization\",\"@id\":\"https:\\\/\\\/all-actresses.com\\\/#organization\",\"name\":\"all-actresses.com\",\"url\":\"https:\\\/\\\/all-actresses.com\\\/\",\"logo\":{\"@type\":\"ImageObject\",\"inLanguage\":\"pt-BR\",\"@id\":\"https:\\\/\\\/all-actresses.com\\\/#\\\/schema\\\/logo\\\/image\\\/\",\"url\":\"https:\\\/\\\/all-actresses.com\\\/wp-content\\\/uploads\\\/2021\\\/05\\\/allactresses-2-e1620037015851.jpg\",\"contentUrl\":\"https:\\\/\\\/all-actresses.com\\\/wp-content\\\/uploads\\\/2021\\\/05\\\/allactresses-2-e1620037015851.jpg\",\"width\":400,\"height\":213,\"caption\":\"all-actresses.com\"},\"image\":{\"@id\":\"https:\\\/\\\/all-actresses.com\\\/#\\\/schema\\\/logo\\\/image\\\/\"}}]}<\/script>\n<!-- \/ Yoast SEO plugin. -->","yoast_head_json":{"title":"Os produtores mais famosos da ind\u00fastria de adultos | Assista agora!","description":"Aprenda fatos interessantes e informa\u00e7\u00f5es sobre os produtores er\u00f3ticos mais famosos \u2713 insights interessantes","robots":{"index":"index","follow":"follow","max-snippet":"max-snippet:-1","max-image-preview":"max-image-preview:large","max-video-preview":"max-video-preview:-1"},"canonical":"https:\/\/all-actresses.com\/pt-br\/produtores\/","og_locale":"pt_BR","og_type":"article","og_title":"Os produtores mais famosos da ind\u00fastria de adultos | Assista agora!","og_description":"Aprenda fatos interessantes e informa\u00e7\u00f5es sobre os produtores er\u00f3ticos mais famosos \u2713 insights interessantes","og_url":"https:\/\/all-actresses.com\/pt-br\/produtores\/","og_site_name":"all-actresses.com","article_modified_time":"2021-04-28T20:02:49+00:00","og_image":[{"width":512,"height":512,"url":"https:\/\/all-actresses.com\/wp-content\/uploads\/2020\/10\/All-Actresses-fav.png","type":"image\/png"}],"twitter_card":"summary_large_image","twitter_misc":{"Est. tempo de leitura":"1 minuto"},"schema":{"@context":"https:\/\/schema.org","@graph":[{"@type":"WebPage","@id":"https:\/\/all-actresses.com\/pt-br\/produtores\/","url":"https:\/\/all-actresses.com\/pt-br\/produtores\/","name":"Os produtores mais famosos da ind\u00fastria de adultos | Assista agora!","isPartOf":{"@id":"https:\/\/all-actresses.com\/#website"},"primaryImageOfPage":{"@id":"https:\/\/all-actresses.com\/pt-br\/produtores\/#primaryimage"},"image":{"@id":"https:\/\/all-actresses.com\/pt-br\/produtores\/#primaryimage"},"thumbnailUrl":"https:\/\/all-actresses.com\/wp-content\/uploads\/2020\/10\/All-Actresses-fav.png","datePublished":"2021-04-28T20:02:48+00:00","dateModified":"2021-04-28T20:02:49+00:00","description":"Aprenda fatos interessantes e informa\u00e7\u00f5es sobre os produtores er\u00f3ticos mais famosos \u2713 insights interessantes","breadcrumb":{"@id":"https:\/\/all-actresses.com\/pt-br\/produtores\/#breadcrumb"},"inLanguage":"pt-BR","potentialAction":[{"@type":"ReadAction","target":["https:\/\/all-actresses.com\/pt-br\/produtores\/"]}]},{"@type":"ImageObject","inLanguage":"pt-BR","@id":"https:\/\/all-actresses.com\/pt-br\/produtores\/#primaryimage","url":"https:\/\/all-actresses.com\/wp-content\/uploads\/2020\/10\/All-Actresses-fav.png","contentUrl":"https:\/\/all-actresses.com\/wp-content\/uploads\/2020\/10\/All-Actresses-fav.png","width":512,"height":512},{"@type":"BreadcrumbList","@id":"https:\/\/all-actresses.com\/pt-br\/produtores\/#breadcrumb","itemListElement":[{"@type":"ListItem","position":1,"name":"Startseite","item":"https:\/\/all-actresses.com\/pt-br\/"},{"@type":"ListItem","position":2,"name":"Produtores"}]},{"@type":"WebSite","@id":"https:\/\/all-actresses.com\/#website","url":"https:\/\/all-actresses.com\/","name":"all-actresses.com","description":"Entdecke die Welt von AllActresses!","publisher":{"@id":"https:\/\/all-actresses.com\/#organization"},"potentialAction":[{"@type":"SearchAction","target":{"@type":"EntryPoint","urlTemplate":"https:\/\/all-actresses.com\/?s={search_term_string}"},"query-input":{"@type":"PropertyValueSpecification","valueRequired":true,"valueName":"search_term_string"}}],"inLanguage":"pt-BR"},{"@type":"Organization","@id":"https:\/\/all-actresses.com\/#organization","name":"all-actresses.com","url":"https:\/\/all-actresses.com\/","logo":{"@type":"ImageObject","inLanguage":"pt-BR","@id":"https:\/\/all-actresses.com\/#\/schema\/logo\/image\/","url":"https:\/\/all-actresses.com\/wp-content\/uploads\/2021\/05\/allactresses-2-e1620037015851.jpg","contentUrl":"https:\/\/all-actresses.com\/wp-content\/uploads\/2021\/05\/allactresses-2-e1620037015851.jpg","width":400,"height":213,"caption":"all-actresses.com"},"image":{"@id":"https:\/\/all-actresses.com\/#\/schema\/logo\/image\/"}}]}},"_links":{"self":[{"href":"https:\/\/all-actresses.com\/pt-br\/wp-json\/wp\/v2\/pages\/3778","targetHints":{"allow":["GET"]}}],"collection":[{"href":"https:\/\/all-actresses.com\/pt-br\/wp-json\/wp\/v2\/pages"}],"about":[{"href":"https:\/\/all-actresses.com\/pt-br\/wp-json\/wp\/v2\/types\/page"}],"author":[{"embeddable":true,"href":"https:\/\/all-actresses.com\/pt-br\/wp-json\/wp\/v2\/users\/1"}],"replies":[{"embeddable":true,"href":"https:\/\/all-actresses.com\/pt-br\/wp-json\/wp\/v2\/comments?post=3778"}],"version-history":[{"count":1,"href":"https:\/\/all-actresses.com\/pt-br\/wp-json\/wp\/v2\/pages\/3778\/revisions"}],"predecessor-version":[{"id":3779,"href":"https:\/\/all-actresses.com\/pt-br\/wp-json\/wp\/v2\/pages\/3778\/revisions\/3779"}],"wp:featuredmedia":[{"embeddable":true,"href":"https:\/\/all-actresses.com\/pt-br\/wp-json\/wp\/v2\/media\/3780"}],"wp:attachment":[{"href":"https:\/\/all-actresses.com\/pt-br\/wp-json\/wp\/v2\/media?parent=3778"}],"curies":[{"name":"wp","href":"https:\/\/api.w.org\/{rel}","templated":true}]}}