{"id":3641,"date":"2021-04-27T17:55:36","date_gmt":"2021-04-27T15:55:36","guid":{"rendered":"https:\/\/all-actresses.com\/?page_id=3641"},"modified":"2025-04-10T14:35:29","modified_gmt":"2025-04-10T12:35:29","slug":"impressao","status":"publish","type":"page","link":"https:\/\/all-actresses.com\/pt-br\/impressao\/","title":{"rendered":"Impress\u00e3o"},"content":{"rendered":"\n<p>ADULT UNIVERSE LTD.<br>Rua 31 de Janeiro, N. 12 e &#8211; 6 Andar,<br>Porta X 9050-011 Funchal<\/p>\n\n\n\n<p>Contato:<br>Email: hey@all-actresses.com<\/p>\n\n\n\n<p>Youth Protection Officer:<\/p>\n\n\n\n<p>jugendschutz@all-actresses.com<\/p>\n\n\n\n<p>Plataforma da Comiss\u00e3o da UE para resolu\u00e7\u00e3o de lit\u00edgios online: https:\/\/ec.europa.eu\/consumers\/odr\/<\/p>\n\n\n\n<p>N\u00e3o somos obrigados nem estamos dispostos a participar em processos de resolu\u00e7\u00e3o de lit\u00edgios perante uma comiss\u00e3o de arbitragem de consumidores.<\/p>\n","protected":false},"excerpt":{"rendered":"<p>ADULT UNIVERSE LTD.Rua 31 de Janeiro, N. 12 e &#8211; 6 Andar,Porta X 9050-011 Funchal Contato:Email: hey@all-actresses.com Youth Protection Officer: jugendschutz@all-actresses.com Plataforma da Comiss\u00e3o da UE para resolu\u00e7\u00e3o de lit\u00edgios online: https:\/\/ec.europa.eu\/consumers\/odr\/ N\u00e3o somos obrigados nem estamos dispostos a participar em processos de resolu\u00e7\u00e3o de lit\u00edgios perante uma comiss\u00e3o de arbitragem de consumidores.<\/p>\n","protected":false},"author":1,"featured_media":0,"parent":0,"menu_order":0,"comment_status":"closed","ping_status":"closed","template":"","meta":{"footnotes":""},"class_list":["post-3641","page","type-page","status-publish"],"yoast_head":"<!-- This site is optimized with the Yoast SEO plugin v27.4 - https:\/\/yoast.com\/product\/yoast-seo-wordpress\/ -->\n<title>Impress\u00e3o - all-actresses.com<\/title>\n<meta name=\"robots\" content=\"noindex, nofollow\" \/>\n<meta property=\"og:locale\" content=\"pt_BR\" \/>\n<meta property=\"og:type\" content=\"article\" \/>\n<meta property=\"og:title\" content=\"Impress\u00e3o - all-actresses.com\" \/>\n<meta property=\"og:description\" content=\"ADULT UNIVERSE LTD.Rua 31 de Janeiro, N. 12 e &#8211; 6 Andar,Porta X 9050-011 Funchal Contato:Email: hey@all-actresses.com Youth Protection Officer: jugendschutz@all-actresses.com Plataforma da Comiss\u00e3o da UE para resolu\u00e7\u00e3o de lit\u00edgios online: https:\/\/ec.europa.eu\/consumers\/odr\/ N\u00e3o somos obrigados nem estamos dispostos a participar em processos de resolu\u00e7\u00e3o de lit\u00edgios perante uma comiss\u00e3o de arbitragem de consumidores.\" \/>\n<meta property=\"og:url\" content=\"https:\/\/all-actresses.com\/pt-br\/impressao\/\" \/>\n<meta property=\"og:site_name\" content=\"all-actresses.com\" \/>\n<meta property=\"article:modified_time\" content=\"2025-04-10T12:35:29+00:00\" \/>\n<meta name=\"twitter:card\" content=\"summary_large_image\" \/>\n<meta name=\"twitter:label1\" content=\"Est. tempo de leitura\" \/>\n\t<meta name=\"twitter:data1\" content=\"1 minuto\" \/>\n<script type=\"application\/ld+json\" class=\"yoast-schema-graph\">{\"@context\":\"https:\\\/\\\/schema.org\",\"@graph\":[{\"@type\":\"WebPage\",\"@id\":\"https:\\\/\\\/all-actresses.com\\\/pt-br\\\/impressao\\\/\",\"url\":\"https:\\\/\\\/all-actresses.com\\\/pt-br\\\/impressao\\\/\",\"name\":\"Impress\u00e3o - all-actresses.com\",\"isPartOf\":{\"@id\":\"https:\\\/\\\/all-actresses.com\\\/#website\"},\"datePublished\":\"2021-04-27T15:55:36+00:00\",\"dateModified\":\"2025-04-10T12:35:29+00:00\",\"breadcrumb\":{\"@id\":\"https:\\\/\\\/all-actresses.com\\\/pt-br\\\/impressao\\\/#breadcrumb\"},\"inLanguage\":\"pt-BR\",\"potentialAction\":[{\"@type\":\"ReadAction\",\"target\":[\"https:\\\/\\\/all-actresses.com\\\/pt-br\\\/impressao\\\/\"]}]},{\"@type\":\"BreadcrumbList\",\"@id\":\"https:\\\/\\\/all-actresses.com\\\/pt-br\\\/impressao\\\/#breadcrumb\",\"itemListElement\":[{\"@type\":\"ListItem\",\"position\":1,\"name\":\"Startseite\",\"item\":\"https:\\\/\\\/all-actresses.com\\\/pt-br\\\/\"},{\"@type\":\"ListItem\",\"position\":2,\"name\":\"Impress\u00e3o\"}]},{\"@type\":\"WebSite\",\"@id\":\"https:\\\/\\\/all-actresses.com\\\/#website\",\"url\":\"https:\\\/\\\/all-actresses.com\\\/\",\"name\":\"all-actresses.com\",\"description\":\"Entdecke die Welt von AllActresses!\",\"publisher\":{\"@id\":\"https:\\\/\\\/all-actresses.com\\\/#organization\"},\"potentialAction\":[{\"@type\":\"SearchAction\",\"target\":{\"@type\":\"EntryPoint\",\"urlTemplate\":\"https:\\\/\\\/all-actresses.com\\\/?s={search_term_string}\"},\"query-input\":{\"@type\":\"PropertyValueSpecification\",\"valueRequired\":true,\"valueName\":\"search_term_string\"}}],\"inLanguage\":\"pt-BR\"},{\"@type\":\"Organization\",\"@id\":\"https:\\\/\\\/all-actresses.com\\\/#organization\",\"name\":\"all-actresses.com\",\"url\":\"https:\\\/\\\/all-actresses.com\\\/\",\"logo\":{\"@type\":\"ImageObject\",\"inLanguage\":\"pt-BR\",\"@id\":\"https:\\\/\\\/all-actresses.com\\\/#\\\/schema\\\/logo\\\/image\\\/\",\"url\":\"https:\\\/\\\/all-actresses.com\\\/wp-content\\\/uploads\\\/2021\\\/05\\\/allactresses-2-e1620037015851.jpg\",\"contentUrl\":\"https:\\\/\\\/all-actresses.com\\\/wp-content\\\/uploads\\\/2021\\\/05\\\/allactresses-2-e1620037015851.jpg\",\"width\":400,\"height\":213,\"caption\":\"all-actresses.com\"},\"image\":{\"@id\":\"https:\\\/\\\/all-actresses.com\\\/#\\\/schema\\\/logo\\\/image\\\/\"}}]}<\/script>\n<!-- \/ Yoast SEO plugin. -->","yoast_head_json":{"title":"Impress\u00e3o - all-actresses.com","robots":{"index":"noindex","follow":"nofollow"},"og_locale":"pt_BR","og_type":"article","og_title":"Impress\u00e3o - all-actresses.com","og_description":"ADULT UNIVERSE LTD.Rua 31 de Janeiro, N. 12 e &#8211; 6 Andar,Porta X 9050-011 Funchal Contato:Email: hey@all-actresses.com Youth Protection Officer: jugendschutz@all-actresses.com Plataforma da Comiss\u00e3o da UE para resolu\u00e7\u00e3o de lit\u00edgios online: https:\/\/ec.europa.eu\/consumers\/odr\/ N\u00e3o somos obrigados nem estamos dispostos a participar em processos de resolu\u00e7\u00e3o de lit\u00edgios perante uma comiss\u00e3o de arbitragem de consumidores.","og_url":"https:\/\/all-actresses.com\/pt-br\/impressao\/","og_site_name":"all-actresses.com","article_modified_time":"2025-04-10T12:35:29+00:00","twitter_card":"summary_large_image","twitter_misc":{"Est. tempo de leitura":"1 minuto"},"schema":{"@context":"https:\/\/schema.org","@graph":[{"@type":"WebPage","@id":"https:\/\/all-actresses.com\/pt-br\/impressao\/","url":"https:\/\/all-actresses.com\/pt-br\/impressao\/","name":"Impress\u00e3o - all-actresses.com","isPartOf":{"@id":"https:\/\/all-actresses.com\/#website"},"datePublished":"2021-04-27T15:55:36+00:00","dateModified":"2025-04-10T12:35:29+00:00","breadcrumb":{"@id":"https:\/\/all-actresses.com\/pt-br\/impressao\/#breadcrumb"},"inLanguage":"pt-BR","potentialAction":[{"@type":"ReadAction","target":["https:\/\/all-actresses.com\/pt-br\/impressao\/"]}]},{"@type":"BreadcrumbList","@id":"https:\/\/all-actresses.com\/pt-br\/impressao\/#breadcrumb","itemListElement":[{"@type":"ListItem","position":1,"name":"Startseite","item":"https:\/\/all-actresses.com\/pt-br\/"},{"@type":"ListItem","position":2,"name":"Impress\u00e3o"}]},{"@type":"WebSite","@id":"https:\/\/all-actresses.com\/#website","url":"https:\/\/all-actresses.com\/","name":"all-actresses.com","description":"Entdecke die Welt von AllActresses!","publisher":{"@id":"https:\/\/all-actresses.com\/#organization"},"potentialAction":[{"@type":"SearchAction","target":{"@type":"EntryPoint","urlTemplate":"https:\/\/all-actresses.com\/?s={search_term_string}"},"query-input":{"@type":"PropertyValueSpecification","valueRequired":true,"valueName":"search_term_string"}}],"inLanguage":"pt-BR"},{"@type":"Organization","@id":"https:\/\/all-actresses.com\/#organization","name":"all-actresses.com","url":"https:\/\/all-actresses.com\/","logo":{"@type":"ImageObject","inLanguage":"pt-BR","@id":"https:\/\/all-actresses.com\/#\/schema\/logo\/image\/","url":"https:\/\/all-actresses.com\/wp-content\/uploads\/2021\/05\/allactresses-2-e1620037015851.jpg","contentUrl":"https:\/\/all-actresses.com\/wp-content\/uploads\/2021\/05\/allactresses-2-e1620037015851.jpg","width":400,"height":213,"caption":"all-actresses.com"},"image":{"@id":"https:\/\/all-actresses.com\/#\/schema\/logo\/image\/"}}]}},"_links":{"self":[{"href":"https:\/\/all-actresses.com\/pt-br\/wp-json\/wp\/v2\/pages\/3641","targetHints":{"allow":["GET"]}}],"collection":[{"href":"https:\/\/all-actresses.com\/pt-br\/wp-json\/wp\/v2\/pages"}],"about":[{"href":"https:\/\/all-actresses.com\/pt-br\/wp-json\/wp\/v2\/types\/page"}],"author":[{"embeddable":true,"href":"https:\/\/all-actresses.com\/pt-br\/wp-json\/wp\/v2\/users\/1"}],"replies":[{"embeddable":true,"href":"https:\/\/all-actresses.com\/pt-br\/wp-json\/wp\/v2\/comments?post=3641"}],"version-history":[{"count":3,"href":"https:\/\/all-actresses.com\/pt-br\/wp-json\/wp\/v2\/pages\/3641\/revisions"}],"predecessor-version":[{"id":17346,"href":"https:\/\/all-actresses.com\/pt-br\/wp-json\/wp\/v2\/pages\/3641\/revisions\/17346"}],"wp:attachment":[{"href":"https:\/\/all-actresses.com\/pt-br\/wp-json\/wp\/v2\/media?parent=3641"}],"curies":[{"name":"wp","href":"https:\/\/api.w.org\/{rel}","templated":true}]}}