{"id":13625,"date":"2021-05-26T15:19:40","date_gmt":"2021-05-26T13:19:40","guid":{"rendered":"https:\/\/all-actresses.com\/nicole-aniston\/"},"modified":"2026-01-20T17:24:37","modified_gmt":"2026-01-20T16:24:37","slug":"nicole-aniston","status":"publish","type":"page","link":"https:\/\/all-actresses.com\/no\/nicole-aniston\/","title":{"rendered":"Nicole Aniston"},"content":{"rendered":"\n<figure class=\"wp-block-image alignfull size-full\"><img decoding=\"async\" width=\"1900\" height=\"480\" data-src=\"https:\/\/all-actresses.com\/wp-content\/uploads\/2024\/03\/Header_Darsteller_NO.png\" alt=\"Nicole Aniston Header\" class=\"wp-image-11199 lazyload\" data-srcset=\"https:\/\/all-actresses.com\/wp-content\/uploads\/2024\/03\/Header_Darsteller_NO.png 1900w, https:\/\/all-actresses.com\/wp-content\/uploads\/2024\/03\/Header_Darsteller_NO-300x76.png 300w, https:\/\/all-actresses.com\/wp-content\/uploads\/2024\/03\/Header_Darsteller_NO-1024x259.png 1024w, https:\/\/all-actresses.com\/wp-content\/uploads\/2024\/03\/Header_Darsteller_NO-768x194.png 768w, https:\/\/all-actresses.com\/wp-content\/uploads\/2024\/03\/Header_Darsteller_NO-1536x388.png 1536w\" data-sizes=\"(max-width: 1900px) 100vw, 1900px\" src=\"data:image\/svg+xml;base64,PHN2ZyB3aWR0aD0iMSIgaGVpZ2h0PSIxIiB4bWxucz0iaHR0cDovL3d3dy53My5vcmcvMjAwMC9zdmciPjwvc3ZnPg==\" style=\"--smush-placeholder-width: 1900px; --smush-placeholder-aspect-ratio: 1900\/480;\" \/><\/figure>\n\n\n\n<h1 class=\"wp-block-heading has-text-align-center\"><span style=\"color: #790079;\"><strong>Nicole Aniston <\/strong><\/span><\/h1>\n\n\n\n<p>Den amerikanske erotiske skuespilleren Ashley Nicole Miller ble f\u00f8dt 09. September 1987 i San Diego i California (USA) og er kjent under sitt kunstnernavn <span style=\"color: #790079;\"><em><strong>Nicole Aniston <\/strong><\/em><span style=\"color: #000000;\">rise to fame. Ashley Nicole debuterte i voksenfilm i 2009, og knapt to \u00e5r senere begynte Nicole Aniston allerede \u00e5 jobbe med popul\u00e6re produsenter som <span style=\"color: #790079;\"><a style=\"color: #790079;\" href=\"https:\/\/all-actresses.com\/bangbros\/\" target=\"_blank\" rel=\"noopener noreferrer\"><strong>Bang Bros<\/strong><\/a><\/span>, og en av filmene hennes vant en pris ved den 30. AVN Awards i 2011. Gjennom \u00e5rene har Nicole gjort seg bemerket gjennom sitt arbeid som skuespillerinne, spesielt i USA, og regnes fortsatt som en stor stjerne i sin bransje.<\/span><\/span><\/p>\n\n\n\n<div class=\"wp-block-cover alignfull is-light\" style=\"min-height:600px;aspect-ratio:unset;\"><img decoding=\"async\" width=\"1920\" height=\"1280\" class=\"wp-block-cover__image-background wp-image-655 lazyload\" alt=\"\" data-src=\"https:\/\/all-actresses.com\/wp-content\/uploads\/2020\/11\/Video-banner-1.jpg\" style=\"--smush-placeholder-width: 1920px; --smush-placeholder-aspect-ratio: 1920\/1280;object-position:50% 45%\" data-object-fit=\"cover\" data-object-position=\"50% 45%\" data-srcset=\"https:\/\/all-actresses.com\/wp-content\/uploads\/2020\/11\/Video-banner-1.jpg 1920w, https:\/\/all-actresses.com\/wp-content\/uploads\/2020\/11\/Video-banner-1-300x200.jpg 300w, https:\/\/all-actresses.com\/wp-content\/uploads\/2020\/11\/Video-banner-1-1024x683.jpg 1024w, https:\/\/all-actresses.com\/wp-content\/uploads\/2020\/11\/Video-banner-1-768x512.jpg 768w, https:\/\/all-actresses.com\/wp-content\/uploads\/2020\/11\/Video-banner-1-1536x1024.jpg 1536w\" data-sizes=\"(max-width: 1920px) 100vw, 1920px\" src=\"data:image\/svg+xml;base64,PHN2ZyB3aWR0aD0iMSIgaGVpZ2h0PSIxIiB4bWxucz0iaHR0cDovL3d3dy53My5vcmcvMjAwMC9zdmciPjwvc3ZnPg==\" \/><span aria-hidden=\"true\" class=\"wp-block-cover__background has-black-background-color has-background-dim\"><\/span><div class=\"wp-block-cover__inner-container is-layout-flow wp-block-cover-is-layout-flow\">\n<h2 class=\"wp-block-heading has-text-align-center ue\"><br><strong><span style=\"color:#fea30b\" class=\"has-inline-color\">Vil du se Nicole Aniston? <strong>Her er hvor du kan finne henne<\/strong>:<\/span><\/strong><\/h2>\n\n\n\n<div style=\"height:60px\" aria-hidden=\"true\" class=\"wp-block-spacer\"><\/div>\n\n\n\n<div class=\"wp-block-columns is-layout-flex wp-container-core-columns-is-layout-9d6595d7 wp-block-columns-is-layout-flex\">\n<div class=\"wp-block-column is-layout-flow wp-block-column-is-layout-flow\"><div class=\"wp-block-image\">\n<figure class=\"aligncenter is-resized\"><a href=\"http:\/\/bit.ly\/nicole-aniston-videos\" target=\"_blank\" rel=\"noopener noreferrer\"><img decoding=\"async\" width=\"900\" height=\"300\" data-src=\"https:\/\/all-actresses.com\/wp-content\/uploads\/2021\/02\/Brazzers_Logo.png\" alt=\"Nicole Aniston Brazzers\" class=\"wp-image-1239 lazyload\" style=\"--smush-placeholder-width: 900px; --smush-placeholder-aspect-ratio: 900\/300;width:225px\" data-srcset=\"https:\/\/all-actresses.com\/wp-content\/uploads\/2021\/02\/Brazzers_Logo.png 900w, https:\/\/all-actresses.com\/wp-content\/uploads\/2021\/02\/Brazzers_Logo-300x100.png 300w, https:\/\/all-actresses.com\/wp-content\/uploads\/2021\/02\/Brazzers_Logo-768x256.png 768w\" data-sizes=\"(max-width: 900px) 100vw, 900px\" src=\"data:image\/svg+xml;base64,PHN2ZyB3aWR0aD0iMSIgaGVpZ2h0PSIxIiB4bWxucz0iaHR0cDovL3d3dy53My5vcmcvMjAwMC9zdmciPjwvc3ZnPg==\" \/><\/a><\/figure>\n<\/div>\n\n\n<h3 class=\"wp-block-heading has-text-align-center\" style=\"font-size:25px\"><strong><span style=\"background-color:rgba(0, 0, 0, 0);color:#ffcd14\" class=\"has-inline-color\">\u2713<\/span><\/strong> <mark style=\"background-color:rgba(0, 0, 0, 0)\" class=\"has-inline-color has-base-3-color\">I full HD-oppl\u00f8sning eller VR<\/mark><\/h3>\n\n\n\n<h3 class=\"wp-block-heading has-text-align-center\" style=\"font-size:25px\"><strong><strong><span style=\"background-color:rgba(0, 0, 0, 0);color:#ffcd14\" class=\"has-inline-color\">\u2713<\/span><\/strong><\/strong><mark style=\"background-color:rgba(0, 0, 0, 0)\" class=\"has-inline-color has-base-3-color\"> Siste videoer fra Nicole Aniston<\/mark><\/h3>\n\n\n\n<div class=\"wp-block-buttons is-horizontal is-content-justification-center is-layout-flex wp-container-core-buttons-is-layout-499968f5 wp-block-buttons-is-layout-flex\">\n<div class=\"wp-block-button hb\"><a class=\"wp-block-button__link has-black-color has-text-color has-background wp-element-button\" href=\"http:\/\/bit.ly\/nicole-aniston-videos\" style=\"border-radius:14px;background-color:#ffcd14\" target=\"_blank\" rel=\"noreferrer noopener\"><strong>Nicole<\/strong> Aniston <strong>Se videoer!<\/strong><\/a><\/div>\n<\/div>\n<\/div>\n\n\n\n<div class=\"wp-block-column is-layout-flow wp-block-column-is-layout-flow\"><div class=\"wp-block-image\">\n<figure class=\"aligncenter is-resized\"><a href=\"https:\/\/www.instagram.com\/realnicoleaniston\/\" target=\"_blank\" rel=\"noopener noreferrer\"><img decoding=\"async\" width=\"900\" height=\"300\" data-src=\"https:\/\/all-actresses.com\/wp-content\/uploads\/2021\/02\/Instagram_Logo.png\" alt=\"Nicole Aniston Instagram\" class=\"wp-image-1240 lazyload\" style=\"--smush-placeholder-width: 900px; --smush-placeholder-aspect-ratio: 900\/300;width:225px\" data-srcset=\"https:\/\/all-actresses.com\/wp-content\/uploads\/2021\/02\/Instagram_Logo.png 900w, https:\/\/all-actresses.com\/wp-content\/uploads\/2021\/02\/Instagram_Logo-300x100.png 300w, https:\/\/all-actresses.com\/wp-content\/uploads\/2021\/02\/Instagram_Logo-768x256.png 768w\" data-sizes=\"(max-width: 900px) 100vw, 900px\" src=\"data:image\/svg+xml;base64,PHN2ZyB3aWR0aD0iMSIgaGVpZ2h0PSIxIiB4bWxucz0iaHR0cDovL3d3dy53My5vcmcvMjAwMC9zdmciPjwvc3ZnPg==\" \/><\/a><\/figure>\n<\/div>\n\n\n<h3 class=\"wp-block-heading has-text-align-center\" style=\"font-size:25px\"><mark style=\"background-color:rgba(0, 0, 0, 0)\" class=\"has-inline-color has-base-3-color\"><strong>\u2713 <\/strong>Regelmessige oppdateringer i sanntid<\/mark><\/h3>\n\n\n\n<h3 class=\"wp-block-heading has-text-align-center\" style=\"font-size:25px\"><strong><strong><span style=\"background-color:rgba(0, 0, 0, 0)\" class=\"has-inline-color has-white-color\">\u2713<\/span><\/strong> <\/strong><mark style=\"background-color:rgba(0, 0, 0, 0)\" class=\"has-inline-color has-base-3-color\">Siste bilder og historier fra Nicole Aniston<\/mark><\/h3>\n\n\n\n<div class=\"wp-block-buttons is-horizontal is-content-justification-center is-layout-flex wp-container-core-buttons-is-layout-499968f5 wp-block-buttons-is-layout-flex\">\n<div class=\"wp-block-button hb\"><a class=\"wp-block-button__link has-black-color has-white-background-color has-text-color has-background wp-element-button\" href=\"https:\/\/www.instagram.com\/realnicoleaniston\/\" style=\"border-radius:14px\" target=\"_blank\" rel=\"noreferrer noopener\"><strong>G\u00e5 til Nicole Aniston sin profil!<\/strong><\/a><\/div>\n<\/div>\n<\/div>\n<\/div>\n\n\n\n<p><\/p>\n<\/div><\/div>\n\n\n\n<div class=\"wp-block-columns is-layout-flex wp-container-core-columns-is-layout-9d6595d7 wp-block-columns-is-layout-flex\">\n<div class=\"wp-block-column is-vertically-aligned-center is-layout-flow wp-block-column-is-layout-flow\">\n<iframe data-src=\"https:\/\/www.facebook.com\/plugins\/post.php?href=https%3A%2F%2Fwww.facebook.com%2Fallactressescom%2Fphotos%2Fa.108753364746439%2F110848851203557%2F%3Ftype%3D3&#038;show_text=true&#038;width=500\" width=\"500\" height=\"667\" style=\"border:none;overflow:hidden\" scrolling=\"no\" frameborder=\"0\" allowfullscreen=\"true\" allow=\"autoplay; clipboard-write; encrypted-media; picture-in-picture; web-share\" src=\"data:image\/svg+xml;base64,PHN2ZyB3aWR0aD0iMSIgaGVpZ2h0PSIxIiB4bWxucz0iaHR0cDovL3d3dy53My5vcmcvMjAwMC9zdmciPjwvc3ZnPg==\" class=\"lazyload\" data-load-mode=\"1\"><\/iframe>\n<\/div>\n\n\n\n<div class=\"wp-block-column is-layout-flow wp-block-column-is-layout-flow\">\n<h2 class=\"wp-block-heading\"><span style=\"color: #790079;\"><strong><em>Nicoles profil<\/em><\/strong><\/span><\/h2>\n\n\n\n<p><strong>Sivilt navn:<\/strong> Ashley Nicole Miller<br><strong>F\u00f8dselsdato: <\/strong>09. September 1987<br><strong>Hjemby<\/strong> San Diego, California (USA)<br><strong>Status i karrieren:<\/strong> Aktiv<br><strong>Stjernetegn:<\/strong> Jomfruen<br><strong>H\u00f8yde<\/strong>: 1,60 m<br><strong>Vekt<\/strong>: 55 kg<br><strong>H\u00e5rfarge<\/strong>: Blond<br><strong>Tatoveringer<\/strong> Ja<br><strong>Piercinger<\/strong> Nei<\/p>\n\n\n\n<p>Som Nicole Aniston har den amerikanske skuespillerinnen med tysk-greske r\u00f8tter hatt en respektabel karriere i den erotiske industrien og har ogs\u00e5 jobbet med alle andre kjente stjerner som Bang Bros, <a href=\"https:\/\/all-actresses.com\/no\/brazzers\/\"><span style=\"color: #790079;\"><em><strong>Brazzers<\/strong><\/em><\/span><\/a>, Hustler, Evil Angel, Wicked Pictures etc. Med rundt 1400 videoer og over 600 millioner visninger er Nicole Aniston for tiden rangert p\u00e5 11. plass p\u00e5 videoplattformen Pornhub.<\/p>\n\n\n\n<p>F\u00f8r Ashley Nicole Miller tok seg inn i voksenfilmindustrien, ble hun uteksaminert fra videreg\u00e5ende skole i Temecula, California. Hun jobbet deretter som kundeservicespesialist i en bank og var fotojournalist. Nicole startet opprinnelig i voksenfilmscenen av \u00f8konomisk interesse. Hun omfavnet imidlertid raskt dette kallet da hun var i stand til \u00e5 l\u00e6re og oppleve mye om seg selv og sin seksualitet.<\/p>\n\n\n\n<p>I tillegg til \u00e5 v\u00e6re ut\u00f8ver, er Nicole ogs\u00e5 danser, skuespiller og modell. I begynnelsen av 2012 var hun modell for magasinet Penhouse, og kort tid etter ble hun k\u00e5ret til m\u00e5nedens kj\u00e6ledyr i august og \u00e5rets kj\u00e6ledyr i 2013. Nicole Aniston er ogs\u00e5 en gr\u00fcnder. Siden 2013 har hun drevet sitt eget abonnementsbaserte nettsted, som har vunnet ganske mange AVN-priser. De siste \u00e5rene har Nicole fokusert sterkt p\u00e5 selvbranding og lanserte et erotisk leket\u00f8y basert p\u00e5 seg selv i 2018.<\/p>\n<\/div>\n<\/div>\n\n\n\n<h3 class=\"wp-block-heading\"><span style=\"color: #790079;\"><strong>Nicole Aniston privat<\/strong><\/span><\/h3>\n\n\n<div class=\"wp-block-image\">\n<figure class=\"alignleft is-resized\"><img decoding=\"async\" width=\"300\" height=\"191\" data-src=\"https:\/\/all-actresses.com\/wp-content\/uploads\/2020\/10\/undraw_activity_tracker_1l9o-300x191.png\" alt=\"Nicole Aniston privat\" class=\"wp-image-162 lazyload\" style=\"--smush-placeholder-width: 300px; --smush-placeholder-aspect-ratio: 300\/191;width:225px\" src=\"data:image\/svg+xml;base64,PHN2ZyB3aWR0aD0iMSIgaGVpZ2h0PSIxIiB4bWxucz0iaHR0cDovL3d3dy53My5vcmcvMjAwMC9zdmciPjwvc3ZnPg==\" \/><\/figure>\n<\/div>\n\n\n<p><span style=\"font-size: inherit; background-color: initial;\">Dyp innsikt i livet til Ashley Nicole Miller kan bli funnet ganske lite. Imidlertid beskriver hun heller ikke seg selv som en spesielt spennende person. Hun f\u00f8ler seg som en sterk og selvsikker kvinne og lever veldig bevisst. Hennes forholdsstatus er for tiden singel, og hennes siste kjente forhold var et relativt kortvarig partnerskap (2014-2015) med skuespilleren Chad White. Som du ogs\u00e5 kan se, trener Nicole mye og legger vekt p\u00e5 et sunt kosthold, som utelukkende best\u00e5r av veganske produkter. If\u00f8lge eget utsagn f\u00f8rer hun denne livsstilen delvis av helsemessige \u00e5rsaker og ogs\u00e5 av hensyn til dyrenes velferd, ettersom hun ogs\u00e5 er en forkjemper for dyrs rettigheter.<\/span><\/p>\n\n\n\n<div style=\"height:0px\" aria-hidden=\"true\" class=\"wp-block-spacer\"><\/div>\n\n\n\n<p>Hun er ogs\u00e5 en \u00e5pen cannabisforbruker og tar til orde for legalisering av medisinsk og ikke-medisinsk cannabis. Det er derfor du kan se henne r\u00f8yke en joint i noen av videoene eller bildene p\u00e5 de sosiale mediekanalene hennes. I dag bor og arbeider Nicole i Los Angeles.<\/p>\n\n\n\n<div class=\"wp-block-cover alignfull is-light\" style=\"min-height:200px;aspect-ratio:unset;\"><img decoding=\"async\" class=\"wp-block-cover__image-background wp-image-1468 lazyload\" alt=\"\" data-src=\"https:\/\/all-actresses.com\/wp-content\/uploads\/2021\/02\/Hintergrund-des-Webcam-Rankings-scaled.jpg\" style=\"--smush-placeholder-width: 2560px; --smush-placeholder-aspect-ratio: 2560\/1707;object-position:50% 80%\" data-object-fit=\"cover\" data-object-position=\"50% 80%\" src=\"data:image\/svg+xml;base64,PHN2ZyB3aWR0aD0iMSIgaGVpZ2h0PSIxIiB4bWxucz0iaHR0cDovL3d3dy53My5vcmcvMjAwMC9zdmciPjwvc3ZnPg==\" \/><span aria-hidden=\"true\" class=\"wp-block-cover__background has-background-dim\"><\/span><div class=\"wp-block-cover__inner-container is-layout-flow wp-block-cover-is-layout-flow\">\n<div class=\"wp-block-columns dg is-layout-flex wp-container-core-columns-is-layout-9d6595d7 wp-block-columns-is-layout-flex\">\n<div class=\"wp-block-column is-layout-flow wp-block-column-is-layout-flow\" style=\"flex-basis:25%\"><\/div>\n\n\n\n<div class=\"wp-block-column is-layout-flow wp-block-column-is-layout-flow\" style=\"flex-basis:50%\">\n<h2 class=\"wp-block-heading\"><span style=\"color: #fea30b;\"><strong>Bli kjent med flere artister:<\/strong><\/span><\/h2>\n\n\n\n<ul class=\"wp-block-list has-base-3-color has-text-color has-link-color wp-elements-5e44c53e47f1a928f95ef4348a0dc1e3\">\n<li><b><span style=\"color: #ffffff;\"><a style=\"color: #ffffff;\" href=\"https:\/\/all-actresses.com\/no\/aletta-ocean\/\">Aletta Ocean<\/a><\/span><\/b><\/li>\n\n\n\n<li><a href=\"https:\/\/all-actresses.com\/no\/alexis-texas\/\"><b><span style=\"color: #ffffff;\">Alexis Texas<\/span><\/b><\/a><\/li>\n\n\n\n<li><span style=\"color: #ffffff;\"><strong><a style=\"color: #ffffff;\" href=\"https:\/\/all-actresses.com\/no\/lela-star\/\">Lela Star<\/a><\/strong><\/span><\/li>\n\n\n\n<li><span style=\"color: #ffffff;\"><strong><a style=\"color: #ffffff;\" href=\"https:\/\/all-actresses.com\/no\/jessa-rhodes\/\">Jessa Rhodes<\/a><\/strong><\/span><\/li>\n\n\n\n<li><span style=\"color: #ffffff;\"><strong><a style=\"color: #ffffff;\" href=\"https:\/\/all-actresses.com\/no\/romi-rain\/\">Romi Rain<\/a><\/strong><\/span><\/li>\n\n\n\n<li><span style=\"color: #ffffff;\"><strong><a style=\"color: #ffffff;\" href=\"https:\/\/all-actresses.com\/no\/mia-khalifa\/\">Mia Khalifa<\/a><\/strong><\/span><\/li>\n\n\n\n<li><a href=\"https:\/\/all-actresses.com\/no\/gianna-michaels\/\"><span style=\"color: #ffffff;\"><strong>Gianna Michaels<\/strong><\/span><\/a><\/li>\n\n\n\n<li><span style=\"color: #ffffff;\"><a style=\"color: #ffffff;\" href=\"https:\/\/all-actresses.com\/no\/emily-willis\/\"><strong>Emily Willis<\/strong><\/a><\/span><\/li>\n<\/ul>\n<\/div>\n\n\n\n<div class=\"wp-block-column is-layout-flow wp-block-column-is-layout-flow\" style=\"flex-basis:25%\"><\/div>\n<\/div>\n<\/div><\/div>\n","protected":false},"excerpt":{"rendered":"<p>Nicole Aniston Den amerikanske erotiske skuespilleren Ashley Nicole Miller ble f\u00f8dt 09. September 1987 i San Diego i California (USA) og er kjent under sitt kunstnernavn Nicole Aniston rise to fame. Ashley Nicole debuterte i voksenfilm i 2009, og knapt to \u00e5r senere begynte Nicole Aniston allerede \u00e5 jobbe med popul\u00e6re produsenter som Bang Bros, &#8230; <a title=\"Nicole Aniston\" class=\"read-more\" href=\"https:\/\/all-actresses.com\/no\/nicole-aniston\/\" aria-label=\"Read more about Nicole Aniston\">Les mer<\/a><\/p>\n","protected":false},"author":1,"featured_media":11186,"parent":0,"menu_order":0,"comment_status":"closed","ping_status":"closed","template":"","meta":{"footnotes":""},"class_list":["post-13625","page","type-page","status-publish","has-post-thumbnail"],"yoast_head":"<!-- This site is optimized with the Yoast SEO plugin v27.6 - https:\/\/yoast.com\/product\/yoast-seo-wordpress\/ -->\n<title>Nicole Aniston | Siste videoer \u10e6 Bilder \u10e6 Instagram &amp; HD Tube<\/title>\n<meta name=\"description\" content=\"Nicole Aniston - Finn all info om henne her! Nyeste HD-videoer \u2714 Bilder fra Nicole Aniston \u2714 Nicoles Instagram \u2714 HD Tube\" \/>\n<meta name=\"robots\" content=\"index, follow, max-snippet:-1, max-image-preview:large, max-video-preview:-1\" \/>\n<link rel=\"canonical\" href=\"https:\/\/all-actresses.com\/no\/nicole-aniston\/\" \/>\n<meta property=\"og:locale\" content=\"nb_NO\" \/>\n<meta property=\"og:type\" content=\"article\" \/>\n<meta property=\"og:title\" content=\"Nicole Aniston | Siste videoer \u10e6 Bilder \u10e6 Instagram &amp; HD Tube\" \/>\n<meta property=\"og:description\" content=\"Nicole Aniston - Finn all info om henne her! Nyeste HD-videoer \u2714 Bilder fra Nicole Aniston \u2714 Nicoles Instagram \u2714 HD Tube\" \/>\n<meta property=\"og:url\" content=\"https:\/\/all-actresses.com\/no\/nicole-aniston\/\" \/>\n<meta property=\"og:site_name\" content=\"all-actresses.com\" \/>\n<meta property=\"article:modified_time\" content=\"2026-01-20T16:24:37+00:00\" \/>\n<meta property=\"og:image\" content=\"https:\/\/all-actresses.com\/wp-content\/uploads\/2020\/10\/video-tube-e1602864437675.png\" \/>\n\t<meta property=\"og:image:width\" content=\"100\" \/>\n\t<meta property=\"og:image:height\" content=\"100\" \/>\n\t<meta property=\"og:image:type\" content=\"image\/png\" \/>\n<meta name=\"twitter:card\" content=\"summary_large_image\" \/>\n<meta name=\"twitter:label1\" content=\"Ansl. lesetid\" \/>\n\t<meta name=\"twitter:data1\" content=\"5 minutter\" \/>\n<script type=\"application\/ld+json\" class=\"yoast-schema-graph\">{\"@context\":\"https:\\\/\\\/schema.org\",\"@graph\":[{\"@type\":\"WebPage\",\"@id\":\"https:\\\/\\\/all-actresses.com\\\/no\\\/nicole-aniston\\\/\",\"url\":\"https:\\\/\\\/all-actresses.com\\\/no\\\/nicole-aniston\\\/\",\"name\":\"Nicole Aniston | Siste videoer \u10e6 Bilder \u10e6 Instagram & HD Tube\",\"isPartOf\":{\"@id\":\"https:\\\/\\\/all-actresses.com\\\/#website\"},\"primaryImageOfPage\":{\"@id\":\"https:\\\/\\\/all-actresses.com\\\/no\\\/nicole-aniston\\\/#primaryimage\"},\"image\":{\"@id\":\"https:\\\/\\\/all-actresses.com\\\/no\\\/nicole-aniston\\\/#primaryimage\"},\"thumbnailUrl\":\"https:\\\/\\\/all-actresses.com\\\/wp-content\\\/uploads\\\/2020\\\/10\\\/video-tube-e1602864437675.png\",\"datePublished\":\"2021-05-26T13:19:40+00:00\",\"dateModified\":\"2026-01-20T16:24:37+00:00\",\"description\":\"Nicole Aniston - Finn all info om henne her! Nyeste HD-videoer \u2714 Bilder fra Nicole Aniston \u2714 Nicoles Instagram \u2714 HD Tube\",\"breadcrumb\":{\"@id\":\"https:\\\/\\\/all-actresses.com\\\/no\\\/nicole-aniston\\\/#breadcrumb\"},\"inLanguage\":\"nb-NO\",\"potentialAction\":[{\"@type\":\"ReadAction\",\"target\":[\"https:\\\/\\\/all-actresses.com\\\/no\\\/nicole-aniston\\\/\"]}]},{\"@type\":\"ImageObject\",\"inLanguage\":\"nb-NO\",\"@id\":\"https:\\\/\\\/all-actresses.com\\\/no\\\/nicole-aniston\\\/#primaryimage\",\"url\":\"https:\\\/\\\/all-actresses.com\\\/wp-content\\\/uploads\\\/2020\\\/10\\\/video-tube-e1602864437675.png\",\"contentUrl\":\"https:\\\/\\\/all-actresses.com\\\/wp-content\\\/uploads\\\/2020\\\/10\\\/video-tube-e1602864437675.png\",\"width\":100,\"height\":100},{\"@type\":\"BreadcrumbList\",\"@id\":\"https:\\\/\\\/all-actresses.com\\\/no\\\/nicole-aniston\\\/#breadcrumb\",\"itemListElement\":[{\"@type\":\"ListItem\",\"position\":1,\"name\":\"Startseite\",\"item\":\"https:\\\/\\\/all-actresses.com\\\/no\\\/\"},{\"@type\":\"ListItem\",\"position\":2,\"name\":\"Nicole Aniston\"}]},{\"@type\":\"WebSite\",\"@id\":\"https:\\\/\\\/all-actresses.com\\\/#website\",\"url\":\"https:\\\/\\\/all-actresses.com\\\/\",\"name\":\"all-actresses.com\",\"description\":\"Entdecke die Welt von AllActresses!\",\"publisher\":{\"@id\":\"https:\\\/\\\/all-actresses.com\\\/#organization\"},\"potentialAction\":[{\"@type\":\"SearchAction\",\"target\":{\"@type\":\"EntryPoint\",\"urlTemplate\":\"https:\\\/\\\/all-actresses.com\\\/?s={search_term_string}\"},\"query-input\":{\"@type\":\"PropertyValueSpecification\",\"valueRequired\":true,\"valueName\":\"search_term_string\"}}],\"inLanguage\":\"nb-NO\"},{\"@type\":\"Organization\",\"@id\":\"https:\\\/\\\/all-actresses.com\\\/#organization\",\"name\":\"all-actresses.com\",\"url\":\"https:\\\/\\\/all-actresses.com\\\/\",\"logo\":{\"@type\":\"ImageObject\",\"inLanguage\":\"nb-NO\",\"@id\":\"https:\\\/\\\/all-actresses.com\\\/#\\\/schema\\\/logo\\\/image\\\/\",\"url\":\"https:\\\/\\\/all-actresses.com\\\/wp-content\\\/uploads\\\/2021\\\/05\\\/allactresses-2-e1620037015851.jpg\",\"contentUrl\":\"https:\\\/\\\/all-actresses.com\\\/wp-content\\\/uploads\\\/2021\\\/05\\\/allactresses-2-e1620037015851.jpg\",\"width\":400,\"height\":213,\"caption\":\"all-actresses.com\"},\"image\":{\"@id\":\"https:\\\/\\\/all-actresses.com\\\/#\\\/schema\\\/logo\\\/image\\\/\"}}]}<\/script>\n<!-- \/ Yoast SEO plugin. -->","yoast_head_json":{"title":"Nicole Aniston | Siste videoer \u10e6 Bilder \u10e6 Instagram & HD Tube","description":"Nicole Aniston - Finn all info om henne her! Nyeste HD-videoer \u2714 Bilder fra Nicole Aniston \u2714 Nicoles Instagram \u2714 HD Tube","robots":{"index":"index","follow":"follow","max-snippet":"max-snippet:-1","max-image-preview":"max-image-preview:large","max-video-preview":"max-video-preview:-1"},"canonical":"https:\/\/all-actresses.com\/no\/nicole-aniston\/","og_locale":"nb_NO","og_type":"article","og_title":"Nicole Aniston | Siste videoer \u10e6 Bilder \u10e6 Instagram & HD Tube","og_description":"Nicole Aniston - Finn all info om henne her! Nyeste HD-videoer \u2714 Bilder fra Nicole Aniston \u2714 Nicoles Instagram \u2714 HD Tube","og_url":"https:\/\/all-actresses.com\/no\/nicole-aniston\/","og_site_name":"all-actresses.com","article_modified_time":"2026-01-20T16:24:37+00:00","og_image":[{"width":100,"height":100,"url":"https:\/\/all-actresses.com\/wp-content\/uploads\/2020\/10\/video-tube-e1602864437675.png","type":"image\/png"}],"twitter_card":"summary_large_image","twitter_misc":{"Ansl. lesetid":"5 minutter"},"schema":{"@context":"https:\/\/schema.org","@graph":[{"@type":"WebPage","@id":"https:\/\/all-actresses.com\/no\/nicole-aniston\/","url":"https:\/\/all-actresses.com\/no\/nicole-aniston\/","name":"Nicole Aniston | Siste videoer \u10e6 Bilder \u10e6 Instagram & HD Tube","isPartOf":{"@id":"https:\/\/all-actresses.com\/#website"},"primaryImageOfPage":{"@id":"https:\/\/all-actresses.com\/no\/nicole-aniston\/#primaryimage"},"image":{"@id":"https:\/\/all-actresses.com\/no\/nicole-aniston\/#primaryimage"},"thumbnailUrl":"https:\/\/all-actresses.com\/wp-content\/uploads\/2020\/10\/video-tube-e1602864437675.png","datePublished":"2021-05-26T13:19:40+00:00","dateModified":"2026-01-20T16:24:37+00:00","description":"Nicole Aniston - Finn all info om henne her! Nyeste HD-videoer \u2714 Bilder fra Nicole Aniston \u2714 Nicoles Instagram \u2714 HD Tube","breadcrumb":{"@id":"https:\/\/all-actresses.com\/no\/nicole-aniston\/#breadcrumb"},"inLanguage":"nb-NO","potentialAction":[{"@type":"ReadAction","target":["https:\/\/all-actresses.com\/no\/nicole-aniston\/"]}]},{"@type":"ImageObject","inLanguage":"nb-NO","@id":"https:\/\/all-actresses.com\/no\/nicole-aniston\/#primaryimage","url":"https:\/\/all-actresses.com\/wp-content\/uploads\/2020\/10\/video-tube-e1602864437675.png","contentUrl":"https:\/\/all-actresses.com\/wp-content\/uploads\/2020\/10\/video-tube-e1602864437675.png","width":100,"height":100},{"@type":"BreadcrumbList","@id":"https:\/\/all-actresses.com\/no\/nicole-aniston\/#breadcrumb","itemListElement":[{"@type":"ListItem","position":1,"name":"Startseite","item":"https:\/\/all-actresses.com\/no\/"},{"@type":"ListItem","position":2,"name":"Nicole Aniston"}]},{"@type":"WebSite","@id":"https:\/\/all-actresses.com\/#website","url":"https:\/\/all-actresses.com\/","name":"all-actresses.com","description":"Entdecke die Welt von AllActresses!","publisher":{"@id":"https:\/\/all-actresses.com\/#organization"},"potentialAction":[{"@type":"SearchAction","target":{"@type":"EntryPoint","urlTemplate":"https:\/\/all-actresses.com\/?s={search_term_string}"},"query-input":{"@type":"PropertyValueSpecification","valueRequired":true,"valueName":"search_term_string"}}],"inLanguage":"nb-NO"},{"@type":"Organization","@id":"https:\/\/all-actresses.com\/#organization","name":"all-actresses.com","url":"https:\/\/all-actresses.com\/","logo":{"@type":"ImageObject","inLanguage":"nb-NO","@id":"https:\/\/all-actresses.com\/#\/schema\/logo\/image\/","url":"https:\/\/all-actresses.com\/wp-content\/uploads\/2021\/05\/allactresses-2-e1620037015851.jpg","contentUrl":"https:\/\/all-actresses.com\/wp-content\/uploads\/2021\/05\/allactresses-2-e1620037015851.jpg","width":400,"height":213,"caption":"all-actresses.com"},"image":{"@id":"https:\/\/all-actresses.com\/#\/schema\/logo\/image\/"}}]}},"_links":{"self":[{"href":"https:\/\/all-actresses.com\/no\/wp-json\/wp\/v2\/pages\/13625","targetHints":{"allow":["GET"]}}],"collection":[{"href":"https:\/\/all-actresses.com\/no\/wp-json\/wp\/v2\/pages"}],"about":[{"href":"https:\/\/all-actresses.com\/no\/wp-json\/wp\/v2\/types\/page"}],"author":[{"embeddable":true,"href":"https:\/\/all-actresses.com\/no\/wp-json\/wp\/v2\/users\/1"}],"replies":[{"embeddable":true,"href":"https:\/\/all-actresses.com\/no\/wp-json\/wp\/v2\/comments?post=13625"}],"version-history":[{"count":3,"href":"https:\/\/all-actresses.com\/no\/wp-json\/wp\/v2\/pages\/13625\/revisions"}],"predecessor-version":[{"id":17567,"href":"https:\/\/all-actresses.com\/no\/wp-json\/wp\/v2\/pages\/13625\/revisions\/17567"}],"wp:featuredmedia":[{"embeddable":true,"href":"https:\/\/all-actresses.com\/no\/wp-json\/wp\/v2\/media\/11186"}],"wp:attachment":[{"href":"https:\/\/all-actresses.com\/no\/wp-json\/wp\/v2\/media?parent=13625"}],"curies":[{"name":"wp","href":"https:\/\/api.w.org\/{rel}","templated":true}]}}