{"id":12881,"date":"2021-06-16T15:39:30","date_gmt":"2021-06-16T13:39:30","guid":{"rendered":"https:\/\/all-actresses.com\/about-us\/"},"modified":"2024-05-17T07:22:35","modified_gmt":"2024-05-17T05:22:35","slug":"om-oss","status":"publish","type":"page","link":"https:\/\/all-actresses.com\/no\/om-oss\/","title":{"rendered":"Om oss"},"content":{"rendered":"\n<figure class=\"wp-block-image alignfull size-full\"><img decoding=\"async\" width=\"1900\" height=\"480\" data-src=\"https:\/\/all-actresses.com\/wp-content\/uploads\/2024\/05\/Om-oss.jpg\" alt=\"\" class=\"wp-image-14265 lazyload\" data-srcset=\"https:\/\/all-actresses.com\/wp-content\/uploads\/2024\/05\/Om-oss.jpg 1900w, https:\/\/all-actresses.com\/wp-content\/uploads\/2024\/05\/Om-oss-300x76.jpg 300w, https:\/\/all-actresses.com\/wp-content\/uploads\/2024\/05\/Om-oss-1024x259.jpg 1024w, https:\/\/all-actresses.com\/wp-content\/uploads\/2024\/05\/Om-oss-768x194.jpg 768w, https:\/\/all-actresses.com\/wp-content\/uploads\/2024\/05\/Om-oss-1536x388.jpg 1536w\" data-sizes=\"(max-width: 1900px) 100vw, 1900px\" src=\"data:image\/svg+xml;base64,PHN2ZyB3aWR0aD0iMSIgaGVpZ2h0PSIxIiB4bWxucz0iaHR0cDovL3d3dy53My5vcmcvMjAwMC9zdmciPjwvc3ZnPg==\" style=\"--smush-placeholder-width: 1900px; --smush-placeholder-aspect-ratio: 1900\/480;\" \/><\/figure>\n\n\n\n<h2 class=\"wp-block-heading\"><strong>Historien om All-Actresses<\/strong><\/h2>\n\n\n\n<h3 class=\"wp-block-heading\"><strong>Fra en spontan id\u00e9 til en internasjonal portal &#8211; dette er historien bak<\/strong><\/h3>\n\n\n\n<p>Vi befinner oss i \u00e5r 2020. P\u00e5 en solfylt senh\u00f8stdag dedikerer det digitale markedsf\u00f8ringsteamet v\u00e5rt seg til et tema som det s\u00f8kes enormt mye etter p\u00e5 nettet: Voksen- og erotikksektoren. Ettersp\u00f8rselen etter ut\u00f8vere, erotiske nettverk og plattformer er enorm.<\/p>\n\n\n\n<p>Tidligere hadde vi allerede gjort mange erfaringer med voksensektoren p\u00e5 Internett. Vi oppdaget raskt at det knapt finnes noen anerkjente kilder som im\u00f8tekommer denne ettersp\u00f8rselen. Disse nettstedene tilbyr ikke nyttig innhold og har kun som m\u00e5l \u00e5 tjene penger p\u00e5 sine bes\u00f8kende gjennom p\u00e5trengende bannere, popup-vinduer og andre former for reklame. Vi var fast bestemt p\u00e5 \u00e5 endre denne tilstanden ved \u00e5 grunnlegge All-Actresses.<\/p>\n\n\n\n<h3 class=\"wp-block-heading\"><strong>V\u00e5rt oppdrag<\/strong><\/h3>\n\n\n\n<p>Vi \u00f8nsker \u00e5 gi deg all informasjon om de mest popul\u00e6re skuespillerinnene, webkameraportalene og videonettverkene fra \u00e9n og samme kilde. Vi \u00f8nsker ogs\u00e5 \u00e5 presentere deg de beste erotiske tilbudene til den beste prisen og ta bort frykten for falske tilbud. V\u00e5r f\u00f8rste prioritet er \u00e5 bringe lys inn i den fortsatt m\u00f8rke verdenen i voksenindustrien. Dessverre er det fortsatt mange tvilsomme tilbud og nettsteder som forhindrer akkurat det.<\/p>\n\n\n\n<h3 class=\"wp-block-heading\"><strong>V\u00e5r visjon<\/strong><\/h3>\n\n\n\n<p>V\u00e5r visjon og v\u00e5rt m\u00e5l er \u00e5 v\u00e6re tilgjengelig for brukere fra hele verden med v\u00e5r portal som konsulent for voksensektoren. All-Actresses.com skal etablere seg som en konstant faktor i voksensektoren og tjene som en lojal f\u00f8lgesvenn gjennom sin ekspertise, autoritet og spesielt tillit.<\/p>\n\n\n\n<h3 class=\"wp-block-heading\"><strong>V\u00e5re partnere<\/strong><\/h3>\n\n\n\n<p>P\u00e5 All-Actresses.com \u00f8nsker vi \u00e5 tilby den beste opplevelsen til den beste prisen. Av denne grunn har vi intensivt vurdert sp\u00f8rsm\u00e5let om hvilke partnere vi \u00f8nsker \u00e5 jobbe med. Og med hvilke partnere et samarbeid er utelukket.<\/p>\n\n\n\n<p>Vi samarbeider med de st\u00f8rste internasjonale webkameraportalene som <a href=\"https:\/\/all-actresses.com\/no\/camsoda\/\">Camsoda<\/a>, <a href=\"https:\/\/all-actresses.com\/no\/bongacams\/\">Bongacams<\/a>, <a href=\"https:\/\/all-actresses.com\/no\/chaturbate\/\">Chaturbate<\/a>, <a href=\"https:\/\/all-actresses.com\/no\/cam4\/\">CAM4<\/a>, <a href=\"https:\/\/all-actresses.com\/no\/livejasmin\/\">LiveJasmin<\/a> og <a href=\"https:\/\/all-actresses.com\/no\/streamate\/\">Streamate<\/a>. P\u00e5 produksjonsomr\u00e5det samarbeider vi blant annet med <a href=\"https:\/\/all-actresses.com\/no\/brazzers\/\">Brazzers<\/a>, <a href=\"https:\/\/all-actresses.com\/no\/fake-taxi\/\">FakeHub<\/a>, <a href=\"https:\/\/lp.mydirtyhobby.com\/2\/?video=4&amp;lang=de&amp;ats=eyJhIjozMDkyNTEsImMiOjU5MTA3NzMyLCJuIjoyMSwicyI6MjQxLCJlIjo5NTQyLCJwIjoyfQ==\">MyDirtyHobby<\/a> og <a href=\"https:\/\/www.zubivu.com\/VX\/LP\/Tuby2\/A?w=48182&amp;ws=\">Visit-X<\/a>.<\/p>\n\n\n\n<p>Med v\u00e5r portal betjener vi ettersp\u00f8rselen p\u00e5 de st\u00f8rste s\u00f8kemotorene i verden, som Google, Bing eller Yahoo. I tillegg har vi ogs\u00e5 spurt oss selv hvordan vi kan n\u00e5 brukere som er aktive i sosiale medier.<\/p>\n\n\n\n<p>Med Facebook- og Instagram-siden til All-Actresses.com n\u00e5r vi akkurat denne m\u00e5lgruppen. I tillegg har vi med Instagram-siden <a href=\"https:\/\/www.instagram.com\/camsoda_stars\/\">@camsoda_stars<\/a> bygget opp et bredt fan-fellesskap som er spesielt rettet mot Camsodas modeller, og som f\u00f8lger og st\u00f8tter dem i deres tilstedev\u00e6relse i sosiale medier.<\/p>\n\n\n\n<p>M\u00e5let v\u00e5rt i sosiale medier er \u00e5 skape enda mer entusiasme for bransjen v\u00e5r, bringe fellesskapet sammen og \u00f8ke rekkevidden til b\u00e5de kjente modeller og amat\u00f8rmodeller. For \u00e5 n\u00e5 det sistnevnte m\u00e5let har vi lansert enda en portal.<\/p>\n\n\n\n<p>Med CamshowStars.com og Instagram-siden <a href=\"https:\/\/www.instagram.com\/camshow_stars\/\">@camshow_stars<\/a> hjelper vi h\u00e5pefulle webkameramodeller med \u00e5 utvide fanskaren sin. Dette gj\u00f8r vi ved \u00e5 tilpasse innholdet til popul\u00e6re s\u00f8kemotorer og sosiale medier. Strategien v\u00e5r har vist seg \u00e5 v\u00e6re ekstremt vellykket til dags dato.<\/p>\n\n\n\n<h3 class=\"wp-block-heading\"><strong>Vil du bli medlem?<\/strong><\/h3>\n\n\n\n<p>Er du en erotisk modell, webkameramodell eller en som er begeistret for disse temaene? S\u00e5 ikke n\u00f8l med \u00e5 kontakte oss via Instagram-sidene v\u00e5re (<a href=\"https:\/\/www.instagram.com\/allactressescom\/\">@allactressescom<\/a> og <a href=\"https:\/\/www.instagram.com\/camshow_stars\/\">@camshow_stars<\/a>) eller via e-post. Hva kan vi gj\u00f8re for deg spesifikt? P\u00e5 den ene siden har vi muligheten til \u00e5 liste deg p\u00e5 portalen v\u00e5r p\u00e5 All-Actresses.com eller Camshowstars.com med en eksklusiv oppf\u00f8ring. Men vi tilbyr deg ogs\u00e5 hjelp med registrering og publisering av ditt f\u00f8rste innhold p\u00e5 de mest popul\u00e6re erotiske plattformene. I tillegg ser vi gjerne p\u00e5 dine eksisterende profiler sammen med deg og gir deg tips om hvordan du kan f\u00e5 enda flere fans.<\/p>\n","protected":false},"excerpt":{"rendered":"<p>Historien om All-Actresses Fra en spontan id\u00e9 til en internasjonal portal &#8211; dette er historien bak Vi befinner oss i \u00e5r 2020. P\u00e5 en solfylt senh\u00f8stdag dedikerer det digitale markedsf\u00f8ringsteamet v\u00e5rt seg til et tema som det s\u00f8kes enormt mye etter p\u00e5 nettet: Voksen- og erotikksektoren. Ettersp\u00f8rselen etter ut\u00f8vere, erotiske nettverk og plattformer er enorm. &#8230; <a title=\"Om oss\" class=\"read-more\" href=\"https:\/\/all-actresses.com\/no\/om-oss\/\" aria-label=\"Read more about Om oss\">Les mer<\/a><\/p>\n","protected":false},"author":1,"featured_media":0,"parent":0,"menu_order":0,"comment_status":"closed","ping_status":"closed","template":"","meta":{"footnotes":""},"class_list":["post-12881","page","type-page","status-publish"],"yoast_head":"<!-- This site is optimized with the Yoast SEO plugin v27.3 - https:\/\/yoast.com\/product\/yoast-seo-wordpress\/ -->\n<title>Om oss - all-actresses.com<\/title>\n<meta name=\"robots\" content=\"noindex, nofollow\" \/>\n<meta property=\"og:locale\" content=\"nb_NO\" \/>\n<meta property=\"og:type\" content=\"article\" \/>\n<meta property=\"og:title\" content=\"Om oss - all-actresses.com\" \/>\n<meta property=\"og:description\" content=\"Historien om All-Actresses Fra en spontan id\u00e9 til en internasjonal portal &#8211; dette er historien bak Vi befinner oss i \u00e5r 2020. P\u00e5 en solfylt senh\u00f8stdag dedikerer det digitale markedsf\u00f8ringsteamet v\u00e5rt seg til et tema som det s\u00f8kes enormt mye etter p\u00e5 nettet: Voksen- og erotikksektoren. Ettersp\u00f8rselen etter ut\u00f8vere, erotiske nettverk og plattformer er enorm. ... Les mer\" \/>\n<meta property=\"og:url\" content=\"https:\/\/all-actresses.com\/no\/om-oss\/\" \/>\n<meta property=\"og:site_name\" content=\"all-actresses.com\" \/>\n<meta property=\"article:modified_time\" content=\"2024-05-17T05:22:35+00:00\" \/>\n<meta property=\"og:image\" content=\"https:\/\/all-actresses.com\/wp-content\/uploads\/2024\/05\/Om-oss.jpg\" \/>\n<meta name=\"twitter:card\" content=\"summary_large_image\" \/>\n<meta name=\"twitter:label1\" content=\"Ansl. lesetid\" \/>\n\t<meta name=\"twitter:data1\" content=\"4 minutter\" \/>\n<script type=\"application\/ld+json\" class=\"yoast-schema-graph\">{\"@context\":\"https:\\\/\\\/schema.org\",\"@graph\":[{\"@type\":\"WebPage\",\"@id\":\"https:\\\/\\\/all-actresses.com\\\/no\\\/om-oss\\\/\",\"url\":\"https:\\\/\\\/all-actresses.com\\\/no\\\/om-oss\\\/\",\"name\":\"Om oss - all-actresses.com\",\"isPartOf\":{\"@id\":\"https:\\\/\\\/all-actresses.com\\\/#website\"},\"primaryImageOfPage\":{\"@id\":\"https:\\\/\\\/all-actresses.com\\\/no\\\/om-oss\\\/#primaryimage\"},\"image\":{\"@id\":\"https:\\\/\\\/all-actresses.com\\\/no\\\/om-oss\\\/#primaryimage\"},\"thumbnailUrl\":\"https:\\\/\\\/all-actresses.com\\\/wp-content\\\/uploads\\\/2024\\\/05\\\/Om-oss.jpg\",\"datePublished\":\"2021-06-16T13:39:30+00:00\",\"dateModified\":\"2024-05-17T05:22:35+00:00\",\"breadcrumb\":{\"@id\":\"https:\\\/\\\/all-actresses.com\\\/no\\\/om-oss\\\/#breadcrumb\"},\"inLanguage\":\"nb-NO\",\"potentialAction\":[{\"@type\":\"ReadAction\",\"target\":[\"https:\\\/\\\/all-actresses.com\\\/no\\\/om-oss\\\/\"]}]},{\"@type\":\"ImageObject\",\"inLanguage\":\"nb-NO\",\"@id\":\"https:\\\/\\\/all-actresses.com\\\/no\\\/om-oss\\\/#primaryimage\",\"url\":\"https:\\\/\\\/all-actresses.com\\\/wp-content\\\/uploads\\\/2024\\\/05\\\/Om-oss.jpg\",\"contentUrl\":\"https:\\\/\\\/all-actresses.com\\\/wp-content\\\/uploads\\\/2024\\\/05\\\/Om-oss.jpg\"},{\"@type\":\"BreadcrumbList\",\"@id\":\"https:\\\/\\\/all-actresses.com\\\/no\\\/om-oss\\\/#breadcrumb\",\"itemListElement\":[{\"@type\":\"ListItem\",\"position\":1,\"name\":\"Startseite\",\"item\":\"https:\\\/\\\/all-actresses.com\\\/no\\\/\"},{\"@type\":\"ListItem\",\"position\":2,\"name\":\"Om oss\"}]},{\"@type\":\"WebSite\",\"@id\":\"https:\\\/\\\/all-actresses.com\\\/#website\",\"url\":\"https:\\\/\\\/all-actresses.com\\\/\",\"name\":\"all-actresses.com\",\"description\":\"Entdecke die Welt von AllActresses!\",\"publisher\":{\"@id\":\"https:\\\/\\\/all-actresses.com\\\/#organization\"},\"potentialAction\":[{\"@type\":\"SearchAction\",\"target\":{\"@type\":\"EntryPoint\",\"urlTemplate\":\"https:\\\/\\\/all-actresses.com\\\/?s={search_term_string}\"},\"query-input\":{\"@type\":\"PropertyValueSpecification\",\"valueRequired\":true,\"valueName\":\"search_term_string\"}}],\"inLanguage\":\"nb-NO\"},{\"@type\":\"Organization\",\"@id\":\"https:\\\/\\\/all-actresses.com\\\/#organization\",\"name\":\"all-actresses.com\",\"url\":\"https:\\\/\\\/all-actresses.com\\\/\",\"logo\":{\"@type\":\"ImageObject\",\"inLanguage\":\"nb-NO\",\"@id\":\"https:\\\/\\\/all-actresses.com\\\/#\\\/schema\\\/logo\\\/image\\\/\",\"url\":\"https:\\\/\\\/all-actresses.com\\\/wp-content\\\/uploads\\\/2021\\\/05\\\/allactresses-2-e1620037015851.jpg\",\"contentUrl\":\"https:\\\/\\\/all-actresses.com\\\/wp-content\\\/uploads\\\/2021\\\/05\\\/allactresses-2-e1620037015851.jpg\",\"width\":400,\"height\":213,\"caption\":\"all-actresses.com\"},\"image\":{\"@id\":\"https:\\\/\\\/all-actresses.com\\\/#\\\/schema\\\/logo\\\/image\\\/\"}}]}<\/script>\n<!-- \/ Yoast SEO plugin. -->","yoast_head_json":{"title":"Om oss - all-actresses.com","robots":{"index":"noindex","follow":"nofollow"},"og_locale":"nb_NO","og_type":"article","og_title":"Om oss - all-actresses.com","og_description":"Historien om All-Actresses Fra en spontan id\u00e9 til en internasjonal portal &#8211; dette er historien bak Vi befinner oss i \u00e5r 2020. P\u00e5 en solfylt senh\u00f8stdag dedikerer det digitale markedsf\u00f8ringsteamet v\u00e5rt seg til et tema som det s\u00f8kes enormt mye etter p\u00e5 nettet: Voksen- og erotikksektoren. Ettersp\u00f8rselen etter ut\u00f8vere, erotiske nettverk og plattformer er enorm. ... Les mer","og_url":"https:\/\/all-actresses.com\/no\/om-oss\/","og_site_name":"all-actresses.com","article_modified_time":"2024-05-17T05:22:35+00:00","og_image":[{"url":"https:\/\/all-actresses.com\/wp-content\/uploads\/2024\/05\/Om-oss.jpg","type":"","width":"","height":""}],"twitter_card":"summary_large_image","twitter_misc":{"Ansl. lesetid":"4 minutter"},"schema":{"@context":"https:\/\/schema.org","@graph":[{"@type":"WebPage","@id":"https:\/\/all-actresses.com\/no\/om-oss\/","url":"https:\/\/all-actresses.com\/no\/om-oss\/","name":"Om oss - all-actresses.com","isPartOf":{"@id":"https:\/\/all-actresses.com\/#website"},"primaryImageOfPage":{"@id":"https:\/\/all-actresses.com\/no\/om-oss\/#primaryimage"},"image":{"@id":"https:\/\/all-actresses.com\/no\/om-oss\/#primaryimage"},"thumbnailUrl":"https:\/\/all-actresses.com\/wp-content\/uploads\/2024\/05\/Om-oss.jpg","datePublished":"2021-06-16T13:39:30+00:00","dateModified":"2024-05-17T05:22:35+00:00","breadcrumb":{"@id":"https:\/\/all-actresses.com\/no\/om-oss\/#breadcrumb"},"inLanguage":"nb-NO","potentialAction":[{"@type":"ReadAction","target":["https:\/\/all-actresses.com\/no\/om-oss\/"]}]},{"@type":"ImageObject","inLanguage":"nb-NO","@id":"https:\/\/all-actresses.com\/no\/om-oss\/#primaryimage","url":"https:\/\/all-actresses.com\/wp-content\/uploads\/2024\/05\/Om-oss.jpg","contentUrl":"https:\/\/all-actresses.com\/wp-content\/uploads\/2024\/05\/Om-oss.jpg"},{"@type":"BreadcrumbList","@id":"https:\/\/all-actresses.com\/no\/om-oss\/#breadcrumb","itemListElement":[{"@type":"ListItem","position":1,"name":"Startseite","item":"https:\/\/all-actresses.com\/no\/"},{"@type":"ListItem","position":2,"name":"Om oss"}]},{"@type":"WebSite","@id":"https:\/\/all-actresses.com\/#website","url":"https:\/\/all-actresses.com\/","name":"all-actresses.com","description":"Entdecke die Welt von AllActresses!","publisher":{"@id":"https:\/\/all-actresses.com\/#organization"},"potentialAction":[{"@type":"SearchAction","target":{"@type":"EntryPoint","urlTemplate":"https:\/\/all-actresses.com\/?s={search_term_string}"},"query-input":{"@type":"PropertyValueSpecification","valueRequired":true,"valueName":"search_term_string"}}],"inLanguage":"nb-NO"},{"@type":"Organization","@id":"https:\/\/all-actresses.com\/#organization","name":"all-actresses.com","url":"https:\/\/all-actresses.com\/","logo":{"@type":"ImageObject","inLanguage":"nb-NO","@id":"https:\/\/all-actresses.com\/#\/schema\/logo\/image\/","url":"https:\/\/all-actresses.com\/wp-content\/uploads\/2021\/05\/allactresses-2-e1620037015851.jpg","contentUrl":"https:\/\/all-actresses.com\/wp-content\/uploads\/2021\/05\/allactresses-2-e1620037015851.jpg","width":400,"height":213,"caption":"all-actresses.com"},"image":{"@id":"https:\/\/all-actresses.com\/#\/schema\/logo\/image\/"}}]}},"_links":{"self":[{"href":"https:\/\/all-actresses.com\/no\/wp-json\/wp\/v2\/pages\/12881","targetHints":{"allow":["GET"]}}],"collection":[{"href":"https:\/\/all-actresses.com\/no\/wp-json\/wp\/v2\/pages"}],"about":[{"href":"https:\/\/all-actresses.com\/no\/wp-json\/wp\/v2\/types\/page"}],"author":[{"embeddable":true,"href":"https:\/\/all-actresses.com\/no\/wp-json\/wp\/v2\/users\/1"}],"replies":[{"embeddable":true,"href":"https:\/\/all-actresses.com\/no\/wp-json\/wp\/v2\/comments?post=12881"}],"version-history":[{"count":3,"href":"https:\/\/all-actresses.com\/no\/wp-json\/wp\/v2\/pages\/12881\/revisions"}],"predecessor-version":[{"id":14285,"href":"https:\/\/all-actresses.com\/no\/wp-json\/wp\/v2\/pages\/12881\/revisions\/14285"}],"wp:attachment":[{"href":"https:\/\/all-actresses.com\/no\/wp-json\/wp\/v2\/media?parent=12881"}],"curies":[{"name":"wp","href":"https:\/\/api.w.org\/{rel}","templated":true}]}}