{"id":12773,"date":"2021-05-26T11:54:50","date_gmt":"2021-05-26T09:54:50","guid":{"rendered":"https:\/\/all-actresses.com\/community\/"},"modified":"2024-05-18T13:17:43","modified_gmt":"2024-05-18T11:17:43","slug":"fellesskap","status":"publish","type":"page","link":"https:\/\/all-actresses.com\/no\/fellesskap\/","title":{"rendered":"Fellesskap"},"content":{"rendered":"\n<figure class=\"wp-block-image alignfull size-full\"><img decoding=\"async\" width=\"1900\" height=\"480\" data-src=\"https:\/\/all-actresses.com\/wp-content\/uploads\/2024\/03\/Header_Community-NO.png\" alt=\"Header_Fellesskapet\" class=\"wp-image-11271 lazyload\" data-srcset=\"https:\/\/all-actresses.com\/wp-content\/uploads\/2024\/03\/Header_Community-NO.png 1900w, https:\/\/all-actresses.com\/wp-content\/uploads\/2024\/03\/Header_Community-NO-300x76.png 300w, https:\/\/all-actresses.com\/wp-content\/uploads\/2024\/03\/Header_Community-NO-1024x259.png 1024w, https:\/\/all-actresses.com\/wp-content\/uploads\/2024\/03\/Header_Community-NO-768x194.png 768w, https:\/\/all-actresses.com\/wp-content\/uploads\/2024\/03\/Header_Community-NO-1536x388.png 1536w\" data-sizes=\"(max-width: 1900px) 100vw, 1900px\" src=\"data:image\/svg+xml;base64,PHN2ZyB3aWR0aD0iMSIgaGVpZ2h0PSIxIiB4bWxucz0iaHR0cDovL3d3dy53My5vcmcvMjAwMC9zdmciPjwvc3ZnPg==\" style=\"--smush-placeholder-width: 1900px; --smush-placeholder-aspect-ratio: 1900\/480;\" \/><\/figure>\n\n\n\n<div class=\"pt-cv-wrapper\"><div class=\"pt-cv-view pt-cv-grid pt-cv-colsys\" id=\"pt-cv-view-0b3369bu3p\"><div data-id=\"pt-cv-page-1\" class=\"pt-cv-page\" data-cvc=\"2\"><div class=\"col-md-6 col-sm-6 col-xs-12 pt-cv-content-item pt-cv-1-col\" ><div class='pt-cv-ifield'><a href=\"https:\/\/all-actresses.com\/no\/ersties\/\" class=\"_self pt-cv-href-thumbnail pt-cv-thumb-default\" target=\"_self\" ><\/a>\n<h3 class=\"pt-cv-title\"><a href=\"https:\/\/all-actresses.com\/no\/ersties\/\" class=\"_self\" target=\"_self\" >Ersties<\/a><\/h3>\n<div class=\"pt-cv-content\">Ersties Ved begrepet Ersties tenker mange i Tyskland p\u00e5 studenter som er nye p\u00e5 universitetet. Denne tanken g\u00e5r faktisk i ...<br \/><div class=\"pt-cv-rmwrap\"><a href=\"https:\/\/all-actresses.com\/no\/ersties\/\" class=\"_self pt-cv-readmore btn btn-success\" target=\"_self\">Les Mer\u2026<\/a><\/div><\/div><\/div><\/div>\n<div class=\"col-md-6 col-sm-6 col-xs-12 pt-cv-content-item pt-cv-1-col\" ><div class='pt-cv-ifield'><a href=\"https:\/\/all-actresses.com\/no\/mydirtyhobby\/\" class=\"_self pt-cv-href-thumbnail pt-cv-thumb-default\" target=\"_self\" ><\/a>\n<h3 class=\"pt-cv-title\"><a href=\"https:\/\/all-actresses.com\/no\/mydirtyhobby\/\" class=\"_self\" target=\"_self\" >MyDirtyHobby<\/a><\/h3>\n<div class=\"pt-cv-content\">MyDirtyHobby Er du lidenskapelig opptatt av \u00e5 se p\u00e5 videoer med voksent innhold, men finner ikke veien rundt de utallige ...<br \/><div class=\"pt-cv-rmwrap\"><a href=\"https:\/\/all-actresses.com\/no\/mydirtyhobby\/\" class=\"_self pt-cv-readmore btn btn-success\" target=\"_self\">Les Mer\u2026<\/a><\/div><\/div><\/div><\/div>\n<div class=\"col-md-6 col-sm-6 col-xs-12 pt-cv-content-item pt-cv-1-col\" ><div class='pt-cv-ifield'><a href=\"https:\/\/all-actresses.com\/no\/stripchat\/\" class=\"_self pt-cv-href-thumbnail pt-cv-thumb-default\" target=\"_self\" ><\/a>\n<h3 class=\"pt-cv-title\"><a href=\"https:\/\/all-actresses.com\/no\/stripchat\/\" class=\"_self\" target=\"_self\" >Stripchat<\/a><\/h3>\n<div class=\"pt-cv-content\">Stripchat Over tid kan man observere trender i alle bransjer. Dette gjelder spesielt for den erotiske industrien. Erotiske filmer er ...<br \/><div class=\"pt-cv-rmwrap\"><a href=\"https:\/\/all-actresses.com\/no\/stripchat\/\" class=\"_self pt-cv-readmore btn btn-success\" target=\"_self\">Les Mer\u2026<\/a><\/div><\/div><\/div><\/div>\n<div class=\"col-md-6 col-sm-6 col-xs-12 pt-cv-content-item pt-cv-1-col\" ><div class='pt-cv-ifield'><a href=\"https:\/\/all-actresses.com\/no\/youporn\/\" class=\"_self pt-cv-href-thumbnail pt-cv-thumb-default\" target=\"_self\" ><\/a>\n<h3 class=\"pt-cv-title\"><a href=\"https:\/\/all-actresses.com\/no\/youporn\/\" class=\"_self\" target=\"_self\" >YouPorn<\/a><\/h3>\n<div class=\"pt-cv-content\">YouPorn Etter verdens st\u00f8rste videoplattform YouTube ble et av de mest kjente videonettverkene p\u00e5 Internett etablert p\u00e5 begynnelsen av 2000-tallet ...<br \/><div class=\"pt-cv-rmwrap\"><a href=\"https:\/\/all-actresses.com\/no\/youporn\/\" class=\"_self pt-cv-readmore btn btn-success\" target=\"_self\">Les Mer\u2026<\/a><\/div><\/div><\/div><\/div>\n<div class=\"col-md-6 col-sm-6 col-xs-12 pt-cv-content-item pt-cv-1-col\" ><div class='pt-cv-ifield'><a href=\"https:\/\/all-actresses.com\/no\/xvideos\/\" class=\"_self pt-cv-href-thumbnail pt-cv-thumb-default\" target=\"_self\" ><\/a>\n<h3 class=\"pt-cv-title\"><a href=\"https:\/\/all-actresses.com\/no\/xvideos\/\" class=\"_self\" target=\"_self\" >XVIDEOS<\/a><\/h3>\n<div class=\"pt-cv-content\">XVIDEOS Siden 2007 har spesielt ett nettsted blitt en av verdens mest popul\u00e6re videoplattformer: Language er fra videonettverket XVIDEOS.com. Spesielt ...<br \/><div class=\"pt-cv-rmwrap\"><a href=\"https:\/\/all-actresses.com\/no\/xvideos\/\" class=\"_self pt-cv-readmore btn btn-success\" target=\"_self\">Les Mer\u2026<\/a><\/div><\/div><\/div><\/div>\n<div class=\"col-md-6 col-sm-6 col-xs-12 pt-cv-content-item pt-cv-1-col\" ><div class='pt-cv-ifield'><a href=\"https:\/\/all-actresses.com\/no\/xhamsterlive\/\" class=\"_self pt-cv-href-thumbnail pt-cv-thumb-default\" target=\"_self\" ><\/a>\n<h3 class=\"pt-cv-title\"><a href=\"https:\/\/all-actresses.com\/no\/xhamsterlive\/\" class=\"_self\" target=\"_self\" >XHamsterLive<\/a><\/h3>\n<div class=\"pt-cv-content\">XHamsterLive Leter du etter en ekte erotisk plattform med livestream-funksjon for deg? Da hjelper vi deg gjerne med sp\u00f8rsm\u00e5let ditt! ...<br \/><div class=\"pt-cv-rmwrap\"><a href=\"https:\/\/all-actresses.com\/no\/xhamsterlive\/\" class=\"_self pt-cv-readmore btn btn-success\" target=\"_self\">Les Mer\u2026<\/a><\/div><\/div><\/div><\/div>\n<div class=\"col-md-6 col-sm-6 col-xs-12 pt-cv-content-item pt-cv-1-col\" ><div class='pt-cv-ifield'><a href=\"https:\/\/all-actresses.com\/no\/xnxx\/\" class=\"_self pt-cv-href-thumbnail pt-cv-thumb-default\" target=\"_self\" ><\/a>\n<h3 class=\"pt-cv-title\"><a href=\"https:\/\/all-actresses.com\/no\/xnxx\/\" class=\"_self\" target=\"_self\" >XNXX<\/a><\/h3>\n<div class=\"pt-cv-content\">XNXX Hvis du leter etter videoer med erotisk innhold p\u00e5 Internett, vil du helt sikkert komme over plattformen f\u00f8r eller ...<br \/><div class=\"pt-cv-rmwrap\"><a href=\"https:\/\/all-actresses.com\/no\/xnxx\/\" class=\"_self pt-cv-readmore btn btn-success\" target=\"_self\">Les Mer\u2026<\/a><\/div><\/div><\/div><\/div>\n<div class=\"col-md-6 col-sm-6 col-xs-12 pt-cv-content-item pt-cv-1-col\" ><div class='pt-cv-ifield'><a href=\"https:\/\/all-actresses.com\/no\/xhamster\/\" class=\"_self pt-cv-href-thumbnail pt-cv-thumb-default\" target=\"_self\" ><\/a>\n<h3 class=\"pt-cv-title\"><a href=\"https:\/\/all-actresses.com\/no\/xhamster\/\" class=\"_self\" target=\"_self\" >XHamster<\/a><\/h3>\n<div class=\"pt-cv-content\">XHamster I l\u00f8pet av de siste ti\u00e5rene har det dukket opp utallige nettsteder med tilbud om voksent innhold. Men ikke ...<br \/><div class=\"pt-cv-rmwrap\"><a href=\"https:\/\/all-actresses.com\/no\/xhamster\/\" class=\"_self pt-cv-readmore btn btn-success\" target=\"_self\">Les Mer\u2026<\/a><\/div><\/div><\/div><\/div>\n<div class=\"col-md-6 col-sm-6 col-xs-12 pt-cv-content-item pt-cv-1-col\" ><div class='pt-cv-ifield'><a href=\"https:\/\/all-actresses.com\/no\/susi-live\/\" class=\"_self pt-cv-href-thumbnail pt-cv-thumb-default\" target=\"_self\" ><\/a>\n<h3 class=\"pt-cv-title\"><a href=\"https:\/\/all-actresses.com\/no\/susi-live\/\" class=\"_self\" target=\"_self\" >Susi.live<\/a><\/h3>\n<div class=\"pt-cv-content\">Susi.live Hvis du ser n\u00e6rmere p\u00e5 dagens s\u00f8ketrender p\u00e5 Internett, vil du raskt legge merke til \u00e9n ting: Ettersp\u00f8rselen etter ...<br \/><div class=\"pt-cv-rmwrap\"><a href=\"https:\/\/all-actresses.com\/no\/susi-live\/\" class=\"_self pt-cv-readmore btn btn-success\" target=\"_self\">Les Mer\u2026<\/a><\/div><\/div><\/div><\/div>\n<div class=\"col-md-6 col-sm-6 col-xs-12 pt-cv-content-item pt-cv-1-col\" ><div class='pt-cv-ifield'><a href=\"https:\/\/all-actresses.com\/no\/streamate\/\" class=\"_self pt-cv-href-thumbnail pt-cv-thumb-default\" target=\"_self\" ><\/a>\n<h3 class=\"pt-cv-title\"><a href=\"https:\/\/all-actresses.com\/no\/streamate\/\" class=\"_self\" target=\"_self\" >Streamate<\/a><\/h3>\n<div class=\"pt-cv-content\">Streamate Streamate - N\u00e5r du h\u00f8rer dette navnet for f\u00f8rste gang, har du en tendens til ikke \u00e5 tenke p\u00e5 ...<br \/><div class=\"pt-cv-rmwrap\"><a href=\"https:\/\/all-actresses.com\/no\/streamate\/\" class=\"_self pt-cv-readmore btn btn-success\" target=\"_self\">Les Mer\u2026<\/a><\/div><\/div><\/div><\/div>\n<div class=\"col-md-6 col-sm-6 col-xs-12 pt-cv-content-item pt-cv-1-col\" ><div class='pt-cv-ifield'><a href=\"https:\/\/all-actresses.com\/no\/redtube\/\" class=\"_self pt-cv-href-thumbnail pt-cv-thumb-default\" target=\"_self\" ><\/a>\n<h3 class=\"pt-cv-title\"><a href=\"https:\/\/all-actresses.com\/no\/redtube\/\" class=\"_self\" target=\"_self\" >RedTube<\/a><\/h3>\n<div class=\"pt-cv-content\">RedTube Siden 2007 har en av de st\u00f8rste erotiske plattformene noensinne eksistert p\u00e5 Internett: Vi snakker om det erotiske nettstedet ...<br \/><div class=\"pt-cv-rmwrap\"><a href=\"https:\/\/all-actresses.com\/no\/redtube\/\" class=\"_self pt-cv-readmore btn btn-success\" target=\"_self\">Les Mer\u2026<\/a><\/div><\/div><\/div><\/div>\n<div class=\"col-md-6 col-sm-6 col-xs-12 pt-cv-content-item pt-cv-1-col\" ><div class='pt-cv-ifield'><a href=\"https:\/\/all-actresses.com\/no\/pornhub\/\" class=\"_self pt-cv-href-thumbnail pt-cv-thumb-default\" target=\"_self\" ><\/a>\n<h3 class=\"pt-cv-title\"><a href=\"https:\/\/all-actresses.com\/no\/pornhub\/\" class=\"_self\" target=\"_self\" >Pornhub<\/a><\/h3>\n<div class=\"pt-cv-content\">Pornhub I ditt s\u00f8k etter erotiske videoer og bilder, har du helt sikkert kommet over videoplattformen fra Pornhub har blitt ...<br \/><div class=\"pt-cv-rmwrap\"><a href=\"https:\/\/all-actresses.com\/no\/pornhub\/\" class=\"_self pt-cv-readmore btn btn-success\" target=\"_self\">Les Mer\u2026<\/a><\/div><\/div><\/div><\/div>\n<div class=\"col-md-6 col-sm-6 col-xs-12 pt-cv-content-item pt-cv-1-col\" ><div class='pt-cv-ifield'><a href=\"https:\/\/all-actresses.com\/no\/jerkmate\/\" class=\"_self pt-cv-href-thumbnail pt-cv-thumb-default\" target=\"_self\" ><\/a>\n<h3 class=\"pt-cv-title\"><a href=\"https:\/\/all-actresses.com\/no\/jerkmate\/\" class=\"_self\" target=\"_self\" >Jerkmate<\/a><\/h3>\n<div class=\"pt-cv-content\">Jerkmate I flere \u00e5r har man kunnet observere en endring i den erotiske bransjen. Spesielt portaler som muliggj\u00f8r interaksjon mellom ...<br \/><div class=\"pt-cv-rmwrap\"><a href=\"https:\/\/all-actresses.com\/no\/jerkmate\/\" class=\"_self pt-cv-readmore btn btn-success\" target=\"_self\">Les Mer\u2026<\/a><\/div><\/div><\/div><\/div>\n<div class=\"col-md-6 col-sm-6 col-xs-12 pt-cv-content-item pt-cv-1-col\" ><div class='pt-cv-ifield'><a href=\"https:\/\/all-actresses.com\/no\/chaturbate\/\" class=\"_self pt-cv-href-thumbnail pt-cv-thumb-default\" target=\"_self\" ><\/a>\n<h3 class=\"pt-cv-title\"><a href=\"https:\/\/all-actresses.com\/no\/chaturbate\/\" class=\"_self\" target=\"_self\" >Chaturbate<\/a><\/h3>\n<div class=\"pt-cv-content\">Chaturbate I l\u00f8pet av de siste \u00e5rene har det blitt observert over hele verden at sosiale nettverk blir mer og ...<br \/><div class=\"pt-cv-rmwrap\"><a href=\"https:\/\/all-actresses.com\/no\/chaturbate\/\" class=\"_self pt-cv-readmore btn btn-success\" target=\"_self\">Les Mer\u2026<\/a><\/div><\/div><\/div><\/div>\n<div class=\"col-md-6 col-sm-6 col-xs-12 pt-cv-content-item pt-cv-1-col\" ><div class='pt-cv-ifield'><a href=\"https:\/\/all-actresses.com\/no\/camsoda\/\" class=\"_self pt-cv-href-thumbnail pt-cv-thumb-default\" target=\"_self\" ><\/a>\n<h3 class=\"pt-cv-title\"><a href=\"https:\/\/all-actresses.com\/no\/camsoda\/\" class=\"_self\" target=\"_self\" >Camsoda<\/a><\/h3>\n<div class=\"pt-cv-content\">Camsoda Erotiske filmer var i g\u00e5r - erotiske webkamerastr\u00f8mmer er i dag. Eller hva? Vel, denne p\u00e5standen h\u00f8res kanskje litt ...<br \/><div class=\"pt-cv-rmwrap\"><a href=\"https:\/\/all-actresses.com\/no\/camsoda\/\" class=\"_self pt-cv-readmore btn btn-success\" target=\"_self\">Les Mer\u2026<\/a><\/div><\/div><\/div><\/div>\n<div class=\"col-md-6 col-sm-6 col-xs-12 pt-cv-content-item pt-cv-1-col\" ><div class='pt-cv-ifield'><a href=\"https:\/\/all-actresses.com\/no\/cam4\/\" class=\"_self pt-cv-href-thumbnail pt-cv-thumb-default\" target=\"_self\" ><\/a>\n<h3 class=\"pt-cv-title\"><a href=\"https:\/\/all-actresses.com\/no\/cam4\/\" class=\"_self\" target=\"_self\" >Cam4<\/a><\/h3>\n<div class=\"pt-cv-content\">Cam4 Livestreaming - sannsynligvis er det ingen annen form for underholdning som har klart \u00e5 etablere seg s\u00e5 godt de ...<br \/><div class=\"pt-cv-rmwrap\"><a href=\"https:\/\/all-actresses.com\/no\/cam4\/\" class=\"_self pt-cv-readmore btn btn-success\" target=\"_self\">Les Mer\u2026<\/a><\/div><\/div><\/div><\/div>\n<div class=\"col-md-6 col-sm-6 col-xs-12 pt-cv-content-item pt-cv-1-col\" ><div class='pt-cv-ifield'><a href=\"https:\/\/all-actresses.com\/no\/beeg\/\" class=\"_self pt-cv-href-thumbnail pt-cv-thumb-default\" target=\"_self\" ><\/a>\n<h3 class=\"pt-cv-title\"><a href=\"https:\/\/all-actresses.com\/no\/beeg\/\" class=\"_self\" target=\"_self\" >Beeg.<\/a><\/h3>\n<div class=\"pt-cv-content\">Beeg Hvis du er en lojal tilhenger av nettstedet v\u00e5rt, vet du sikkert at vi utelukkende presenterer de st\u00f8rste erotiske ...<br \/><div class=\"pt-cv-rmwrap\"><a href=\"https:\/\/all-actresses.com\/no\/beeg\/\" class=\"_self pt-cv-readmore btn btn-success\" target=\"_self\">Les Mer\u2026<\/a><\/div><\/div><\/div><\/div>\n<div class=\"col-md-6 col-sm-6 col-xs-12 pt-cv-content-item pt-cv-1-col\" ><div class='pt-cv-ifield'><a href=\"https:\/\/all-actresses.com\/webcam-vergleich\/\" class=\"_self pt-cv-href-thumbnail pt-cv-thumb-default\" target=\"_self\" ><\/a>\n<h3 class=\"pt-cv-title\"><a href=\"https:\/\/all-actresses.com\/webcam-vergleich\/\" class=\"_self\" target=\"_self\" >Gro\u00dfer Webcam Vergleich<\/a><\/h3>\n<div class=\"pt-cv-content\">Wir wissen beide, dass du gerade besseres zu tun hast, als einen Testbericht mit mehreren Seiten zu lesen. Also halten ...<br \/><div class=\"pt-cv-rmwrap\"><a href=\"https:\/\/all-actresses.com\/webcam-vergleich\/\" class=\"_self pt-cv-readmore btn btn-success\" target=\"_self\">Les Mer\u2026<\/a><\/div><\/div><\/div><\/div>\n<div class=\"col-md-6 col-sm-6 col-xs-12 pt-cv-content-item pt-cv-1-col\" ><div class='pt-cv-ifield'><a href=\"https:\/\/all-actresses.com\/no\/bongacams\/\" class=\"_self pt-cv-href-thumbnail pt-cv-thumb-default\" target=\"_self\" ><\/a>\n<h3 class=\"pt-cv-title\"><a href=\"https:\/\/all-actresses.com\/no\/bongacams\/\" class=\"_self\" target=\"_self\" >BongaCams<\/a><\/h3>\n<div class=\"pt-cv-content\">BongaCams Hvis du ser n\u00e6rmere p\u00e5 internettrendene de siste \u00e5rene, er det s\u00e6rlig ett tema som skiller seg ut: Sosiale ...<br \/><div class=\"pt-cv-rmwrap\"><a href=\"https:\/\/all-actresses.com\/no\/bongacams\/\" class=\"_self pt-cv-readmore btn btn-success\" target=\"_self\">Les Mer\u2026<\/a><\/div><\/div><\/div><\/div><\/div><\/div><\/div>\n","protected":false},"excerpt":{"rendered":"","protected":false},"author":1,"featured_media":0,"parent":0,"menu_order":0,"comment_status":"closed","ping_status":"closed","template":"","meta":{"footnotes":""},"class_list":["post-12773","page","type-page","status-publish"],"yoast_head":"<!-- This site is optimized with the Yoast SEO plugin v27.4 - https:\/\/yoast.com\/product\/yoast-seo-wordpress\/ -->\n<title>Erotiske nettverk og webkameraer p\u00e5 et \u00f8yeblikk | Hva du trenger \u00e5 vite!<\/title>\n<meta name=\"description\" content=\"Hvilke anerkjente webkameratjenester og erotiske plattformer finnes det? Hvilke tjenester er gratis? Hvor venter ekte brukere p\u00e5 meg? Finn ut av det her!\" \/>\n<meta name=\"robots\" content=\"index, follow, max-snippet:-1, max-image-preview:large, max-video-preview:-1\" \/>\n<link rel=\"canonical\" href=\"https:\/\/all-actresses.com\/no\/fellesskap\/\" \/>\n<meta property=\"og:locale\" content=\"nb_NO\" \/>\n<meta property=\"og:type\" content=\"article\" \/>\n<meta property=\"og:title\" content=\"Erotiske nettverk og webkameraer p\u00e5 et \u00f8yeblikk | Hva du trenger \u00e5 vite!\" \/>\n<meta property=\"og:description\" content=\"Hvilke anerkjente webkameratjenester og erotiske plattformer finnes det? Hvilke tjenester er gratis? Hvor venter ekte brukere p\u00e5 meg? Finn ut av det her!\" \/>\n<meta property=\"og:url\" content=\"https:\/\/all-actresses.com\/no\/fellesskap\/\" \/>\n<meta property=\"og:site_name\" content=\"all-actresses.com\" \/>\n<meta property=\"article:modified_time\" content=\"2024-05-18T11:17:43+00:00\" \/>\n<meta property=\"og:image\" content=\"https:\/\/all-actresses.com\/wp-content\/uploads\/2024\/03\/Header_Community-NO.png\" \/>\n<meta name=\"twitter:card\" content=\"summary_large_image\" \/>\n<meta name=\"twitter:label1\" content=\"Ansl. lesetid\" \/>\n\t<meta name=\"twitter:data1\" content=\"1 minutt\" \/>\n<script type=\"application\/ld+json\" class=\"yoast-schema-graph\">{\"@context\":\"https:\\\/\\\/schema.org\",\"@graph\":[{\"@type\":\"WebPage\",\"@id\":\"https:\\\/\\\/all-actresses.com\\\/no\\\/fellesskap\\\/\",\"url\":\"https:\\\/\\\/all-actresses.com\\\/no\\\/fellesskap\\\/\",\"name\":\"Erotiske nettverk og webkameraer p\u00e5 et \u00f8yeblikk | Hva du trenger \u00e5 vite!\",\"isPartOf\":{\"@id\":\"https:\\\/\\\/all-actresses.com\\\/#website\"},\"primaryImageOfPage\":{\"@id\":\"https:\\\/\\\/all-actresses.com\\\/no\\\/fellesskap\\\/#primaryimage\"},\"image\":{\"@id\":\"https:\\\/\\\/all-actresses.com\\\/no\\\/fellesskap\\\/#primaryimage\"},\"thumbnailUrl\":\"https:\\\/\\\/all-actresses.com\\\/wp-content\\\/uploads\\\/2024\\\/03\\\/Header_Community-NO.png\",\"datePublished\":\"2021-05-26T09:54:50+00:00\",\"dateModified\":\"2024-05-18T11:17:43+00:00\",\"description\":\"Hvilke anerkjente webkameratjenester og erotiske plattformer finnes det? Hvilke tjenester er gratis? Hvor venter ekte brukere p\u00e5 meg? Finn ut av det her!\",\"breadcrumb\":{\"@id\":\"https:\\\/\\\/all-actresses.com\\\/no\\\/fellesskap\\\/#breadcrumb\"},\"inLanguage\":\"nb-NO\",\"potentialAction\":[{\"@type\":\"ReadAction\",\"target\":[\"https:\\\/\\\/all-actresses.com\\\/no\\\/fellesskap\\\/\"]}]},{\"@type\":\"ImageObject\",\"inLanguage\":\"nb-NO\",\"@id\":\"https:\\\/\\\/all-actresses.com\\\/no\\\/fellesskap\\\/#primaryimage\",\"url\":\"https:\\\/\\\/all-actresses.com\\\/wp-content\\\/uploads\\\/2024\\\/03\\\/Header_Community-NO.png\",\"contentUrl\":\"https:\\\/\\\/all-actresses.com\\\/wp-content\\\/uploads\\\/2024\\\/03\\\/Header_Community-NO.png\"},{\"@type\":\"BreadcrumbList\",\"@id\":\"https:\\\/\\\/all-actresses.com\\\/no\\\/fellesskap\\\/#breadcrumb\",\"itemListElement\":[{\"@type\":\"ListItem\",\"position\":1,\"name\":\"Startseite\",\"item\":\"https:\\\/\\\/all-actresses.com\\\/no\\\/\"},{\"@type\":\"ListItem\",\"position\":2,\"name\":\"Fellesskap\"}]},{\"@type\":\"WebSite\",\"@id\":\"https:\\\/\\\/all-actresses.com\\\/#website\",\"url\":\"https:\\\/\\\/all-actresses.com\\\/\",\"name\":\"all-actresses.com\",\"description\":\"Entdecke die Welt von AllActresses!\",\"publisher\":{\"@id\":\"https:\\\/\\\/all-actresses.com\\\/#organization\"},\"potentialAction\":[{\"@type\":\"SearchAction\",\"target\":{\"@type\":\"EntryPoint\",\"urlTemplate\":\"https:\\\/\\\/all-actresses.com\\\/?s={search_term_string}\"},\"query-input\":{\"@type\":\"PropertyValueSpecification\",\"valueRequired\":true,\"valueName\":\"search_term_string\"}}],\"inLanguage\":\"nb-NO\"},{\"@type\":\"Organization\",\"@id\":\"https:\\\/\\\/all-actresses.com\\\/#organization\",\"name\":\"all-actresses.com\",\"url\":\"https:\\\/\\\/all-actresses.com\\\/\",\"logo\":{\"@type\":\"ImageObject\",\"inLanguage\":\"nb-NO\",\"@id\":\"https:\\\/\\\/all-actresses.com\\\/#\\\/schema\\\/logo\\\/image\\\/\",\"url\":\"https:\\\/\\\/all-actresses.com\\\/wp-content\\\/uploads\\\/2021\\\/05\\\/allactresses-2-e1620037015851.jpg\",\"contentUrl\":\"https:\\\/\\\/all-actresses.com\\\/wp-content\\\/uploads\\\/2021\\\/05\\\/allactresses-2-e1620037015851.jpg\",\"width\":400,\"height\":213,\"caption\":\"all-actresses.com\"},\"image\":{\"@id\":\"https:\\\/\\\/all-actresses.com\\\/#\\\/schema\\\/logo\\\/image\\\/\"}}]}<\/script>\n<!-- \/ Yoast SEO plugin. -->","yoast_head_json":{"title":"Erotiske nettverk og webkameraer p\u00e5 et \u00f8yeblikk | Hva du trenger \u00e5 vite!","description":"Hvilke anerkjente webkameratjenester og erotiske plattformer finnes det? Hvilke tjenester er gratis? Hvor venter ekte brukere p\u00e5 meg? Finn ut av det her!","robots":{"index":"index","follow":"follow","max-snippet":"max-snippet:-1","max-image-preview":"max-image-preview:large","max-video-preview":"max-video-preview:-1"},"canonical":"https:\/\/all-actresses.com\/no\/fellesskap\/","og_locale":"nb_NO","og_type":"article","og_title":"Erotiske nettverk og webkameraer p\u00e5 et \u00f8yeblikk | Hva du trenger \u00e5 vite!","og_description":"Hvilke anerkjente webkameratjenester og erotiske plattformer finnes det? Hvilke tjenester er gratis? Hvor venter ekte brukere p\u00e5 meg? Finn ut av det her!","og_url":"https:\/\/all-actresses.com\/no\/fellesskap\/","og_site_name":"all-actresses.com","article_modified_time":"2024-05-18T11:17:43+00:00","og_image":[{"url":"https:\/\/all-actresses.com\/wp-content\/uploads\/2024\/03\/Header_Community-NO.png","type":"","width":"","height":""}],"twitter_card":"summary_large_image","twitter_misc":{"Ansl. lesetid":"1 minutt"},"schema":{"@context":"https:\/\/schema.org","@graph":[{"@type":"WebPage","@id":"https:\/\/all-actresses.com\/no\/fellesskap\/","url":"https:\/\/all-actresses.com\/no\/fellesskap\/","name":"Erotiske nettverk og webkameraer p\u00e5 et \u00f8yeblikk | Hva du trenger \u00e5 vite!","isPartOf":{"@id":"https:\/\/all-actresses.com\/#website"},"primaryImageOfPage":{"@id":"https:\/\/all-actresses.com\/no\/fellesskap\/#primaryimage"},"image":{"@id":"https:\/\/all-actresses.com\/no\/fellesskap\/#primaryimage"},"thumbnailUrl":"https:\/\/all-actresses.com\/wp-content\/uploads\/2024\/03\/Header_Community-NO.png","datePublished":"2021-05-26T09:54:50+00:00","dateModified":"2024-05-18T11:17:43+00:00","description":"Hvilke anerkjente webkameratjenester og erotiske plattformer finnes det? Hvilke tjenester er gratis? Hvor venter ekte brukere p\u00e5 meg? Finn ut av det her!","breadcrumb":{"@id":"https:\/\/all-actresses.com\/no\/fellesskap\/#breadcrumb"},"inLanguage":"nb-NO","potentialAction":[{"@type":"ReadAction","target":["https:\/\/all-actresses.com\/no\/fellesskap\/"]}]},{"@type":"ImageObject","inLanguage":"nb-NO","@id":"https:\/\/all-actresses.com\/no\/fellesskap\/#primaryimage","url":"https:\/\/all-actresses.com\/wp-content\/uploads\/2024\/03\/Header_Community-NO.png","contentUrl":"https:\/\/all-actresses.com\/wp-content\/uploads\/2024\/03\/Header_Community-NO.png"},{"@type":"BreadcrumbList","@id":"https:\/\/all-actresses.com\/no\/fellesskap\/#breadcrumb","itemListElement":[{"@type":"ListItem","position":1,"name":"Startseite","item":"https:\/\/all-actresses.com\/no\/"},{"@type":"ListItem","position":2,"name":"Fellesskap"}]},{"@type":"WebSite","@id":"https:\/\/all-actresses.com\/#website","url":"https:\/\/all-actresses.com\/","name":"all-actresses.com","description":"Entdecke die Welt von AllActresses!","publisher":{"@id":"https:\/\/all-actresses.com\/#organization"},"potentialAction":[{"@type":"SearchAction","target":{"@type":"EntryPoint","urlTemplate":"https:\/\/all-actresses.com\/?s={search_term_string}"},"query-input":{"@type":"PropertyValueSpecification","valueRequired":true,"valueName":"search_term_string"}}],"inLanguage":"nb-NO"},{"@type":"Organization","@id":"https:\/\/all-actresses.com\/#organization","name":"all-actresses.com","url":"https:\/\/all-actresses.com\/","logo":{"@type":"ImageObject","inLanguage":"nb-NO","@id":"https:\/\/all-actresses.com\/#\/schema\/logo\/image\/","url":"https:\/\/all-actresses.com\/wp-content\/uploads\/2021\/05\/allactresses-2-e1620037015851.jpg","contentUrl":"https:\/\/all-actresses.com\/wp-content\/uploads\/2021\/05\/allactresses-2-e1620037015851.jpg","width":400,"height":213,"caption":"all-actresses.com"},"image":{"@id":"https:\/\/all-actresses.com\/#\/schema\/logo\/image\/"}}]}},"_links":{"self":[{"href":"https:\/\/all-actresses.com\/no\/wp-json\/wp\/v2\/pages\/12773","targetHints":{"allow":["GET"]}}],"collection":[{"href":"https:\/\/all-actresses.com\/no\/wp-json\/wp\/v2\/pages"}],"about":[{"href":"https:\/\/all-actresses.com\/no\/wp-json\/wp\/v2\/types\/page"}],"author":[{"embeddable":true,"href":"https:\/\/all-actresses.com\/no\/wp-json\/wp\/v2\/users\/1"}],"replies":[{"embeddable":true,"href":"https:\/\/all-actresses.com\/no\/wp-json\/wp\/v2\/comments?post=12773"}],"version-history":[{"count":3,"href":"https:\/\/all-actresses.com\/no\/wp-json\/wp\/v2\/pages\/12773\/revisions"}],"predecessor-version":[{"id":15138,"href":"https:\/\/all-actresses.com\/no\/wp-json\/wp\/v2\/pages\/12773\/revisions\/15138"}],"wp:attachment":[{"href":"https:\/\/all-actresses.com\/no\/wp-json\/wp\/v2\/media?parent=12773"}],"curies":[{"name":"wp","href":"https:\/\/api.w.org\/{rel}","templated":true}]}}