{"id":6551,"date":"2021-06-16T15:37:20","date_gmt":"2021-06-16T13:37:20","guid":{"rendered":"https:\/\/all-actresses.com\/?page_id=6551"},"modified":"2024-04-10T14:00:37","modified_gmt":"2024-04-10T12:00:37","slug":"a-propos-de-nous","status":"publish","type":"page","link":"https:\/\/all-actresses.com\/fr\/a-propos-de-nous\/","title":{"rendered":"A propos de nous"},"content":{"rendered":"\n<figure class=\"wp-block-image alignfull size-full\"><img decoding=\"async\" width=\"1900\" height=\"480\" data-src=\"https:\/\/all-actresses.com\/wp-content\/uploads\/2021\/06\/A-propos-de-nous.jpg\" alt=\"A propos de nous header\" class=\"wp-image-6697 lazyload\" data-srcset=\"https:\/\/all-actresses.com\/wp-content\/uploads\/2021\/06\/A-propos-de-nous.jpg 1900w, https:\/\/all-actresses.com\/wp-content\/uploads\/2021\/06\/A-propos-de-nous-300x76.jpg 300w, https:\/\/all-actresses.com\/wp-content\/uploads\/2021\/06\/A-propos-de-nous-1024x259.jpg 1024w, https:\/\/all-actresses.com\/wp-content\/uploads\/2021\/06\/A-propos-de-nous-768x194.jpg 768w, https:\/\/all-actresses.com\/wp-content\/uploads\/2021\/06\/A-propos-de-nous-1536x388.jpg 1536w\" data-sizes=\"(max-width: 1900px) 100vw, 1900px\" src=\"data:image\/svg+xml;base64,PHN2ZyB3aWR0aD0iMSIgaGVpZ2h0PSIxIiB4bWxucz0iaHR0cDovL3d3dy53My5vcmcvMjAwMC9zdmciPjwvc3ZnPg==\" style=\"--smush-placeholder-width: 1900px; --smush-placeholder-aspect-ratio: 1900\/480;\" \/><\/figure>\n\n\n\n<h2 class=\"wp-block-heading\"><strong>L&rsquo;histoire de All-Actresses<\/strong><\/h2>\n\n\n\n<h3 class=\"wp-block-heading\"><strong>D&rsquo;une id\u00e9e spontan\u00e9e \u00e0 un portail international &#8211; Cette histoire est derri\u00e8re elle<\/strong><\/h3>\n\n\n\n<p>Nous sommes en l&rsquo;an 2020. Par une journ\u00e9e ensoleill\u00e9e de la fin de l&rsquo;automne, notre \u00e9quipe de marketing num\u00e9rique se consacre \u00e0 un sujet qui fait l&rsquo;objet de nombreuses recherches sur le World Wide Web : Le secteur des adultes et de l&rsquo;\u00e9rotisme. La demande de performeurs, de r\u00e9seaux \u00e9rotiques et de plateformes est \u00e9norme.<\/p>\n\n\n\n<p>Dans le pass\u00e9, nous avions d\u00e9j\u00e0 fait de nombreuses exp\u00e9riences avec l&rsquo;industrie des adultes sur Internet. Nous avons rapidement d\u00e9couvert qu&rsquo;il n&rsquo;y a pratiquement aucune source r\u00e9put\u00e9e qui r\u00e9pond \u00e0 cette demande. Ces sites ne fournissent pas de contenu utile et ne visent qu&rsquo;\u00e0 gagner de l&rsquo;argent sur le dos de leurs visiteurs gr\u00e2ce \u00e0 des banni\u00e8res intrusives, des pop-ups et d&rsquo;autres formes de publicit\u00e9. Nous avons voulu changer cette situation en fondant All-Actresses.<\/p>\n\n\n\n<h3 class=\"wp-block-heading\"><strong>Notre mission<\/strong><\/h3>\n\n\n\n<p>Nous voulons te fournir toutes les informations sur les actrices les plus populaires, les portails de webcam et les r\u00e9seaux vid\u00e9o \u00e0 partir d&rsquo;une seule source. Nous voulons aussi te pr\u00e9senter les meilleures offres \u00e9rotiques au meilleur prix et t&rsquo;enlever la peur des offres frauduleuses. Notre premi\u00e8re priorit\u00e9 est d&rsquo;apporter de la lumi\u00e8re dans le monde encore sombre de l&rsquo;industrie des adultes. Malheureusement, il existe encore de nombreuses offres et sites Web douteux qui emp\u00eachent exactement cela.<\/p>\n\n\n\n<h3 class=\"wp-block-heading\"><strong>Notre vision<\/strong><\/h3>\n\n\n\n<p>Notre vision et notre objectif sont d&rsquo;\u00eatre \u00e0 la disposition des utilisateurs du monde entier avec notre portail en tant que consultant pour le secteur des adultes. All-Actresses.com doit s&rsquo;imposer comme un facteur constant dans le secteur des adultes et servir de compagnon fid\u00e8le gr\u00e2ce \u00e0 son expertise, son autorit\u00e9 et surtout gr\u00e2ce \u00e0 sa confiance.<\/p>\n\n\n\n<h3 class=\"wp-block-heading\"><strong>Nos partenaires<\/strong><\/h3>\n\n\n\n<p>\u00c0 All-Actresses.com, nous voulons offrir la meilleure exp\u00e9rience au meilleur prix. C&rsquo;est pourquoi nous avons examin\u00e9 de pr\u00e8s les partenaires avec lesquels nous souhaitons travailler. Et avec quels partenaires une coop\u00e9ration est hors de question.<\/p>\n\n\n\n<p>Nous coop\u00e9rons avec les plus grands portails internationaux de webcam comme&nbsp;<a href=\"https:\/\/all-actresses.com\/fr\/camsoda\/\">Camsoda<\/a>,&nbsp;<a href=\"https:\/\/all-actresses.com\/fr\/bongacams\/\">Bongacams<\/a>,&nbsp;<a href=\"https:\/\/all-actresses.com\/fr\/chaturbate\/\">Chaturbate<\/a>,&nbsp;<a href=\"https:\/\/all-actresses.com\/fr\/cam4\/\">CAM4<\/a>,&nbsp;<a href=\"https:\/\/all-actresses.com\/fr\/livejasmin\/\">LiveJasmin<\/a>&nbsp;et&nbsp;<a href=\"https:\/\/all-actresses.com\/fr\/streamate\/\">Streamate<\/a>. Dans le domaine de la production, nous coop\u00e9rons avec&nbsp;<a href=\"https:\/\/all-actresses.com\/fr\/brazzers\/\">Brazzers<\/a>,&nbsp;<a href=\"https:\/\/all-actresses.com\/fr\/fake-taxi\/\">FakeHub<\/a>,&nbsp;<a href=\"https:\/\/lp.mydirtyhobby.com\/2\/?video=4&amp;lang=de&amp;ats=eyJhIjozMDkyNTEsImMiOjU5MTA3NzMyLCJuIjoyMSwicyI6MjQxLCJlIjo5NTQyLCJwIjoyfQ==\">MyDirtyHobby<\/a>&nbsp;et&nbsp;<a href=\"https:\/\/www.zubivu.com\/VX\/LP\/Tuby2\/A?w=48182&amp;ws=\">Visit-X<\/a>, entre autres.<\/p>\n\n\n\n<p>Avec notre portail, nous r\u00e9pondons \u00e0 la demande des plus grands moteurs de recherche du monde, comme Google, Bing ou Yahoo. En outre, nous nous sommes \u00e9galement demand\u00e9 comment atteindre les utilisateurs qui sont sur les m\u00e9dias sociaux.<\/p>\n\n\n\n<p>Avec notre page Facebook et Instagram de All-Actresses.com, nous atteignons exactement ce groupe cible. De plus, nous avons construit une large base de fans avec la page Instagram&nbsp;<a href=\"https:\/\/www.instagram.com\/camsoda_stars\/\">@camsoda_stars<\/a>, qui est sp\u00e9cialement orient\u00e9e vers les mod\u00e8les de Camsoda, les accompagnant et les soutenant dans leur pr\u00e9sence sur les m\u00e9dias sociaux.<\/p>\n\n\n\n<p>Notre objectif sur les m\u00e9dias sociaux est de g\u00e9n\u00e9rer encore plus de buzz sur notre industrie, de rassembler la communaut\u00e9 et d&rsquo;augmenter la port\u00e9e des mod\u00e8les connus et des mod\u00e8les amateurs. Pour ce dernier objectif, nous avons lanc\u00e9 un autre portail.<\/p>\n\n\n\n<p>Avec CamshowStars.com et la page Instagram&nbsp;<a href=\"https:\/\/www.instagram.com\/camshow_stars\/\">@camshow_stars<\/a>, nous aidons les aspirants mod\u00e8les webcam \u00e0 d\u00e9velopper leur communaut\u00e9 de fans. Nous y parvenons en adaptant le contenu aux moteurs de recherche populaires et aux portails de m\u00e9dias sociaux. Notre strat\u00e9gie s&rsquo;est av\u00e9r\u00e9e tr\u00e8s efficace jusqu&rsquo;\u00e0 aujourd&rsquo;hui.<\/p>\n\n\n\n<h3 class=\"wp-block-heading\"><strong>Tu veux devenir membre ?<\/strong><\/h3>\n\n\n\n<p>Tu es un mod\u00e8le \u00e9rotique, un mod\u00e8le webcam ou quelqu&rsquo;un qui s&rsquo;enthousiasme pour ces sujets ? Alors n&rsquo;h\u00e9site pas et contacte-nous via nos pages Instagram<a href=\"https:\/\/www.instagram.com\/allactressescom\/\">(@allactressescom<\/a>&nbsp;et&nbsp;<a href=\"https:\/\/www.instagram.com\/camshow_stars\/\">@camshow_stars<\/a>) ou par mail. Que pouvons-nous faire pour toi en particulier ? D&rsquo;une part, nous avons la possibilit\u00e9 de t&rsquo;inscrire sur notre portail de All-Actresses.com ou Camshowstars.com avec une entr\u00e9e exclusive. Mais nous te proposons aussi de t&rsquo;aider \u00e0 t&rsquo;inscrire et \u00e0 publier ton premier contenu sur les plateformes \u00e9rotiques les plus populaires. De plus, nous nous ferons un plaisir d&rsquo;examiner avec toi tes profils existants et de te donner des conseils sur la fa\u00e7on dont tu peux gagner encore plus de fans.<\/p>\n","protected":false},"excerpt":{"rendered":"<p>L&rsquo;histoire de All-Actresses D&rsquo;une id\u00e9e spontan\u00e9e \u00e0 un portail international &#8211; Cette histoire est derri\u00e8re elle Nous sommes en l&rsquo;an 2020. Par une journ\u00e9e ensoleill\u00e9e de la fin de l&rsquo;automne, notre \u00e9quipe de marketing num\u00e9rique se consacre \u00e0 un sujet qui fait l&rsquo;objet de nombreuses recherches sur le World Wide Web : Le secteur des &#8230; <a title=\"A propos de nous\" class=\"read-more\" href=\"https:\/\/all-actresses.com\/fr\/a-propos-de-nous\/\" aria-label=\"En savoir plus sur A propos de nous\">Lire la suite<\/a><\/p>\n","protected":false},"author":1,"featured_media":0,"parent":0,"menu_order":0,"comment_status":"closed","ping_status":"closed","template":"","meta":{"footnotes":""},"class_list":["post-6551","page","type-page","status-publish"],"yoast_head":"<!-- This site is optimized with the Yoast SEO plugin v27.5 - https:\/\/yoast.com\/product\/yoast-seo-wordpress\/ -->\n<title>A propos de nous - all-actresses.com<\/title>\n<meta name=\"robots\" content=\"noindex, nofollow\" \/>\n<meta property=\"og:locale\" content=\"fr_FR\" \/>\n<meta property=\"og:type\" content=\"article\" \/>\n<meta property=\"og:title\" content=\"A propos de nous - all-actresses.com\" \/>\n<meta property=\"og:description\" content=\"L&rsquo;histoire de All-Actresses D&rsquo;une id\u00e9e spontan\u00e9e \u00e0 un portail international &#8211; Cette histoire est derri\u00e8re elle Nous sommes en l&rsquo;an 2020. Par une journ\u00e9e ensoleill\u00e9e de la fin de l&rsquo;automne, notre \u00e9quipe de marketing num\u00e9rique se consacre \u00e0 un sujet qui fait l&rsquo;objet de nombreuses recherches sur le World Wide Web : Le secteur des ... Lire la suite\" \/>\n<meta property=\"og:url\" content=\"https:\/\/all-actresses.com\/fr\/a-propos-de-nous\/\" \/>\n<meta property=\"og:site_name\" content=\"all-actresses.com\" \/>\n<meta property=\"article:modified_time\" content=\"2024-04-10T12:00:37+00:00\" \/>\n<meta property=\"og:image\" content=\"https:\/\/all-actresses.com\/wp-content\/uploads\/2021\/06\/A-propos-de-nous.jpg\" \/>\n<meta name=\"twitter:card\" content=\"summary_large_image\" \/>\n<meta name=\"twitter:label1\" content=\"Dur\u00e9e de lecture estim\u00e9e\" \/>\n\t<meta name=\"twitter:data1\" content=\"4 minutes\" \/>\n<script type=\"application\/ld+json\" class=\"yoast-schema-graph\">{\"@context\":\"https:\\\/\\\/schema.org\",\"@graph\":[{\"@type\":\"WebPage\",\"@id\":\"https:\\\/\\\/all-actresses.com\\\/fr\\\/a-propos-de-nous\\\/\",\"url\":\"https:\\\/\\\/all-actresses.com\\\/fr\\\/a-propos-de-nous\\\/\",\"name\":\"A propos de nous - all-actresses.com\",\"isPartOf\":{\"@id\":\"https:\\\/\\\/all-actresses.com\\\/#website\"},\"primaryImageOfPage\":{\"@id\":\"https:\\\/\\\/all-actresses.com\\\/fr\\\/a-propos-de-nous\\\/#primaryimage\"},\"image\":{\"@id\":\"https:\\\/\\\/all-actresses.com\\\/fr\\\/a-propos-de-nous\\\/#primaryimage\"},\"thumbnailUrl\":\"https:\\\/\\\/all-actresses.com\\\/wp-content\\\/uploads\\\/2021\\\/06\\\/A-propos-de-nous.jpg\",\"datePublished\":\"2021-06-16T13:37:20+00:00\",\"dateModified\":\"2024-04-10T12:00:37+00:00\",\"breadcrumb\":{\"@id\":\"https:\\\/\\\/all-actresses.com\\\/fr\\\/a-propos-de-nous\\\/#breadcrumb\"},\"inLanguage\":\"fr-FR\",\"potentialAction\":[{\"@type\":\"ReadAction\",\"target\":[\"https:\\\/\\\/all-actresses.com\\\/fr\\\/a-propos-de-nous\\\/\"]}]},{\"@type\":\"ImageObject\",\"inLanguage\":\"fr-FR\",\"@id\":\"https:\\\/\\\/all-actresses.com\\\/fr\\\/a-propos-de-nous\\\/#primaryimage\",\"url\":\"https:\\\/\\\/all-actresses.com\\\/wp-content\\\/uploads\\\/2021\\\/06\\\/A-propos-de-nous.jpg\",\"contentUrl\":\"https:\\\/\\\/all-actresses.com\\\/wp-content\\\/uploads\\\/2021\\\/06\\\/A-propos-de-nous.jpg\"},{\"@type\":\"BreadcrumbList\",\"@id\":\"https:\\\/\\\/all-actresses.com\\\/fr\\\/a-propos-de-nous\\\/#breadcrumb\",\"itemListElement\":[{\"@type\":\"ListItem\",\"position\":1,\"name\":\"Startseite\",\"item\":\"https:\\\/\\\/all-actresses.com\\\/fr\\\/\"},{\"@type\":\"ListItem\",\"position\":2,\"name\":\"A propos de nous\"}]},{\"@type\":\"WebSite\",\"@id\":\"https:\\\/\\\/all-actresses.com\\\/#website\",\"url\":\"https:\\\/\\\/all-actresses.com\\\/\",\"name\":\"all-actresses.com\",\"description\":\"Entdecke die Welt von AllActresses!\",\"publisher\":{\"@id\":\"https:\\\/\\\/all-actresses.com\\\/#organization\"},\"potentialAction\":[{\"@type\":\"SearchAction\",\"target\":{\"@type\":\"EntryPoint\",\"urlTemplate\":\"https:\\\/\\\/all-actresses.com\\\/?s={search_term_string}\"},\"query-input\":{\"@type\":\"PropertyValueSpecification\",\"valueRequired\":true,\"valueName\":\"search_term_string\"}}],\"inLanguage\":\"fr-FR\"},{\"@type\":\"Organization\",\"@id\":\"https:\\\/\\\/all-actresses.com\\\/#organization\",\"name\":\"all-actresses.com\",\"url\":\"https:\\\/\\\/all-actresses.com\\\/\",\"logo\":{\"@type\":\"ImageObject\",\"inLanguage\":\"fr-FR\",\"@id\":\"https:\\\/\\\/all-actresses.com\\\/#\\\/schema\\\/logo\\\/image\\\/\",\"url\":\"https:\\\/\\\/all-actresses.com\\\/wp-content\\\/uploads\\\/2021\\\/05\\\/allactresses-2-e1620037015851.jpg\",\"contentUrl\":\"https:\\\/\\\/all-actresses.com\\\/wp-content\\\/uploads\\\/2021\\\/05\\\/allactresses-2-e1620037015851.jpg\",\"width\":400,\"height\":213,\"caption\":\"all-actresses.com\"},\"image\":{\"@id\":\"https:\\\/\\\/all-actresses.com\\\/#\\\/schema\\\/logo\\\/image\\\/\"}}]}<\/script>\n<!-- \/ Yoast SEO plugin. -->","yoast_head_json":{"title":"A propos de nous - all-actresses.com","robots":{"index":"noindex","follow":"nofollow"},"og_locale":"fr_FR","og_type":"article","og_title":"A propos de nous - all-actresses.com","og_description":"L&rsquo;histoire de All-Actresses D&rsquo;une id\u00e9e spontan\u00e9e \u00e0 un portail international &#8211; Cette histoire est derri\u00e8re elle Nous sommes en l&rsquo;an 2020. Par une journ\u00e9e ensoleill\u00e9e de la fin de l&rsquo;automne, notre \u00e9quipe de marketing num\u00e9rique se consacre \u00e0 un sujet qui fait l&rsquo;objet de nombreuses recherches sur le World Wide Web : Le secteur des ... Lire la suite","og_url":"https:\/\/all-actresses.com\/fr\/a-propos-de-nous\/","og_site_name":"all-actresses.com","article_modified_time":"2024-04-10T12:00:37+00:00","og_image":[{"url":"https:\/\/all-actresses.com\/wp-content\/uploads\/2021\/06\/A-propos-de-nous.jpg","type":"","width":"","height":""}],"twitter_card":"summary_large_image","twitter_misc":{"Dur\u00e9e de lecture estim\u00e9e":"4 minutes"},"schema":{"@context":"https:\/\/schema.org","@graph":[{"@type":"WebPage","@id":"https:\/\/all-actresses.com\/fr\/a-propos-de-nous\/","url":"https:\/\/all-actresses.com\/fr\/a-propos-de-nous\/","name":"A propos de nous - all-actresses.com","isPartOf":{"@id":"https:\/\/all-actresses.com\/#website"},"primaryImageOfPage":{"@id":"https:\/\/all-actresses.com\/fr\/a-propos-de-nous\/#primaryimage"},"image":{"@id":"https:\/\/all-actresses.com\/fr\/a-propos-de-nous\/#primaryimage"},"thumbnailUrl":"https:\/\/all-actresses.com\/wp-content\/uploads\/2021\/06\/A-propos-de-nous.jpg","datePublished":"2021-06-16T13:37:20+00:00","dateModified":"2024-04-10T12:00:37+00:00","breadcrumb":{"@id":"https:\/\/all-actresses.com\/fr\/a-propos-de-nous\/#breadcrumb"},"inLanguage":"fr-FR","potentialAction":[{"@type":"ReadAction","target":["https:\/\/all-actresses.com\/fr\/a-propos-de-nous\/"]}]},{"@type":"ImageObject","inLanguage":"fr-FR","@id":"https:\/\/all-actresses.com\/fr\/a-propos-de-nous\/#primaryimage","url":"https:\/\/all-actresses.com\/wp-content\/uploads\/2021\/06\/A-propos-de-nous.jpg","contentUrl":"https:\/\/all-actresses.com\/wp-content\/uploads\/2021\/06\/A-propos-de-nous.jpg"},{"@type":"BreadcrumbList","@id":"https:\/\/all-actresses.com\/fr\/a-propos-de-nous\/#breadcrumb","itemListElement":[{"@type":"ListItem","position":1,"name":"Startseite","item":"https:\/\/all-actresses.com\/fr\/"},{"@type":"ListItem","position":2,"name":"A propos de nous"}]},{"@type":"WebSite","@id":"https:\/\/all-actresses.com\/#website","url":"https:\/\/all-actresses.com\/","name":"all-actresses.com","description":"Entdecke die Welt von AllActresses!","publisher":{"@id":"https:\/\/all-actresses.com\/#organization"},"potentialAction":[{"@type":"SearchAction","target":{"@type":"EntryPoint","urlTemplate":"https:\/\/all-actresses.com\/?s={search_term_string}"},"query-input":{"@type":"PropertyValueSpecification","valueRequired":true,"valueName":"search_term_string"}}],"inLanguage":"fr-FR"},{"@type":"Organization","@id":"https:\/\/all-actresses.com\/#organization","name":"all-actresses.com","url":"https:\/\/all-actresses.com\/","logo":{"@type":"ImageObject","inLanguage":"fr-FR","@id":"https:\/\/all-actresses.com\/#\/schema\/logo\/image\/","url":"https:\/\/all-actresses.com\/wp-content\/uploads\/2021\/05\/allactresses-2-e1620037015851.jpg","contentUrl":"https:\/\/all-actresses.com\/wp-content\/uploads\/2021\/05\/allactresses-2-e1620037015851.jpg","width":400,"height":213,"caption":"all-actresses.com"},"image":{"@id":"https:\/\/all-actresses.com\/#\/schema\/logo\/image\/"}}]}},"_links":{"self":[{"href":"https:\/\/all-actresses.com\/fr\/wp-json\/wp\/v2\/pages\/6551","targetHints":{"allow":["GET"]}}],"collection":[{"href":"https:\/\/all-actresses.com\/fr\/wp-json\/wp\/v2\/pages"}],"about":[{"href":"https:\/\/all-actresses.com\/fr\/wp-json\/wp\/v2\/types\/page"}],"author":[{"embeddable":true,"href":"https:\/\/all-actresses.com\/fr\/wp-json\/wp\/v2\/users\/1"}],"replies":[{"embeddable":true,"href":"https:\/\/all-actresses.com\/fr\/wp-json\/wp\/v2\/comments?post=6551"}],"version-history":[{"count":10,"href":"https:\/\/all-actresses.com\/fr\/wp-json\/wp\/v2\/pages\/6551\/revisions"}],"predecessor-version":[{"id":11911,"href":"https:\/\/all-actresses.com\/fr\/wp-json\/wp\/v2\/pages\/6551\/revisions\/11911"}],"wp:attachment":[{"href":"https:\/\/all-actresses.com\/fr\/wp-json\/wp\/v2\/media?parent=6551"}],"curies":[{"name":"wp","href":"https:\/\/api.w.org\/{rel}","templated":true}]}}