{"id":2451,"date":"2021-04-12T10:29:25","date_gmt":"2021-04-12T08:29:25","guid":{"rendered":"https:\/\/all-actresses.com\/?page_id=2451"},"modified":"2021-04-29T15:06:33","modified_gmt":"2021-04-29T13:06:33","slug":"producteur","status":"publish","type":"page","link":"https:\/\/all-actresses.com\/fr\/producteur\/","title":{"rendered":"Producteur"},"content":{"rendered":"\n<figure class=\"wp-block-image alignfull size-full\"><img decoding=\"async\" width=\"1900\" height=\"480\" data-src=\"https:\/\/all-actresses.com\/wp-content\/uploads\/2021\/04\/Header_Producteur.jpg\" alt=\"Producteur\" class=\"wp-image-1925 lazyload\" data-srcset=\"https:\/\/all-actresses.com\/wp-content\/uploads\/2021\/04\/Header_Producteur.jpg 1900w, https:\/\/all-actresses.com\/wp-content\/uploads\/2021\/04\/Header_Producteur-300x76.jpg 300w, https:\/\/all-actresses.com\/wp-content\/uploads\/2021\/04\/Header_Producteur-1024x259.jpg 1024w, https:\/\/all-actresses.com\/wp-content\/uploads\/2021\/04\/Header_Producteur-768x194.jpg 768w, https:\/\/all-actresses.com\/wp-content\/uploads\/2021\/04\/Header_Producteur-1536x388.jpg 1536w\" data-sizes=\"(max-width: 1900px) 100vw, 1900px\" src=\"data:image\/svg+xml;base64,PHN2ZyB3aWR0aD0iMSIgaGVpZ2h0PSIxIiB4bWxucz0iaHR0cDovL3d3dy53My5vcmcvMjAwMC9zdmciPjwvc3ZnPg==\" style=\"--smush-placeholder-width: 1900px; --smush-placeholder-aspect-ratio: 1900\/480;\" \/><\/figure>\n\n\n\n<div class=\"pt-cv-wrapper\"><div class=\"pt-cv-view pt-cv-grid pt-cv-colsys\" id=\"pt-cv-view-09704e6i7r\"><div data-id=\"pt-cv-page-1\" class=\"pt-cv-page\" data-cvc=\"3\"><div class=\"col-md-4 col-sm-6 col-xs-12 pt-cv-content-item pt-cv-1-col\" ><div class='pt-cv-ifield'><h3 class=\"pt-cv-title\"><a href=\"https:\/\/all-actresses.com\/fr\/fake-taxi\/\" class=\"_self\" target=\"_self\" >Fake Taxi<\/a><\/h3>\n<div class=\"pt-cv-content\">Fake Taxi L'entreprise de production et la plateforme de vid\u00e9o en ligne Fake Taxi est l'une des ...<br \/><div class=\"pt-cv-rmwrap\"><a href=\"https:\/\/all-actresses.com\/fr\/fake-taxi\/\" class=\"_self pt-cv-readmore btn btn-success\" target=\"_self\">Lire La Suite\u2026<\/a><\/div><\/div><\/div><\/div>\n<div class=\"col-md-4 col-sm-6 col-xs-12 pt-cv-content-item pt-cv-1-col\" ><div class='pt-cv-ifield'><h3 class=\"pt-cv-title\"><a href=\"https:\/\/all-actresses.com\/fr\/brazzers\/\" class=\"_self\" target=\"_self\" >Brazzers<\/a><\/h3>\n<div class=\"pt-cv-content\">Brazzers Le r\u00e9seau de vid\u00e9os \u00e9rotiques Brazzers est probablement l'un des r\u00e9seaux les plus populaires du moment ...<br \/><div class=\"pt-cv-rmwrap\"><a href=\"https:\/\/all-actresses.com\/fr\/brazzers\/\" class=\"_self pt-cv-readmore btn btn-success\" target=\"_self\">Lire La Suite\u2026<\/a><\/div><\/div><\/div><\/div>\n<div class=\"col-md-4 col-sm-6 col-xs-12 pt-cv-content-item pt-cv-1-col\" ><div class='pt-cv-ifield'><h3 class=\"pt-cv-title\"><a href=\"https:\/\/all-actresses.com\/fr\/bang-bros\/\" class=\"_self\" target=\"_self\" >Bang Bros<\/a><\/h3>\n<div class=\"pt-cv-content\">Bang Bros Fond\u00e9e il y a plus de 20 ans, la soci\u00e9t\u00e9 de vid\u00e9os \u00e9rotiques Bang Bros ...<br \/><div class=\"pt-cv-rmwrap\"><a href=\"https:\/\/all-actresses.com\/fr\/bang-bros\/\" class=\"_self pt-cv-readmore btn btn-success\" target=\"_self\">Lire La Suite\u2026<\/a><\/div><\/div><\/div><\/div><\/div><\/div><\/div>\n","protected":false},"excerpt":{"rendered":"","protected":false},"author":1,"featured_media":1816,"parent":0,"menu_order":0,"comment_status":"closed","ping_status":"closed","template":"","meta":{"footnotes":""},"class_list":["post-2451","page","type-page","status-publish","has-post-thumbnail"],"yoast_head":"<!-- This site is optimized with the Yoast SEO plugin v27.4 - https:\/\/yoast.com\/product\/yoast-seo-wordpress\/ -->\n<title>Les producteurs les plus c\u00e9l\u00e8bres de l&#039;industrie des adultes | Regarde maintenant !<\/title>\n<meta name=\"description\" content=\"Apprends des faits passionnants et des informations de fond sur les producteurs \u00e9rotiques les plus connus \u2713 des aper\u00e7us int\u00e9ressants.\" \/>\n<meta name=\"robots\" content=\"index, follow, max-snippet:-1, max-image-preview:large, max-video-preview:-1\" \/>\n<link rel=\"canonical\" href=\"https:\/\/all-actresses.com\/fr\/producteur\/\" \/>\n<meta property=\"og:locale\" content=\"fr_FR\" \/>\n<meta property=\"og:type\" content=\"article\" \/>\n<meta property=\"og:title\" content=\"Les producteurs les plus c\u00e9l\u00e8bres de l&#039;industrie des adultes | Regarde maintenant !\" \/>\n<meta property=\"og:description\" content=\"Apprends des faits passionnants et des informations de fond sur les producteurs \u00e9rotiques les plus connus \u2713 des aper\u00e7us int\u00e9ressants.\" \/>\n<meta property=\"og:url\" content=\"https:\/\/all-actresses.com\/fr\/producteur\/\" \/>\n<meta property=\"og:site_name\" content=\"all-actresses.com\" \/>\n<meta property=\"article:modified_time\" content=\"2021-04-29T13:06:33+00:00\" \/>\n<meta property=\"og:image\" content=\"https:\/\/all-actresses.com\/wp-content\/uploads\/2020\/10\/All-Actresses-fav.png\" \/>\n\t<meta property=\"og:image:width\" content=\"512\" \/>\n\t<meta property=\"og:image:height\" content=\"512\" \/>\n\t<meta property=\"og:image:type\" content=\"image\/png\" \/>\n<meta name=\"twitter:card\" content=\"summary_large_image\" \/>\n<meta name=\"twitter:label1\" content=\"Dur\u00e9e de lecture estim\u00e9e\" \/>\n\t<meta name=\"twitter:data1\" content=\"1 minute\" \/>\n<script type=\"application\/ld+json\" class=\"yoast-schema-graph\">{\"@context\":\"https:\\\/\\\/schema.org\",\"@graph\":[{\"@type\":\"WebPage\",\"@id\":\"https:\\\/\\\/all-actresses.com\\\/fr\\\/producteur\\\/\",\"url\":\"https:\\\/\\\/all-actresses.com\\\/fr\\\/producteur\\\/\",\"name\":\"Les producteurs les plus c\u00e9l\u00e8bres de l'industrie des adultes | Regarde maintenant !\",\"isPartOf\":{\"@id\":\"https:\\\/\\\/all-actresses.com\\\/#website\"},\"primaryImageOfPage\":{\"@id\":\"https:\\\/\\\/all-actresses.com\\\/fr\\\/producteur\\\/#primaryimage\"},\"image\":{\"@id\":\"https:\\\/\\\/all-actresses.com\\\/fr\\\/producteur\\\/#primaryimage\"},\"thumbnailUrl\":\"https:\\\/\\\/all-actresses.com\\\/wp-content\\\/uploads\\\/2020\\\/10\\\/All-Actresses-fav.png\",\"datePublished\":\"2021-04-12T08:29:25+00:00\",\"dateModified\":\"2021-04-29T13:06:33+00:00\",\"description\":\"Apprends des faits passionnants et des informations de fond sur les producteurs \u00e9rotiques les plus connus \u2713 des aper\u00e7us int\u00e9ressants.\",\"breadcrumb\":{\"@id\":\"https:\\\/\\\/all-actresses.com\\\/fr\\\/producteur\\\/#breadcrumb\"},\"inLanguage\":\"fr-FR\",\"potentialAction\":[{\"@type\":\"ReadAction\",\"target\":[\"https:\\\/\\\/all-actresses.com\\\/fr\\\/producteur\\\/\"]}]},{\"@type\":\"ImageObject\",\"inLanguage\":\"fr-FR\",\"@id\":\"https:\\\/\\\/all-actresses.com\\\/fr\\\/producteur\\\/#primaryimage\",\"url\":\"https:\\\/\\\/all-actresses.com\\\/wp-content\\\/uploads\\\/2020\\\/10\\\/All-Actresses-fav.png\",\"contentUrl\":\"https:\\\/\\\/all-actresses.com\\\/wp-content\\\/uploads\\\/2020\\\/10\\\/All-Actresses-fav.png\",\"width\":512,\"height\":512},{\"@type\":\"BreadcrumbList\",\"@id\":\"https:\\\/\\\/all-actresses.com\\\/fr\\\/producteur\\\/#breadcrumb\",\"itemListElement\":[{\"@type\":\"ListItem\",\"position\":1,\"name\":\"Startseite\",\"item\":\"https:\\\/\\\/all-actresses.com\\\/fr\\\/\"},{\"@type\":\"ListItem\",\"position\":2,\"name\":\"Producteur\"}]},{\"@type\":\"WebSite\",\"@id\":\"https:\\\/\\\/all-actresses.com\\\/#website\",\"url\":\"https:\\\/\\\/all-actresses.com\\\/\",\"name\":\"all-actresses.com\",\"description\":\"Entdecke die Welt von AllActresses!\",\"publisher\":{\"@id\":\"https:\\\/\\\/all-actresses.com\\\/#organization\"},\"potentialAction\":[{\"@type\":\"SearchAction\",\"target\":{\"@type\":\"EntryPoint\",\"urlTemplate\":\"https:\\\/\\\/all-actresses.com\\\/?s={search_term_string}\"},\"query-input\":{\"@type\":\"PropertyValueSpecification\",\"valueRequired\":true,\"valueName\":\"search_term_string\"}}],\"inLanguage\":\"fr-FR\"},{\"@type\":\"Organization\",\"@id\":\"https:\\\/\\\/all-actresses.com\\\/#organization\",\"name\":\"all-actresses.com\",\"url\":\"https:\\\/\\\/all-actresses.com\\\/\",\"logo\":{\"@type\":\"ImageObject\",\"inLanguage\":\"fr-FR\",\"@id\":\"https:\\\/\\\/all-actresses.com\\\/#\\\/schema\\\/logo\\\/image\\\/\",\"url\":\"https:\\\/\\\/all-actresses.com\\\/wp-content\\\/uploads\\\/2021\\\/05\\\/allactresses-2-e1620037015851.jpg\",\"contentUrl\":\"https:\\\/\\\/all-actresses.com\\\/wp-content\\\/uploads\\\/2021\\\/05\\\/allactresses-2-e1620037015851.jpg\",\"width\":400,\"height\":213,\"caption\":\"all-actresses.com\"},\"image\":{\"@id\":\"https:\\\/\\\/all-actresses.com\\\/#\\\/schema\\\/logo\\\/image\\\/\"}}]}<\/script>\n<!-- \/ Yoast SEO plugin. -->","yoast_head_json":{"title":"Les producteurs les plus c\u00e9l\u00e8bres de l'industrie des adultes | Regarde maintenant !","description":"Apprends des faits passionnants et des informations de fond sur les producteurs \u00e9rotiques les plus connus \u2713 des aper\u00e7us int\u00e9ressants.","robots":{"index":"index","follow":"follow","max-snippet":"max-snippet:-1","max-image-preview":"max-image-preview:large","max-video-preview":"max-video-preview:-1"},"canonical":"https:\/\/all-actresses.com\/fr\/producteur\/","og_locale":"fr_FR","og_type":"article","og_title":"Les producteurs les plus c\u00e9l\u00e8bres de l'industrie des adultes | Regarde maintenant !","og_description":"Apprends des faits passionnants et des informations de fond sur les producteurs \u00e9rotiques les plus connus \u2713 des aper\u00e7us int\u00e9ressants.","og_url":"https:\/\/all-actresses.com\/fr\/producteur\/","og_site_name":"all-actresses.com","article_modified_time":"2021-04-29T13:06:33+00:00","og_image":[{"width":512,"height":512,"url":"https:\/\/all-actresses.com\/wp-content\/uploads\/2020\/10\/All-Actresses-fav.png","type":"image\/png"}],"twitter_card":"summary_large_image","twitter_misc":{"Dur\u00e9e de lecture estim\u00e9e":"1 minute"},"schema":{"@context":"https:\/\/schema.org","@graph":[{"@type":"WebPage","@id":"https:\/\/all-actresses.com\/fr\/producteur\/","url":"https:\/\/all-actresses.com\/fr\/producteur\/","name":"Les producteurs les plus c\u00e9l\u00e8bres de l'industrie des adultes | Regarde maintenant !","isPartOf":{"@id":"https:\/\/all-actresses.com\/#website"},"primaryImageOfPage":{"@id":"https:\/\/all-actresses.com\/fr\/producteur\/#primaryimage"},"image":{"@id":"https:\/\/all-actresses.com\/fr\/producteur\/#primaryimage"},"thumbnailUrl":"https:\/\/all-actresses.com\/wp-content\/uploads\/2020\/10\/All-Actresses-fav.png","datePublished":"2021-04-12T08:29:25+00:00","dateModified":"2021-04-29T13:06:33+00:00","description":"Apprends des faits passionnants et des informations de fond sur les producteurs \u00e9rotiques les plus connus \u2713 des aper\u00e7us int\u00e9ressants.","breadcrumb":{"@id":"https:\/\/all-actresses.com\/fr\/producteur\/#breadcrumb"},"inLanguage":"fr-FR","potentialAction":[{"@type":"ReadAction","target":["https:\/\/all-actresses.com\/fr\/producteur\/"]}]},{"@type":"ImageObject","inLanguage":"fr-FR","@id":"https:\/\/all-actresses.com\/fr\/producteur\/#primaryimage","url":"https:\/\/all-actresses.com\/wp-content\/uploads\/2020\/10\/All-Actresses-fav.png","contentUrl":"https:\/\/all-actresses.com\/wp-content\/uploads\/2020\/10\/All-Actresses-fav.png","width":512,"height":512},{"@type":"BreadcrumbList","@id":"https:\/\/all-actresses.com\/fr\/producteur\/#breadcrumb","itemListElement":[{"@type":"ListItem","position":1,"name":"Startseite","item":"https:\/\/all-actresses.com\/fr\/"},{"@type":"ListItem","position":2,"name":"Producteur"}]},{"@type":"WebSite","@id":"https:\/\/all-actresses.com\/#website","url":"https:\/\/all-actresses.com\/","name":"all-actresses.com","description":"Entdecke die Welt von AllActresses!","publisher":{"@id":"https:\/\/all-actresses.com\/#organization"},"potentialAction":[{"@type":"SearchAction","target":{"@type":"EntryPoint","urlTemplate":"https:\/\/all-actresses.com\/?s={search_term_string}"},"query-input":{"@type":"PropertyValueSpecification","valueRequired":true,"valueName":"search_term_string"}}],"inLanguage":"fr-FR"},{"@type":"Organization","@id":"https:\/\/all-actresses.com\/#organization","name":"all-actresses.com","url":"https:\/\/all-actresses.com\/","logo":{"@type":"ImageObject","inLanguage":"fr-FR","@id":"https:\/\/all-actresses.com\/#\/schema\/logo\/image\/","url":"https:\/\/all-actresses.com\/wp-content\/uploads\/2021\/05\/allactresses-2-e1620037015851.jpg","contentUrl":"https:\/\/all-actresses.com\/wp-content\/uploads\/2021\/05\/allactresses-2-e1620037015851.jpg","width":400,"height":213,"caption":"all-actresses.com"},"image":{"@id":"https:\/\/all-actresses.com\/#\/schema\/logo\/image\/"}}]}},"_links":{"self":[{"href":"https:\/\/all-actresses.com\/fr\/wp-json\/wp\/v2\/pages\/2451","targetHints":{"allow":["GET"]}}],"collection":[{"href":"https:\/\/all-actresses.com\/fr\/wp-json\/wp\/v2\/pages"}],"about":[{"href":"https:\/\/all-actresses.com\/fr\/wp-json\/wp\/v2\/types\/page"}],"author":[{"embeddable":true,"href":"https:\/\/all-actresses.com\/fr\/wp-json\/wp\/v2\/users\/1"}],"replies":[{"embeddable":true,"href":"https:\/\/all-actresses.com\/fr\/wp-json\/wp\/v2\/comments?post=2451"}],"version-history":[{"count":3,"href":"https:\/\/all-actresses.com\/fr\/wp-json\/wp\/v2\/pages\/2451\/revisions"}],"predecessor-version":[{"id":3969,"href":"https:\/\/all-actresses.com\/fr\/wp-json\/wp\/v2\/pages\/2451\/revisions\/3969"}],"wp:featuredmedia":[{"embeddable":true,"href":"https:\/\/all-actresses.com\/fr\/wp-json\/wp\/v2\/media\/1816"}],"wp:attachment":[{"href":"https:\/\/all-actresses.com\/fr\/wp-json\/wp\/v2\/media?parent=2451"}],"curies":[{"name":"wp","href":"https:\/\/api.w.org\/{rel}","templated":true}]}}