{"id":2125,"date":"2021-04-08T09:48:08","date_gmt":"2021-04-08T07:48:08","guid":{"rendered":"https:\/\/all-actresses.com\/?page_id=2125"},"modified":"2025-04-10T14:32:23","modified_gmt":"2025-04-10T12:32:23","slug":"mentions-legales","status":"publish","type":"page","link":"https:\/\/all-actresses.com\/fr\/mentions-legales\/","title":{"rendered":"Mentions l\u00e9gales"},"content":{"rendered":"\n<p>ADULT UNIVERSE LTD.<br>Rua 31 de Janeiro, N. 12 e &#8211; 6 Andar,<br>Porta X 9050-011 Funchal<\/p>\n\n\n\n<p>Contact :<br>E-mail : hey@all-actresses.com<\/p>\n\n\n\n<p>Responsable de la protection des mineurs :<\/p>\n\n\n\n<p>jugendschutz@all-actresses.com<\/p>\n\n\n\n<p>Plate-forme de la Commission europ\u00e9enne pour le r\u00e8glement en ligne des litiges : https:\/\/ec.europa.eu\/consumers\/odr\/<\/p>\n\n\n\n<p>Nous ne sommes ni oblig\u00e9s ni dispos\u00e9s \u00e0 participer \u00e0 une proc\u00e9dure de r\u00e8glement des litiges devant un organisme de conciliation des consommateurs.<\/p>\n","protected":false},"excerpt":{"rendered":"<p>ADULT UNIVERSE LTD.Rua 31 de Janeiro, N. 12 e &#8211; 6 Andar,Porta X 9050-011 Funchal Contact :E-mail : hey@all-actresses.com Responsable de la protection des mineurs : jugendschutz@all-actresses.com Plate-forme de la Commission europ\u00e9enne pour le r\u00e8glement en ligne des litiges : https:\/\/ec.europa.eu\/consumers\/odr\/ Nous ne sommes ni oblig\u00e9s ni dispos\u00e9s \u00e0 participer \u00e0 une proc\u00e9dure de r\u00e8glement &#8230; <a title=\"Mentions l\u00e9gales\" class=\"read-more\" href=\"https:\/\/all-actresses.com\/fr\/mentions-legales\/\" aria-label=\"En savoir plus sur Mentions l\u00e9gales\">Lire la suite<\/a><\/p>\n","protected":false},"author":1,"featured_media":0,"parent":0,"menu_order":0,"comment_status":"closed","ping_status":"closed","template":"","meta":{"footnotes":""},"class_list":["post-2125","page","type-page","status-publish"],"yoast_head":"<!-- This site is optimized with the Yoast SEO plugin v27.4 - https:\/\/yoast.com\/product\/yoast-seo-wordpress\/ -->\n<title>Mentions l\u00e9gales - all-actresses.com<\/title>\n<meta name=\"robots\" content=\"noindex, nofollow\" \/>\n<meta property=\"og:locale\" content=\"fr_FR\" \/>\n<meta property=\"og:type\" content=\"article\" \/>\n<meta property=\"og:title\" content=\"Mentions l\u00e9gales - all-actresses.com\" \/>\n<meta property=\"og:description\" content=\"ADULT UNIVERSE LTD.Rua 31 de Janeiro, N. 12 e &#8211; 6 Andar,Porta X 9050-011 Funchal Contact :E-mail : hey@all-actresses.com Responsable de la protection des mineurs : jugendschutz@all-actresses.com Plate-forme de la Commission europ\u00e9enne pour le r\u00e8glement en ligne des litiges : https:\/\/ec.europa.eu\/consumers\/odr\/ Nous ne sommes ni oblig\u00e9s ni dispos\u00e9s \u00e0 participer \u00e0 une proc\u00e9dure de r\u00e8glement ... Lire la suite\" \/>\n<meta property=\"og:url\" content=\"https:\/\/all-actresses.com\/fr\/mentions-legales\/\" \/>\n<meta property=\"og:site_name\" content=\"all-actresses.com\" \/>\n<meta property=\"article:modified_time\" content=\"2025-04-10T12:32:23+00:00\" \/>\n<meta name=\"twitter:card\" content=\"summary_large_image\" \/>\n<meta name=\"twitter:label1\" content=\"Dur\u00e9e de lecture estim\u00e9e\" \/>\n\t<meta name=\"twitter:data1\" content=\"1 minute\" \/>\n<script type=\"application\/ld+json\" class=\"yoast-schema-graph\">{\"@context\":\"https:\\\/\\\/schema.org\",\"@graph\":[{\"@type\":\"WebPage\",\"@id\":\"https:\\\/\\\/all-actresses.com\\\/fr\\\/mentions-legales\\\/\",\"url\":\"https:\\\/\\\/all-actresses.com\\\/fr\\\/mentions-legales\\\/\",\"name\":\"Mentions l\u00e9gales - all-actresses.com\",\"isPartOf\":{\"@id\":\"https:\\\/\\\/all-actresses.com\\\/#website\"},\"datePublished\":\"2021-04-08T07:48:08+00:00\",\"dateModified\":\"2025-04-10T12:32:23+00:00\",\"breadcrumb\":{\"@id\":\"https:\\\/\\\/all-actresses.com\\\/fr\\\/mentions-legales\\\/#breadcrumb\"},\"inLanguage\":\"fr-FR\",\"potentialAction\":[{\"@type\":\"ReadAction\",\"target\":[\"https:\\\/\\\/all-actresses.com\\\/fr\\\/mentions-legales\\\/\"]}]},{\"@type\":\"BreadcrumbList\",\"@id\":\"https:\\\/\\\/all-actresses.com\\\/fr\\\/mentions-legales\\\/#breadcrumb\",\"itemListElement\":[{\"@type\":\"ListItem\",\"position\":1,\"name\":\"Startseite\",\"item\":\"https:\\\/\\\/all-actresses.com\\\/fr\\\/\"},{\"@type\":\"ListItem\",\"position\":2,\"name\":\"Mentions l\u00e9gales\"}]},{\"@type\":\"WebSite\",\"@id\":\"https:\\\/\\\/all-actresses.com\\\/#website\",\"url\":\"https:\\\/\\\/all-actresses.com\\\/\",\"name\":\"all-actresses.com\",\"description\":\"Entdecke die Welt von AllActresses!\",\"publisher\":{\"@id\":\"https:\\\/\\\/all-actresses.com\\\/#organization\"},\"potentialAction\":[{\"@type\":\"SearchAction\",\"target\":{\"@type\":\"EntryPoint\",\"urlTemplate\":\"https:\\\/\\\/all-actresses.com\\\/?s={search_term_string}\"},\"query-input\":{\"@type\":\"PropertyValueSpecification\",\"valueRequired\":true,\"valueName\":\"search_term_string\"}}],\"inLanguage\":\"fr-FR\"},{\"@type\":\"Organization\",\"@id\":\"https:\\\/\\\/all-actresses.com\\\/#organization\",\"name\":\"all-actresses.com\",\"url\":\"https:\\\/\\\/all-actresses.com\\\/\",\"logo\":{\"@type\":\"ImageObject\",\"inLanguage\":\"fr-FR\",\"@id\":\"https:\\\/\\\/all-actresses.com\\\/#\\\/schema\\\/logo\\\/image\\\/\",\"url\":\"https:\\\/\\\/all-actresses.com\\\/wp-content\\\/uploads\\\/2021\\\/05\\\/allactresses-2-e1620037015851.jpg\",\"contentUrl\":\"https:\\\/\\\/all-actresses.com\\\/wp-content\\\/uploads\\\/2021\\\/05\\\/allactresses-2-e1620037015851.jpg\",\"width\":400,\"height\":213,\"caption\":\"all-actresses.com\"},\"image\":{\"@id\":\"https:\\\/\\\/all-actresses.com\\\/#\\\/schema\\\/logo\\\/image\\\/\"}}]}<\/script>\n<!-- \/ Yoast SEO plugin. -->","yoast_head_json":{"title":"Mentions l\u00e9gales - all-actresses.com","robots":{"index":"noindex","follow":"nofollow"},"og_locale":"fr_FR","og_type":"article","og_title":"Mentions l\u00e9gales - all-actresses.com","og_description":"ADULT UNIVERSE LTD.Rua 31 de Janeiro, N. 12 e &#8211; 6 Andar,Porta X 9050-011 Funchal Contact :E-mail : hey@all-actresses.com Responsable de la protection des mineurs : jugendschutz@all-actresses.com Plate-forme de la Commission europ\u00e9enne pour le r\u00e8glement en ligne des litiges : https:\/\/ec.europa.eu\/consumers\/odr\/ Nous ne sommes ni oblig\u00e9s ni dispos\u00e9s \u00e0 participer \u00e0 une proc\u00e9dure de r\u00e8glement ... Lire la suite","og_url":"https:\/\/all-actresses.com\/fr\/mentions-legales\/","og_site_name":"all-actresses.com","article_modified_time":"2025-04-10T12:32:23+00:00","twitter_card":"summary_large_image","twitter_misc":{"Dur\u00e9e de lecture estim\u00e9e":"1 minute"},"schema":{"@context":"https:\/\/schema.org","@graph":[{"@type":"WebPage","@id":"https:\/\/all-actresses.com\/fr\/mentions-legales\/","url":"https:\/\/all-actresses.com\/fr\/mentions-legales\/","name":"Mentions l\u00e9gales - all-actresses.com","isPartOf":{"@id":"https:\/\/all-actresses.com\/#website"},"datePublished":"2021-04-08T07:48:08+00:00","dateModified":"2025-04-10T12:32:23+00:00","breadcrumb":{"@id":"https:\/\/all-actresses.com\/fr\/mentions-legales\/#breadcrumb"},"inLanguage":"fr-FR","potentialAction":[{"@type":"ReadAction","target":["https:\/\/all-actresses.com\/fr\/mentions-legales\/"]}]},{"@type":"BreadcrumbList","@id":"https:\/\/all-actresses.com\/fr\/mentions-legales\/#breadcrumb","itemListElement":[{"@type":"ListItem","position":1,"name":"Startseite","item":"https:\/\/all-actresses.com\/fr\/"},{"@type":"ListItem","position":2,"name":"Mentions l\u00e9gales"}]},{"@type":"WebSite","@id":"https:\/\/all-actresses.com\/#website","url":"https:\/\/all-actresses.com\/","name":"all-actresses.com","description":"Entdecke die Welt von AllActresses!","publisher":{"@id":"https:\/\/all-actresses.com\/#organization"},"potentialAction":[{"@type":"SearchAction","target":{"@type":"EntryPoint","urlTemplate":"https:\/\/all-actresses.com\/?s={search_term_string}"},"query-input":{"@type":"PropertyValueSpecification","valueRequired":true,"valueName":"search_term_string"}}],"inLanguage":"fr-FR"},{"@type":"Organization","@id":"https:\/\/all-actresses.com\/#organization","name":"all-actresses.com","url":"https:\/\/all-actresses.com\/","logo":{"@type":"ImageObject","inLanguage":"fr-FR","@id":"https:\/\/all-actresses.com\/#\/schema\/logo\/image\/","url":"https:\/\/all-actresses.com\/wp-content\/uploads\/2021\/05\/allactresses-2-e1620037015851.jpg","contentUrl":"https:\/\/all-actresses.com\/wp-content\/uploads\/2021\/05\/allactresses-2-e1620037015851.jpg","width":400,"height":213,"caption":"all-actresses.com"},"image":{"@id":"https:\/\/all-actresses.com\/#\/schema\/logo\/image\/"}}]}},"_links":{"self":[{"href":"https:\/\/all-actresses.com\/fr\/wp-json\/wp\/v2\/pages\/2125","targetHints":{"allow":["GET"]}}],"collection":[{"href":"https:\/\/all-actresses.com\/fr\/wp-json\/wp\/v2\/pages"}],"about":[{"href":"https:\/\/all-actresses.com\/fr\/wp-json\/wp\/v2\/types\/page"}],"author":[{"embeddable":true,"href":"https:\/\/all-actresses.com\/fr\/wp-json\/wp\/v2\/users\/1"}],"replies":[{"embeddable":true,"href":"https:\/\/all-actresses.com\/fr\/wp-json\/wp\/v2\/comments?post=2125"}],"version-history":[{"count":4,"href":"https:\/\/all-actresses.com\/fr\/wp-json\/wp\/v2\/pages\/2125\/revisions"}],"predecessor-version":[{"id":17341,"href":"https:\/\/all-actresses.com\/fr\/wp-json\/wp\/v2\/pages\/2125\/revisions\/17341"}],"wp:attachment":[{"href":"https:\/\/all-actresses.com\/fr\/wp-json\/wp\/v2\/media?parent=2125"}],"curies":[{"name":"wp","href":"https:\/\/api.w.org\/{rel}","templated":true}]}}