{"id":12879,"date":"2021-06-16T15:39:30","date_gmt":"2021-06-16T13:39:30","guid":{"rendered":"https:\/\/all-actresses.com\/about-us\/"},"modified":"2024-05-17T07:22:24","modified_gmt":"2024-05-17T05:22:24","slug":"tietoa-meista","status":"publish","type":"page","link":"https:\/\/all-actresses.com\/fi\/tietoa-meista\/","title":{"rendered":"Tietoa meist\u00e4"},"content":{"rendered":"\n<figure class=\"wp-block-image alignfull size-full\"><img decoding=\"async\" width=\"1900\" height=\"480\" data-src=\"https:\/\/all-actresses.com\/wp-content\/uploads\/2024\/05\/Tietoa-meista.jpg\" alt=\"\" class=\"wp-image-14271 lazyload\" data-srcset=\"https:\/\/all-actresses.com\/wp-content\/uploads\/2024\/05\/Tietoa-meista.jpg 1900w, https:\/\/all-actresses.com\/wp-content\/uploads\/2024\/05\/Tietoa-meista-300x76.jpg 300w, https:\/\/all-actresses.com\/wp-content\/uploads\/2024\/05\/Tietoa-meista-1024x259.jpg 1024w, https:\/\/all-actresses.com\/wp-content\/uploads\/2024\/05\/Tietoa-meista-768x194.jpg 768w, https:\/\/all-actresses.com\/wp-content\/uploads\/2024\/05\/Tietoa-meista-1536x388.jpg 1536w\" data-sizes=\"(max-width: 1900px) 100vw, 1900px\" src=\"data:image\/svg+xml;base64,PHN2ZyB3aWR0aD0iMSIgaGVpZ2h0PSIxIiB4bWxucz0iaHR0cDovL3d3dy53My5vcmcvMjAwMC9zdmciPjwvc3ZnPg==\" style=\"--smush-placeholder-width: 1900px; --smush-placeholder-aspect-ratio: 1900\/480;\" \/><\/figure>\n\n\n\n<h2 class=\"wp-block-heading\"><strong>Tarina kaikista n\u00e4yttelij\u00f6ist\u00e4<\/strong><\/h2>\n\n\n\n<h3 class=\"wp-block-heading\"><strong>Spontaanista ideasta kansainv\u00e4liseksi portaaliksi &#8211; T\u00e4m\u00e4 on tarina sen takana<\/strong><\/h3>\n\n\n\n<p>El\u00e4mme vuotta 2020. Aurinkoisena my\u00f6h\u00e4issyysp\u00e4iv\u00e4n\u00e4 digitaalisen markkinoinnin tiimimme omistautuu aiheelle, jota etsit\u00e4\u00e4n valtavan usein World Wide Webiss\u00e4: Aikuisten ja erotiikan ala. Esiintyjien, eroottisten verkostojen ja alustojen kysynt\u00e4 on valtava.<\/p>\n\n\n\n<p>Aiemmin olimme jo tehneet monia kokemuksia aikuissektorista internetiss\u00e4. Huomasimme nopeasti, ett\u00e4 t\u00e4h\u00e4n kysynt\u00e4\u00e4n vastaavia hyv\u00e4maineisia l\u00e4hteit\u00e4 ei juuri ole. N\u00e4m\u00e4 sivustot eiv\u00e4t tarjoa hy\u00f6dyllist\u00e4 sis\u00e4lt\u00f6\u00e4, vaan pyrkiv\u00e4t vain ansaitsemaan rahaa k\u00e4vij\u00f6ilt\u00e4\u00e4n tunkeilevien bannereiden, ponnahdusikkunoiden ja muiden mainosmuotojen avulla. Olimme p\u00e4\u00e4tt\u00e4neet muuttaa t\u00e4m\u00e4n tilanteen perustamalla All-Actressesin.<\/p>\n\n\n\n<h3 class=\"wp-block-heading\"><strong>Teht\u00e4v\u00e4mme<\/strong><\/h3>\n\n\n\n<p>Haluamme tarjota sinulle kaikki tiedot suosituimmista n\u00e4yttelij\u00e4tt\u00e4rist\u00e4, webbikameraportaaleista ja videoverkoista yhdest\u00e4 l\u00e4hteest\u00e4. Haluamme my\u00f6s esitell\u00e4 sinulle parhaat eroottiset tarjoukset parhaaseen hintaan ja poistaa pelkosi vilpillisist\u00e4 tarjouksista. Ensisijainen tavoitteemme on tuoda valoa aikuisalan viel\u00e4 pime\u00e4\u00e4n maailmaan. Valitettavasti on viel\u00e4 monia ep\u00e4ilytt\u00e4vi\u00e4 tarjouksia ja sivustoja, jotka est\u00e4v\u00e4t juuri t\u00e4m\u00e4n.<\/p>\n\n\n\n<h3 class=\"wp-block-heading\"><strong>Visiomme<\/strong><\/h3>\n\n\n\n<p>Visiomme ja tavoitteemme on olla portaalimme avulla k\u00e4ytt\u00e4jien k\u00e4ytett\u00e4viss\u00e4 kaikkialla maailmassa aikuisalan konsulttina. All-Actresses.comin tulisi vakiinnuttaa asemansa aikuisalan pysyv\u00e4n\u00e4 tekij\u00e4n\u00e4 ja toimia uskollisena kumppanina asiantuntemuksensa, auktoriteettinsa ja erityisesti luottamuksensa avulla.<\/p>\n\n\n\n<h3 class=\"wp-block-heading\"><strong>Yhteisty\u00f6kumppanimme<\/strong><\/h3>\n\n\n\n<p>Me All-Actresses.comissa haluamme tarjota parhaan kokemuksen parhaaseen hintaan. T\u00e4st\u00e4 syyst\u00e4 olemme pohtineet intensiivisesti, mink\u00e4 yhteisty\u00f6kumppaneiden kanssa haluamme tehd\u00e4 yhteisty\u00f6t\u00e4. Ja mink\u00e4 kumppaneiden kanssa yhteisty\u00f6 ei tule kysymykseen.<\/p>\n\n\n\n<p>Teemme yhteisty\u00f6t\u00e4 suurimpien kansainv\u00e4listen webbikameraportaalien kanssa, kuten <a href=\"https:\/\/all-actresses.com\/fi\/camsoda\/\">Camsoda<\/a>, <a href=\"https:\/\/all-actresses.com\/fi\/bongacams\/\">Bongacams<\/a>, <a href=\"https:\/\/all-actresses.com\/fi\/chaturbate\/\">Chaturbate<\/a>, <a href=\"https:\/\/all-actresses.com\/fi\/cam4\/\">CAM4<\/a>, <a href=\"https:\/\/all-actresses.com\/fi\/livejasmin\/\">LiveJasmin<\/a> ja <a href=\"https:\/\/all-actresses.com\/fi\/streamate\/\">Streamate<\/a>. Tuotantoalalla teemme yhteisty\u00f6t\u00e4 muun muassa <a href=\"https:\/\/all-actresses.com\/fi\/brazzers\/\">Brazzersin<\/a>, <a href=\"https:\/\/all-actresses.com\/fi\/fake-taxi\/\">FakeHubin<\/a>, <a href=\"https:\/\/lp.mydirtyhobby.com\/2\/?video=4&amp;lang=de&amp;ats=eyJhIjozMDkyNTEsImMiOjU5MTA3NzMyLCJuIjoyMSwicyI6MjQxLCJlIjo5NTQyLCJwIjoyfQ==\">MyDirtyHobbyn<\/a> ja <a href=\"https:\/\/www.zubivu.com\/VX\/LP\/Tuby2\/A?w=48182&amp;ws=\">Visit-X:<\/a>n kanssa.<\/p>\n\n\n\n<p>Portaalimme avulla palvelemme kysynt\u00e4\u00e4 maailman suurimmissa hakukoneissa, kuten Google, Bing tai Yahoo. Lis\u00e4ksi olemme kysyneet itselt\u00e4mme, miten voimme tavoittaa sosiaalisen median piiriss\u00e4 aktiiviset k\u00e4ytt\u00e4j\u00e4t.<\/p>\n\n\n\n<p>All-Actresses.comin Facebook- ja Instagram-sivumme avulla tavoitamme juuri t\u00e4m\u00e4n kohderyhm\u00e4n. Lis\u00e4ksi Instagram-sivulla <a href=\"https:\/\/www.instagram.com\/camsoda_stars\/\">@camsoda_stars<\/a> olemme rakentaneet laajan, erityisesti Camsodan malleille suunnatun faniyhteis\u00f6n, joka seuraa ja tukee heit\u00e4 heid\u00e4n sosiaalisen median l\u00e4sn\u00e4olossaan.<\/p>\n\n\n\n<p>Tavoitteenamme sosiaalisessa mediassa on synnytt\u00e4\u00e4 entist\u00e4 enemm\u00e4n innostusta alaamme kohtaan, tuoda yhteis\u00f6 yhteen ja lis\u00e4t\u00e4 sek\u00e4 tunnettujen mallien ett\u00e4 amat\u00f6\u00f6rimallien tavoittavuutta. J\u00e4lkimm\u00e4ist\u00e4 tavoitetta varten olemme avanneet toisen portaalin.<\/p>\n\n\n\n<p>CamshowStars.com-sivuston ja Instagram-sivun <a href=\"https:\/\/www.instagram.com\/camshow_stars\/\">@camshow_stars<\/a> avulla autamme aloittelevia webkameramalleja kasvattamaan faniyhteis\u00f6\u00e4\u00e4n. Saavutamme t\u00e4m\u00e4n mukauttamalla sis\u00e4lt\u00f6\u00e4 suosittuihin hakukoneisiin ja sosiaalisen median portaaleihin. Strategiamme on osoittautunut t\u00e4h\u00e4n menness\u00e4 eritt\u00e4in menestyksekk\u00e4\u00e4ksi.<\/p>\n\n\n\n<h3 class=\"wp-block-heading\"><strong>Haluatko liitty\u00e4 j\u00e4seneksi?<\/strong><\/h3>\n\n\n\n<p>Oletko eroottinen malli, webkameramalli tai joku, joka on innostunut aiheista? \u00c4l\u00e4 sitten ep\u00e4r\u00f6i ja ota meihin yhteytt\u00e4 Instagram-sivujemme<a href=\"https:\/\/www.instagram.com\/allactressescom\/\">(@allactressescom<\/a> ja <a href=\"https:\/\/www.instagram.com\/camshow_stars\/\">@camshow_stars<\/a>) kautta tai s\u00e4hk\u00f6postitse. Mit\u00e4 me voimme tehd\u00e4 juuri sinulle? Toisaalta meill\u00e4 on mahdollisuus listata sinut portaalissamme All-Actresses.com tai Camshowstars.com yksinoikeudella. Mutta tarjoamme sinulle my\u00f6s apua rekister\u00f6inniss\u00e4 ja ensimm\u00e4isen sis\u00e4lt\u00f6si julkaisemisessa suosituimmilla eroottisilla alustoilla. Lis\u00e4ksi katsomme mielell\u00e4mme yhdess\u00e4 kanssasi olemassa olevia profiilejasi ja annamme sinulle vinkkej\u00e4 siit\u00e4, miten voit saada viel\u00e4 enemm\u00e4n faneja.<\/p>\n","protected":false},"excerpt":{"rendered":"<p>Tarina kaikista n\u00e4yttelij\u00f6ist\u00e4 Spontaanista ideasta kansainv\u00e4liseksi portaaliksi &#8211; T\u00e4m\u00e4 on tarina sen takana El\u00e4mme vuotta 2020. Aurinkoisena my\u00f6h\u00e4issyysp\u00e4iv\u00e4n\u00e4 digitaalisen markkinoinnin tiimimme omistautuu aiheelle, jota etsit\u00e4\u00e4n valtavan usein World Wide Webiss\u00e4: Aikuisten ja erotiikan ala. Esiintyjien, eroottisten verkostojen ja alustojen kysynt\u00e4 on valtava. Aiemmin olimme jo tehneet monia kokemuksia aikuissektorista internetiss\u00e4. Huomasimme nopeasti, ett\u00e4 t\u00e4h\u00e4n kysynt\u00e4\u00e4n &#8230; <a title=\"Tietoa meist\u00e4\" class=\"read-more\" href=\"https:\/\/all-actresses.com\/fi\/tietoa-meista\/\" aria-label=\"Lue lis\u00e4\u00e4 aiheesta Tietoa meist\u00e4\">Lue lis\u00e4\u00e4<\/a><\/p>\n","protected":false},"author":1,"featured_media":0,"parent":0,"menu_order":0,"comment_status":"closed","ping_status":"closed","template":"","meta":{"footnotes":""},"class_list":["post-12879","page","type-page","status-publish"],"yoast_head":"<!-- This site is optimized with the Yoast SEO plugin v27.3 - https:\/\/yoast.com\/product\/yoast-seo-wordpress\/ -->\n<title>Tietoa meist\u00e4 - all-actresses.com<\/title>\n<meta name=\"robots\" content=\"noindex, nofollow\" \/>\n<meta property=\"og:locale\" content=\"fi_FI\" \/>\n<meta property=\"og:type\" content=\"article\" \/>\n<meta property=\"og:title\" content=\"Tietoa meist\u00e4 - all-actresses.com\" \/>\n<meta property=\"og:description\" content=\"Tarina kaikista n\u00e4yttelij\u00f6ist\u00e4 Spontaanista ideasta kansainv\u00e4liseksi portaaliksi &#8211; T\u00e4m\u00e4 on tarina sen takana El\u00e4mme vuotta 2020. Aurinkoisena my\u00f6h\u00e4issyysp\u00e4iv\u00e4n\u00e4 digitaalisen markkinoinnin tiimimme omistautuu aiheelle, jota etsit\u00e4\u00e4n valtavan usein World Wide Webiss\u00e4: Aikuisten ja erotiikan ala. Esiintyjien, eroottisten verkostojen ja alustojen kysynt\u00e4 on valtava. Aiemmin olimme jo tehneet monia kokemuksia aikuissektorista internetiss\u00e4. Huomasimme nopeasti, ett\u00e4 t\u00e4h\u00e4n kysynt\u00e4\u00e4n ... Lue lis\u00e4\u00e4\" \/>\n<meta property=\"og:url\" content=\"https:\/\/all-actresses.com\/fi\/tietoa-meista\/\" \/>\n<meta property=\"og:site_name\" content=\"all-actresses.com\" \/>\n<meta property=\"article:modified_time\" content=\"2024-05-17T05:22:24+00:00\" \/>\n<meta property=\"og:image\" content=\"https:\/\/all-actresses.com\/wp-content\/uploads\/2024\/05\/Tietoa-meista.jpg\" \/>\n<meta name=\"twitter:card\" content=\"summary_large_image\" \/>\n<meta name=\"twitter:label1\" content=\"Arvioitu lukuaika\" \/>\n\t<meta name=\"twitter:data1\" content=\"3 minuuttia\" \/>\n<script type=\"application\/ld+json\" class=\"yoast-schema-graph\">{\"@context\":\"https:\\\/\\\/schema.org\",\"@graph\":[{\"@type\":\"WebPage\",\"@id\":\"https:\\\/\\\/all-actresses.com\\\/fi\\\/tietoa-meista\\\/\",\"url\":\"https:\\\/\\\/all-actresses.com\\\/fi\\\/tietoa-meista\\\/\",\"name\":\"Tietoa meist\u00e4 - all-actresses.com\",\"isPartOf\":{\"@id\":\"https:\\\/\\\/all-actresses.com\\\/#website\"},\"primaryImageOfPage\":{\"@id\":\"https:\\\/\\\/all-actresses.com\\\/fi\\\/tietoa-meista\\\/#primaryimage\"},\"image\":{\"@id\":\"https:\\\/\\\/all-actresses.com\\\/fi\\\/tietoa-meista\\\/#primaryimage\"},\"thumbnailUrl\":\"https:\\\/\\\/all-actresses.com\\\/wp-content\\\/uploads\\\/2024\\\/05\\\/Tietoa-meista.jpg\",\"datePublished\":\"2021-06-16T13:39:30+00:00\",\"dateModified\":\"2024-05-17T05:22:24+00:00\",\"breadcrumb\":{\"@id\":\"https:\\\/\\\/all-actresses.com\\\/fi\\\/tietoa-meista\\\/#breadcrumb\"},\"inLanguage\":\"fi\",\"potentialAction\":[{\"@type\":\"ReadAction\",\"target\":[\"https:\\\/\\\/all-actresses.com\\\/fi\\\/tietoa-meista\\\/\"]}]},{\"@type\":\"ImageObject\",\"inLanguage\":\"fi\",\"@id\":\"https:\\\/\\\/all-actresses.com\\\/fi\\\/tietoa-meista\\\/#primaryimage\",\"url\":\"https:\\\/\\\/all-actresses.com\\\/wp-content\\\/uploads\\\/2024\\\/05\\\/Tietoa-meista.jpg\",\"contentUrl\":\"https:\\\/\\\/all-actresses.com\\\/wp-content\\\/uploads\\\/2024\\\/05\\\/Tietoa-meista.jpg\"},{\"@type\":\"BreadcrumbList\",\"@id\":\"https:\\\/\\\/all-actresses.com\\\/fi\\\/tietoa-meista\\\/#breadcrumb\",\"itemListElement\":[{\"@type\":\"ListItem\",\"position\":1,\"name\":\"Startseite\",\"item\":\"https:\\\/\\\/all-actresses.com\\\/fi\\\/\"},{\"@type\":\"ListItem\",\"position\":2,\"name\":\"Tietoa meist\u00e4\"}]},{\"@type\":\"WebSite\",\"@id\":\"https:\\\/\\\/all-actresses.com\\\/#website\",\"url\":\"https:\\\/\\\/all-actresses.com\\\/\",\"name\":\"all-actresses.com\",\"description\":\"Entdecke die Welt von AllActresses!\",\"publisher\":{\"@id\":\"https:\\\/\\\/all-actresses.com\\\/#organization\"},\"potentialAction\":[{\"@type\":\"SearchAction\",\"target\":{\"@type\":\"EntryPoint\",\"urlTemplate\":\"https:\\\/\\\/all-actresses.com\\\/?s={search_term_string}\"},\"query-input\":{\"@type\":\"PropertyValueSpecification\",\"valueRequired\":true,\"valueName\":\"search_term_string\"}}],\"inLanguage\":\"fi\"},{\"@type\":\"Organization\",\"@id\":\"https:\\\/\\\/all-actresses.com\\\/#organization\",\"name\":\"all-actresses.com\",\"url\":\"https:\\\/\\\/all-actresses.com\\\/\",\"logo\":{\"@type\":\"ImageObject\",\"inLanguage\":\"fi\",\"@id\":\"https:\\\/\\\/all-actresses.com\\\/#\\\/schema\\\/logo\\\/image\\\/\",\"url\":\"https:\\\/\\\/all-actresses.com\\\/wp-content\\\/uploads\\\/2021\\\/05\\\/allactresses-2-e1620037015851.jpg\",\"contentUrl\":\"https:\\\/\\\/all-actresses.com\\\/wp-content\\\/uploads\\\/2021\\\/05\\\/allactresses-2-e1620037015851.jpg\",\"width\":400,\"height\":213,\"caption\":\"all-actresses.com\"},\"image\":{\"@id\":\"https:\\\/\\\/all-actresses.com\\\/#\\\/schema\\\/logo\\\/image\\\/\"}}]}<\/script>\n<!-- \/ Yoast SEO plugin. -->","yoast_head_json":{"title":"Tietoa meist\u00e4 - all-actresses.com","robots":{"index":"noindex","follow":"nofollow"},"og_locale":"fi_FI","og_type":"article","og_title":"Tietoa meist\u00e4 - all-actresses.com","og_description":"Tarina kaikista n\u00e4yttelij\u00f6ist\u00e4 Spontaanista ideasta kansainv\u00e4liseksi portaaliksi &#8211; T\u00e4m\u00e4 on tarina sen takana El\u00e4mme vuotta 2020. Aurinkoisena my\u00f6h\u00e4issyysp\u00e4iv\u00e4n\u00e4 digitaalisen markkinoinnin tiimimme omistautuu aiheelle, jota etsit\u00e4\u00e4n valtavan usein World Wide Webiss\u00e4: Aikuisten ja erotiikan ala. Esiintyjien, eroottisten verkostojen ja alustojen kysynt\u00e4 on valtava. Aiemmin olimme jo tehneet monia kokemuksia aikuissektorista internetiss\u00e4. Huomasimme nopeasti, ett\u00e4 t\u00e4h\u00e4n kysynt\u00e4\u00e4n ... Lue lis\u00e4\u00e4","og_url":"https:\/\/all-actresses.com\/fi\/tietoa-meista\/","og_site_name":"all-actresses.com","article_modified_time":"2024-05-17T05:22:24+00:00","og_image":[{"url":"https:\/\/all-actresses.com\/wp-content\/uploads\/2024\/05\/Tietoa-meista.jpg","type":"","width":"","height":""}],"twitter_card":"summary_large_image","twitter_misc":{"Arvioitu lukuaika":"3 minuuttia"},"schema":{"@context":"https:\/\/schema.org","@graph":[{"@type":"WebPage","@id":"https:\/\/all-actresses.com\/fi\/tietoa-meista\/","url":"https:\/\/all-actresses.com\/fi\/tietoa-meista\/","name":"Tietoa meist\u00e4 - all-actresses.com","isPartOf":{"@id":"https:\/\/all-actresses.com\/#website"},"primaryImageOfPage":{"@id":"https:\/\/all-actresses.com\/fi\/tietoa-meista\/#primaryimage"},"image":{"@id":"https:\/\/all-actresses.com\/fi\/tietoa-meista\/#primaryimage"},"thumbnailUrl":"https:\/\/all-actresses.com\/wp-content\/uploads\/2024\/05\/Tietoa-meista.jpg","datePublished":"2021-06-16T13:39:30+00:00","dateModified":"2024-05-17T05:22:24+00:00","breadcrumb":{"@id":"https:\/\/all-actresses.com\/fi\/tietoa-meista\/#breadcrumb"},"inLanguage":"fi","potentialAction":[{"@type":"ReadAction","target":["https:\/\/all-actresses.com\/fi\/tietoa-meista\/"]}]},{"@type":"ImageObject","inLanguage":"fi","@id":"https:\/\/all-actresses.com\/fi\/tietoa-meista\/#primaryimage","url":"https:\/\/all-actresses.com\/wp-content\/uploads\/2024\/05\/Tietoa-meista.jpg","contentUrl":"https:\/\/all-actresses.com\/wp-content\/uploads\/2024\/05\/Tietoa-meista.jpg"},{"@type":"BreadcrumbList","@id":"https:\/\/all-actresses.com\/fi\/tietoa-meista\/#breadcrumb","itemListElement":[{"@type":"ListItem","position":1,"name":"Startseite","item":"https:\/\/all-actresses.com\/fi\/"},{"@type":"ListItem","position":2,"name":"Tietoa meist\u00e4"}]},{"@type":"WebSite","@id":"https:\/\/all-actresses.com\/#website","url":"https:\/\/all-actresses.com\/","name":"all-actresses.com","description":"Entdecke die Welt von AllActresses!","publisher":{"@id":"https:\/\/all-actresses.com\/#organization"},"potentialAction":[{"@type":"SearchAction","target":{"@type":"EntryPoint","urlTemplate":"https:\/\/all-actresses.com\/?s={search_term_string}"},"query-input":{"@type":"PropertyValueSpecification","valueRequired":true,"valueName":"search_term_string"}}],"inLanguage":"fi"},{"@type":"Organization","@id":"https:\/\/all-actresses.com\/#organization","name":"all-actresses.com","url":"https:\/\/all-actresses.com\/","logo":{"@type":"ImageObject","inLanguage":"fi","@id":"https:\/\/all-actresses.com\/#\/schema\/logo\/image\/","url":"https:\/\/all-actresses.com\/wp-content\/uploads\/2021\/05\/allactresses-2-e1620037015851.jpg","contentUrl":"https:\/\/all-actresses.com\/wp-content\/uploads\/2021\/05\/allactresses-2-e1620037015851.jpg","width":400,"height":213,"caption":"all-actresses.com"},"image":{"@id":"https:\/\/all-actresses.com\/#\/schema\/logo\/image\/"}}]}},"_links":{"self":[{"href":"https:\/\/all-actresses.com\/fi\/wp-json\/wp\/v2\/pages\/12879","targetHints":{"allow":["GET"]}}],"collection":[{"href":"https:\/\/all-actresses.com\/fi\/wp-json\/wp\/v2\/pages"}],"about":[{"href":"https:\/\/all-actresses.com\/fi\/wp-json\/wp\/v2\/types\/page"}],"author":[{"embeddable":true,"href":"https:\/\/all-actresses.com\/fi\/wp-json\/wp\/v2\/users\/1"}],"replies":[{"embeddable":true,"href":"https:\/\/all-actresses.com\/fi\/wp-json\/wp\/v2\/comments?post=12879"}],"version-history":[{"count":3,"href":"https:\/\/all-actresses.com\/fi\/wp-json\/wp\/v2\/pages\/12879\/revisions"}],"predecessor-version":[{"id":14284,"href":"https:\/\/all-actresses.com\/fi\/wp-json\/wp\/v2\/pages\/12879\/revisions\/14284"}],"wp:attachment":[{"href":"https:\/\/all-actresses.com\/fi\/wp-json\/wp\/v2\/media?parent=12879"}],"curies":[{"name":"wp","href":"https:\/\/api.w.org\/{rel}","templated":true}]}}