{"id":12772,"date":"2021-05-26T11:54:50","date_gmt":"2021-05-26T09:54:50","guid":{"rendered":"https:\/\/all-actresses.com\/community\/"},"modified":"2024-05-18T13:18:41","modified_gmt":"2024-05-18T11:18:41","slug":"yhteiso","status":"publish","type":"page","link":"https:\/\/all-actresses.com\/fi\/yhteiso\/","title":{"rendered":"Yhteis\u00f6"},"content":{"rendered":"\n<figure class=\"wp-block-image alignfull size-full\"><img decoding=\"async\" width=\"1900\" height=\"480\" data-src=\"https:\/\/all-actresses.com\/wp-content\/uploads\/2024\/03\/Header_Community-FI.png\" alt=\"Header_Yhteis\u00f6\" class=\"wp-image-11279 lazyload\" data-srcset=\"https:\/\/all-actresses.com\/wp-content\/uploads\/2024\/03\/Header_Community-FI.png 1900w, https:\/\/all-actresses.com\/wp-content\/uploads\/2024\/03\/Header_Community-FI-300x76.png 300w, https:\/\/all-actresses.com\/wp-content\/uploads\/2024\/03\/Header_Community-FI-1024x259.png 1024w, https:\/\/all-actresses.com\/wp-content\/uploads\/2024\/03\/Header_Community-FI-768x194.png 768w, https:\/\/all-actresses.com\/wp-content\/uploads\/2024\/03\/Header_Community-FI-1536x388.png 1536w\" data-sizes=\"(max-width: 1900px) 100vw, 1900px\" src=\"data:image\/svg+xml;base64,PHN2ZyB3aWR0aD0iMSIgaGVpZ2h0PSIxIiB4bWxucz0iaHR0cDovL3d3dy53My5vcmcvMjAwMC9zdmciPjwvc3ZnPg==\" style=\"--smush-placeholder-width: 1900px; --smush-placeholder-aspect-ratio: 1900\/480;\" \/><\/figure>\n\n\n\n<div class=\"pt-cv-wrapper\"><div class=\"pt-cv-view pt-cv-grid pt-cv-colsys\" id=\"pt-cv-view-0b3369bu3p\"><div data-id=\"pt-cv-page-1\" class=\"pt-cv-page\" data-cvc=\"2\"><div class=\"col-md-6 col-sm-6 col-xs-12 pt-cv-content-item pt-cv-1-col\" ><div class='pt-cv-ifield'><a href=\"https:\/\/all-actresses.com\/fi\/ersties\/\" class=\"_self pt-cv-href-thumbnail pt-cv-thumb-default\" target=\"_self\" ><\/a>\n<h3 class=\"pt-cv-title\"><a href=\"https:\/\/all-actresses.com\/fi\/ersties\/\" class=\"_self\" target=\"_self\" >Ersties<\/a><\/h3>\n<div class=\"pt-cv-content\">Ersties Termist\u00e4 Ersties moni saksalainen ajattelee yliopistoon vasta tulleita opiskelijoita. T\u00e4m\u00e4 ajatus on oikeastaan oikeansuuntainen, jos tarkastellaan Erstiesin taustalla olevaa ...<br \/><div class=\"pt-cv-rmwrap\"><a href=\"https:\/\/all-actresses.com\/fi\/ersties\/\" class=\"_self pt-cv-readmore btn btn-success\" target=\"_self\">Lue Lis\u00e4\u00e4<\/a><\/div><\/div><\/div><\/div>\n<div class=\"col-md-6 col-sm-6 col-xs-12 pt-cv-content-item pt-cv-1-col\" ><div class='pt-cv-ifield'><a href=\"https:\/\/all-actresses.com\/fi\/mydirtyhobby\/\" class=\"_self pt-cv-href-thumbnail pt-cv-thumb-default\" target=\"_self\" ><\/a>\n<h3 class=\"pt-cv-title\"><a href=\"https:\/\/all-actresses.com\/fi\/mydirtyhobby\/\" class=\"_self\" target=\"_self\" >MyDirtyHobby<\/a><\/h3>\n<div class=\"pt-cv-content\">MyDirtyHobby Oletko intohimoinen katselemaan aikuissis\u00e4lt\u00f6isi\u00e4 videoita, mutta et l\u00f6yd\u00e4 tiet\u00e4si lukemattomien videopalvelujen tarjoajien joukosta? Me AllActresses autamme sinua saamaan yleiskuvan! ...<br \/><div class=\"pt-cv-rmwrap\"><a href=\"https:\/\/all-actresses.com\/fi\/mydirtyhobby\/\" class=\"_self pt-cv-readmore btn btn-success\" target=\"_self\">Lue Lis\u00e4\u00e4<\/a><\/div><\/div><\/div><\/div>\n<div class=\"col-md-6 col-sm-6 col-xs-12 pt-cv-content-item pt-cv-1-col\" ><div class='pt-cv-ifield'><a href=\"https:\/\/all-actresses.com\/fi\/stripchat\/\" class=\"_self pt-cv-href-thumbnail pt-cv-thumb-default\" target=\"_self\" ><\/a>\n<h3 class=\"pt-cv-title\"><a href=\"https:\/\/all-actresses.com\/fi\/stripchat\/\" class=\"_self\" target=\"_self\" >Stripchat<\/a><\/h3>\n<div class=\"pt-cv-content\">Stripchat Mill\u00e4 tahansa alalla voidaan ajan mittaan havaita trendej\u00e4. T\u00e4m\u00e4 p\u00e4tee erityisesti eroottisella alalla. Eroottiset elokuvat ovat edelleen hyvin kysyttyj\u00e4, ...<br \/><div class=\"pt-cv-rmwrap\"><a href=\"https:\/\/all-actresses.com\/fi\/stripchat\/\" class=\"_self pt-cv-readmore btn btn-success\" target=\"_self\">Lue Lis\u00e4\u00e4<\/a><\/div><\/div><\/div><\/div>\n<div class=\"col-md-6 col-sm-6 col-xs-12 pt-cv-content-item pt-cv-1-col\" ><div class='pt-cv-ifield'><a href=\"https:\/\/all-actresses.com\/fi\/youporn\/\" class=\"_self pt-cv-href-thumbnail pt-cv-thumb-default\" target=\"_self\" ><\/a>\n<h3 class=\"pt-cv-title\"><a href=\"https:\/\/all-actresses.com\/fi\/youporn\/\" class=\"_self\" target=\"_self\" >YouPorn<\/a><\/h3>\n<div class=\"pt-cv-content\">YouPorn Maailman suurimman videoalustan YouTuben j\u00e4lkeen 2000-luvun alussa perustettiin yksi internetin tunnetuimmista videoverkostoista. Kuten ehk\u00e4 arvasitkin, puhumme YouPornista. T\u00e4m\u00e4 lukeutuu ...<br \/><div class=\"pt-cv-rmwrap\"><a href=\"https:\/\/all-actresses.com\/fi\/youporn\/\" class=\"_self pt-cv-readmore btn btn-success\" target=\"_self\">Lue Lis\u00e4\u00e4<\/a><\/div><\/div><\/div><\/div>\n<div class=\"col-md-6 col-sm-6 col-xs-12 pt-cv-content-item pt-cv-1-col\" ><div class='pt-cv-ifield'><a href=\"https:\/\/all-actresses.com\/fi\/xvideos\/\" class=\"_self pt-cv-href-thumbnail pt-cv-thumb-default\" target=\"_self\" ><\/a>\n<h3 class=\"pt-cv-title\"><a href=\"https:\/\/all-actresses.com\/fi\/xvideos\/\" class=\"_self\" target=\"_self\" >XVIDEOS<\/a><\/h3>\n<div class=\"pt-cv-content\">XVIDEOS Vuodesta 2007 l\u00e4htien yksi sivusto on liittynyt maailman suosituimpien videoalustojen joukkoon: Kieli on per\u00e4isin videoverkosta XVIDEOS.com. Varsinkin vuodesta 2010 ...<br \/><div class=\"pt-cv-rmwrap\"><a href=\"https:\/\/all-actresses.com\/fi\/xvideos\/\" class=\"_self pt-cv-readmore btn btn-success\" target=\"_self\">Lue Lis\u00e4\u00e4<\/a><\/div><\/div><\/div><\/div>\n<div class=\"col-md-6 col-sm-6 col-xs-12 pt-cv-content-item pt-cv-1-col\" ><div class='pt-cv-ifield'><a href=\"https:\/\/all-actresses.com\/fi\/xhamsterlive\/\" class=\"_self pt-cv-href-thumbnail pt-cv-thumb-default\" target=\"_self\" ><\/a>\n<h3 class=\"pt-cv-title\"><a href=\"https:\/\/all-actresses.com\/fi\/xhamsterlive\/\" class=\"_self\" target=\"_self\" >XHamsterLive<\/a><\/h3>\n<div class=\"pt-cv-content\">XHamsterLive Etsitk\u00f6 todellista eroottista alustaa, jossa on livestream-toiminto sinulle? Sitten autamme sinua mielell\u00e4mme kysymyksesi kanssa! T\u00e4\u00e4ll\u00e4 All Actresses -sivustolla esittelemme ...<br \/><div class=\"pt-cv-rmwrap\"><a href=\"https:\/\/all-actresses.com\/fi\/xhamsterlive\/\" class=\"_self pt-cv-readmore btn btn-success\" target=\"_self\">Lue Lis\u00e4\u00e4<\/a><\/div><\/div><\/div><\/div>\n<div class=\"col-md-6 col-sm-6 col-xs-12 pt-cv-content-item pt-cv-1-col\" ><div class='pt-cv-ifield'><a href=\"https:\/\/all-actresses.com\/fi\/xnxx\/\" class=\"_self pt-cv-href-thumbnail pt-cv-thumb-default\" target=\"_self\" ><\/a>\n<h3 class=\"pt-cv-title\"><a href=\"https:\/\/all-actresses.com\/fi\/xnxx\/\" class=\"_self\" target=\"_self\" >XNXX<\/a><\/h3>\n<div class=\"pt-cv-content\">XNXX Jos etsit eroottista sis\u00e4lt\u00f6\u00e4 sis\u00e4lt\u00e4vi\u00e4 videoita internetist\u00e4, t\u00f6rm\u00e4\u00e4t varmasti ennemmin tai my\u00f6hemmin alustaan XNXX.com. Ei ihme, sill\u00e4 eroottinen portaali ...<br \/><div class=\"pt-cv-rmwrap\"><a href=\"https:\/\/all-actresses.com\/fi\/xnxx\/\" class=\"_self pt-cv-readmore btn btn-success\" target=\"_self\">Lue Lis\u00e4\u00e4<\/a><\/div><\/div><\/div><\/div>\n<div class=\"col-md-6 col-sm-6 col-xs-12 pt-cv-content-item pt-cv-1-col\" ><div class='pt-cv-ifield'><a href=\"https:\/\/all-actresses.com\/fi\/xhamster\/\" class=\"_self pt-cv-href-thumbnail pt-cv-thumb-default\" target=\"_self\" ><\/a>\n<h3 class=\"pt-cv-title\"><a href=\"https:\/\/all-actresses.com\/fi\/xhamster\/\" class=\"_self\" target=\"_self\" >XHamster<\/a><\/h3>\n<div class=\"pt-cv-content\">XHamster Viime vuosikymmenin\u00e4 on syntynyt lukemattomia verkkosivustoja, joilla on tarjolla aikuissis\u00e4lt\u00f6\u00e4. Mutta kaikki niist\u00e4 eiv\u00e4t ole todella vakavasti otettavia ja ...<br \/><div class=\"pt-cv-rmwrap\"><a href=\"https:\/\/all-actresses.com\/fi\/xhamster\/\" class=\"_self pt-cv-readmore btn btn-success\" target=\"_self\">Lue Lis\u00e4\u00e4<\/a><\/div><\/div><\/div><\/div>\n<div class=\"col-md-6 col-sm-6 col-xs-12 pt-cv-content-item pt-cv-1-col\" ><div class='pt-cv-ifield'><a href=\"https:\/\/all-actresses.com\/fi\/susi-live\/\" class=\"_self pt-cv-href-thumbnail pt-cv-thumb-default\" target=\"_self\" ><\/a>\n<h3 class=\"pt-cv-title\"><a href=\"https:\/\/all-actresses.com\/fi\/susi-live\/\" class=\"_self\" target=\"_self\" >Susi.live<\/a><\/h3>\n<div class=\"pt-cv-content\">Susi.live Jos tarkastelet tarkemmin t\u00e4m\u00e4n p\u00e4iv\u00e4n hakutrendej\u00e4 Internetiss\u00e4, huomaat nopeasti yhden asian: eroottista sis\u00e4lt\u00f6\u00e4 sis\u00e4lt\u00e4vien kuvien, elokuvien ja videoiden kysynt\u00e4 ...<br \/><div class=\"pt-cv-rmwrap\"><a href=\"https:\/\/all-actresses.com\/fi\/susi-live\/\" class=\"_self pt-cv-readmore btn btn-success\" target=\"_self\">Lue Lis\u00e4\u00e4<\/a><\/div><\/div><\/div><\/div>\n<div class=\"col-md-6 col-sm-6 col-xs-12 pt-cv-content-item pt-cv-1-col\" ><div class='pt-cv-ifield'><a href=\"https:\/\/all-actresses.com\/fi\/streamate\/\" class=\"_self pt-cv-href-thumbnail pt-cv-thumb-default\" target=\"_self\" ><\/a>\n<h3 class=\"pt-cv-title\"><a href=\"https:\/\/all-actresses.com\/fi\/streamate\/\" class=\"_self\" target=\"_self\" >Streamate<\/a><\/h3>\n<div class=\"pt-cv-content\">Streamate Streamate - Kun kuulet t\u00e4m\u00e4n nimen ensimm\u00e4ist\u00e4 kertaa, et yleens\u00e4 ajattele eroottista suoratoistoalustaa. Pikemminkin ep\u00e4ilee, ett\u00e4 t\u00e4m\u00e4n nimen taakse ...<br \/><div class=\"pt-cv-rmwrap\"><a href=\"https:\/\/all-actresses.com\/fi\/streamate\/\" class=\"_self pt-cv-readmore btn btn-success\" target=\"_self\">Lue Lis\u00e4\u00e4<\/a><\/div><\/div><\/div><\/div>\n<div class=\"col-md-6 col-sm-6 col-xs-12 pt-cv-content-item pt-cv-1-col\" ><div class='pt-cv-ifield'><a href=\"https:\/\/all-actresses.com\/fi\/redtube\/\" class=\"_self pt-cv-href-thumbnail pt-cv-thumb-default\" target=\"_self\" ><\/a>\n<h3 class=\"pt-cv-title\"><a href=\"https:\/\/all-actresses.com\/fi\/redtube\/\" class=\"_self\" target=\"_self\" >RedTube<\/a><\/h3>\n<div class=\"pt-cv-content\">RedTube Vuodesta 2007 l\u00e4htien yksi suurimmista eroottisista alustoista, joka on koskaan ollut olemassa internetiss\u00e4: Nimi perustuu selv\u00e4sti maailman suurimpaan videoalustaan ...<br \/><div class=\"pt-cv-rmwrap\"><a href=\"https:\/\/all-actresses.com\/fi\/redtube\/\" class=\"_self pt-cv-readmore btn btn-success\" target=\"_self\">Lue Lis\u00e4\u00e4<\/a><\/div><\/div><\/div><\/div>\n<div class=\"col-md-6 col-sm-6 col-xs-12 pt-cv-content-item pt-cv-1-col\" ><div class='pt-cv-ifield'><a href=\"https:\/\/all-actresses.com\/fi\/pornhub\/\" class=\"_self pt-cv-href-thumbnail pt-cv-thumb-default\" target=\"_self\" ><\/a>\n<h3 class=\"pt-cv-title\"><a href=\"https:\/\/all-actresses.com\/fi\/pornhub\/\" class=\"_self\" target=\"_self\" >Pornhub<\/a><\/h3>\n<div class=\"pt-cv-content\">Pornhub Eroottisia videoita ja kuvia etsiess\u00e4si olet varmasti t\u00f6rm\u00e4nnyt Pornhub videoalustaan, joka on tullut tietoosi. T\u00e4m\u00e4 ei ole yll\u00e4tt\u00e4v\u00e4\u00e4: Pornhub ...<br \/><div class=\"pt-cv-rmwrap\"><a href=\"https:\/\/all-actresses.com\/fi\/pornhub\/\" class=\"_self pt-cv-readmore btn btn-success\" target=\"_self\">Lue Lis\u00e4\u00e4<\/a><\/div><\/div><\/div><\/div>\n<div class=\"col-md-6 col-sm-6 col-xs-12 pt-cv-content-item pt-cv-1-col\" ><div class='pt-cv-ifield'><a href=\"https:\/\/all-actresses.com\/fi\/jerkmate\/\" class=\"_self pt-cv-href-thumbnail pt-cv-thumb-default\" target=\"_self\" ><\/a>\n<h3 class=\"pt-cv-title\"><a href=\"https:\/\/all-actresses.com\/fi\/jerkmate\/\" class=\"_self\" target=\"_self\" >Jerkmate<\/a><\/h3>\n<div class=\"pt-cv-content\">Jerkmate Erotiikka-alalla on jo useiden vuosien ajan ollut havaittavissa muutos. Erityisesti portaalit, jotka mahdollistavat k\u00e4ytt\u00e4jien v\u00e4lisen vuorovaikutuksen, ovat nousemassa yh\u00e4 ...<br \/><div class=\"pt-cv-rmwrap\"><a href=\"https:\/\/all-actresses.com\/fi\/jerkmate\/\" class=\"_self pt-cv-readmore btn btn-success\" target=\"_self\">Lue Lis\u00e4\u00e4<\/a><\/div><\/div><\/div><\/div>\n<div class=\"col-md-6 col-sm-6 col-xs-12 pt-cv-content-item pt-cv-1-col\" ><div class='pt-cv-ifield'><a href=\"https:\/\/all-actresses.com\/fi\/chaturbate\/\" class=\"_self pt-cv-href-thumbnail pt-cv-thumb-default\" target=\"_self\" ><\/a>\n<h3 class=\"pt-cv-title\"><a href=\"https:\/\/all-actresses.com\/fi\/chaturbate\/\" class=\"_self\" target=\"_self\" >Chaturbate<\/a><\/h3>\n<div class=\"pt-cv-content\">Chaturbate Viime vuosina on havaittu maailmanlaajuisesti, ett\u00e4 sosiaaliset verkostot ovat tulossa yh\u00e4 suositummiksi ammattimaisten eroottisten elokuvien lis\u00e4ksi ja niiden esiintyj\u00e4t ...<br \/><div class=\"pt-cv-rmwrap\"><a href=\"https:\/\/all-actresses.com\/fi\/chaturbate\/\" class=\"_self pt-cv-readmore btn btn-success\" target=\"_self\">Lue Lis\u00e4\u00e4<\/a><\/div><\/div><\/div><\/div>\n<div class=\"col-md-6 col-sm-6 col-xs-12 pt-cv-content-item pt-cv-1-col\" ><div class='pt-cv-ifield'><a href=\"https:\/\/all-actresses.com\/fi\/camsoda\/\" class=\"_self pt-cv-href-thumbnail pt-cv-thumb-default\" target=\"_self\" ><\/a>\n<h3 class=\"pt-cv-title\"><a href=\"https:\/\/all-actresses.com\/fi\/camsoda\/\" class=\"_self\" target=\"_self\" >Camsoda<\/a><\/h3>\n<div class=\"pt-cv-content\">Camsoda Eroottiset elokuvat olivat eilen - eroottiset webbikameravirrat ovat t\u00e4n\u00e4\u00e4n. Tai? No, t\u00e4m\u00e4 teesi saattaa kuulostaa hieman liioitellulta. Mutta jos ...<br \/><div class=\"pt-cv-rmwrap\"><a href=\"https:\/\/all-actresses.com\/fi\/camsoda\/\" class=\"_self pt-cv-readmore btn btn-success\" target=\"_self\">Lue Lis\u00e4\u00e4<\/a><\/div><\/div><\/div><\/div>\n<div class=\"col-md-6 col-sm-6 col-xs-12 pt-cv-content-item pt-cv-1-col\" ><div class='pt-cv-ifield'><a href=\"https:\/\/all-actresses.com\/fi\/cam4\/\" class=\"_self pt-cv-href-thumbnail pt-cv-thumb-default\" target=\"_self\" ><\/a>\n<h3 class=\"pt-cv-title\"><a href=\"https:\/\/all-actresses.com\/fi\/cam4\/\" class=\"_self\" target=\"_self\" >Cam4<\/a><\/h3>\n<div class=\"pt-cv-content\">Cam4 Suora l\u00e4hetys - Mik\u00e4\u00e4n muu viihteen muoto ei ole luultavasti pystynyt vakiinnuttamaan asemaansa yht\u00e4 hyvin viime vuosina. Suoratoistoa tarjotaan ...<br \/><div class=\"pt-cv-rmwrap\"><a href=\"https:\/\/all-actresses.com\/fi\/cam4\/\" class=\"_self pt-cv-readmore btn btn-success\" target=\"_self\">Lue Lis\u00e4\u00e4<\/a><\/div><\/div><\/div><\/div>\n<div class=\"col-md-6 col-sm-6 col-xs-12 pt-cv-content-item pt-cv-1-col\" ><div class='pt-cv-ifield'><a href=\"https:\/\/all-actresses.com\/fi\/beeg\/\" class=\"_self pt-cv-href-thumbnail pt-cv-thumb-default\" target=\"_self\" ><\/a>\n<h3 class=\"pt-cv-title\"><a href=\"https:\/\/all-actresses.com\/fi\/beeg\/\" class=\"_self\" target=\"_self\" >Beeg.<\/a><\/h3>\n<div class=\"pt-cv-content\">Beeg Jos olet sivustomme uskollinen seuraaja, niin tied\u00e4t varmasti, ett\u00e4 esittelemme yksinomaan suurimmat eroottiset sivustot ja eroottiset t\u00e4hdet t\u00e4\u00e4ll\u00e4 kanssamme ...<br \/><div class=\"pt-cv-rmwrap\"><a href=\"https:\/\/all-actresses.com\/fi\/beeg\/\" class=\"_self pt-cv-readmore btn btn-success\" target=\"_self\">Lue Lis\u00e4\u00e4<\/a><\/div><\/div><\/div><\/div>\n<div class=\"col-md-6 col-sm-6 col-xs-12 pt-cv-content-item pt-cv-1-col\" ><div class='pt-cv-ifield'><a href=\"https:\/\/all-actresses.com\/webcam-vergleich\/\" class=\"_self pt-cv-href-thumbnail pt-cv-thumb-default\" target=\"_self\" ><\/a>\n<h3 class=\"pt-cv-title\"><a href=\"https:\/\/all-actresses.com\/webcam-vergleich\/\" class=\"_self\" target=\"_self\" >Gro\u00dfer Webcam Vergleich<\/a><\/h3>\n<div class=\"pt-cv-content\">Wir wissen beide, dass du gerade besseres zu tun hast, als einen Testbericht mit mehreren Seiten zu lesen. Also halten ...<br \/><div class=\"pt-cv-rmwrap\"><a href=\"https:\/\/all-actresses.com\/webcam-vergleich\/\" class=\"_self pt-cv-readmore btn btn-success\" target=\"_self\">Lue Lis\u00e4\u00e4<\/a><\/div><\/div><\/div><\/div>\n<div class=\"col-md-6 col-sm-6 col-xs-12 pt-cv-content-item pt-cv-1-col\" ><div class='pt-cv-ifield'><a href=\"https:\/\/all-actresses.com\/fi\/bongacams\/\" class=\"_self pt-cv-href-thumbnail pt-cv-thumb-default\" target=\"_self\" ><\/a>\n<h3 class=\"pt-cv-title\"><a href=\"https:\/\/all-actresses.com\/fi\/bongacams\/\" class=\"_self\" target=\"_self\" >BongaCams<\/a><\/h3>\n<div class=\"pt-cv-content\">BongaCams Jos tarkastellaan tarkemmin viime vuosien internet-trendej\u00e4, yksi aihe erottuu erityisesti: eroottista sis\u00e4lt\u00f6\u00e4 sis\u00e4lt\u00e4v\u00e4t sosiaaliset verkostot ovat yh\u00e4 suositumpia, ja ...<br \/><div class=\"pt-cv-rmwrap\"><a href=\"https:\/\/all-actresses.com\/fi\/bongacams\/\" class=\"_self pt-cv-readmore btn btn-success\" target=\"_self\">Lue Lis\u00e4\u00e4<\/a><\/div><\/div><\/div><\/div><\/div><\/div><\/div>\n","protected":false},"excerpt":{"rendered":"","protected":false},"author":1,"featured_media":0,"parent":0,"menu_order":0,"comment_status":"closed","ping_status":"closed","template":"","meta":{"footnotes":""},"class_list":["post-12772","page","type-page","status-publish"],"yoast_head":"<!-- This site is optimized with the Yoast SEO plugin v27.6 - https:\/\/yoast.com\/product\/yoast-seo-wordpress\/ -->\n<title>Eroottiset verkostot ja nettikamerat yhdell\u00e4 silm\u00e4yksell\u00e4 | Mit\u00e4 sinun tarvitsee tiet\u00e4\u00e4!<\/title>\n<meta name=\"description\" content=\"Mit\u00e4 hyv\u00e4maineisia webbikamerapalveluja ja eroottisia alustoja on olemassa? Mitk\u00e4 palvelut ovat ilmaisia? Miss\u00e4 oikeat k\u00e4ytt\u00e4j\u00e4t odottavat minua? Ota selv\u00e4\u00e4 t\u00e4\u00e4lt\u00e4!\" \/>\n<meta name=\"robots\" content=\"index, follow, max-snippet:-1, max-image-preview:large, max-video-preview:-1\" \/>\n<link rel=\"canonical\" href=\"https:\/\/all-actresses.com\/fi\/yhteiso\/\" \/>\n<meta property=\"og:locale\" content=\"fi_FI\" \/>\n<meta property=\"og:type\" content=\"article\" \/>\n<meta property=\"og:title\" content=\"Eroottiset verkostot ja nettikamerat yhdell\u00e4 silm\u00e4yksell\u00e4 | Mit\u00e4 sinun tarvitsee tiet\u00e4\u00e4!\" \/>\n<meta property=\"og:description\" content=\"Mit\u00e4 hyv\u00e4maineisia webbikamerapalveluja ja eroottisia alustoja on olemassa? Mitk\u00e4 palvelut ovat ilmaisia? Miss\u00e4 oikeat k\u00e4ytt\u00e4j\u00e4t odottavat minua? Ota selv\u00e4\u00e4 t\u00e4\u00e4lt\u00e4!\" \/>\n<meta property=\"og:url\" content=\"https:\/\/all-actresses.com\/fi\/yhteiso\/\" \/>\n<meta property=\"og:site_name\" content=\"all-actresses.com\" \/>\n<meta property=\"article:modified_time\" content=\"2024-05-18T11:18:41+00:00\" \/>\n<meta property=\"og:image\" content=\"https:\/\/all-actresses.com\/wp-content\/uploads\/2024\/03\/Header_Community-FI.png\" \/>\n<meta name=\"twitter:card\" content=\"summary_large_image\" \/>\n<meta name=\"twitter:label1\" content=\"Arvioitu lukuaika\" \/>\n\t<meta name=\"twitter:data1\" content=\"1 minuutti\" \/>\n<script type=\"application\/ld+json\" class=\"yoast-schema-graph\">{\"@context\":\"https:\\\/\\\/schema.org\",\"@graph\":[{\"@type\":\"WebPage\",\"@id\":\"https:\\\/\\\/all-actresses.com\\\/fi\\\/yhteiso\\\/\",\"url\":\"https:\\\/\\\/all-actresses.com\\\/fi\\\/yhteiso\\\/\",\"name\":\"Eroottiset verkostot ja nettikamerat yhdell\u00e4 silm\u00e4yksell\u00e4 | Mit\u00e4 sinun tarvitsee tiet\u00e4\u00e4!\",\"isPartOf\":{\"@id\":\"https:\\\/\\\/all-actresses.com\\\/#website\"},\"primaryImageOfPage\":{\"@id\":\"https:\\\/\\\/all-actresses.com\\\/fi\\\/yhteiso\\\/#primaryimage\"},\"image\":{\"@id\":\"https:\\\/\\\/all-actresses.com\\\/fi\\\/yhteiso\\\/#primaryimage\"},\"thumbnailUrl\":\"https:\\\/\\\/all-actresses.com\\\/wp-content\\\/uploads\\\/2024\\\/03\\\/Header_Community-FI.png\",\"datePublished\":\"2021-05-26T09:54:50+00:00\",\"dateModified\":\"2024-05-18T11:18:41+00:00\",\"description\":\"Mit\u00e4 hyv\u00e4maineisia webbikamerapalveluja ja eroottisia alustoja on olemassa? Mitk\u00e4 palvelut ovat ilmaisia? Miss\u00e4 oikeat k\u00e4ytt\u00e4j\u00e4t odottavat minua? Ota selv\u00e4\u00e4 t\u00e4\u00e4lt\u00e4!\",\"breadcrumb\":{\"@id\":\"https:\\\/\\\/all-actresses.com\\\/fi\\\/yhteiso\\\/#breadcrumb\"},\"inLanguage\":\"fi\",\"potentialAction\":[{\"@type\":\"ReadAction\",\"target\":[\"https:\\\/\\\/all-actresses.com\\\/fi\\\/yhteiso\\\/\"]}]},{\"@type\":\"ImageObject\",\"inLanguage\":\"fi\",\"@id\":\"https:\\\/\\\/all-actresses.com\\\/fi\\\/yhteiso\\\/#primaryimage\",\"url\":\"https:\\\/\\\/all-actresses.com\\\/wp-content\\\/uploads\\\/2024\\\/03\\\/Header_Community-FI.png\",\"contentUrl\":\"https:\\\/\\\/all-actresses.com\\\/wp-content\\\/uploads\\\/2024\\\/03\\\/Header_Community-FI.png\"},{\"@type\":\"BreadcrumbList\",\"@id\":\"https:\\\/\\\/all-actresses.com\\\/fi\\\/yhteiso\\\/#breadcrumb\",\"itemListElement\":[{\"@type\":\"ListItem\",\"position\":1,\"name\":\"Startseite\",\"item\":\"https:\\\/\\\/all-actresses.com\\\/fi\\\/\"},{\"@type\":\"ListItem\",\"position\":2,\"name\":\"Yhteis\u00f6\"}]},{\"@type\":\"WebSite\",\"@id\":\"https:\\\/\\\/all-actresses.com\\\/#website\",\"url\":\"https:\\\/\\\/all-actresses.com\\\/\",\"name\":\"all-actresses.com\",\"description\":\"Entdecke die Welt von AllActresses!\",\"publisher\":{\"@id\":\"https:\\\/\\\/all-actresses.com\\\/#organization\"},\"potentialAction\":[{\"@type\":\"SearchAction\",\"target\":{\"@type\":\"EntryPoint\",\"urlTemplate\":\"https:\\\/\\\/all-actresses.com\\\/?s={search_term_string}\"},\"query-input\":{\"@type\":\"PropertyValueSpecification\",\"valueRequired\":true,\"valueName\":\"search_term_string\"}}],\"inLanguage\":\"fi\"},{\"@type\":\"Organization\",\"@id\":\"https:\\\/\\\/all-actresses.com\\\/#organization\",\"name\":\"all-actresses.com\",\"url\":\"https:\\\/\\\/all-actresses.com\\\/\",\"logo\":{\"@type\":\"ImageObject\",\"inLanguage\":\"fi\",\"@id\":\"https:\\\/\\\/all-actresses.com\\\/#\\\/schema\\\/logo\\\/image\\\/\",\"url\":\"https:\\\/\\\/all-actresses.com\\\/wp-content\\\/uploads\\\/2021\\\/05\\\/allactresses-2-e1620037015851.jpg\",\"contentUrl\":\"https:\\\/\\\/all-actresses.com\\\/wp-content\\\/uploads\\\/2021\\\/05\\\/allactresses-2-e1620037015851.jpg\",\"width\":400,\"height\":213,\"caption\":\"all-actresses.com\"},\"image\":{\"@id\":\"https:\\\/\\\/all-actresses.com\\\/#\\\/schema\\\/logo\\\/image\\\/\"}}]}<\/script>\n<!-- \/ Yoast SEO plugin. -->","yoast_head_json":{"title":"Eroottiset verkostot ja nettikamerat yhdell\u00e4 silm\u00e4yksell\u00e4 | Mit\u00e4 sinun tarvitsee tiet\u00e4\u00e4!","description":"Mit\u00e4 hyv\u00e4maineisia webbikamerapalveluja ja eroottisia alustoja on olemassa? Mitk\u00e4 palvelut ovat ilmaisia? Miss\u00e4 oikeat k\u00e4ytt\u00e4j\u00e4t odottavat minua? Ota selv\u00e4\u00e4 t\u00e4\u00e4lt\u00e4!","robots":{"index":"index","follow":"follow","max-snippet":"max-snippet:-1","max-image-preview":"max-image-preview:large","max-video-preview":"max-video-preview:-1"},"canonical":"https:\/\/all-actresses.com\/fi\/yhteiso\/","og_locale":"fi_FI","og_type":"article","og_title":"Eroottiset verkostot ja nettikamerat yhdell\u00e4 silm\u00e4yksell\u00e4 | Mit\u00e4 sinun tarvitsee tiet\u00e4\u00e4!","og_description":"Mit\u00e4 hyv\u00e4maineisia webbikamerapalveluja ja eroottisia alustoja on olemassa? Mitk\u00e4 palvelut ovat ilmaisia? Miss\u00e4 oikeat k\u00e4ytt\u00e4j\u00e4t odottavat minua? Ota selv\u00e4\u00e4 t\u00e4\u00e4lt\u00e4!","og_url":"https:\/\/all-actresses.com\/fi\/yhteiso\/","og_site_name":"all-actresses.com","article_modified_time":"2024-05-18T11:18:41+00:00","og_image":[{"url":"https:\/\/all-actresses.com\/wp-content\/uploads\/2024\/03\/Header_Community-FI.png","type":"","width":"","height":""}],"twitter_card":"summary_large_image","twitter_misc":{"Arvioitu lukuaika":"1 minuutti"},"schema":{"@context":"https:\/\/schema.org","@graph":[{"@type":"WebPage","@id":"https:\/\/all-actresses.com\/fi\/yhteiso\/","url":"https:\/\/all-actresses.com\/fi\/yhteiso\/","name":"Eroottiset verkostot ja nettikamerat yhdell\u00e4 silm\u00e4yksell\u00e4 | Mit\u00e4 sinun tarvitsee tiet\u00e4\u00e4!","isPartOf":{"@id":"https:\/\/all-actresses.com\/#website"},"primaryImageOfPage":{"@id":"https:\/\/all-actresses.com\/fi\/yhteiso\/#primaryimage"},"image":{"@id":"https:\/\/all-actresses.com\/fi\/yhteiso\/#primaryimage"},"thumbnailUrl":"https:\/\/all-actresses.com\/wp-content\/uploads\/2024\/03\/Header_Community-FI.png","datePublished":"2021-05-26T09:54:50+00:00","dateModified":"2024-05-18T11:18:41+00:00","description":"Mit\u00e4 hyv\u00e4maineisia webbikamerapalveluja ja eroottisia alustoja on olemassa? Mitk\u00e4 palvelut ovat ilmaisia? Miss\u00e4 oikeat k\u00e4ytt\u00e4j\u00e4t odottavat minua? Ota selv\u00e4\u00e4 t\u00e4\u00e4lt\u00e4!","breadcrumb":{"@id":"https:\/\/all-actresses.com\/fi\/yhteiso\/#breadcrumb"},"inLanguage":"fi","potentialAction":[{"@type":"ReadAction","target":["https:\/\/all-actresses.com\/fi\/yhteiso\/"]}]},{"@type":"ImageObject","inLanguage":"fi","@id":"https:\/\/all-actresses.com\/fi\/yhteiso\/#primaryimage","url":"https:\/\/all-actresses.com\/wp-content\/uploads\/2024\/03\/Header_Community-FI.png","contentUrl":"https:\/\/all-actresses.com\/wp-content\/uploads\/2024\/03\/Header_Community-FI.png"},{"@type":"BreadcrumbList","@id":"https:\/\/all-actresses.com\/fi\/yhteiso\/#breadcrumb","itemListElement":[{"@type":"ListItem","position":1,"name":"Startseite","item":"https:\/\/all-actresses.com\/fi\/"},{"@type":"ListItem","position":2,"name":"Yhteis\u00f6"}]},{"@type":"WebSite","@id":"https:\/\/all-actresses.com\/#website","url":"https:\/\/all-actresses.com\/","name":"all-actresses.com","description":"Entdecke die Welt von AllActresses!","publisher":{"@id":"https:\/\/all-actresses.com\/#organization"},"potentialAction":[{"@type":"SearchAction","target":{"@type":"EntryPoint","urlTemplate":"https:\/\/all-actresses.com\/?s={search_term_string}"},"query-input":{"@type":"PropertyValueSpecification","valueRequired":true,"valueName":"search_term_string"}}],"inLanguage":"fi"},{"@type":"Organization","@id":"https:\/\/all-actresses.com\/#organization","name":"all-actresses.com","url":"https:\/\/all-actresses.com\/","logo":{"@type":"ImageObject","inLanguage":"fi","@id":"https:\/\/all-actresses.com\/#\/schema\/logo\/image\/","url":"https:\/\/all-actresses.com\/wp-content\/uploads\/2021\/05\/allactresses-2-e1620037015851.jpg","contentUrl":"https:\/\/all-actresses.com\/wp-content\/uploads\/2021\/05\/allactresses-2-e1620037015851.jpg","width":400,"height":213,"caption":"all-actresses.com"},"image":{"@id":"https:\/\/all-actresses.com\/#\/schema\/logo\/image\/"}}]}},"_links":{"self":[{"href":"https:\/\/all-actresses.com\/fi\/wp-json\/wp\/v2\/pages\/12772","targetHints":{"allow":["GET"]}}],"collection":[{"href":"https:\/\/all-actresses.com\/fi\/wp-json\/wp\/v2\/pages"}],"about":[{"href":"https:\/\/all-actresses.com\/fi\/wp-json\/wp\/v2\/types\/page"}],"author":[{"embeddable":true,"href":"https:\/\/all-actresses.com\/fi\/wp-json\/wp\/v2\/users\/1"}],"replies":[{"embeddable":true,"href":"https:\/\/all-actresses.com\/fi\/wp-json\/wp\/v2\/comments?post=12772"}],"version-history":[{"count":3,"href":"https:\/\/all-actresses.com\/fi\/wp-json\/wp\/v2\/pages\/12772\/revisions"}],"predecessor-version":[{"id":12827,"href":"https:\/\/all-actresses.com\/fi\/wp-json\/wp\/v2\/pages\/12772\/revisions\/12827"}],"wp:attachment":[{"href":"https:\/\/all-actresses.com\/fi\/wp-json\/wp\/v2\/media?parent=12772"}],"curies":[{"name":"wp","href":"https:\/\/api.w.org\/{rel}","templated":true}]}}