{"id":6534,"date":"2021-06-16T15:20:54","date_gmt":"2021-06-16T13:20:54","guid":{"rendered":"https:\/\/all-actresses.com\/?page_id=6534"},"modified":"2024-04-10T14:01:26","modified_gmt":"2024-04-10T12:01:26","slug":"sobre-nosotros","status":"publish","type":"page","link":"https:\/\/all-actresses.com\/es\/sobre-nosotros\/","title":{"rendered":"Sobre nosotros"},"content":{"rendered":"\n<figure class=\"wp-block-image alignfull size-full\"><img decoding=\"async\" width=\"1900\" height=\"480\" data-src=\"https:\/\/all-actresses.com\/wp-content\/uploads\/2021\/06\/Sobre-nosotros.jpg\" alt=\"Sobre nosotros header\" class=\"wp-image-6723 lazyload\" data-srcset=\"https:\/\/all-actresses.com\/wp-content\/uploads\/2021\/06\/Sobre-nosotros.jpg 1900w, https:\/\/all-actresses.com\/wp-content\/uploads\/2021\/06\/Sobre-nosotros-300x76.jpg 300w, https:\/\/all-actresses.com\/wp-content\/uploads\/2021\/06\/Sobre-nosotros-1024x259.jpg 1024w, https:\/\/all-actresses.com\/wp-content\/uploads\/2021\/06\/Sobre-nosotros-768x194.jpg 768w, https:\/\/all-actresses.com\/wp-content\/uploads\/2021\/06\/Sobre-nosotros-1536x388.jpg 1536w\" data-sizes=\"(max-width: 1900px) 100vw, 1900px\" src=\"data:image\/svg+xml;base64,PHN2ZyB3aWR0aD0iMSIgaGVpZ2h0PSIxIiB4bWxucz0iaHR0cDovL3d3dy53My5vcmcvMjAwMC9zdmciPjwvc3ZnPg==\" style=\"--smush-placeholder-width: 1900px; --smush-placeholder-aspect-ratio: 1900\/480;\" \/><\/figure>\n\n\n\n<h2 class=\"wp-block-heading\"><strong>La historia de las actrices<\/strong><\/h2>\n\n\n\n<h3 class=\"wp-block-heading\"><strong>De una idea espont\u00e1nea a un portal internacional &#8211; Esta historia est\u00e1 detr\u00e1s<\/strong><\/h3>\n\n\n\n<p>Estamos en el a\u00f1o 2020. En un d\u00eda soleado de finales de oto\u00f1o, nuestro equipo de marketing digital se dedica a un tema que se busca a menudo en la Red: El sector adulto y er\u00f3tico. La demanda de artistas, redes y plataformas er\u00f3ticas es enorme.<\/p>\n\n\n\n<p>En el pasado, ya hab\u00edamos hecho muchas experiencias con la industria para adultos en Internet. R\u00e1pidamente descubrimos que apenas hay fuentes acreditadas que atiendan esta demanda. Estos sitios no ofrecen contenidos \u00fatiles y s\u00f3lo pretenden ganar dinero de sus visitantes mediante banners intrusivos, ventanas emergentes y otras formas de publicidad. Quisimos cambiar esta situaci\u00f3n fundando All-Actresses.<\/p>\n\n\n\n<h3 class=\"wp-block-heading\"><strong>Nuestra misi\u00f3n<\/strong><\/h3>\n\n\n\n<p>Queremos ofrecerte toda la informaci\u00f3n sobre las actrices m\u00e1s populares, los portales de c\u00e1maras web y las redes de v\u00eddeo desde una sola fuente. Tambi\u00e9n queremos presentarte las mejores ofertas er\u00f3ticas al mejor precio y quitarte el miedo a las ofertas fraudulentas. Nuestra primera prioridad es llevar la luz al todav\u00eda oscuro mundo de la industria para adultos. Por desgracia, todav\u00eda hay muchas ofertas y sitios web dudosos que impiden exactamente eso.<\/p>\n\n\n\n<h3 class=\"wp-block-heading\"><strong>Nuestra visi\u00f3n<\/strong><\/h3>\n\n\n\n<p>Nuestra visi\u00f3n y nuestro objetivo es estar a disposici\u00f3n de los usuarios de todo el mundo con nuestro portal como consultor para el sector de los adultos. All-Actresses.com se establecer\u00e1 como un factor constante en el sector de los adultos y servir\u00e1 como un compa\u00f1ero leal a trav\u00e9s de su experiencia, autoridad y especialmente a trav\u00e9s de su confianza.<\/p>\n\n\n\n<h3 class=\"wp-block-heading\"><strong>Nuestros socios<\/strong><\/h3>\n\n\n\n<p>En All-Actresses.com, queremos ofrecer la mejor experiencia al mejor precio. Por esta raz\u00f3n, hemos estudiado detenidamente con qu\u00e9 socios nos gustar\u00eda trabajar. Y con qu\u00e9 socios est\u00e1 fuera de duda una cooperaci\u00f3n.<\/p>\n\n\n\n<p>Cooperamos con los mayores portales internacionales de c\u00e1maras web como <a href=\"https:\/\/all-actresses.com\/es\/camsoda\/\">Camsoda<\/a>, <a href=\"https:\/\/all-actresses.com\/es\/bongacams\/\">Bongacams<\/a>, <a href=\"https:\/\/all-actresses.com\/es\/chaturbate\/\">Chaturbate<\/a>, <a href=\"https:\/\/all-actresses.com\/es\/cam4\/\">CAM4<\/a>, <a href=\"https:\/\/all-actresses.com\/es\/livejasmin\/\">LiveJasmin<\/a> y <a href=\"https:\/\/all-actresses.com\/es\/streamate\/\">Streamate<\/a>. En el \u00e1mbito de la producci\u00f3n, colaboramos con <a href=\"https:\/\/all-actresses.com\/es\/brazzers\/\">Brazzers<\/a>, <a href=\"https:\/\/all-actresses.com\/es\/fake-taxi\/\">FakeHub<\/a>, <a href=\"https:\/\/lp.mydirtyhobby.com\/2\/?video=4&amp;lang=de&amp;ats=eyJhIjozMDkyNTEsImMiOjU5MTA3NzMyLCJuIjoyMSwicyI6MjQxLCJlIjo5NTQyLCJwIjoyfQ==\">MyDirtyHobby<\/a> y <a href=\"https:\/\/www.zubivu.com\/VX\/LP\/Tuby2\/A?w=48182&amp;ws=\">Visit-X<\/a>, entre otros.<\/p>\n\n\n\n<p>Con nuestro portal atendemos la demanda en los mayores buscadores del mundo, como Google, Bing o Yahoo. Adem\u00e1s, tambi\u00e9n nos hemos preguntado c\u00f3mo podemos llegar a los usuarios que est\u00e1n en las redes sociales.<\/p>\n\n\n\n<p>Con nuestra p\u00e1gina de Facebook e Instagram de All-Actresses.com llegamos exactamente a este grupo objetivo. Adem\u00e1s, hemos construido una amplia base de seguidores con la p\u00e1gina de Instagram <a href=\"https:\/\/www.instagram.com\/camsoda_stars\/\">@camsoda_stars<\/a>, que est\u00e1 especialmente orientada a las modelos de Camsoda, acompa\u00f1\u00e1ndolas y apoy\u00e1ndolas en su presencia en las redes sociales.<\/p>\n\n\n\n<p>Nuestro objetivo en las redes sociales es generar a\u00fan m\u00e1s ruido sobre nuestra industria, unir a la comunidad y aumentar el alcance tanto de las modelos conocidas como de las amateurs. Para este \u00faltimo objetivo, hemos lanzado otro portal.<\/p>\n\n\n\n<p>Con CamshowStars.com y la p\u00e1gina de Instagram <a href=\"https:\/\/www.instagram.com\/camshow_stars\/\">@camshow_stars<\/a>, ayudamos a las aspirantes a modelos webcam a hacer crecer su comunidad de fans. Lo conseguimos adaptando el contenido a los motores de b\u00fasqueda m\u00e1s populares y a los portales de las redes sociales. Nuestra estrategia ha demostrado ser muy exitosa hasta hoy.<\/p>\n\n\n\n<h3 class=\"wp-block-heading\"><strong>\u00bfQuieres hacerte socio?<\/strong><\/h3>\n\n\n\n<p>\u00bfEres un modelo er\u00f3tico, un modelo webcam o alguien a quien le entusiasman los temas? Entonces no lo dudes y ponte en contacto con nosotros a trav\u00e9s de nuestras p\u00e1ginas de Instagram<a href=\"https:\/\/www.instagram.com\/allactressescom\/\">(@allactressescom<\/a> y <a href=\"https:\/\/www.instagram.com\/camshow_stars\/\">@camshow_stars<\/a>) o por correo. \u00bfQu\u00e9 podemos hacer por ti en concreto? Por un lado, tenemos la posibilidad de incluirte en nuestro portal de All-Actresses.com o Camshowstars.com con una entrada exclusiva. Pero tambi\u00e9n te ofrecemos ayuda para el registro y la publicaci\u00f3n de tus primeros contenidos en las plataformas er\u00f3ticas m\u00e1s populares. Adem\u00e1s, estaremos encantados de examinar contigo tus perfiles existentes y darte consejos sobre c\u00f3mo puedes ganar a\u00fan m\u00e1s fans.<\/p>\n","protected":false},"excerpt":{"rendered":"<p>La historia de las actrices De una idea espont\u00e1nea a un portal internacional &#8211; Esta historia est\u00e1 detr\u00e1s Estamos en el a\u00f1o 2020. En un d\u00eda soleado de finales de oto\u00f1o, nuestro equipo de marketing digital se dedica a un tema que se busca a menudo en la Red: El sector adulto y er\u00f3tico. La &#8230; <a title=\"Sobre nosotros\" class=\"read-more\" href=\"https:\/\/all-actresses.com\/es\/sobre-nosotros\/\" aria-label=\"Leer m\u00e1s sobre Sobre nosotros\">Leer m\u00e1s<\/a><\/p>\n","protected":false},"author":1,"featured_media":0,"parent":0,"menu_order":0,"comment_status":"closed","ping_status":"closed","template":"","meta":{"footnotes":""},"class_list":["post-6534","page","type-page","status-publish"],"yoast_head":"<!-- This site is optimized with the Yoast SEO plugin v27.4 - https:\/\/yoast.com\/product\/yoast-seo-wordpress\/ -->\n<title>Sobre nosotros - all-actresses.com<\/title>\n<meta name=\"robots\" content=\"noindex, nofollow\" \/>\n<meta property=\"og:locale\" content=\"es_ES\" \/>\n<meta property=\"og:type\" content=\"article\" \/>\n<meta property=\"og:title\" content=\"Sobre nosotros - all-actresses.com\" \/>\n<meta property=\"og:description\" content=\"La historia de las actrices De una idea espont\u00e1nea a un portal internacional &#8211; Esta historia est\u00e1 detr\u00e1s Estamos en el a\u00f1o 2020. En un d\u00eda soleado de finales de oto\u00f1o, nuestro equipo de marketing digital se dedica a un tema que se busca a menudo en la Red: El sector adulto y er\u00f3tico. La ... Leer m\u00e1s\" \/>\n<meta property=\"og:url\" content=\"https:\/\/all-actresses.com\/es\/sobre-nosotros\/\" \/>\n<meta property=\"og:site_name\" content=\"all-actresses.com\" \/>\n<meta property=\"article:modified_time\" content=\"2024-04-10T12:01:26+00:00\" \/>\n<meta property=\"og:image\" content=\"https:\/\/all-actresses.com\/wp-content\/uploads\/2021\/06\/Sobre-nosotros.jpg\" \/>\n<meta name=\"twitter:card\" content=\"summary_large_image\" \/>\n<meta name=\"twitter:label1\" content=\"Tiempo de lectura\" \/>\n\t<meta name=\"twitter:data1\" content=\"4 minutos\" \/>\n<script type=\"application\/ld+json\" class=\"yoast-schema-graph\">{\"@context\":\"https:\\\/\\\/schema.org\",\"@graph\":[{\"@type\":\"WebPage\",\"@id\":\"https:\\\/\\\/all-actresses.com\\\/es\\\/sobre-nosotros\\\/\",\"url\":\"https:\\\/\\\/all-actresses.com\\\/es\\\/sobre-nosotros\\\/\",\"name\":\"Sobre nosotros - all-actresses.com\",\"isPartOf\":{\"@id\":\"https:\\\/\\\/all-actresses.com\\\/#website\"},\"primaryImageOfPage\":{\"@id\":\"https:\\\/\\\/all-actresses.com\\\/es\\\/sobre-nosotros\\\/#primaryimage\"},\"image\":{\"@id\":\"https:\\\/\\\/all-actresses.com\\\/es\\\/sobre-nosotros\\\/#primaryimage\"},\"thumbnailUrl\":\"https:\\\/\\\/all-actresses.com\\\/wp-content\\\/uploads\\\/2021\\\/06\\\/Sobre-nosotros.jpg\",\"datePublished\":\"2021-06-16T13:20:54+00:00\",\"dateModified\":\"2024-04-10T12:01:26+00:00\",\"breadcrumb\":{\"@id\":\"https:\\\/\\\/all-actresses.com\\\/es\\\/sobre-nosotros\\\/#breadcrumb\"},\"inLanguage\":\"es\",\"potentialAction\":[{\"@type\":\"ReadAction\",\"target\":[\"https:\\\/\\\/all-actresses.com\\\/es\\\/sobre-nosotros\\\/\"]}]},{\"@type\":\"ImageObject\",\"inLanguage\":\"es\",\"@id\":\"https:\\\/\\\/all-actresses.com\\\/es\\\/sobre-nosotros\\\/#primaryimage\",\"url\":\"https:\\\/\\\/all-actresses.com\\\/wp-content\\\/uploads\\\/2021\\\/06\\\/Sobre-nosotros.jpg\",\"contentUrl\":\"https:\\\/\\\/all-actresses.com\\\/wp-content\\\/uploads\\\/2021\\\/06\\\/Sobre-nosotros.jpg\"},{\"@type\":\"BreadcrumbList\",\"@id\":\"https:\\\/\\\/all-actresses.com\\\/es\\\/sobre-nosotros\\\/#breadcrumb\",\"itemListElement\":[{\"@type\":\"ListItem\",\"position\":1,\"name\":\"Startseite\",\"item\":\"https:\\\/\\\/all-actresses.com\\\/es\\\/\"},{\"@type\":\"ListItem\",\"position\":2,\"name\":\"Sobre nosotros\"}]},{\"@type\":\"WebSite\",\"@id\":\"https:\\\/\\\/all-actresses.com\\\/#website\",\"url\":\"https:\\\/\\\/all-actresses.com\\\/\",\"name\":\"all-actresses.com\",\"description\":\"Entdecke die Welt von AllActresses!\",\"publisher\":{\"@id\":\"https:\\\/\\\/all-actresses.com\\\/#organization\"},\"potentialAction\":[{\"@type\":\"SearchAction\",\"target\":{\"@type\":\"EntryPoint\",\"urlTemplate\":\"https:\\\/\\\/all-actresses.com\\\/?s={search_term_string}\"},\"query-input\":{\"@type\":\"PropertyValueSpecification\",\"valueRequired\":true,\"valueName\":\"search_term_string\"}}],\"inLanguage\":\"es\"},{\"@type\":\"Organization\",\"@id\":\"https:\\\/\\\/all-actresses.com\\\/#organization\",\"name\":\"all-actresses.com\",\"url\":\"https:\\\/\\\/all-actresses.com\\\/\",\"logo\":{\"@type\":\"ImageObject\",\"inLanguage\":\"es\",\"@id\":\"https:\\\/\\\/all-actresses.com\\\/#\\\/schema\\\/logo\\\/image\\\/\",\"url\":\"https:\\\/\\\/all-actresses.com\\\/wp-content\\\/uploads\\\/2021\\\/05\\\/allactresses-2-e1620037015851.jpg\",\"contentUrl\":\"https:\\\/\\\/all-actresses.com\\\/wp-content\\\/uploads\\\/2021\\\/05\\\/allactresses-2-e1620037015851.jpg\",\"width\":400,\"height\":213,\"caption\":\"all-actresses.com\"},\"image\":{\"@id\":\"https:\\\/\\\/all-actresses.com\\\/#\\\/schema\\\/logo\\\/image\\\/\"}}]}<\/script>\n<!-- \/ Yoast SEO plugin. -->","yoast_head_json":{"title":"Sobre nosotros - all-actresses.com","robots":{"index":"noindex","follow":"nofollow"},"og_locale":"es_ES","og_type":"article","og_title":"Sobre nosotros - all-actresses.com","og_description":"La historia de las actrices De una idea espont\u00e1nea a un portal internacional &#8211; Esta historia est\u00e1 detr\u00e1s Estamos en el a\u00f1o 2020. En un d\u00eda soleado de finales de oto\u00f1o, nuestro equipo de marketing digital se dedica a un tema que se busca a menudo en la Red: El sector adulto y er\u00f3tico. La ... Leer m\u00e1s","og_url":"https:\/\/all-actresses.com\/es\/sobre-nosotros\/","og_site_name":"all-actresses.com","article_modified_time":"2024-04-10T12:01:26+00:00","og_image":[{"url":"https:\/\/all-actresses.com\/wp-content\/uploads\/2021\/06\/Sobre-nosotros.jpg","type":"","width":"","height":""}],"twitter_card":"summary_large_image","twitter_misc":{"Tiempo de lectura":"4 minutos"},"schema":{"@context":"https:\/\/schema.org","@graph":[{"@type":"WebPage","@id":"https:\/\/all-actresses.com\/es\/sobre-nosotros\/","url":"https:\/\/all-actresses.com\/es\/sobre-nosotros\/","name":"Sobre nosotros - all-actresses.com","isPartOf":{"@id":"https:\/\/all-actresses.com\/#website"},"primaryImageOfPage":{"@id":"https:\/\/all-actresses.com\/es\/sobre-nosotros\/#primaryimage"},"image":{"@id":"https:\/\/all-actresses.com\/es\/sobre-nosotros\/#primaryimage"},"thumbnailUrl":"https:\/\/all-actresses.com\/wp-content\/uploads\/2021\/06\/Sobre-nosotros.jpg","datePublished":"2021-06-16T13:20:54+00:00","dateModified":"2024-04-10T12:01:26+00:00","breadcrumb":{"@id":"https:\/\/all-actresses.com\/es\/sobre-nosotros\/#breadcrumb"},"inLanguage":"es","potentialAction":[{"@type":"ReadAction","target":["https:\/\/all-actresses.com\/es\/sobre-nosotros\/"]}]},{"@type":"ImageObject","inLanguage":"es","@id":"https:\/\/all-actresses.com\/es\/sobre-nosotros\/#primaryimage","url":"https:\/\/all-actresses.com\/wp-content\/uploads\/2021\/06\/Sobre-nosotros.jpg","contentUrl":"https:\/\/all-actresses.com\/wp-content\/uploads\/2021\/06\/Sobre-nosotros.jpg"},{"@type":"BreadcrumbList","@id":"https:\/\/all-actresses.com\/es\/sobre-nosotros\/#breadcrumb","itemListElement":[{"@type":"ListItem","position":1,"name":"Startseite","item":"https:\/\/all-actresses.com\/es\/"},{"@type":"ListItem","position":2,"name":"Sobre nosotros"}]},{"@type":"WebSite","@id":"https:\/\/all-actresses.com\/#website","url":"https:\/\/all-actresses.com\/","name":"all-actresses.com","description":"Entdecke die Welt von AllActresses!","publisher":{"@id":"https:\/\/all-actresses.com\/#organization"},"potentialAction":[{"@type":"SearchAction","target":{"@type":"EntryPoint","urlTemplate":"https:\/\/all-actresses.com\/?s={search_term_string}"},"query-input":{"@type":"PropertyValueSpecification","valueRequired":true,"valueName":"search_term_string"}}],"inLanguage":"es"},{"@type":"Organization","@id":"https:\/\/all-actresses.com\/#organization","name":"all-actresses.com","url":"https:\/\/all-actresses.com\/","logo":{"@type":"ImageObject","inLanguage":"es","@id":"https:\/\/all-actresses.com\/#\/schema\/logo\/image\/","url":"https:\/\/all-actresses.com\/wp-content\/uploads\/2021\/05\/allactresses-2-e1620037015851.jpg","contentUrl":"https:\/\/all-actresses.com\/wp-content\/uploads\/2021\/05\/allactresses-2-e1620037015851.jpg","width":400,"height":213,"caption":"all-actresses.com"},"image":{"@id":"https:\/\/all-actresses.com\/#\/schema\/logo\/image\/"}}]}},"_links":{"self":[{"href":"https:\/\/all-actresses.com\/es\/wp-json\/wp\/v2\/pages\/6534","targetHints":{"allow":["GET"]}}],"collection":[{"href":"https:\/\/all-actresses.com\/es\/wp-json\/wp\/v2\/pages"}],"about":[{"href":"https:\/\/all-actresses.com\/es\/wp-json\/wp\/v2\/types\/page"}],"author":[{"embeddable":true,"href":"https:\/\/all-actresses.com\/es\/wp-json\/wp\/v2\/users\/1"}],"replies":[{"embeddable":true,"href":"https:\/\/all-actresses.com\/es\/wp-json\/wp\/v2\/comments?post=6534"}],"version-history":[{"count":8,"href":"https:\/\/all-actresses.com\/es\/wp-json\/wp\/v2\/pages\/6534\/revisions"}],"predecessor-version":[{"id":11916,"href":"https:\/\/all-actresses.com\/es\/wp-json\/wp\/v2\/pages\/6534\/revisions\/11916"}],"wp:attachment":[{"href":"https:\/\/all-actresses.com\/es\/wp-json\/wp\/v2\/media?parent=6534"}],"curies":[{"name":"wp","href":"https:\/\/api.w.org\/{rel}","templated":true}]}}