{"id":3032,"date":"2021-04-15T08:50:26","date_gmt":"2021-04-15T06:50:26","guid":{"rendered":"https:\/\/all-actresses.com\/?page_id=3032"},"modified":"2026-01-20T17:24:53","modified_gmt":"2026-01-20T16:24:53","slug":"nicole-aniston","status":"publish","type":"page","link":"https:\/\/all-actresses.com\/es\/nicole-aniston\/","title":{"rendered":"Nicole Aniston"},"content":{"rendered":"\n<figure class=\"wp-block-image alignfull size-full\"><img decoding=\"async\" width=\"1900\" height=\"480\" data-src=\"https:\/\/all-actresses.com\/wp-content\/uploads\/2021\/04\/Header_Actrices_ES.jpg\" alt=\"Nicole Aniston header\" class=\"wp-image-2602 lazyload\" data-srcset=\"https:\/\/all-actresses.com\/wp-content\/uploads\/2021\/04\/Header_Actrices_ES.jpg 1900w, https:\/\/all-actresses.com\/wp-content\/uploads\/2021\/04\/Header_Actrices_ES-300x76.jpg 300w, https:\/\/all-actresses.com\/wp-content\/uploads\/2021\/04\/Header_Actrices_ES-1024x259.jpg 1024w, https:\/\/all-actresses.com\/wp-content\/uploads\/2021\/04\/Header_Actrices_ES-768x194.jpg 768w, https:\/\/all-actresses.com\/wp-content\/uploads\/2021\/04\/Header_Actrices_ES-1536x388.jpg 1536w\" data-sizes=\"(max-width: 1900px) 100vw, 1900px\" src=\"data:image\/svg+xml;base64,PHN2ZyB3aWR0aD0iMSIgaGVpZ2h0PSIxIiB4bWxucz0iaHR0cDovL3d3dy53My5vcmcvMjAwMC9zdmciPjwvc3ZnPg==\" style=\"--smush-placeholder-width: 1900px; --smush-placeholder-aspect-ratio: 1900\/480;\" \/><\/figure>\n\n\n\n<h1 class=\"wp-block-heading has-text-align-center\"><span style=\"color: #790079;\"><strong>Nicole Aniston<\/strong><\/span><\/h1>\n\n\n\n<p>La actriz er\u00f3tica estadounidense Ashley Nicole Miller naci\u00f3 el 9 de septiembre de 1987 en San Diego, California (EE.UU.) y se hizo famosa con su nombre art\u00edstico <span style=\"color: #790079;\"><em><strong>Nicole Aniston<\/strong><\/em><\/span>. Debut\u00f3 en el cine para adultos en 2009, y apenas dos a\u00f1os despu\u00e9s empez\u00f3 a trabajar con productores populares como los Bang Bros, y una de sus pel\u00edculas fue premiada en la 30\u00aa edici\u00f3n de los premios AVN en 2011. A lo largo de los a\u00f1os, Nicole se ha hecho un nombre como actriz, sobre todo en EE.UU., y sigue siendo considerada una gran estrella en su sector.&nbsp;<\/p>\n\n\n\n<div class=\"wp-block-cover alignfull is-light\" style=\"min-height:600px;aspect-ratio:unset;\"><img decoding=\"async\" class=\"wp-block-cover__image-background wp-image-2767 lazyload\" alt=\"\" data-src=\"https:\/\/all-actresses.com\/wp-content\/uploads\/2021\/02\/Hintergrund-des-Webcam-Rankings-scaled-e1617896523485.jpg\" style=\"--smush-placeholder-width: 1920px; --smush-placeholder-aspect-ratio: 1920\/1280;object-position:50% 45%\" data-object-fit=\"cover\" data-object-position=\"50% 45%\" src=\"data:image\/svg+xml;base64,PHN2ZyB3aWR0aD0iMSIgaGVpZ2h0PSIxIiB4bWxucz0iaHR0cDovL3d3dy53My5vcmcvMjAwMC9zdmciPjwvc3ZnPg==\" \/><span aria-hidden=\"true\" class=\"wp-block-cover__background has-black-background-color has-background-dim\"><\/span><div class=\"wp-block-cover__inner-container is-layout-flow wp-block-cover-is-layout-flow\">\n<h2 class=\"wp-block-heading has-text-align-center ue\"><br><strong><span style=\"color:#fea30b\" class=\"has-inline-color\">\u00bfQuieres ver a Nicole Aniston? Puedes encontrarla aqu\u00ed:<\/span><\/strong><\/h2>\n\n\n\n<div style=\"height:60px\" aria-hidden=\"true\" class=\"wp-block-spacer\"><\/div>\n\n\n\n<div class=\"wp-block-columns is-layout-flex wp-container-core-columns-is-layout-9d6595d7 wp-block-columns-is-layout-flex\">\n<div class=\"wp-block-column is-layout-flow wp-block-column-is-layout-flow\"><div class=\"wp-block-image\">\n<figure class=\"aligncenter is-resized\"><a href=\"http:\/\/bit.ly\/nicole-aniston-videos\" target=\"_blank\" rel=\"noopener noreferrer\"><img decoding=\"async\" width=\"900\" height=\"300\" data-src=\"https:\/\/all-actresses.com\/wp-content\/uploads\/2021\/02\/Brazzers_Logo.png\" alt=\"Nicole Aniston Brazzers\" class=\"wp-image-1239 lazyload\" style=\"--smush-placeholder-width: 900px; --smush-placeholder-aspect-ratio: 900\/300;width:225px\" data-srcset=\"https:\/\/all-actresses.com\/wp-content\/uploads\/2021\/02\/Brazzers_Logo.png 900w, https:\/\/all-actresses.com\/wp-content\/uploads\/2021\/02\/Brazzers_Logo-300x100.png 300w, https:\/\/all-actresses.com\/wp-content\/uploads\/2021\/02\/Brazzers_Logo-768x256.png 768w\" data-sizes=\"(max-width: 900px) 100vw, 900px\" src=\"data:image\/svg+xml;base64,PHN2ZyB3aWR0aD0iMSIgaGVpZ2h0PSIxIiB4bWxucz0iaHR0cDovL3d3dy53My5vcmcvMjAwMC9zdmciPjwvc3ZnPg==\" \/><\/a><\/figure>\n<\/div>\n\n\n<h3 class=\"wp-block-heading has-text-align-center\" style=\"font-size:25px\"><strong><span style=\"background-color:rgba(0, 0, 0, 0);color:#ffcd14\" class=\"has-inline-color\">\u2713<\/span><\/strong><mark style=\"background-color:rgba(0, 0, 0, 0)\" class=\"has-inline-color has-base-3-color\"> En resoluci\u00f3n Full-HD o VR<\/mark><\/h3>\n\n\n\n<h3 class=\"wp-block-heading has-text-align-center\" style=\"font-size:25px\"><strong><strong><span style=\"background-color:rgba(0, 0, 0, 0);color:#ffcd14\" class=\"has-inline-color\">\u2713<\/span><\/strong><\/strong> <mark style=\"background-color:rgba(0, 0, 0, 0)\" class=\"has-inline-color has-base-3-color\">\u00faltimos v\u00eddeos de Nicole Aniston<\/mark><\/h3>\n\n\n\n<div class=\"wp-block-buttons is-horizontal is-content-justification-center is-layout-flex wp-container-core-buttons-is-layout-499968f5 wp-block-buttons-is-layout-flex\">\n<div class=\"wp-block-button hb\"><a class=\"wp-block-button__link has-black-color has-text-color has-background wp-element-button\" href=\"http:\/\/bit.ly\/nicole-aniston-videos\" style=\"border-radius:14px;background-color:#ffcd14\" target=\"_blank\" rel=\"noreferrer noopener\"><strong>\u00a1Mira los v\u00eddeos de Nicole Aniston!<\/strong><\/a><\/div>\n<\/div>\n<\/div>\n\n\n\n<div class=\"wp-block-column is-layout-flow wp-block-column-is-layout-flow\"><div class=\"wp-block-image\">\n<figure class=\"aligncenter is-resized\"><a href=\"https:\/\/www.instagram.com\/realnicoleaniston\/\" target=\"_blank\" rel=\"noopener noreferrer\"><img decoding=\"async\" width=\"900\" height=\"300\" data-src=\"https:\/\/all-actresses.com\/wp-content\/uploads\/2021\/02\/Instagram_Logo.png\" alt=\"Nicole Aniston Instagram\" class=\"wp-image-1240 lazyload\" style=\"--smush-placeholder-width: 900px; --smush-placeholder-aspect-ratio: 900\/300;width:225px\" data-srcset=\"https:\/\/all-actresses.com\/wp-content\/uploads\/2021\/02\/Instagram_Logo.png 900w, https:\/\/all-actresses.com\/wp-content\/uploads\/2021\/02\/Instagram_Logo-300x100.png 300w, https:\/\/all-actresses.com\/wp-content\/uploads\/2021\/02\/Instagram_Logo-768x256.png 768w\" data-sizes=\"(max-width: 900px) 100vw, 900px\" src=\"data:image\/svg+xml;base64,PHN2ZyB3aWR0aD0iMSIgaGVpZ2h0PSIxIiB4bWxucz0iaHR0cDovL3d3dy53My5vcmcvMjAwMC9zdmciPjwvc3ZnPg==\" \/><\/a><\/figure>\n<\/div>\n\n\n<h3 class=\"wp-block-heading has-text-align-center\" style=\"font-size:25px\"><mark style=\"background-color:rgba(0, 0, 0, 0)\" class=\"has-inline-color has-base-3-color\"><strong>\u2713 <\/strong>Actualizaciones peri\u00f3dicas en tiempo real<\/mark><\/h3>\n\n\n\n<h3 class=\"wp-block-heading has-text-align-center\" style=\"font-size:25px\"><strong><strong><span style=\"background-color:rgba(0, 0, 0, 0)\" class=\"has-inline-color has-white-color\">\u2713<\/span><\/strong> <\/strong><mark style=\"background-color:rgba(0, 0, 0, 0)\" class=\"has-inline-color has-base-3-color\">\u00daltimas fotos e historias de Nicole Aniston<\/mark><\/h3>\n\n\n\n<div class=\"wp-block-buttons is-horizontal is-content-justification-center is-layout-flex wp-container-core-buttons-is-layout-499968f5 wp-block-buttons-is-layout-flex\">\n<div class=\"wp-block-button hb\"><a class=\"wp-block-button__link has-black-color has-white-background-color has-text-color has-background wp-element-button\" href=\"https:\/\/www.instagram.com\/realnicoleaniston\/\" style=\"border-radius:14px\" target=\"_blank\" rel=\"noreferrer noopener\"><strong>\u00a1Ir al perfil de Nicole Aniston!<\/strong><\/a><\/div>\n<\/div>\n<\/div>\n<\/div>\n\n\n\n<p><\/p>\n<\/div><\/div>\n\n\n\n<div class=\"wp-block-columns is-layout-flex wp-container-core-columns-is-layout-9d6595d7 wp-block-columns-is-layout-flex\">\n<div class=\"wp-block-column is-vertically-aligned-center is-layout-flow wp-block-column-is-layout-flow\">\n<iframe data-src=\"https:\/\/www.facebook.com\/plugins\/post.php?href=https%3A%2F%2Fwww.facebook.com%2Fallactressescom%2Fphotos%2Fa.108753364746439%2F110848851203557%2F%3Ftype%3D3&#038;show_text=true&#038;width=500\" width=\"500\" height=\"667\" style=\"border:none;overflow:hidden\" scrolling=\"no\" frameborder=\"0\" allowfullscreen=\"true\" allow=\"autoplay; clipboard-write; encrypted-media; picture-in-picture; web-share\" src=\"data:image\/svg+xml;base64,PHN2ZyB3aWR0aD0iMSIgaGVpZ2h0PSIxIiB4bWxucz0iaHR0cDovL3d3dy53My5vcmcvMjAwMC9zdmciPjwvc3ZnPg==\" class=\"lazyload\" data-load-mode=\"1\"><\/iframe>\n<\/div>\n\n\n\n<div class=\"wp-block-column is-layout-flow wp-block-column-is-layout-flow\">\n<h2 class=\"wp-block-heading\"><span style=\"color: #790079;\"><strong><em>Perfil de Nicole<br><\/em><\/strong><\/span><\/h2>\n\n\n\n<p><strong>Nombre civil:<\/strong> Ashley Nicole Miller<br><strong>Fecha de nacimiento:<\/strong> 09 de septiembre de 1987<br><strong>Ciudad de origen:<\/strong> San Diego, California (EEUU)<br><strong>Estado de la carrera:<\/strong> Activo<br><strong>Signo de la estrella:<\/strong> Virgo<br><strong>Altura:<\/strong> 1,60 m<br><strong>Peso:<\/strong> 55 kg<br><strong>Color de pelo:<\/strong> Rubio<br><strong>Tatuajes:<\/strong> S\u00ed<br><strong>Piercings:<\/strong> No<\/p>\n\n\n\n<p>Como Nicole Aniston, la actriz estadounidense con ra\u00edces germano-griegas ha tenido una respetable carrera en la industria er\u00f3tica y ha trabajado con todos los nombres conocidos como <a href=\"https:\/\/all-actresses.com\/es\/brazzers\/\"><em><strong>Brazzers<\/strong><\/em><\/a>, Hustler, Evil Angel, Wicked Pictures, etc., adem\u00e1s de <a href=\"https:\/\/all-actresses.com\/es\/bang-bros\/\"><em><strong>Bang Bros<\/strong><\/em><\/a>. Con unos 1400 v\u00eddeos y m\u00e1s de 600 millones de visitas, Nicole Aniston ocupa actualmente el puesto 11 en la plataforma de v\u00eddeos Pornhub.<\/p>\n\n\n\n<p>Antes de que Ashley Nicole Miller se abriera camino en la industria del cine para adultos, se gradu\u00f3 en el instituto de Temecula, California. Despu\u00e9s trabaj\u00f3 como especialista en atenci\u00f3n al cliente en un banco y fue reportera gr\u00e1fica. Al principio, Nicole se inici\u00f3 en la escena del cine para adultos por inter\u00e9s econ\u00f3mico. Sin embargo, r\u00e1pidamente abraz\u00f3 esta vocaci\u00f3n, ya que pudo aprender y experimentar mucho sobre s\u00ed misma y su sexualidad.<\/p>\n\n\n\n<p>Adem\u00e1s de int\u00e9rprete, Nicole tambi\u00e9n es bailarina, actriz y modelo. A principios de 2012, model\u00f3 para la revista Penhouse y poco despu\u00e9s gan\u00f3 el premio a la mascota del mes en agosto y a la mascota del a\u00f1o en 2013.&nbsp; Nicole Aniston tambi\u00e9n es emprendedora. Desde 2013, dirige su propio sitio web por suscripci\u00f3n, que ha ganado bastantes premios AVN. En los \u00faltimos a\u00f1os, Nicole se ha centrado mucho en la marca propia y en 2018 lanz\u00f3 un juguete er\u00f3tico basado en ella misma.&nbsp;<\/p>\n\n\n\n<p><\/p>\n<\/div>\n<\/div>\n\n\n\n<h3 class=\"wp-block-heading\"><span style=\"color: #790079;\"><strong>Nicole Aniston privado<\/strong><\/span><\/h3>\n\n\n<div class=\"wp-block-image\">\n<figure class=\"alignleft is-resized\"><img decoding=\"async\" width=\"300\" height=\"191\" data-src=\"https:\/\/all-actresses.com\/wp-content\/uploads\/2020\/10\/undraw_activity_tracker_1l9o-300x191.png\" alt=\"Nicole Aniston privado\" class=\"wp-image-2665 lazyload\" style=\"--smush-placeholder-width: 300px; --smush-placeholder-aspect-ratio: 300\/191;width:225px\" src=\"data:image\/svg+xml;base64,PHN2ZyB3aWR0aD0iMSIgaGVpZ2h0PSIxIiB4bWxucz0iaHR0cDovL3d3dy53My5vcmcvMjAwMC9zdmciPjwvc3ZnPg==\" \/><\/figure>\n<\/div>\n\n\n<p>Se puede encontrar poca informaci\u00f3n sobre la vida de Ashley Nicole Miller. Sin embargo, tampoco se describe a s\u00ed misma como una persona especialmente emocionante. Se siente una mujer fuerte y segura de s\u00ed misma y vive muy conscientemente. Su estado sentimental es actualmente de soltera y su \u00faltima relaci\u00f3n conocida fue una pareja relativamente ef\u00edmera (2014-2015) con el actor Chad White. Como se puede ver en ella, Nicole hace mucho ejercicio f\u00edsico y se asegura de llevar una dieta saludable compuesta \u00fanicamente por productos veganos. Seg\u00fan admite, lleva este estilo de vida en parte por motivos de salud y tambi\u00e9n por el bienestar de los animales, ya que tambi\u00e9n es defensora de los derechos de los animales.<\/p>\n\n\n\n<div style=\"height:0px\" aria-hidden=\"true\" class=\"wp-block-spacer\"><\/div>\n\n\n\n<p>Tambi\u00e9n es una consumidora abierta de cannabis y aboga por la legalizaci\u00f3n del cannabis medicinal y no medicinal. En algunos de sus v\u00eddeos o fotos en sus canales de redes sociales, se la puede ver fumando un porro a veces por este motivo. En la actualidad, Nicole vive y trabaja en Los \u00c1ngeles.<\/p>\n\n\n\n<div class=\"wp-block-cover alignfull is-light\" style=\"min-height:200px;aspect-ratio:unset;\"><img decoding=\"async\" class=\"wp-block-cover__image-background wp-image-2767 lazyload\" alt=\"\" data-src=\"https:\/\/all-actresses.com\/wp-content\/uploads\/2021\/02\/Hintergrund-des-Webcam-Rankings-scaled-e1617896523485.jpg\" style=\"--smush-placeholder-width: 1920px; --smush-placeholder-aspect-ratio: 1920\/1280;object-position:50% 80%\" data-object-fit=\"cover\" data-object-position=\"50% 80%\" src=\"data:image\/svg+xml;base64,PHN2ZyB3aWR0aD0iMSIgaGVpZ2h0PSIxIiB4bWxucz0iaHR0cDovL3d3dy53My5vcmcvMjAwMC9zdmciPjwvc3ZnPg==\" \/><span aria-hidden=\"true\" class=\"wp-block-cover__background has-background-dim\"><\/span><div class=\"wp-block-cover__inner-container is-layout-flow wp-block-cover-is-layout-flow\">\n<div class=\"wp-block-columns dg is-layout-flex wp-container-core-columns-is-layout-9d6595d7 wp-block-columns-is-layout-flex\">\n<div class=\"wp-block-column is-layout-flow wp-block-column-is-layout-flow\" style=\"flex-basis:25%\"><\/div>\n\n\n\n<div class=\"wp-block-column is-layout-flow wp-block-column-is-layout-flow\" style=\"flex-basis:50%\">\n<h2 class=\"wp-block-heading\"><span style=\"color: #fea30b;\"><strong>Conoce a m\u00e1s actores y actrices:<\/strong><\/span><\/h2>\n\n\n\n<ul class=\"wp-block-list has-base-3-color has-text-color has-link-color wp-elements-da6fbaf81503514a5f45cca4aa27fda8\">\n<li><b><span style=\"color: #ffffff;\"><a style=\"color: #ffffff;\" href=\"https:\/\/all-actresses.com\/es\/aletta-ocean\/\">Aletta Ocean<\/a><\/span><\/b><\/li>\n\n\n\n<li><a href=\"https:\/\/all-actresses.com\/es\/alexis-texas\/\"><b><span style=\"color: #ffffff;\">Alexis Texas<\/span><\/b><\/a><\/li>\n\n\n\n<li><span style=\"color: #ffffff;\"><strong><a style=\"color: #ffffff;\" href=\"https:\/\/all-actresses.com\/es\/lela-star\/\">Lela Star<\/a><\/strong><\/span><\/li>\n\n\n\n<li><span style=\"color: #ffffff;\"><strong><a style=\"color: #ffffff;\" href=\"https:\/\/all-actresses.com\/es\/jessa-rhodes\/\">Jessa Rhodes<\/a><\/strong><\/span><\/li>\n\n\n\n<li><span style=\"color: #ffffff;\"><strong><a style=\"color: #ffffff;\" href=\"https:\/\/all-actresses.com\/es\/romi-rain\/\">Romi Rain<\/a><\/strong><\/span><\/li>\n\n\n\n<li><span style=\"color: #ffffff;\"><strong><a style=\"color: #ffffff;\" href=\"https:\/\/all-actresses.com\/es\/mia-khalifa\/\">Mia Khalifa<\/a><\/strong><\/span><\/li>\n\n\n\n<li><a href=\"https:\/\/all-actresses.com\/es\/gianna-michaels\/\"><span style=\"color: #ffffff;\"><strong>Gianna Michaels<\/strong><\/span><\/a><\/li>\n\n\n\n<li><span style=\"color: #ffffff;\"><a style=\"color: #ffffff;\" href=\"https:\/\/all-actresses.com\/es\/emily-willis\/\"><strong>Emily Willis<\/strong><\/a><\/span><\/li>\n<\/ul>\n<\/div>\n\n\n\n<div class=\"wp-block-column is-layout-flow wp-block-column-is-layout-flow\" style=\"flex-basis:25%\"><\/div>\n<\/div>\n<\/div><\/div>\n","protected":false},"excerpt":{"rendered":"<p>Nicole Aniston La actriz er\u00f3tica estadounidense Ashley Nicole Miller naci\u00f3 el 9 de septiembre de 1987 en San Diego, California (EE.UU.) y se hizo famosa con su nombre art\u00edstico Nicole Aniston. Debut\u00f3 en el cine para adultos en 2009, y apenas dos a\u00f1os despu\u00e9s empez\u00f3 a trabajar con productores populares como los Bang Bros, y &#8230; <a title=\"Nicole Aniston\" class=\"read-more\" href=\"https:\/\/all-actresses.com\/es\/nicole-aniston\/\" aria-label=\"Leer m\u00e1s sobre Nicole Aniston\">Leer m\u00e1s<\/a><\/p>\n","protected":false},"author":1,"featured_media":2618,"parent":0,"menu_order":0,"comment_status":"closed","ping_status":"closed","template":"","meta":{"footnotes":""},"class_list":["post-3032","page","type-page","status-publish","has-post-thumbnail"],"yoast_head":"<!-- This site is optimized with the Yoast SEO plugin v27.5 - https:\/\/yoast.com\/product\/yoast-seo-wordpress\/ -->\n<title>Nicole Aniston | \u00daltimos v\u00eddeos \u10e6 Fotos \u10e6 Instagram &amp; HD Tube<\/title>\n<meta name=\"description\" content=\"Nicole Aniston - \u00a1Encuentra toda la informaci\u00f3n sobre ella aqu\u00ed! \u00daltimos v\u00eddeos HD \u2714 Fotos de Nicole Aniston \u2714 Instagram de Nicole \u2714 Tubo HD\" \/>\n<meta name=\"robots\" content=\"index, follow, max-snippet:-1, max-image-preview:large, max-video-preview:-1\" \/>\n<link rel=\"canonical\" href=\"https:\/\/all-actresses.com\/es\/nicole-aniston\/\" \/>\n<meta property=\"og:locale\" content=\"es_ES\" \/>\n<meta property=\"og:type\" content=\"article\" \/>\n<meta property=\"og:title\" content=\"Nicole Aniston | \u00daltimos v\u00eddeos \u10e6 Fotos \u10e6 Instagram &amp; HD Tube\" \/>\n<meta property=\"og:description\" content=\"Nicole Aniston - \u00a1Encuentra toda la informaci\u00f3n sobre ella aqu\u00ed! \u00daltimos v\u00eddeos HD \u2714 Fotos de Nicole Aniston \u2714 Instagram de Nicole \u2714 Tubo HD\" \/>\n<meta property=\"og:url\" content=\"https:\/\/all-actresses.com\/es\/nicole-aniston\/\" \/>\n<meta property=\"og:site_name\" content=\"all-actresses.com\" \/>\n<meta property=\"article:modified_time\" content=\"2026-01-20T16:24:53+00:00\" \/>\n<meta property=\"og:image\" content=\"https:\/\/all-actresses.com\/wp-content\/uploads\/2020\/10\/video-tube-e1602864437675.png\" \/>\n\t<meta property=\"og:image:width\" content=\"100\" \/>\n\t<meta property=\"og:image:height\" content=\"100\" \/>\n\t<meta property=\"og:image:type\" content=\"image\/png\" \/>\n<meta name=\"twitter:card\" content=\"summary_large_image\" \/>\n<meta name=\"twitter:label1\" content=\"Tiempo de lectura\" \/>\n\t<meta name=\"twitter:data1\" content=\"5 minutos\" \/>\n<script type=\"application\/ld+json\" class=\"yoast-schema-graph\">{\"@context\":\"https:\\\/\\\/schema.org\",\"@graph\":[{\"@type\":\"WebPage\",\"@id\":\"https:\\\/\\\/all-actresses.com\\\/es\\\/nicole-aniston\\\/\",\"url\":\"https:\\\/\\\/all-actresses.com\\\/es\\\/nicole-aniston\\\/\",\"name\":\"Nicole Aniston | \u00daltimos v\u00eddeos \u10e6 Fotos \u10e6 Instagram & HD Tube\",\"isPartOf\":{\"@id\":\"https:\\\/\\\/all-actresses.com\\\/#website\"},\"primaryImageOfPage\":{\"@id\":\"https:\\\/\\\/all-actresses.com\\\/es\\\/nicole-aniston\\\/#primaryimage\"},\"image\":{\"@id\":\"https:\\\/\\\/all-actresses.com\\\/es\\\/nicole-aniston\\\/#primaryimage\"},\"thumbnailUrl\":\"https:\\\/\\\/all-actresses.com\\\/wp-content\\\/uploads\\\/2020\\\/10\\\/video-tube-e1602864437675.png\",\"datePublished\":\"2021-04-15T06:50:26+00:00\",\"dateModified\":\"2026-01-20T16:24:53+00:00\",\"description\":\"Nicole Aniston - \u00a1Encuentra toda la informaci\u00f3n sobre ella aqu\u00ed! \u00daltimos v\u00eddeos HD \u2714 Fotos de Nicole Aniston \u2714 Instagram de Nicole \u2714 Tubo HD\",\"breadcrumb\":{\"@id\":\"https:\\\/\\\/all-actresses.com\\\/es\\\/nicole-aniston\\\/#breadcrumb\"},\"inLanguage\":\"es\",\"potentialAction\":[{\"@type\":\"ReadAction\",\"target\":[\"https:\\\/\\\/all-actresses.com\\\/es\\\/nicole-aniston\\\/\"]}]},{\"@type\":\"ImageObject\",\"inLanguage\":\"es\",\"@id\":\"https:\\\/\\\/all-actresses.com\\\/es\\\/nicole-aniston\\\/#primaryimage\",\"url\":\"https:\\\/\\\/all-actresses.com\\\/wp-content\\\/uploads\\\/2020\\\/10\\\/video-tube-e1602864437675.png\",\"contentUrl\":\"https:\\\/\\\/all-actresses.com\\\/wp-content\\\/uploads\\\/2020\\\/10\\\/video-tube-e1602864437675.png\",\"width\":100,\"height\":100},{\"@type\":\"BreadcrumbList\",\"@id\":\"https:\\\/\\\/all-actresses.com\\\/es\\\/nicole-aniston\\\/#breadcrumb\",\"itemListElement\":[{\"@type\":\"ListItem\",\"position\":1,\"name\":\"Startseite\",\"item\":\"https:\\\/\\\/all-actresses.com\\\/es\\\/\"},{\"@type\":\"ListItem\",\"position\":2,\"name\":\"Nicole Aniston\"}]},{\"@type\":\"WebSite\",\"@id\":\"https:\\\/\\\/all-actresses.com\\\/#website\",\"url\":\"https:\\\/\\\/all-actresses.com\\\/\",\"name\":\"all-actresses.com\",\"description\":\"Entdecke die Welt von AllActresses!\",\"publisher\":{\"@id\":\"https:\\\/\\\/all-actresses.com\\\/#organization\"},\"potentialAction\":[{\"@type\":\"SearchAction\",\"target\":{\"@type\":\"EntryPoint\",\"urlTemplate\":\"https:\\\/\\\/all-actresses.com\\\/?s={search_term_string}\"},\"query-input\":{\"@type\":\"PropertyValueSpecification\",\"valueRequired\":true,\"valueName\":\"search_term_string\"}}],\"inLanguage\":\"es\"},{\"@type\":\"Organization\",\"@id\":\"https:\\\/\\\/all-actresses.com\\\/#organization\",\"name\":\"all-actresses.com\",\"url\":\"https:\\\/\\\/all-actresses.com\\\/\",\"logo\":{\"@type\":\"ImageObject\",\"inLanguage\":\"es\",\"@id\":\"https:\\\/\\\/all-actresses.com\\\/#\\\/schema\\\/logo\\\/image\\\/\",\"url\":\"https:\\\/\\\/all-actresses.com\\\/wp-content\\\/uploads\\\/2021\\\/05\\\/allactresses-2-e1620037015851.jpg\",\"contentUrl\":\"https:\\\/\\\/all-actresses.com\\\/wp-content\\\/uploads\\\/2021\\\/05\\\/allactresses-2-e1620037015851.jpg\",\"width\":400,\"height\":213,\"caption\":\"all-actresses.com\"},\"image\":{\"@id\":\"https:\\\/\\\/all-actresses.com\\\/#\\\/schema\\\/logo\\\/image\\\/\"}}]}<\/script>\n<!-- \/ Yoast SEO plugin. -->","yoast_head_json":{"title":"Nicole Aniston | \u00daltimos v\u00eddeos \u10e6 Fotos \u10e6 Instagram & HD Tube","description":"Nicole Aniston - \u00a1Encuentra toda la informaci\u00f3n sobre ella aqu\u00ed! \u00daltimos v\u00eddeos HD \u2714 Fotos de Nicole Aniston \u2714 Instagram de Nicole \u2714 Tubo HD","robots":{"index":"index","follow":"follow","max-snippet":"max-snippet:-1","max-image-preview":"max-image-preview:large","max-video-preview":"max-video-preview:-1"},"canonical":"https:\/\/all-actresses.com\/es\/nicole-aniston\/","og_locale":"es_ES","og_type":"article","og_title":"Nicole Aniston | \u00daltimos v\u00eddeos \u10e6 Fotos \u10e6 Instagram & HD Tube","og_description":"Nicole Aniston - \u00a1Encuentra toda la informaci\u00f3n sobre ella aqu\u00ed! \u00daltimos v\u00eddeos HD \u2714 Fotos de Nicole Aniston \u2714 Instagram de Nicole \u2714 Tubo HD","og_url":"https:\/\/all-actresses.com\/es\/nicole-aniston\/","og_site_name":"all-actresses.com","article_modified_time":"2026-01-20T16:24:53+00:00","og_image":[{"width":100,"height":100,"url":"https:\/\/all-actresses.com\/wp-content\/uploads\/2020\/10\/video-tube-e1602864437675.png","type":"image\/png"}],"twitter_card":"summary_large_image","twitter_misc":{"Tiempo de lectura":"5 minutos"},"schema":{"@context":"https:\/\/schema.org","@graph":[{"@type":"WebPage","@id":"https:\/\/all-actresses.com\/es\/nicole-aniston\/","url":"https:\/\/all-actresses.com\/es\/nicole-aniston\/","name":"Nicole Aniston | \u00daltimos v\u00eddeos \u10e6 Fotos \u10e6 Instagram & HD Tube","isPartOf":{"@id":"https:\/\/all-actresses.com\/#website"},"primaryImageOfPage":{"@id":"https:\/\/all-actresses.com\/es\/nicole-aniston\/#primaryimage"},"image":{"@id":"https:\/\/all-actresses.com\/es\/nicole-aniston\/#primaryimage"},"thumbnailUrl":"https:\/\/all-actresses.com\/wp-content\/uploads\/2020\/10\/video-tube-e1602864437675.png","datePublished":"2021-04-15T06:50:26+00:00","dateModified":"2026-01-20T16:24:53+00:00","description":"Nicole Aniston - \u00a1Encuentra toda la informaci\u00f3n sobre ella aqu\u00ed! \u00daltimos v\u00eddeos HD \u2714 Fotos de Nicole Aniston \u2714 Instagram de Nicole \u2714 Tubo HD","breadcrumb":{"@id":"https:\/\/all-actresses.com\/es\/nicole-aniston\/#breadcrumb"},"inLanguage":"es","potentialAction":[{"@type":"ReadAction","target":["https:\/\/all-actresses.com\/es\/nicole-aniston\/"]}]},{"@type":"ImageObject","inLanguage":"es","@id":"https:\/\/all-actresses.com\/es\/nicole-aniston\/#primaryimage","url":"https:\/\/all-actresses.com\/wp-content\/uploads\/2020\/10\/video-tube-e1602864437675.png","contentUrl":"https:\/\/all-actresses.com\/wp-content\/uploads\/2020\/10\/video-tube-e1602864437675.png","width":100,"height":100},{"@type":"BreadcrumbList","@id":"https:\/\/all-actresses.com\/es\/nicole-aniston\/#breadcrumb","itemListElement":[{"@type":"ListItem","position":1,"name":"Startseite","item":"https:\/\/all-actresses.com\/es\/"},{"@type":"ListItem","position":2,"name":"Nicole Aniston"}]},{"@type":"WebSite","@id":"https:\/\/all-actresses.com\/#website","url":"https:\/\/all-actresses.com\/","name":"all-actresses.com","description":"Entdecke die Welt von AllActresses!","publisher":{"@id":"https:\/\/all-actresses.com\/#organization"},"potentialAction":[{"@type":"SearchAction","target":{"@type":"EntryPoint","urlTemplate":"https:\/\/all-actresses.com\/?s={search_term_string}"},"query-input":{"@type":"PropertyValueSpecification","valueRequired":true,"valueName":"search_term_string"}}],"inLanguage":"es"},{"@type":"Organization","@id":"https:\/\/all-actresses.com\/#organization","name":"all-actresses.com","url":"https:\/\/all-actresses.com\/","logo":{"@type":"ImageObject","inLanguage":"es","@id":"https:\/\/all-actresses.com\/#\/schema\/logo\/image\/","url":"https:\/\/all-actresses.com\/wp-content\/uploads\/2021\/05\/allactresses-2-e1620037015851.jpg","contentUrl":"https:\/\/all-actresses.com\/wp-content\/uploads\/2021\/05\/allactresses-2-e1620037015851.jpg","width":400,"height":213,"caption":"all-actresses.com"},"image":{"@id":"https:\/\/all-actresses.com\/#\/schema\/logo\/image\/"}}]}},"_links":{"self":[{"href":"https:\/\/all-actresses.com\/es\/wp-json\/wp\/v2\/pages\/3032","targetHints":{"allow":["GET"]}}],"collection":[{"href":"https:\/\/all-actresses.com\/es\/wp-json\/wp\/v2\/pages"}],"about":[{"href":"https:\/\/all-actresses.com\/es\/wp-json\/wp\/v2\/types\/page"}],"author":[{"embeddable":true,"href":"https:\/\/all-actresses.com\/es\/wp-json\/wp\/v2\/users\/1"}],"replies":[{"embeddable":true,"href":"https:\/\/all-actresses.com\/es\/wp-json\/wp\/v2\/comments?post=3032"}],"version-history":[{"count":9,"href":"https:\/\/all-actresses.com\/es\/wp-json\/wp\/v2\/pages\/3032\/revisions"}],"predecessor-version":[{"id":17570,"href":"https:\/\/all-actresses.com\/es\/wp-json\/wp\/v2\/pages\/3032\/revisions\/17570"}],"wp:featuredmedia":[{"embeddable":true,"href":"https:\/\/all-actresses.com\/es\/wp-json\/wp\/v2\/media\/2618"}],"wp:attachment":[{"href":"https:\/\/all-actresses.com\/es\/wp-json\/wp\/v2\/media?parent=3032"}],"curies":[{"name":"wp","href":"https:\/\/api.w.org\/{rel}","templated":true}]}}