{"id":2856,"date":"2021-04-14T08:24:38","date_gmt":"2021-04-14T06:24:38","guid":{"rendered":"https:\/\/all-actresses.com\/?page_id=2856"},"modified":"2025-04-10T14:36:01","modified_gmt":"2025-04-10T12:36:01","slug":"menciones-legales","status":"publish","type":"page","link":"https:\/\/all-actresses.com\/es\/menciones-legales\/","title":{"rendered":"Menciones legales"},"content":{"rendered":"\n<p>UNIVERSO ADULTO LTD.<br>Rua 31 de Janeiro, N. 12 e &#8211; 6 Andar,<br>Porta X 9050-011 Funchal<\/p>\n\n\n\n<p>Contacto:<br>Correo electr\u00f3nico: hey@all-actresses.com<\/p>\n\n\n\n<p>Responsable de Protecci\u00f3n Juvenil:<\/p>\n\n\n\n<p>jugendschutz@all-actresses.com<\/p>\n\n\n\n<p>Plataforma de la Comisi\u00f3n de la UE para la resoluci\u00f3n de litigios en l\u00ednea: https:\/\/ec.europa.eu\/consumers\/odr\/<\/p>\n\n\n\n<p>No estamos obligados ni dispuestos a participar en un procedimiento de resoluci\u00f3n de litigios ante una junta arbitral de consumo.<\/p>\n","protected":false},"excerpt":{"rendered":"<p>UNIVERSO ADULTO LTD.Rua 31 de Janeiro, N. 12 e &#8211; 6 Andar,Porta X 9050-011 Funchal Contacto:Correo electr\u00f3nico: hey@all-actresses.com Responsable de Protecci\u00f3n Juvenil: jugendschutz@all-actresses.com Plataforma de la Comisi\u00f3n de la UE para la resoluci\u00f3n de litigios en l\u00ednea: https:\/\/ec.europa.eu\/consumers\/odr\/ No estamos obligados ni dispuestos a participar en un procedimiento de resoluci\u00f3n de litigios ante una junta &#8230; <a title=\"Menciones legales\" class=\"read-more\" href=\"https:\/\/all-actresses.com\/es\/menciones-legales\/\" aria-label=\"Leer m\u00e1s sobre Menciones legales\">Leer m\u00e1s<\/a><\/p>\n","protected":false},"author":1,"featured_media":0,"parent":0,"menu_order":0,"comment_status":"closed","ping_status":"closed","template":"","meta":{"footnotes":""},"class_list":["post-2856","page","type-page","status-publish"],"yoast_head":"<!-- This site is optimized with the Yoast SEO plugin v27.6 - https:\/\/yoast.com\/product\/yoast-seo-wordpress\/ -->\n<title>Menciones legales - all-actresses.com<\/title>\n<meta name=\"robots\" content=\"noindex, nofollow\" \/>\n<meta property=\"og:locale\" content=\"es_ES\" \/>\n<meta property=\"og:type\" content=\"article\" \/>\n<meta property=\"og:title\" content=\"Menciones legales - all-actresses.com\" \/>\n<meta property=\"og:description\" content=\"UNIVERSO ADULTO LTD.Rua 31 de Janeiro, N. 12 e &#8211; 6 Andar,Porta X 9050-011 Funchal Contacto:Correo electr\u00f3nico: hey@all-actresses.com Responsable de Protecci\u00f3n Juvenil: jugendschutz@all-actresses.com Plataforma de la Comisi\u00f3n de la UE para la resoluci\u00f3n de litigios en l\u00ednea: https:\/\/ec.europa.eu\/consumers\/odr\/ No estamos obligados ni dispuestos a participar en un procedimiento de resoluci\u00f3n de litigios ante una junta ... Leer m\u00e1s\" \/>\n<meta property=\"og:url\" content=\"https:\/\/all-actresses.com\/es\/menciones-legales\/\" \/>\n<meta property=\"og:site_name\" content=\"all-actresses.com\" \/>\n<meta property=\"article:modified_time\" content=\"2025-04-10T12:36:01+00:00\" \/>\n<meta name=\"twitter:card\" content=\"summary_large_image\" \/>\n<meta name=\"twitter:label1\" content=\"Tiempo de lectura\" \/>\n\t<meta name=\"twitter:data1\" content=\"1 minuto\" \/>\n<script type=\"application\/ld+json\" class=\"yoast-schema-graph\">{\"@context\":\"https:\\\/\\\/schema.org\",\"@graph\":[{\"@type\":\"WebPage\",\"@id\":\"https:\\\/\\\/all-actresses.com\\\/es\\\/menciones-legales\\\/\",\"url\":\"https:\\\/\\\/all-actresses.com\\\/es\\\/menciones-legales\\\/\",\"name\":\"Menciones legales - all-actresses.com\",\"isPartOf\":{\"@id\":\"https:\\\/\\\/all-actresses.com\\\/#website\"},\"datePublished\":\"2021-04-14T06:24:38+00:00\",\"dateModified\":\"2025-04-10T12:36:01+00:00\",\"breadcrumb\":{\"@id\":\"https:\\\/\\\/all-actresses.com\\\/es\\\/menciones-legales\\\/#breadcrumb\"},\"inLanguage\":\"es\",\"potentialAction\":[{\"@type\":\"ReadAction\",\"target\":[\"https:\\\/\\\/all-actresses.com\\\/es\\\/menciones-legales\\\/\"]}]},{\"@type\":\"BreadcrumbList\",\"@id\":\"https:\\\/\\\/all-actresses.com\\\/es\\\/menciones-legales\\\/#breadcrumb\",\"itemListElement\":[{\"@type\":\"ListItem\",\"position\":1,\"name\":\"Startseite\",\"item\":\"https:\\\/\\\/all-actresses.com\\\/es\\\/\"},{\"@type\":\"ListItem\",\"position\":2,\"name\":\"Menciones legales\"}]},{\"@type\":\"WebSite\",\"@id\":\"https:\\\/\\\/all-actresses.com\\\/#website\",\"url\":\"https:\\\/\\\/all-actresses.com\\\/\",\"name\":\"all-actresses.com\",\"description\":\"Entdecke die Welt von AllActresses!\",\"publisher\":{\"@id\":\"https:\\\/\\\/all-actresses.com\\\/#organization\"},\"potentialAction\":[{\"@type\":\"SearchAction\",\"target\":{\"@type\":\"EntryPoint\",\"urlTemplate\":\"https:\\\/\\\/all-actresses.com\\\/?s={search_term_string}\"},\"query-input\":{\"@type\":\"PropertyValueSpecification\",\"valueRequired\":true,\"valueName\":\"search_term_string\"}}],\"inLanguage\":\"es\"},{\"@type\":\"Organization\",\"@id\":\"https:\\\/\\\/all-actresses.com\\\/#organization\",\"name\":\"all-actresses.com\",\"url\":\"https:\\\/\\\/all-actresses.com\\\/\",\"logo\":{\"@type\":\"ImageObject\",\"inLanguage\":\"es\",\"@id\":\"https:\\\/\\\/all-actresses.com\\\/#\\\/schema\\\/logo\\\/image\\\/\",\"url\":\"https:\\\/\\\/all-actresses.com\\\/wp-content\\\/uploads\\\/2021\\\/05\\\/allactresses-2-e1620037015851.jpg\",\"contentUrl\":\"https:\\\/\\\/all-actresses.com\\\/wp-content\\\/uploads\\\/2021\\\/05\\\/allactresses-2-e1620037015851.jpg\",\"width\":400,\"height\":213,\"caption\":\"all-actresses.com\"},\"image\":{\"@id\":\"https:\\\/\\\/all-actresses.com\\\/#\\\/schema\\\/logo\\\/image\\\/\"}}]}<\/script>\n<!-- \/ Yoast SEO plugin. -->","yoast_head_json":{"title":"Menciones legales - all-actresses.com","robots":{"index":"noindex","follow":"nofollow"},"og_locale":"es_ES","og_type":"article","og_title":"Menciones legales - all-actresses.com","og_description":"UNIVERSO ADULTO LTD.Rua 31 de Janeiro, N. 12 e &#8211; 6 Andar,Porta X 9050-011 Funchal Contacto:Correo electr\u00f3nico: hey@all-actresses.com Responsable de Protecci\u00f3n Juvenil: jugendschutz@all-actresses.com Plataforma de la Comisi\u00f3n de la UE para la resoluci\u00f3n de litigios en l\u00ednea: https:\/\/ec.europa.eu\/consumers\/odr\/ No estamos obligados ni dispuestos a participar en un procedimiento de resoluci\u00f3n de litigios ante una junta ... Leer m\u00e1s","og_url":"https:\/\/all-actresses.com\/es\/menciones-legales\/","og_site_name":"all-actresses.com","article_modified_time":"2025-04-10T12:36:01+00:00","twitter_card":"summary_large_image","twitter_misc":{"Tiempo de lectura":"1 minuto"},"schema":{"@context":"https:\/\/schema.org","@graph":[{"@type":"WebPage","@id":"https:\/\/all-actresses.com\/es\/menciones-legales\/","url":"https:\/\/all-actresses.com\/es\/menciones-legales\/","name":"Menciones legales - all-actresses.com","isPartOf":{"@id":"https:\/\/all-actresses.com\/#website"},"datePublished":"2021-04-14T06:24:38+00:00","dateModified":"2025-04-10T12:36:01+00:00","breadcrumb":{"@id":"https:\/\/all-actresses.com\/es\/menciones-legales\/#breadcrumb"},"inLanguage":"es","potentialAction":[{"@type":"ReadAction","target":["https:\/\/all-actresses.com\/es\/menciones-legales\/"]}]},{"@type":"BreadcrumbList","@id":"https:\/\/all-actresses.com\/es\/menciones-legales\/#breadcrumb","itemListElement":[{"@type":"ListItem","position":1,"name":"Startseite","item":"https:\/\/all-actresses.com\/es\/"},{"@type":"ListItem","position":2,"name":"Menciones legales"}]},{"@type":"WebSite","@id":"https:\/\/all-actresses.com\/#website","url":"https:\/\/all-actresses.com\/","name":"all-actresses.com","description":"Entdecke die Welt von AllActresses!","publisher":{"@id":"https:\/\/all-actresses.com\/#organization"},"potentialAction":[{"@type":"SearchAction","target":{"@type":"EntryPoint","urlTemplate":"https:\/\/all-actresses.com\/?s={search_term_string}"},"query-input":{"@type":"PropertyValueSpecification","valueRequired":true,"valueName":"search_term_string"}}],"inLanguage":"es"},{"@type":"Organization","@id":"https:\/\/all-actresses.com\/#organization","name":"all-actresses.com","url":"https:\/\/all-actresses.com\/","logo":{"@type":"ImageObject","inLanguage":"es","@id":"https:\/\/all-actresses.com\/#\/schema\/logo\/image\/","url":"https:\/\/all-actresses.com\/wp-content\/uploads\/2021\/05\/allactresses-2-e1620037015851.jpg","contentUrl":"https:\/\/all-actresses.com\/wp-content\/uploads\/2021\/05\/allactresses-2-e1620037015851.jpg","width":400,"height":213,"caption":"all-actresses.com"},"image":{"@id":"https:\/\/all-actresses.com\/#\/schema\/logo\/image\/"}}]}},"_links":{"self":[{"href":"https:\/\/all-actresses.com\/es\/wp-json\/wp\/v2\/pages\/2856","targetHints":{"allow":["GET"]}}],"collection":[{"href":"https:\/\/all-actresses.com\/es\/wp-json\/wp\/v2\/pages"}],"about":[{"href":"https:\/\/all-actresses.com\/es\/wp-json\/wp\/v2\/types\/page"}],"author":[{"embeddable":true,"href":"https:\/\/all-actresses.com\/es\/wp-json\/wp\/v2\/users\/1"}],"replies":[{"embeddable":true,"href":"https:\/\/all-actresses.com\/es\/wp-json\/wp\/v2\/comments?post=2856"}],"version-history":[{"count":4,"href":"https:\/\/all-actresses.com\/es\/wp-json\/wp\/v2\/pages\/2856\/revisions"}],"predecessor-version":[{"id":17349,"href":"https:\/\/all-actresses.com\/es\/wp-json\/wp\/v2\/pages\/2856\/revisions\/17349"}],"wp:attachment":[{"href":"https:\/\/all-actresses.com\/es\/wp-json\/wp\/v2\/media?parent=2856"}],"curies":[{"name":"wp","href":"https:\/\/api.w.org\/{rel}","templated":true}]}}