{"id":2736,"date":"2021-04-13T10:17:32","date_gmt":"2021-04-13T08:17:32","guid":{"rendered":"https:\/\/all-actresses.com\/?page_id=2736"},"modified":"2024-04-09T13:54:28","modified_gmt":"2024-04-09T11:54:28","slug":"comunidad","status":"publish","type":"page","link":"https:\/\/all-actresses.com\/es\/comunidad\/","title":{"rendered":"Comunidad"},"content":{"rendered":"\n<figure class=\"wp-block-image alignfull size-full\"><img decoding=\"async\" width=\"1900\" height=\"480\" data-src=\"https:\/\/all-actresses.com\/wp-content\/uploads\/2021\/04\/Header_Comunidad.jpg\" alt=\"Comunidad Header\" class=\"wp-image-2653 lazyload\" data-srcset=\"https:\/\/all-actresses.com\/wp-content\/uploads\/2021\/04\/Header_Comunidad.jpg 1900w, https:\/\/all-actresses.com\/wp-content\/uploads\/2021\/04\/Header_Comunidad-300x76.jpg 300w, https:\/\/all-actresses.com\/wp-content\/uploads\/2021\/04\/Header_Comunidad-1024x259.jpg 1024w, https:\/\/all-actresses.com\/wp-content\/uploads\/2021\/04\/Header_Comunidad-768x194.jpg 768w, https:\/\/all-actresses.com\/wp-content\/uploads\/2021\/04\/Header_Comunidad-1536x388.jpg 1536w\" data-sizes=\"(max-width: 1900px) 100vw, 1900px\" src=\"data:image\/svg+xml;base64,PHN2ZyB3aWR0aD0iMSIgaGVpZ2h0PSIxIiB4bWxucz0iaHR0cDovL3d3dy53My5vcmcvMjAwMC9zdmciPjwvc3ZnPg==\" style=\"--smush-placeholder-width: 1900px; --smush-placeholder-aspect-ratio: 1900\/480;\" \/><\/figure>\n\n\n\n<div class=\"pt-cv-wrapper\"><div class=\"pt-cv-view pt-cv-grid pt-cv-colsys\" id=\"pt-cv-view-0b3369bu3p\"><div data-id=\"pt-cv-page-1\" class=\"pt-cv-page\" data-cvc=\"2\"><div class=\"col-md-6 col-sm-6 col-xs-12 pt-cv-content-item pt-cv-1-col\" ><div class='pt-cv-ifield'><a href=\"https:\/\/all-actresses.com\/es\/ersties\/\" class=\"_self pt-cv-href-thumbnail pt-cv-thumb-default\" target=\"_self\" ><\/a>\n<h3 class=\"pt-cv-title\"><a href=\"https:\/\/all-actresses.com\/es\/ersties\/\" class=\"_self\" target=\"_self\" >Ersties<\/a><\/h3>\n<div class=\"pt-cv-content\">Ersties Cuando escuchas el t\u00e9rmino Ersties mucha gente piensa en los estudiantes que son nuevos en la universidad. Este pensamiento ...<br \/><div class=\"pt-cv-rmwrap\"><a href=\"https:\/\/all-actresses.com\/es\/ersties\/\" class=\"_self pt-cv-readmore btn btn-success\" target=\"_self\">Leer M\u00e1s<\/a><\/div><\/div><\/div><\/div>\n<div class=\"col-md-6 col-sm-6 col-xs-12 pt-cv-content-item pt-cv-1-col\" ><div class='pt-cv-ifield'><a href=\"https:\/\/all-actresses.com\/es\/mydirtyhobby\/\" class=\"_self pt-cv-href-thumbnail pt-cv-thumb-default\" target=\"_self\" ><\/a>\n<h3 class=\"pt-cv-title\"><a href=\"https:\/\/all-actresses.com\/es\/mydirtyhobby\/\" class=\"_self\" target=\"_self\" >MyDirtyHobby<\/a><\/h3>\n<div class=\"pt-cv-content\">MyDirtyHobby \u00bfTe apasiona ver v\u00eddeos de contenido para adultos, pero no consigues orientarte entre los innumerables proveedores de v\u00eddeos? Nosotros, ...<br \/><div class=\"pt-cv-rmwrap\"><a href=\"https:\/\/all-actresses.com\/es\/mydirtyhobby\/\" class=\"_self pt-cv-readmore btn btn-success\" target=\"_self\">Leer M\u00e1s<\/a><\/div><\/div><\/div><\/div>\n<div class=\"col-md-6 col-sm-6 col-xs-12 pt-cv-content-item pt-cv-1-col\" ><div class='pt-cv-ifield'><a href=\"https:\/\/all-actresses.com\/es\/stripchat\/\" class=\"_self pt-cv-href-thumbnail pt-cv-thumb-default\" target=\"_self\" ><\/a>\n<h3 class=\"pt-cv-title\"><a href=\"https:\/\/all-actresses.com\/es\/stripchat\/\" class=\"_self\" target=\"_self\" >Stripchat<\/a><\/h3>\n<div class=\"pt-cv-content\">Stripchat A lo largo del tiempo, se pueden observar tendencias en todas las industrias. Esto es especialmente cierto en la ...<br \/><div class=\"pt-cv-rmwrap\"><a href=\"https:\/\/all-actresses.com\/es\/stripchat\/\" class=\"_self pt-cv-readmore btn btn-success\" target=\"_self\">Leer M\u00e1s<\/a><\/div><\/div><\/div><\/div>\n<div class=\"col-md-6 col-sm-6 col-xs-12 pt-cv-content-item pt-cv-1-col\" ><div class='pt-cv-ifield'><a href=\"https:\/\/all-actresses.com\/es\/xhamsterlive\/\" class=\"_self pt-cv-href-thumbnail pt-cv-thumb-default\" target=\"_self\" ><\/a>\n<h3 class=\"pt-cv-title\"><a href=\"https:\/\/all-actresses.com\/es\/xhamsterlive\/\" class=\"_self\" target=\"_self\" >XHamsterLive<\/a><\/h3>\n<div class=\"pt-cv-content\">XHamsterLive \u00bfBuscas la plataforma er\u00f3tica con funci\u00f3n livestream adecuada para ti? Entonces, \u00a1estamos encantados de poder ayudarte con tu pregunta! ...<br \/><div class=\"pt-cv-rmwrap\"><a href=\"https:\/\/all-actresses.com\/es\/xhamsterlive\/\" class=\"_self pt-cv-readmore btn btn-success\" target=\"_self\">Leer M\u00e1s<\/a><\/div><\/div><\/div><\/div>\n<div class=\"col-md-6 col-sm-6 col-xs-12 pt-cv-content-item pt-cv-1-col\" ><div class='pt-cv-ifield'><a href=\"https:\/\/all-actresses.com\/es\/xvideos\/\" class=\"_self pt-cv-href-thumbnail pt-cv-thumb-default\" target=\"_self\" ><\/a>\n<h3 class=\"pt-cv-title\"><a href=\"https:\/\/all-actresses.com\/es\/xvideos\/\" class=\"_self\" target=\"_self\" >XVIDEOS<\/a><\/h3>\n<div class=\"pt-cv-content\">XVIDEOS Desde 2007, un sitio web en particular se ha unido a las filas de las plataformas de v\u00eddeo m\u00e1s ...<br \/><div class=\"pt-cv-rmwrap\"><a href=\"https:\/\/all-actresses.com\/es\/xvideos\/\" class=\"_self pt-cv-readmore btn btn-success\" target=\"_self\">Leer M\u00e1s<\/a><\/div><\/div><\/div><\/div>\n<div class=\"col-md-6 col-sm-6 col-xs-12 pt-cv-content-item pt-cv-1-col\" ><div class='pt-cv-ifield'><a href=\"https:\/\/all-actresses.com\/es\/xnxx\/\" class=\"_self pt-cv-href-thumbnail pt-cv-thumb-default\" target=\"_self\" ><\/a>\n<h3 class=\"pt-cv-title\"><a href=\"https:\/\/all-actresses.com\/es\/xnxx\/\" class=\"_self\" target=\"_self\" >XNXX<\/a><\/h3>\n<div class=\"pt-cv-content\">XNXX Si buscas v\u00eddeos de contenido er\u00f3tico en Internet, seguro que tarde o temprano te encuentras con la plataforma XNXX.com ...<br \/><div class=\"pt-cv-rmwrap\"><a href=\"https:\/\/all-actresses.com\/es\/xnxx\/\" class=\"_self pt-cv-readmore btn btn-success\" target=\"_self\">Leer M\u00e1s<\/a><\/div><\/div><\/div><\/div>\n<div class=\"col-md-6 col-sm-6 col-xs-12 pt-cv-content-item pt-cv-1-col\" ><div class='pt-cv-ifield'><a href=\"https:\/\/all-actresses.com\/es\/pornhub\/\" class=\"_self pt-cv-href-thumbnail pt-cv-thumb-default\" target=\"_self\" ><\/a>\n<h3 class=\"pt-cv-title\"><a href=\"https:\/\/all-actresses.com\/es\/pornhub\/\" class=\"_self\" target=\"_self\" >Pornhub<\/a><\/h3>\n<div class=\"pt-cv-content\">Pornhub Durante tu b\u00fasqueda de v\u00eddeos e im\u00e1genes er\u00f3ticas seguro que te has fijado en la plataforma de v\u00eddeos Pornhub ...<br \/><div class=\"pt-cv-rmwrap\"><a href=\"https:\/\/all-actresses.com\/es\/pornhub\/\" class=\"_self pt-cv-readmore btn btn-success\" target=\"_self\">Leer M\u00e1s<\/a><\/div><\/div><\/div><\/div>\n<div class=\"col-md-6 col-sm-6 col-xs-12 pt-cv-content-item pt-cv-1-col\" ><div class='pt-cv-ifield'><a href=\"https:\/\/all-actresses.com\/es\/redtube\/\" class=\"_self pt-cv-href-thumbnail pt-cv-thumb-default\" target=\"_self\" ><\/a>\n<h3 class=\"pt-cv-title\"><a href=\"https:\/\/all-actresses.com\/es\/redtube\/\" class=\"_self\" target=\"_self\" >RedTube<\/a><\/h3>\n<div class=\"pt-cv-content\">RedTube Desde 2007, existe una de las mayores plataformas er\u00f3ticas de Internet: hablamos del sitio web er\u00f3tico RedTube. El nombre ...<br \/><div class=\"pt-cv-rmwrap\"><a href=\"https:\/\/all-actresses.com\/es\/redtube\/\" class=\"_self pt-cv-readmore btn btn-success\" target=\"_self\">Leer M\u00e1s<\/a><\/div><\/div><\/div><\/div>\n<div class=\"col-md-6 col-sm-6 col-xs-12 pt-cv-content-item pt-cv-1-col\" ><div class='pt-cv-ifield'><a href=\"https:\/\/all-actresses.com\/es\/xhamster\/\" class=\"_self pt-cv-href-thumbnail pt-cv-thumb-default\" target=\"_self\" ><\/a>\n<h3 class=\"pt-cv-title\"><a href=\"https:\/\/all-actresses.com\/es\/xhamster\/\" class=\"_self\" target=\"_self\" >XHamster<\/a><\/h3>\n<div class=\"pt-cv-content\">XHamster En las \u00faltimas d\u00e9cadas, se han creado innumerables sitios web con contenido para adultos. Pero no todos son realmente ...<br \/><div class=\"pt-cv-rmwrap\"><a href=\"https:\/\/all-actresses.com\/es\/xhamster\/\" class=\"_self pt-cv-readmore btn btn-success\" target=\"_self\">Leer M\u00e1s<\/a><\/div><\/div><\/div><\/div>\n<div class=\"col-md-6 col-sm-6 col-xs-12 pt-cv-content-item pt-cv-1-col\" ><div class='pt-cv-ifield'><a href=\"https:\/\/all-actresses.com\/es\/youporn\/\" class=\"_self pt-cv-href-thumbnail pt-cv-thumb-default\" target=\"_self\" ><\/a>\n<h3 class=\"pt-cv-title\"><a href=\"https:\/\/all-actresses.com\/es\/youporn\/\" class=\"_self\" target=\"_self\" >YouPorn<\/a><\/h3>\n<div class=\"pt-cv-content\">YouPorn Despu\u00e9s de la mayor plataforma de v\u00eddeo del mundo, YouTube, una de las redes de v\u00eddeo m\u00e1s conocidas de ...<br \/><div class=\"pt-cv-rmwrap\"><a href=\"https:\/\/all-actresses.com\/es\/youporn\/\" class=\"_self pt-cv-readmore btn btn-success\" target=\"_self\">Leer M\u00e1s<\/a><\/div><\/div><\/div><\/div>\n<div class=\"col-md-6 col-sm-6 col-xs-12 pt-cv-content-item pt-cv-1-col\" ><div class='pt-cv-ifield'><a href=\"https:\/\/all-actresses.com\/es\/beeg\/\" class=\"_self pt-cv-href-thumbnail pt-cv-thumb-default\" target=\"_self\" ><\/a>\n<h3 class=\"pt-cv-title\"><a href=\"https:\/\/all-actresses.com\/es\/beeg\/\" class=\"_self\" target=\"_self\" >Beeg<\/a><\/h3>\n<div class=\"pt-cv-content\">Beeg Si eres un fiel seguidor de nuestro sitio, entonces seguramente sabr\u00e1s que presentamos exclusivamente los mayores sitios web er\u00f3ticos ...<br \/><div class=\"pt-cv-rmwrap\"><a href=\"https:\/\/all-actresses.com\/es\/beeg\/\" class=\"_self pt-cv-readmore btn btn-success\" target=\"_self\">Leer M\u00e1s<\/a><\/div><\/div><\/div><\/div>\n<div class=\"col-md-6 col-sm-6 col-xs-12 pt-cv-content-item pt-cv-1-col\" ><div class='pt-cv-ifield'><a href=\"https:\/\/all-actresses.com\/es\/jerkmate\/\" class=\"_self pt-cv-href-thumbnail pt-cv-thumb-default\" target=\"_self\" ><\/a>\n<h3 class=\"pt-cv-title\"><a href=\"https:\/\/all-actresses.com\/es\/jerkmate\/\" class=\"_self\" target=\"_self\" >Jerkmate<\/a><\/h3>\n<div class=\"pt-cv-content\">Jerkmate Desde hace algunos a\u00f1os, se observa un cambio en la industria er\u00f3tica. Los portales que permiten la interacci\u00f3n entre ...<br \/><div class=\"pt-cv-rmwrap\"><a href=\"https:\/\/all-actresses.com\/es\/jerkmate\/\" class=\"_self pt-cv-readmore btn btn-success\" target=\"_self\">Leer M\u00e1s<\/a><\/div><\/div><\/div><\/div>\n<div class=\"col-md-6 col-sm-6 col-xs-12 pt-cv-content-item pt-cv-1-col\" ><div class='pt-cv-ifield'><a href=\"https:\/\/all-actresses.com\/es\/streamate\/\" class=\"_self pt-cv-href-thumbnail pt-cv-thumb-default\" target=\"_self\" ><\/a>\n<h3 class=\"pt-cv-title\"><a href=\"https:\/\/all-actresses.com\/es\/streamate\/\" class=\"_self\" target=\"_self\" >Streamate<\/a><\/h3>\n<div class=\"pt-cv-content\">Streamate Streamate - Este nombre esconde una plataforma de streaming convencional como Twitch con contenido para adultos. Pero una mirada ...<br \/><div class=\"pt-cv-rmwrap\"><a href=\"https:\/\/all-actresses.com\/es\/streamate\/\" class=\"_self pt-cv-readmore btn btn-success\" target=\"_self\">Leer M\u00e1s<\/a><\/div><\/div><\/div><\/div>\n<div class=\"col-md-6 col-sm-6 col-xs-12 pt-cv-content-item pt-cv-1-col\" ><div class='pt-cv-ifield'><a href=\"https:\/\/all-actresses.com\/es\/susi-live\/\" class=\"_self pt-cv-href-thumbnail pt-cv-thumb-default\" target=\"_self\" ><\/a>\n<h3 class=\"pt-cv-title\"><a href=\"https:\/\/all-actresses.com\/es\/susi-live\/\" class=\"_self\" target=\"_self\" >Susi.live<\/a><\/h3>\n<div class=\"pt-cv-content\">Susi.live Si echas un vistazo a las tendencias de b\u00fasqueda actuales en Internet, te dar\u00e1s cuenta r\u00e1pidamente de una cosa: ...<br \/><div class=\"pt-cv-rmwrap\"><a href=\"https:\/\/all-actresses.com\/es\/susi-live\/\" class=\"_self pt-cv-readmore btn btn-success\" target=\"_self\">Leer M\u00e1s<\/a><\/div><\/div><\/div><\/div>\n<div class=\"col-md-6 col-sm-6 col-xs-12 pt-cv-content-item pt-cv-1-col\" ><div class='pt-cv-ifield'><a href=\"https:\/\/all-actresses.com\/es\/comparacion-webcams\/\" class=\"_self pt-cv-href-thumbnail pt-cv-thumb-default\" target=\"_self\" ><\/a>\n<h3 class=\"pt-cv-title\"><a href=\"https:\/\/all-actresses.com\/es\/comparacion-webcams\/\" class=\"_self\" target=\"_self\" >Gran comparaci\u00f3n de webcams<\/a><\/h3>\n<div class=\"pt-cv-content\">Ambos sabemos que tienes mejores cosas que hacer ahora que leer una rese\u00f1a de varias p\u00e1ginas. As\u00ed que vamos a ...<br \/><div class=\"pt-cv-rmwrap\"><a href=\"https:\/\/all-actresses.com\/es\/comparacion-webcams\/\" class=\"_self pt-cv-readmore btn btn-success\" target=\"_self\">Leer M\u00e1s<\/a><\/div><\/div><\/div><\/div>\n<div class=\"col-md-6 col-sm-6 col-xs-12 pt-cv-content-item pt-cv-1-col\" ><div class='pt-cv-ifield'><a href=\"https:\/\/all-actresses.com\/es\/camsoda\/\" class=\"_self pt-cv-href-thumbnail pt-cv-thumb-default\" target=\"_self\" ><\/a>\n<h3 class=\"pt-cv-title\"><a href=\"https:\/\/all-actresses.com\/es\/camsoda\/\" class=\"_self\" target=\"_self\" >Camsoda<\/a><\/h3>\n<div class=\"pt-cv-content\">Camsoda Las pel\u00edculas er\u00f3ticas eran ayer, las transmisiones er\u00f3ticas por webcam son hoy. \u00bfO? Bueno, esta tesis puede parecer un ...<br \/><div class=\"pt-cv-rmwrap\"><a href=\"https:\/\/all-actresses.com\/es\/camsoda\/\" class=\"_self pt-cv-readmore btn btn-success\" target=\"_self\">Leer M\u00e1s<\/a><\/div><\/div><\/div><\/div>\n<div class=\"col-md-6 col-sm-6 col-xs-12 pt-cv-content-item pt-cv-1-col\" ><div class='pt-cv-ifield'><a href=\"https:\/\/all-actresses.com\/es\/chaturbate\/\" class=\"_self pt-cv-href-thumbnail pt-cv-thumb-default\" target=\"_self\" ><\/a>\n<h3 class=\"pt-cv-title\"><a href=\"https:\/\/all-actresses.com\/es\/chaturbate\/\" class=\"_self\" target=\"_self\" >Chaturbate<\/a><\/h3>\n<div class=\"pt-cv-content\">Chaturbate En los \u00faltimos a\u00f1os, se ha observado en todo el mundo que las redes sociales se han abierto paso ...<br \/><div class=\"pt-cv-rmwrap\"><a href=\"https:\/\/all-actresses.com\/es\/chaturbate\/\" class=\"_self pt-cv-readmore btn btn-success\" target=\"_self\">Leer M\u00e1s<\/a><\/div><\/div><\/div><\/div>\n<div class=\"col-md-6 col-sm-6 col-xs-12 pt-cv-content-item pt-cv-1-col\" ><div class='pt-cv-ifield'><a href=\"https:\/\/all-actresses.com\/es\/cam4\/\" class=\"_self pt-cv-href-thumbnail pt-cv-thumb-default\" target=\"_self\" ><\/a>\n<h3 class=\"pt-cv-title\"><a href=\"https:\/\/all-actresses.com\/es\/cam4\/\" class=\"_self\" target=\"_self\" >Cam4<\/a><\/h3>\n<div class=\"pt-cv-content\">Cam4 Transmisi\u00f3n en directo - Casi ninguna forma de entretenimiento ha sido capaz de establecerse tan bien en los \u00faltimos ...<br \/><div class=\"pt-cv-rmwrap\"><a href=\"https:\/\/all-actresses.com\/es\/cam4\/\" class=\"_self pt-cv-readmore btn btn-success\" target=\"_self\">Leer M\u00e1s<\/a><\/div><\/div><\/div><\/div>\n<div class=\"col-md-6 col-sm-6 col-xs-12 pt-cv-content-item pt-cv-1-col\" ><div class='pt-cv-ifield'><a href=\"https:\/\/all-actresses.com\/es\/bongacams\/\" class=\"_self pt-cv-href-thumbnail pt-cv-thumb-default\" target=\"_self\" ><\/a>\n<h3 class=\"pt-cv-title\"><a href=\"https:\/\/all-actresses.com\/es\/bongacams\/\" class=\"_self\" target=\"_self\" >BongaCams<\/a><\/h3>\n<div class=\"pt-cv-content\">BongaCams Si observas con detenimiento las tendencias de Internet de los \u00faltimos a\u00f1os, destaca un tema en particular: las redes ...<br \/><div class=\"pt-cv-rmwrap\"><a href=\"https:\/\/all-actresses.com\/es\/bongacams\/\" class=\"_self pt-cv-readmore btn btn-success\" target=\"_self\">Leer M\u00e1s<\/a><\/div><\/div><\/div><\/div><\/div><\/div><\/div>\n","protected":false},"excerpt":{"rendered":"","protected":false},"author":1,"featured_media":0,"parent":0,"menu_order":0,"comment_status":"closed","ping_status":"closed","template":"","meta":{"footnotes":""},"class_list":["post-2736","page","type-page","status-publish"],"yoast_head":"<!-- This site is optimized with the Yoast SEO plugin v27.5 - https:\/\/yoast.com\/product\/yoast-seo-wordpress\/ -->\n<title>Redes er\u00f3ticas y webcams de un vistazo | \u00a1Lo que necesitas saber!<\/title>\n<meta name=\"description\" content=\"\u00bfQu\u00e9 servicios de webcam y plataformas er\u00f3ticas de reputaci\u00f3n existen? \u00bfQu\u00e9 servicios son gratuitos? \u00bfD\u00f3nde me esperan los usuarios reales? \u00a1Desc\u00fabrelo aqu\u00ed!\" \/>\n<meta name=\"robots\" content=\"index, follow, max-snippet:-1, max-image-preview:large, max-video-preview:-1\" \/>\n<link rel=\"canonical\" href=\"https:\/\/all-actresses.com\/es\/comunidad\/\" \/>\n<meta property=\"og:locale\" content=\"es_ES\" \/>\n<meta property=\"og:type\" content=\"article\" \/>\n<meta property=\"og:title\" content=\"Redes er\u00f3ticas y webcams de un vistazo | \u00a1Lo que necesitas saber!\" \/>\n<meta property=\"og:description\" content=\"\u00bfQu\u00e9 servicios de webcam y plataformas er\u00f3ticas de reputaci\u00f3n existen? \u00bfQu\u00e9 servicios son gratuitos? \u00bfD\u00f3nde me esperan los usuarios reales? \u00a1Desc\u00fabrelo aqu\u00ed!\" \/>\n<meta property=\"og:url\" content=\"https:\/\/all-actresses.com\/es\/comunidad\/\" \/>\n<meta property=\"og:site_name\" content=\"all-actresses.com\" \/>\n<meta property=\"article:modified_time\" content=\"2024-04-09T11:54:28+00:00\" \/>\n<meta property=\"og:image\" content=\"https:\/\/all-actresses.com\/wp-content\/uploads\/2021\/04\/Header_Comunidad.jpg\" \/>\n<meta name=\"twitter:card\" content=\"summary_large_image\" \/>\n<meta name=\"twitter:label1\" content=\"Tiempo de lectura\" \/>\n\t<meta name=\"twitter:data1\" content=\"1 minuto\" \/>\n<script type=\"application\/ld+json\" class=\"yoast-schema-graph\">{\"@context\":\"https:\\\/\\\/schema.org\",\"@graph\":[{\"@type\":\"WebPage\",\"@id\":\"https:\\\/\\\/all-actresses.com\\\/es\\\/comunidad\\\/\",\"url\":\"https:\\\/\\\/all-actresses.com\\\/es\\\/comunidad\\\/\",\"name\":\"Redes er\u00f3ticas y webcams de un vistazo | \u00a1Lo que necesitas saber!\",\"isPartOf\":{\"@id\":\"https:\\\/\\\/all-actresses.com\\\/#website\"},\"primaryImageOfPage\":{\"@id\":\"https:\\\/\\\/all-actresses.com\\\/es\\\/comunidad\\\/#primaryimage\"},\"image\":{\"@id\":\"https:\\\/\\\/all-actresses.com\\\/es\\\/comunidad\\\/#primaryimage\"},\"thumbnailUrl\":\"https:\\\/\\\/all-actresses.com\\\/wp-content\\\/uploads\\\/2021\\\/04\\\/Header_Comunidad.jpg\",\"datePublished\":\"2021-04-13T08:17:32+00:00\",\"dateModified\":\"2024-04-09T11:54:28+00:00\",\"description\":\"\u00bfQu\u00e9 servicios de webcam y plataformas er\u00f3ticas de reputaci\u00f3n existen? \u00bfQu\u00e9 servicios son gratuitos? \u00bfD\u00f3nde me esperan los usuarios reales? \u00a1Desc\u00fabrelo aqu\u00ed!\",\"breadcrumb\":{\"@id\":\"https:\\\/\\\/all-actresses.com\\\/es\\\/comunidad\\\/#breadcrumb\"},\"inLanguage\":\"es\",\"potentialAction\":[{\"@type\":\"ReadAction\",\"target\":[\"https:\\\/\\\/all-actresses.com\\\/es\\\/comunidad\\\/\"]}]},{\"@type\":\"ImageObject\",\"inLanguage\":\"es\",\"@id\":\"https:\\\/\\\/all-actresses.com\\\/es\\\/comunidad\\\/#primaryimage\",\"url\":\"https:\\\/\\\/all-actresses.com\\\/wp-content\\\/uploads\\\/2021\\\/04\\\/Header_Comunidad.jpg\",\"contentUrl\":\"https:\\\/\\\/all-actresses.com\\\/wp-content\\\/uploads\\\/2021\\\/04\\\/Header_Comunidad.jpg\"},{\"@type\":\"BreadcrumbList\",\"@id\":\"https:\\\/\\\/all-actresses.com\\\/es\\\/comunidad\\\/#breadcrumb\",\"itemListElement\":[{\"@type\":\"ListItem\",\"position\":1,\"name\":\"Startseite\",\"item\":\"https:\\\/\\\/all-actresses.com\\\/es\\\/\"},{\"@type\":\"ListItem\",\"position\":2,\"name\":\"Comunidad\"}]},{\"@type\":\"WebSite\",\"@id\":\"https:\\\/\\\/all-actresses.com\\\/#website\",\"url\":\"https:\\\/\\\/all-actresses.com\\\/\",\"name\":\"all-actresses.com\",\"description\":\"Entdecke die Welt von AllActresses!\",\"publisher\":{\"@id\":\"https:\\\/\\\/all-actresses.com\\\/#organization\"},\"potentialAction\":[{\"@type\":\"SearchAction\",\"target\":{\"@type\":\"EntryPoint\",\"urlTemplate\":\"https:\\\/\\\/all-actresses.com\\\/?s={search_term_string}\"},\"query-input\":{\"@type\":\"PropertyValueSpecification\",\"valueRequired\":true,\"valueName\":\"search_term_string\"}}],\"inLanguage\":\"es\"},{\"@type\":\"Organization\",\"@id\":\"https:\\\/\\\/all-actresses.com\\\/#organization\",\"name\":\"all-actresses.com\",\"url\":\"https:\\\/\\\/all-actresses.com\\\/\",\"logo\":{\"@type\":\"ImageObject\",\"inLanguage\":\"es\",\"@id\":\"https:\\\/\\\/all-actresses.com\\\/#\\\/schema\\\/logo\\\/image\\\/\",\"url\":\"https:\\\/\\\/all-actresses.com\\\/wp-content\\\/uploads\\\/2021\\\/05\\\/allactresses-2-e1620037015851.jpg\",\"contentUrl\":\"https:\\\/\\\/all-actresses.com\\\/wp-content\\\/uploads\\\/2021\\\/05\\\/allactresses-2-e1620037015851.jpg\",\"width\":400,\"height\":213,\"caption\":\"all-actresses.com\"},\"image\":{\"@id\":\"https:\\\/\\\/all-actresses.com\\\/#\\\/schema\\\/logo\\\/image\\\/\"}}]}<\/script>\n<!-- \/ Yoast SEO plugin. -->","yoast_head_json":{"title":"Redes er\u00f3ticas y webcams de un vistazo | \u00a1Lo que necesitas saber!","description":"\u00bfQu\u00e9 servicios de webcam y plataformas er\u00f3ticas de reputaci\u00f3n existen? \u00bfQu\u00e9 servicios son gratuitos? \u00bfD\u00f3nde me esperan los usuarios reales? \u00a1Desc\u00fabrelo aqu\u00ed!","robots":{"index":"index","follow":"follow","max-snippet":"max-snippet:-1","max-image-preview":"max-image-preview:large","max-video-preview":"max-video-preview:-1"},"canonical":"https:\/\/all-actresses.com\/es\/comunidad\/","og_locale":"es_ES","og_type":"article","og_title":"Redes er\u00f3ticas y webcams de un vistazo | \u00a1Lo que necesitas saber!","og_description":"\u00bfQu\u00e9 servicios de webcam y plataformas er\u00f3ticas de reputaci\u00f3n existen? \u00bfQu\u00e9 servicios son gratuitos? \u00bfD\u00f3nde me esperan los usuarios reales? \u00a1Desc\u00fabrelo aqu\u00ed!","og_url":"https:\/\/all-actresses.com\/es\/comunidad\/","og_site_name":"all-actresses.com","article_modified_time":"2024-04-09T11:54:28+00:00","og_image":[{"url":"https:\/\/all-actresses.com\/wp-content\/uploads\/2021\/04\/Header_Comunidad.jpg","type":"","width":"","height":""}],"twitter_card":"summary_large_image","twitter_misc":{"Tiempo de lectura":"1 minuto"},"schema":{"@context":"https:\/\/schema.org","@graph":[{"@type":"WebPage","@id":"https:\/\/all-actresses.com\/es\/comunidad\/","url":"https:\/\/all-actresses.com\/es\/comunidad\/","name":"Redes er\u00f3ticas y webcams de un vistazo | \u00a1Lo que necesitas saber!","isPartOf":{"@id":"https:\/\/all-actresses.com\/#website"},"primaryImageOfPage":{"@id":"https:\/\/all-actresses.com\/es\/comunidad\/#primaryimage"},"image":{"@id":"https:\/\/all-actresses.com\/es\/comunidad\/#primaryimage"},"thumbnailUrl":"https:\/\/all-actresses.com\/wp-content\/uploads\/2021\/04\/Header_Comunidad.jpg","datePublished":"2021-04-13T08:17:32+00:00","dateModified":"2024-04-09T11:54:28+00:00","description":"\u00bfQu\u00e9 servicios de webcam y plataformas er\u00f3ticas de reputaci\u00f3n existen? \u00bfQu\u00e9 servicios son gratuitos? \u00bfD\u00f3nde me esperan los usuarios reales? \u00a1Desc\u00fabrelo aqu\u00ed!","breadcrumb":{"@id":"https:\/\/all-actresses.com\/es\/comunidad\/#breadcrumb"},"inLanguage":"es","potentialAction":[{"@type":"ReadAction","target":["https:\/\/all-actresses.com\/es\/comunidad\/"]}]},{"@type":"ImageObject","inLanguage":"es","@id":"https:\/\/all-actresses.com\/es\/comunidad\/#primaryimage","url":"https:\/\/all-actresses.com\/wp-content\/uploads\/2021\/04\/Header_Comunidad.jpg","contentUrl":"https:\/\/all-actresses.com\/wp-content\/uploads\/2021\/04\/Header_Comunidad.jpg"},{"@type":"BreadcrumbList","@id":"https:\/\/all-actresses.com\/es\/comunidad\/#breadcrumb","itemListElement":[{"@type":"ListItem","position":1,"name":"Startseite","item":"https:\/\/all-actresses.com\/es\/"},{"@type":"ListItem","position":2,"name":"Comunidad"}]},{"@type":"WebSite","@id":"https:\/\/all-actresses.com\/#website","url":"https:\/\/all-actresses.com\/","name":"all-actresses.com","description":"Entdecke die Welt von AllActresses!","publisher":{"@id":"https:\/\/all-actresses.com\/#organization"},"potentialAction":[{"@type":"SearchAction","target":{"@type":"EntryPoint","urlTemplate":"https:\/\/all-actresses.com\/?s={search_term_string}"},"query-input":{"@type":"PropertyValueSpecification","valueRequired":true,"valueName":"search_term_string"}}],"inLanguage":"es"},{"@type":"Organization","@id":"https:\/\/all-actresses.com\/#organization","name":"all-actresses.com","url":"https:\/\/all-actresses.com\/","logo":{"@type":"ImageObject","inLanguage":"es","@id":"https:\/\/all-actresses.com\/#\/schema\/logo\/image\/","url":"https:\/\/all-actresses.com\/wp-content\/uploads\/2021\/05\/allactresses-2-e1620037015851.jpg","contentUrl":"https:\/\/all-actresses.com\/wp-content\/uploads\/2021\/05\/allactresses-2-e1620037015851.jpg","width":400,"height":213,"caption":"all-actresses.com"},"image":{"@id":"https:\/\/all-actresses.com\/#\/schema\/logo\/image\/"}}]}},"_links":{"self":[{"href":"https:\/\/all-actresses.com\/es\/wp-json\/wp\/v2\/pages\/2736","targetHints":{"allow":["GET"]}}],"collection":[{"href":"https:\/\/all-actresses.com\/es\/wp-json\/wp\/v2\/pages"}],"about":[{"href":"https:\/\/all-actresses.com\/es\/wp-json\/wp\/v2\/types\/page"}],"author":[{"embeddable":true,"href":"https:\/\/all-actresses.com\/es\/wp-json\/wp\/v2\/users\/1"}],"replies":[{"embeddable":true,"href":"https:\/\/all-actresses.com\/es\/wp-json\/wp\/v2\/comments?post=2736"}],"version-history":[{"count":3,"href":"https:\/\/all-actresses.com\/es\/wp-json\/wp\/v2\/pages\/2736\/revisions"}],"predecessor-version":[{"id":11705,"href":"https:\/\/all-actresses.com\/es\/wp-json\/wp\/v2\/pages\/2736\/revisions\/11705"}],"wp:attachment":[{"href":"https:\/\/all-actresses.com\/es\/wp-json\/wp\/v2\/media?parent=2736"}],"curies":[{"name":"wp","href":"https:\/\/api.w.org\/{rel}","templated":true}]}}