{"id":13622,"date":"2021-05-26T15:19:40","date_gmt":"2021-05-26T13:19:40","guid":{"rendered":"https:\/\/all-actresses.com\/nicole-aniston\/"},"modified":"2026-01-20T17:23:54","modified_gmt":"2026-01-20T16:23:54","slug":"nicole-aniston","status":"publish","type":"page","link":"https:\/\/all-actresses.com\/da\/nicole-aniston\/","title":{"rendered":"Nicole Aniston"},"content":{"rendered":"\n<figure class=\"wp-block-image alignfull size-full\"><img decoding=\"async\" width=\"1900\" height=\"480\" data-src=\"https:\/\/all-actresses.com\/wp-content\/uploads\/2024\/03\/Header_Darsteller_DA.png\" alt=\"Nicole Aniston Header\" class=\"wp-image-11228 lazyload\" data-srcset=\"https:\/\/all-actresses.com\/wp-content\/uploads\/2024\/03\/Header_Darsteller_DA.png 1900w, https:\/\/all-actresses.com\/wp-content\/uploads\/2024\/03\/Header_Darsteller_DA-300x76.png 300w, https:\/\/all-actresses.com\/wp-content\/uploads\/2024\/03\/Header_Darsteller_DA-1024x259.png 1024w, https:\/\/all-actresses.com\/wp-content\/uploads\/2024\/03\/Header_Darsteller_DA-768x194.png 768w, https:\/\/all-actresses.com\/wp-content\/uploads\/2024\/03\/Header_Darsteller_DA-1536x388.png 1536w\" data-sizes=\"(max-width: 1900px) 100vw, 1900px\" src=\"data:image\/svg+xml;base64,PHN2ZyB3aWR0aD0iMSIgaGVpZ2h0PSIxIiB4bWxucz0iaHR0cDovL3d3dy53My5vcmcvMjAwMC9zdmciPjwvc3ZnPg==\" style=\"--smush-placeholder-width: 1900px; --smush-placeholder-aspect-ratio: 1900\/480;\" \/><\/figure>\n\n\n\n<h1 class=\"wp-block-heading has-text-align-center\"><span style=\"color: #790079;\"><strong>Nicole Aniston <\/strong><\/span><\/h1>\n\n\n\n<p>Den amerikanske erotiske skuespillerinde Ashley Nicole Miller blev f\u00f8dt den 9. September 1987 i San Diego i Californien (USA) og er kendt under sit kunstnernavn <span style=\"color: #790079;\"><em><strong>Nicole Aniston <\/strong><\/em><span style=\"color: #000000;\">rise to fame. Ashley Nicole debuterede med sin f\u00f8rste voksenfilm i 2009, og knap to \u00e5r senere begyndte Nicole Aniston allerede at arbejde med popul\u00e6re producenter som <span style=\"color: #790079;\"><a style=\"color: #790079;\" href=\"https:\/\/all-actresses.com\/bangbros\/\" target=\"_blank\" rel=\"noopener noreferrer\"><strong>Bang Bros<\/strong><\/a><\/span>, og en af hendes film vandt en pris ved den 30. AVN Awards i 2011. I \u00e5renes l\u00f8b har Nicole skabt sig et navn gennem sit arbejde som skuespillerinde, is\u00e6r i USA, og hun betragtes stadig som en stor stjerne i sin branche.<\/span><\/span><\/p>\n\n\n\n<div class=\"wp-block-cover alignfull is-light\" style=\"min-height:600px;aspect-ratio:unset;\"><img decoding=\"async\" width=\"1920\" height=\"1280\" class=\"wp-block-cover__image-background wp-image-655 lazyload\" alt=\"\" data-src=\"https:\/\/all-actresses.com\/wp-content\/uploads\/2020\/11\/Video-banner-1.jpg\" style=\"--smush-placeholder-width: 1920px; --smush-placeholder-aspect-ratio: 1920\/1280;object-position:50% 45%\" data-object-fit=\"cover\" data-object-position=\"50% 45%\" data-srcset=\"https:\/\/all-actresses.com\/wp-content\/uploads\/2020\/11\/Video-banner-1.jpg 1920w, https:\/\/all-actresses.com\/wp-content\/uploads\/2020\/11\/Video-banner-1-300x200.jpg 300w, https:\/\/all-actresses.com\/wp-content\/uploads\/2020\/11\/Video-banner-1-1024x683.jpg 1024w, https:\/\/all-actresses.com\/wp-content\/uploads\/2020\/11\/Video-banner-1-768x512.jpg 768w, https:\/\/all-actresses.com\/wp-content\/uploads\/2020\/11\/Video-banner-1-1536x1024.jpg 1536w\" data-sizes=\"(max-width: 1920px) 100vw, 1920px\" src=\"data:image\/svg+xml;base64,PHN2ZyB3aWR0aD0iMSIgaGVpZ2h0PSIxIiB4bWxucz0iaHR0cDovL3d3dy53My5vcmcvMjAwMC9zdmciPjwvc3ZnPg==\" \/><span aria-hidden=\"true\" class=\"wp-block-cover__background has-black-background-color has-background-dim\"><\/span><div class=\"wp-block-cover__inner-container is-layout-flow wp-block-cover-is-layout-flow\">\n<h2 class=\"wp-block-heading has-text-align-center ue\"><br><strong><span style=\"color:#fea30b\" class=\"has-inline-color\">Vil du se Nicole Aniston? <strong>Her er, hvor du kan finde hend<\/strong>e:<\/span><\/strong><\/h2>\n\n\n\n<div style=\"height:60px\" aria-hidden=\"true\" class=\"wp-block-spacer\"><\/div>\n\n\n\n<div class=\"wp-block-columns is-layout-flex wp-container-core-columns-is-layout-9d6595d7 wp-block-columns-is-layout-flex\">\n<div class=\"wp-block-column is-layout-flow wp-block-column-is-layout-flow\"><div class=\"wp-block-image\">\n<figure class=\"aligncenter is-resized\"><a href=\"http:\/\/bit.ly\/nicole-aniston-videos\" target=\"_blank\" rel=\"noopener noreferrer\"><img decoding=\"async\" width=\"900\" height=\"300\" data-src=\"https:\/\/all-actresses.com\/wp-content\/uploads\/2021\/02\/Brazzers_Logo.png\" alt=\"Nicole Aniston Brazzers\" class=\"wp-image-1239 lazyload\" style=\"--smush-placeholder-width: 900px; --smush-placeholder-aspect-ratio: 900\/300;width:225px\" data-srcset=\"https:\/\/all-actresses.com\/wp-content\/uploads\/2021\/02\/Brazzers_Logo.png 900w, https:\/\/all-actresses.com\/wp-content\/uploads\/2021\/02\/Brazzers_Logo-300x100.png 300w, https:\/\/all-actresses.com\/wp-content\/uploads\/2021\/02\/Brazzers_Logo-768x256.png 768w\" data-sizes=\"(max-width: 900px) 100vw, 900px\" src=\"data:image\/svg+xml;base64,PHN2ZyB3aWR0aD0iMSIgaGVpZ2h0PSIxIiB4bWxucz0iaHR0cDovL3d3dy53My5vcmcvMjAwMC9zdmciPjwvc3ZnPg==\" \/><\/a><\/figure>\n<\/div>\n\n\n<h3 class=\"wp-block-heading has-text-align-center\" style=\"font-size:25px\"><strong><span style=\"background-color:rgba(0, 0, 0, 0);color:#ffcd14\" class=\"has-inline-color\">\u2713<\/span><\/strong><mark style=\"background-color:rgba(0, 0, 0, 0)\" class=\"has-inline-color has-base-3-color\"> I fuld HD-opl\u00f8sning eller VR<\/mark><\/h3>\n\n\n\n<h3 class=\"wp-block-heading has-text-align-center\" style=\"font-size:25px\"><strong><strong><span style=\"background-color:rgba(0, 0, 0, 0);color:#ffcd14\" class=\"has-inline-color\">\u2713<\/span><\/strong><\/strong><mark style=\"background-color:rgba(0, 0, 0, 0)\" class=\"has-inline-color has-base-3-color\"> Seneste videoer fra Nicole Aniston<\/mark><\/h3>\n\n\n\n<div class=\"wp-block-buttons is-horizontal is-content-justification-center is-layout-flex wp-container-core-buttons-is-layout-499968f5 wp-block-buttons-is-layout-flex\">\n<div class=\"wp-block-button hb\"><a class=\"wp-block-button__link has-black-color has-text-color has-background wp-element-button\" href=\"http:\/\/bit.ly\/nicole-aniston-videos\" style=\"border-radius:14px;background-color:#ffcd14\" target=\"_blank\" rel=\"noreferrer noopener\"><strong>Nicole Aniston Se videoer!<\/strong><\/a><\/div>\n<\/div>\n<\/div>\n\n\n\n<div class=\"wp-block-column is-layout-flow wp-block-column-is-layout-flow\"><div class=\"wp-block-image\">\n<figure class=\"aligncenter is-resized\"><a href=\"https:\/\/www.instagram.com\/realnicoleaniston\/\" target=\"_blank\" rel=\"noopener noreferrer\"><img decoding=\"async\" width=\"900\" height=\"300\" data-src=\"https:\/\/all-actresses.com\/wp-content\/uploads\/2021\/02\/Instagram_Logo.png\" alt=\"Nicole Aniston Instagram\" class=\"wp-image-1240 lazyload\" style=\"--smush-placeholder-width: 900px; --smush-placeholder-aspect-ratio: 900\/300;width:225px\" data-srcset=\"https:\/\/all-actresses.com\/wp-content\/uploads\/2021\/02\/Instagram_Logo.png 900w, https:\/\/all-actresses.com\/wp-content\/uploads\/2021\/02\/Instagram_Logo-300x100.png 300w, https:\/\/all-actresses.com\/wp-content\/uploads\/2021\/02\/Instagram_Logo-768x256.png 768w\" data-sizes=\"(max-width: 900px) 100vw, 900px\" src=\"data:image\/svg+xml;base64,PHN2ZyB3aWR0aD0iMSIgaGVpZ2h0PSIxIiB4bWxucz0iaHR0cDovL3d3dy53My5vcmcvMjAwMC9zdmciPjwvc3ZnPg==\" \/><\/a><\/figure>\n<\/div>\n\n\n<h3 class=\"wp-block-heading has-text-align-center\" style=\"font-size:25px\"><mark style=\"background-color:rgba(0, 0, 0, 0)\" class=\"has-inline-color has-base-3-color\"><strong>\u2713 <\/strong>Regelm\u00e6ssige opdateringer i realtid<\/mark><\/h3>\n\n\n\n<h3 class=\"wp-block-heading has-text-align-center\" style=\"font-size:25px\"><mark style=\"background-color:rgba(0, 0, 0, 0)\" class=\"has-inline-color has-base-3-color\"><strong><strong>\u2713<\/strong> <\/strong>Seneste billeder og historier af Nicole Aniston<\/mark><\/h3>\n\n\n\n<div class=\"wp-block-buttons is-horizontal is-content-justification-center is-layout-flex wp-container-core-buttons-is-layout-499968f5 wp-block-buttons-is-layout-flex\">\n<div class=\"wp-block-button hb\"><a class=\"wp-block-button__link has-black-color has-white-background-color has-text-color has-background wp-element-button\" href=\"https:\/\/www.instagram.com\/realnicoleaniston\/\" style=\"border-radius:14px\" target=\"_blank\" rel=\"noreferrer noopener\"><strong>G\u00e5 til Nicole Anistons profil!<\/strong><\/a><\/div>\n<\/div>\n<\/div>\n<\/div>\n\n\n\n<p><\/p>\n<\/div><\/div>\n\n\n\n<div class=\"wp-block-columns is-layout-flex wp-container-core-columns-is-layout-9d6595d7 wp-block-columns-is-layout-flex\">\n<div class=\"wp-block-column is-vertically-aligned-center is-layout-flow wp-block-column-is-layout-flow\">\n<iframe data-src=\"https:\/\/www.facebook.com\/plugins\/post.php?href=https%3A%2F%2Fwww.facebook.com%2Fallactressescom%2Fphotos%2Fa.108753364746439%2F110848851203557%2F%3Ftype%3D3&#038;show_text=true&#038;width=500\" width=\"500\" height=\"667\" style=\"border:none;overflow:hidden\" scrolling=\"no\" frameborder=\"0\" allowfullscreen=\"true\" allow=\"autoplay; clipboard-write; encrypted-media; picture-in-picture; web-share\" src=\"data:image\/svg+xml;base64,PHN2ZyB3aWR0aD0iMSIgaGVpZ2h0PSIxIiB4bWxucz0iaHR0cDovL3d3dy53My5vcmcvMjAwMC9zdmciPjwvc3ZnPg==\" class=\"lazyload\" data-load-mode=\"1\"><\/iframe>\n<\/div>\n\n\n\n<div class=\"wp-block-column is-layout-flow wp-block-column-is-layout-flow\">\n<h2 class=\"wp-block-heading\"><span style=\"color: #790079;\"><strong><em>Nicoles profil<\/em><\/strong><\/span><\/h2>\n\n\n\n<p><strong>Borgerligt navn<\/strong>: Ashley Nicole Miller<br><strong>F\u00f8dselsdato:<\/strong> 09. September 1987<br><strong>Hjemby:<\/strong> San Diego, Californien (USA)<br><strong>Karrierestatus:<\/strong> Aktiv<br><strong>Stjernetegn:<\/strong> Jomfruen<br><strong>H\u00f8jde<\/strong>: 1,60 m<br><strong>V\u00e6gt<\/strong>: 55 kg<br><strong>H\u00e5rfarve<\/strong>: Blond<br><strong>Tatoveringer:<\/strong> Ja<br><strong>Piercinger:<\/strong> Nej<\/p>\n\n\n\n<p>Som Nicole Aniston har den amerikanske skuespillerinde med tysk-gr\u00e6ske r\u00f8dder haft en respektabel karriere i den erotiske industri og har ogs\u00e5 arbejdet med alle andre kendte stjerner som Bang Bros, <a href=\"https:\/\/all-actresses.com\/da\/brazzers\/\"><span style=\"color: #790079;\"><em><strong>Brazzers<\/strong><\/em><\/span><\/a>, Hustler, Evil Angel, Wicked Pictures osv. Med omkring 1400 videoer og over 600 millioner visninger ligger Nicole Aniston i \u00f8jeblikket p\u00e5 en 11. plads p\u00e5 videoplatformen Pornhub.<\/p>\n\n\n\n<p>F\u00f8r Ashley Nicole Miller kom ind i voksenfilmindustrien, blev hun f\u00e6rdig med high school i Temecula, Californien. Derefter arbejdede hun som kundeservicemedarbejder i en bank og var fotojournalist. Nicole startede oprindeligt i voksenfilmbranchen af \u00f8konomisk interesse. Men hun tog hurtigt dette kald til sig, da hun var i stand til at l\u00e6re og opleve en masse om sig selv og sin seksualitet.<\/p>\n\n\n\n<p>Ud over at v\u00e6re performer er Nicole ogs\u00e5 danser, skuespiller og model. I begyndelsen af 2012 var hun model for magasinet Penhouse, og kort efter blev hun m\u00e5nedens k\u00e6ledyr i august og \u00e5rets k\u00e6ledyr i 2013. Nicole Aniston er ogs\u00e5 iv\u00e6rks\u00e6tter. Siden 2013 har hun drevet sin egen abonnementsbaserede hjemmeside, som har vundet en hel del AVN-priser. I de senere \u00e5r har Nicole fokuseret meget p\u00e5 selvbranding og lancerede et erotisk leget\u00f8j baseret p\u00e5 sig selv i 2018.<\/p>\n<\/div>\n<\/div>\n\n\n\n<h3 class=\"wp-block-heading\"><span style=\"color: #790079;\"><strong>Nicole Aniston privat<\/strong><\/span><\/h3>\n\n\n<div class=\"wp-block-image\">\n<figure class=\"alignleft is-resized\"><img decoding=\"async\" width=\"300\" height=\"191\" data-src=\"https:\/\/all-actresses.com\/wp-content\/uploads\/2020\/10\/undraw_activity_tracker_1l9o-300x191.png\" alt=\"Nicole Aniston privat\" class=\"wp-image-162 lazyload\" style=\"--smush-placeholder-width: 300px; --smush-placeholder-aspect-ratio: 300\/191;width:225px\" src=\"data:image\/svg+xml;base64,PHN2ZyB3aWR0aD0iMSIgaGVpZ2h0PSIxIiB4bWxucz0iaHR0cDovL3d3dy53My5vcmcvMjAwMC9zdmciPjwvc3ZnPg==\" \/><\/figure>\n<\/div>\n\n\n<p><span style=\"font-size: inherit; background-color: initial;\">Dyb indsigt i Ashley Nicole Millers liv kan man ikke finde ret meget af. Men hun beskriver heller ikke sig selv som en s\u00e6rlig sp\u00e6ndende person. Hun f\u00f8ler sig som en st\u00e6rk og selvsikker kvinde og lever meget bevidst. Hendes forholdsstatus er i \u00f8jeblikket single, og hendes sidst kendte forhold var et relativt kortvarigt partnerskab (2014-2015) med skuespilleren Chad White. Som man ogs\u00e5 kan se, dyrker Nicole meget fitness og l\u00e6gger v\u00e6gt p\u00e5 en sund kost, som udelukkende best\u00e5r af veganske produkter. If\u00f8lge hendes eget udsagn f\u00f8rer hun denne livsstil dels af sundhedsm\u00e6ssige \u00e5rsager og dels af hensyn til dyrenes velf\u00e6rd, da hun ogs\u00e5 er fortaler for dyrs rettigheder.<\/span><\/p>\n\n\n\n<div style=\"height:0px\" aria-hidden=\"true\" class=\"wp-block-spacer\"><\/div>\n\n\n\n<p>Hun er ogs\u00e5 en \u00e5ben cannabisforbruger og g\u00e5r ind for legalisering af medicinsk og ikke-medicinsk cannabis. Derfor kan man i nogle af hendes videoer eller billeder p\u00e5 de sociale medier se hende ryge en joint af og til. I dag bor og arbejder Nicole i Los Angeles.<\/p>\n\n\n\n<div class=\"wp-block-cover alignfull is-light\" style=\"min-height:200px;aspect-ratio:unset;\"><img decoding=\"async\" class=\"wp-block-cover__image-background wp-image-1468 lazyload\" alt=\"\" data-src=\"https:\/\/all-actresses.com\/wp-content\/uploads\/2021\/02\/Hintergrund-des-Webcam-Rankings-scaled.jpg\" style=\"--smush-placeholder-width: 2560px; --smush-placeholder-aspect-ratio: 2560\/1707;object-position:50% 80%\" data-object-fit=\"cover\" data-object-position=\"50% 80%\" src=\"data:image\/svg+xml;base64,PHN2ZyB3aWR0aD0iMSIgaGVpZ2h0PSIxIiB4bWxucz0iaHR0cDovL3d3dy53My5vcmcvMjAwMC9zdmciPjwvc3ZnPg==\" \/><span aria-hidden=\"true\" class=\"wp-block-cover__background has-background-dim\"><\/span><div class=\"wp-block-cover__inner-container is-layout-flow wp-block-cover-is-layout-flow\">\n<div class=\"wp-block-columns dg is-layout-flex wp-container-core-columns-is-layout-9d6595d7 wp-block-columns-is-layout-flex\">\n<div class=\"wp-block-column is-layout-flow wp-block-column-is-layout-flow\" style=\"flex-basis:25%\"><\/div>\n\n\n\n<div class=\"wp-block-column is-layout-flow wp-block-column-is-layout-flow\" style=\"flex-basis:50%\">\n<h2 class=\"wp-block-heading\"><span style=\"color: #fea30b;\"><strong>L\u00e6r flere kunstnere at kende:<\/strong><\/span><\/h2>\n\n\n\n<ul class=\"wp-block-list has-base-3-color has-text-color has-link-color wp-elements-6cb2bbf152e2a45b1fedb7d229c83525\">\n<li><b><span style=\"color: #ffffff;\"><a style=\"color: #ffffff;\" href=\"https:\/\/all-actresses.com\/da\/aletta-ocean\/\">Aletta Ocean<\/a><\/span><\/b><\/li>\n\n\n\n<li><a href=\"https:\/\/all-actresses.com\/da\/alexis-texas\/\"><b><span style=\"color: #ffffff;\">Alexis Texas<\/span><\/b><\/a><\/li>\n\n\n\n<li><span style=\"color: #ffffff;\"><strong><a style=\"color: #ffffff;\" href=\"https:\/\/all-actresses.com\/da\/lela-star\/\">Lela Star<\/a><\/strong><\/span><\/li>\n\n\n\n<li><span style=\"color: #ffffff;\"><strong><a style=\"color: #ffffff;\" href=\"https:\/\/all-actresses.com\/da\/jessa-rhodes\/\">Jessa Rhodes<\/a><\/strong><\/span><\/li>\n\n\n\n<li><span style=\"color: #ffffff;\"><strong><a style=\"color: #ffffff;\" href=\"https:\/\/all-actresses.com\/da\/romi-rain\/\">Romi Rain<\/a><\/strong><\/span><\/li>\n\n\n\n<li><span style=\"color: #ffffff;\"><strong><a style=\"color: #ffffff;\" href=\"https:\/\/all-actresses.com\/da\/mia-khalifa\/\">Mia Khalifa<\/a><\/strong><\/span><\/li>\n\n\n\n<li><a href=\"https:\/\/all-actresses.com\/da\/gianna-michaels\/\"><span style=\"color: #ffffff;\"><strong>Gianna Michaels<\/strong><\/span><\/a><\/li>\n\n\n\n<li><span style=\"color: #ffffff;\"><a style=\"color: #ffffff;\" href=\"https:\/\/all-actresses.com\/da\/emily-willis\/\"><strong>Emily Willis<\/strong><\/a><\/span><\/li>\n<\/ul>\n<\/div>\n\n\n\n<div class=\"wp-block-column is-layout-flow wp-block-column-is-layout-flow\" style=\"flex-basis:25%\"><\/div>\n<\/div>\n<\/div><\/div>\n","protected":false},"excerpt":{"rendered":"<p>Nicole Aniston Den amerikanske erotiske skuespillerinde Ashley Nicole Miller blev f\u00f8dt den 9. September 1987 i San Diego i Californien (USA) og er kendt under sit kunstnernavn Nicole Aniston rise to fame. Ashley Nicole debuterede med sin f\u00f8rste voksenfilm i 2009, og knap to \u00e5r senere begyndte Nicole Aniston allerede at arbejde med popul\u00e6re producenter &#8230; <a title=\"Nicole Aniston\" class=\"read-more\" href=\"https:\/\/all-actresses.com\/da\/nicole-aniston\/\" aria-label=\"Read more about Nicole Aniston\">L\u00e6s mere <\/a><\/p>\n","protected":false},"author":1,"featured_media":10052,"parent":0,"menu_order":0,"comment_status":"closed","ping_status":"closed","template":"","meta":{"footnotes":""},"class_list":["post-13622","page","type-page","status-publish","has-post-thumbnail"],"yoast_head":"<!-- This site is optimized with the Yoast SEO plugin v27.4 - https:\/\/yoast.com\/product\/yoast-seo-wordpress\/ -->\n<title>Nicole Aniston | Seneste videoer \u10e6 Billeder \u10e6 Instagram &amp; HD Tube<\/title>\n<meta name=\"description\" content=\"Nicole Aniston - Find alle oplysninger om hende her! Seneste HD-videoer \u2714 Billeder fra Nicole Aniston \u2714 Nicoles Instagram \u2714 HD Tube\" \/>\n<meta name=\"robots\" content=\"index, follow, max-snippet:-1, max-image-preview:large, max-video-preview:-1\" \/>\n<link rel=\"canonical\" href=\"https:\/\/all-actresses.com\/da\/nicole-aniston\/\" \/>\n<meta property=\"og:locale\" content=\"da_DK\" \/>\n<meta property=\"og:type\" content=\"article\" \/>\n<meta property=\"og:title\" content=\"Nicole Aniston | Seneste videoer \u10e6 Billeder \u10e6 Instagram &amp; HD Tube\" \/>\n<meta property=\"og:description\" content=\"Nicole Aniston - Find alle oplysninger om hende her! Seneste HD-videoer \u2714 Billeder fra Nicole Aniston \u2714 Nicoles Instagram \u2714 HD Tube\" \/>\n<meta property=\"og:url\" content=\"https:\/\/all-actresses.com\/da\/nicole-aniston\/\" \/>\n<meta property=\"og:site_name\" content=\"all-actresses.com\" \/>\n<meta property=\"article:modified_time\" content=\"2026-01-20T16:23:54+00:00\" \/>\n<meta property=\"og:image\" content=\"https:\/\/all-actresses.com\/wp-content\/uploads\/2020\/10\/video-tube-e1602864437675.png\" \/>\n\t<meta property=\"og:image:width\" content=\"100\" \/>\n\t<meta property=\"og:image:height\" content=\"100\" \/>\n\t<meta property=\"og:image:type\" content=\"image\/png\" \/>\n<meta name=\"twitter:card\" content=\"summary_large_image\" \/>\n<meta name=\"twitter:label1\" content=\"Estimeret l\u00e6setid\" \/>\n\t<meta name=\"twitter:data1\" content=\"5 minutter\" \/>\n<script type=\"application\/ld+json\" class=\"yoast-schema-graph\">{\"@context\":\"https:\\\/\\\/schema.org\",\"@graph\":[{\"@type\":\"WebPage\",\"@id\":\"https:\\\/\\\/all-actresses.com\\\/da\\\/nicole-aniston\\\/\",\"url\":\"https:\\\/\\\/all-actresses.com\\\/da\\\/nicole-aniston\\\/\",\"name\":\"Nicole Aniston | Seneste videoer \u10e6 Billeder \u10e6 Instagram & HD Tube\",\"isPartOf\":{\"@id\":\"https:\\\/\\\/all-actresses.com\\\/#website\"},\"primaryImageOfPage\":{\"@id\":\"https:\\\/\\\/all-actresses.com\\\/da\\\/nicole-aniston\\\/#primaryimage\"},\"image\":{\"@id\":\"https:\\\/\\\/all-actresses.com\\\/da\\\/nicole-aniston\\\/#primaryimage\"},\"thumbnailUrl\":\"https:\\\/\\\/all-actresses.com\\\/wp-content\\\/uploads\\\/2020\\\/10\\\/video-tube-e1602864437675.png\",\"datePublished\":\"2021-05-26T13:19:40+00:00\",\"dateModified\":\"2026-01-20T16:23:54+00:00\",\"description\":\"Nicole Aniston - Find alle oplysninger om hende her! Seneste HD-videoer \u2714 Billeder fra Nicole Aniston \u2714 Nicoles Instagram \u2714 HD Tube\",\"breadcrumb\":{\"@id\":\"https:\\\/\\\/all-actresses.com\\\/da\\\/nicole-aniston\\\/#breadcrumb\"},\"inLanguage\":\"da-DK\",\"potentialAction\":[{\"@type\":\"ReadAction\",\"target\":[\"https:\\\/\\\/all-actresses.com\\\/da\\\/nicole-aniston\\\/\"]}]},{\"@type\":\"ImageObject\",\"inLanguage\":\"da-DK\",\"@id\":\"https:\\\/\\\/all-actresses.com\\\/da\\\/nicole-aniston\\\/#primaryimage\",\"url\":\"https:\\\/\\\/all-actresses.com\\\/wp-content\\\/uploads\\\/2020\\\/10\\\/video-tube-e1602864437675.png\",\"contentUrl\":\"https:\\\/\\\/all-actresses.com\\\/wp-content\\\/uploads\\\/2020\\\/10\\\/video-tube-e1602864437675.png\",\"width\":100,\"height\":100},{\"@type\":\"BreadcrumbList\",\"@id\":\"https:\\\/\\\/all-actresses.com\\\/da\\\/nicole-aniston\\\/#breadcrumb\",\"itemListElement\":[{\"@type\":\"ListItem\",\"position\":1,\"name\":\"Startseite\",\"item\":\"https:\\\/\\\/all-actresses.com\\\/da\\\/\"},{\"@type\":\"ListItem\",\"position\":2,\"name\":\"Nicole Aniston\"}]},{\"@type\":\"WebSite\",\"@id\":\"https:\\\/\\\/all-actresses.com\\\/#website\",\"url\":\"https:\\\/\\\/all-actresses.com\\\/\",\"name\":\"all-actresses.com\",\"description\":\"Entdecke die Welt von AllActresses!\",\"publisher\":{\"@id\":\"https:\\\/\\\/all-actresses.com\\\/#organization\"},\"potentialAction\":[{\"@type\":\"SearchAction\",\"target\":{\"@type\":\"EntryPoint\",\"urlTemplate\":\"https:\\\/\\\/all-actresses.com\\\/?s={search_term_string}\"},\"query-input\":{\"@type\":\"PropertyValueSpecification\",\"valueRequired\":true,\"valueName\":\"search_term_string\"}}],\"inLanguage\":\"da-DK\"},{\"@type\":\"Organization\",\"@id\":\"https:\\\/\\\/all-actresses.com\\\/#organization\",\"name\":\"all-actresses.com\",\"url\":\"https:\\\/\\\/all-actresses.com\\\/\",\"logo\":{\"@type\":\"ImageObject\",\"inLanguage\":\"da-DK\",\"@id\":\"https:\\\/\\\/all-actresses.com\\\/#\\\/schema\\\/logo\\\/image\\\/\",\"url\":\"https:\\\/\\\/all-actresses.com\\\/wp-content\\\/uploads\\\/2021\\\/05\\\/allactresses-2-e1620037015851.jpg\",\"contentUrl\":\"https:\\\/\\\/all-actresses.com\\\/wp-content\\\/uploads\\\/2021\\\/05\\\/allactresses-2-e1620037015851.jpg\",\"width\":400,\"height\":213,\"caption\":\"all-actresses.com\"},\"image\":{\"@id\":\"https:\\\/\\\/all-actresses.com\\\/#\\\/schema\\\/logo\\\/image\\\/\"}}]}<\/script>\n<!-- \/ Yoast SEO plugin. -->","yoast_head_json":{"title":"Nicole Aniston | Seneste videoer \u10e6 Billeder \u10e6 Instagram & HD Tube","description":"Nicole Aniston - Find alle oplysninger om hende her! Seneste HD-videoer \u2714 Billeder fra Nicole Aniston \u2714 Nicoles Instagram \u2714 HD Tube","robots":{"index":"index","follow":"follow","max-snippet":"max-snippet:-1","max-image-preview":"max-image-preview:large","max-video-preview":"max-video-preview:-1"},"canonical":"https:\/\/all-actresses.com\/da\/nicole-aniston\/","og_locale":"da_DK","og_type":"article","og_title":"Nicole Aniston | Seneste videoer \u10e6 Billeder \u10e6 Instagram & HD Tube","og_description":"Nicole Aniston - Find alle oplysninger om hende her! Seneste HD-videoer \u2714 Billeder fra Nicole Aniston \u2714 Nicoles Instagram \u2714 HD Tube","og_url":"https:\/\/all-actresses.com\/da\/nicole-aniston\/","og_site_name":"all-actresses.com","article_modified_time":"2026-01-20T16:23:54+00:00","og_image":[{"width":100,"height":100,"url":"https:\/\/all-actresses.com\/wp-content\/uploads\/2020\/10\/video-tube-e1602864437675.png","type":"image\/png"}],"twitter_card":"summary_large_image","twitter_misc":{"Estimeret l\u00e6setid":"5 minutter"},"schema":{"@context":"https:\/\/schema.org","@graph":[{"@type":"WebPage","@id":"https:\/\/all-actresses.com\/da\/nicole-aniston\/","url":"https:\/\/all-actresses.com\/da\/nicole-aniston\/","name":"Nicole Aniston | Seneste videoer \u10e6 Billeder \u10e6 Instagram & HD Tube","isPartOf":{"@id":"https:\/\/all-actresses.com\/#website"},"primaryImageOfPage":{"@id":"https:\/\/all-actresses.com\/da\/nicole-aniston\/#primaryimage"},"image":{"@id":"https:\/\/all-actresses.com\/da\/nicole-aniston\/#primaryimage"},"thumbnailUrl":"https:\/\/all-actresses.com\/wp-content\/uploads\/2020\/10\/video-tube-e1602864437675.png","datePublished":"2021-05-26T13:19:40+00:00","dateModified":"2026-01-20T16:23:54+00:00","description":"Nicole Aniston - Find alle oplysninger om hende her! Seneste HD-videoer \u2714 Billeder fra Nicole Aniston \u2714 Nicoles Instagram \u2714 HD Tube","breadcrumb":{"@id":"https:\/\/all-actresses.com\/da\/nicole-aniston\/#breadcrumb"},"inLanguage":"da-DK","potentialAction":[{"@type":"ReadAction","target":["https:\/\/all-actresses.com\/da\/nicole-aniston\/"]}]},{"@type":"ImageObject","inLanguage":"da-DK","@id":"https:\/\/all-actresses.com\/da\/nicole-aniston\/#primaryimage","url":"https:\/\/all-actresses.com\/wp-content\/uploads\/2020\/10\/video-tube-e1602864437675.png","contentUrl":"https:\/\/all-actresses.com\/wp-content\/uploads\/2020\/10\/video-tube-e1602864437675.png","width":100,"height":100},{"@type":"BreadcrumbList","@id":"https:\/\/all-actresses.com\/da\/nicole-aniston\/#breadcrumb","itemListElement":[{"@type":"ListItem","position":1,"name":"Startseite","item":"https:\/\/all-actresses.com\/da\/"},{"@type":"ListItem","position":2,"name":"Nicole Aniston"}]},{"@type":"WebSite","@id":"https:\/\/all-actresses.com\/#website","url":"https:\/\/all-actresses.com\/","name":"all-actresses.com","description":"Entdecke die Welt von AllActresses!","publisher":{"@id":"https:\/\/all-actresses.com\/#organization"},"potentialAction":[{"@type":"SearchAction","target":{"@type":"EntryPoint","urlTemplate":"https:\/\/all-actresses.com\/?s={search_term_string}"},"query-input":{"@type":"PropertyValueSpecification","valueRequired":true,"valueName":"search_term_string"}}],"inLanguage":"da-DK"},{"@type":"Organization","@id":"https:\/\/all-actresses.com\/#organization","name":"all-actresses.com","url":"https:\/\/all-actresses.com\/","logo":{"@type":"ImageObject","inLanguage":"da-DK","@id":"https:\/\/all-actresses.com\/#\/schema\/logo\/image\/","url":"https:\/\/all-actresses.com\/wp-content\/uploads\/2021\/05\/allactresses-2-e1620037015851.jpg","contentUrl":"https:\/\/all-actresses.com\/wp-content\/uploads\/2021\/05\/allactresses-2-e1620037015851.jpg","width":400,"height":213,"caption":"all-actresses.com"},"image":{"@id":"https:\/\/all-actresses.com\/#\/schema\/logo\/image\/"}}]}},"_links":{"self":[{"href":"https:\/\/all-actresses.com\/da\/wp-json\/wp\/v2\/pages\/13622","targetHints":{"allow":["GET"]}}],"collection":[{"href":"https:\/\/all-actresses.com\/da\/wp-json\/wp\/v2\/pages"}],"about":[{"href":"https:\/\/all-actresses.com\/da\/wp-json\/wp\/v2\/types\/page"}],"author":[{"embeddable":true,"href":"https:\/\/all-actresses.com\/da\/wp-json\/wp\/v2\/users\/1"}],"replies":[{"embeddable":true,"href":"https:\/\/all-actresses.com\/da\/wp-json\/wp\/v2\/comments?post=13622"}],"version-history":[{"count":4,"href":"https:\/\/all-actresses.com\/da\/wp-json\/wp\/v2\/pages\/13622\/revisions"}],"predecessor-version":[{"id":17560,"href":"https:\/\/all-actresses.com\/da\/wp-json\/wp\/v2\/pages\/13622\/revisions\/17560"}],"wp:featuredmedia":[{"embeddable":true,"href":"https:\/\/all-actresses.com\/da\/wp-json\/wp\/v2\/media\/10052"}],"wp:attachment":[{"href":"https:\/\/all-actresses.com\/da\/wp-json\/wp\/v2\/media?parent=13622"}],"curies":[{"name":"wp","href":"https:\/\/api.w.org\/{rel}","templated":true}]}}