{"id":12875,"date":"2021-06-16T15:39:30","date_gmt":"2021-06-16T13:39:30","guid":{"rendered":"https:\/\/all-actresses.com\/about-us\/"},"modified":"2024-05-17T07:22:02","modified_gmt":"2024-05-17T05:22:02","slug":"om-os","status":"publish","type":"page","link":"https:\/\/all-actresses.com\/da\/om-os\/","title":{"rendered":"Om os"},"content":{"rendered":"\n<figure class=\"wp-block-image alignfull size-full\"><img decoding=\"async\" width=\"1900\" height=\"480\" data-src=\"https:\/\/all-actresses.com\/wp-content\/uploads\/2024\/05\/Om-os.jpg\" alt=\"Om-os\" class=\"wp-image-14243 lazyload\" data-srcset=\"https:\/\/all-actresses.com\/wp-content\/uploads\/2024\/05\/Om-os.jpg 1900w, https:\/\/all-actresses.com\/wp-content\/uploads\/2024\/05\/Om-os-300x76.jpg 300w, https:\/\/all-actresses.com\/wp-content\/uploads\/2024\/05\/Om-os-1024x259.jpg 1024w, https:\/\/all-actresses.com\/wp-content\/uploads\/2024\/05\/Om-os-768x194.jpg 768w, https:\/\/all-actresses.com\/wp-content\/uploads\/2024\/05\/Om-os-1536x388.jpg 1536w\" data-sizes=\"(max-width: 1900px) 100vw, 1900px\" src=\"data:image\/svg+xml;base64,PHN2ZyB3aWR0aD0iMSIgaGVpZ2h0PSIxIiB4bWxucz0iaHR0cDovL3d3dy53My5vcmcvMjAwMC9zdmciPjwvc3ZnPg==\" style=\"--smush-placeholder-width: 1900px; --smush-placeholder-aspect-ratio: 1900\/480;\" \/><\/figure>\n\n\n\n<h2 class=\"wp-block-heading\"><strong>Historien om All-Actresses<\/strong><\/h2>\n\n\n\n<h3 class=\"wp-block-heading\"><strong>Fra en spontan id\u00e9 til en international portal &#8211; dette er historien bag<\/strong><\/h3>\n\n\n\n<p>Vi befinder os i \u00e5r 2020. P\u00e5 en solrig sen efter\u00e5rsdag dedikerer vores digitale marketingteam sig til et emne, der er enormt ofte s\u00f8gt efter p\u00e5 World Wide Web: Voksen- og erotiksektoren. Eftersp\u00f8rgslen efter kunstnere, erotiske netv\u00e6rk og platforme er enorm.<\/p>\n\n\n\n<p>Tidligere havde vi allerede gjort os mange erfaringer med voksensektoren p\u00e5 internettet. Vi opdagede hurtigt, at der stort set ikke findes nogen seri\u00f8se kilder, der im\u00f8dekommer denne eftersp\u00f8rgsel. Disse sider leverer ikke nyttigt indhold og har kun til form\u00e5l at tjene penge p\u00e5 deres bes\u00f8gende gennem p\u00e5tr\u00e6ngende bannere, pop-ups og andre former for reklame. Vi var fast besluttet p\u00e5 at \u00e6ndre denne situation ved at grundl\u00e6gge All-Actresses.<\/p>\n\n\n\n<h3 class=\"wp-block-heading\"><strong>Vores mission<\/strong><\/h3>\n\n\n\n<p>Vi \u00f8nsker at give dig alle oplysninger om de mest popul\u00e6re skuespillerinder, webcam-portaler og videonetv\u00e6rk fra \u00e9n kilde. Vi \u00f8nsker ogs\u00e5 at pr\u00e6sentere dig for de bedste erotiske tilbud til den bedste pris og fjerne din frygt for falske tilbud. Vores f\u00f8rste prioritet er at bringe lys ind i den stadig m\u00f8rke verden i voksenindustrien. Desv\u00e6rre er der stadig mange tvivlsomme tilbud og hjemmesider, der forhindrer netop det.<\/p>\n\n\n\n<h3 class=\"wp-block-heading\"><strong>Vores vision<\/strong><\/h3>\n\n\n\n<p>Vores vision og vores m\u00e5l er at v\u00e6re tilg\u00e6ngelig for brugere fra hele verden med vores portal som konsulent for voksensektoren. All-Actresses.com skal etablere sig som en konstant faktor i voksensektoren og fungere som en loyal ledsager gennem sin ekspertise, autoritet og is\u00e6r tillid.<\/p>\n\n\n\n<h3 class=\"wp-block-heading\"><strong>Vores partnere<\/strong><\/h3>\n\n\n\n<p>Hos All-Actresses.com \u00f8nsker vi at tilbyde den bedste oplevelse til den bedste pris. Derfor har vi intensivt overvejet sp\u00f8rgsm\u00e5let om, hvilke partnere vi gerne vil arbejde sammen med. Og med hvilke partnere et samarbejde er udelukket.<\/p>\n\n\n\n<p>Vi samarbejder med de st\u00f8rste internationale webcam-portaler som <a href=\"https:\/\/all-actresses.com\/da\/camsoda\/\">Camsoda<\/a>, <a href=\"https:\/\/all-actresses.com\/da\/bongacams\/\">Bongacams<\/a>, <a href=\"https:\/\/all-actresses.com\/da\/chaturbate\/\">Chaturbate<\/a>, <a href=\"https:\/\/all-actresses.com\/da\/cam4\/\">CAM4<\/a>, <a href=\"https:\/\/all-actresses.com\/da\/livejasmin\/\">LiveJasmin<\/a> og <a href=\"https:\/\/all-actresses.com\/da\/streamate\/\">Streamate<\/a>. P\u00e5 produktionsomr\u00e5det samarbejder vi bl.a. med <a href=\"https:\/\/all-actresses.com\/da\/brazzers\/\">Brazzers<\/a>, <a href=\"https:\/\/all-actresses.com\/da\/fake-taxi\/\">FakeHub<\/a>, <a href=\"https:\/\/lp.mydirtyhobby.com\/2\/?video=4&amp;lang=de&amp;ats=eyJhIjozMDkyNTEsImMiOjU5MTA3NzMyLCJuIjoyMSwicyI6MjQxLCJlIjo5NTQyLCJwIjoyfQ==\">MyDirtyHobby<\/a> og <a href=\"https:\/\/www.zubivu.com\/VX\/LP\/Tuby2\/A?w=48182&amp;ws=\">Visit-X<\/a>.<\/p>\n\n\n\n<p>Med vores portal im\u00f8dekommer vi eftersp\u00f8rgslen p\u00e5 de st\u00f8rste s\u00f8gemaskiner i verden, s\u00e5som Google, Bing eller Yahoo. Derudover har vi ogs\u00e5 spurgt os selv, hvordan vi kan n\u00e5 ud til brugere, der er aktive p\u00e5 de sociale medier.<\/p>\n\n\n\n<p>Med vores Facebook- og Instagram-side All-Actresses.com n\u00e5r vi pr\u00e6cis denne m\u00e5lgruppe. Derudover har vi med Instagram-siden <a href=\"https:\/\/www.instagram.com\/camsoda_stars\/\">@camsoda_stars<\/a> opbygget et bredt fanf\u00e6llesskab, der is\u00e6r er rettet mod Camsodas modeller og ledsager og st\u00f8tter dem i deres tilstedev\u00e6relse p\u00e5 de sociale medier.<\/p>\n\n\n\n<p>Vores m\u00e5l p\u00e5 de sociale medier er at skabe endnu mere begejstring for vores branche, bringe f\u00e6llesskabet sammen og \u00f8ge r\u00e6kkevidden for b\u00e5de kendte modeller og amat\u00f8rmodeller. Til sidstn\u00e6vnte m\u00e5l har vi lanceret endnu en portal.<\/p>\n\n\n\n<p>Med CamshowStars.com og Instagram-siden <a href=\"https:\/\/www.instagram.com\/camshow_stars\/\">@camshow_stars<\/a> hj\u00e6lper vi h\u00e5befulde webcam-modeller med at f\u00e5 deres fanskare til at vokse. Det g\u00f8r vi ved at tilpasse indholdet til popul\u00e6re s\u00f8gemaskiner og sociale medieportaler. Vores strategi har vist sig at v\u00e6re ekstremt succesfuld indtil videre.<\/p>\n\n\n\n<h3 class=\"wp-block-heading\"><strong>\u00d8nsker du at blive medlem?<\/strong><\/h3>\n\n\n\n<p>Er du erotisk model, webcam-model eller en person, der er begejstret for emnerne? S\u00e5 t\u00f8v ikke med at kontakte os via vores Instagram-sider (<a href=\"https:\/\/www.instagram.com\/allactressescom\/\">@allactressescom<\/a> og <a href=\"https:\/\/www.instagram.com\/camshow_stars\/\">@camshow_stars<\/a>) eller via mail. Hvad kan vi specifikt g\u00f8re for dig? P\u00e5 den ene side har vi mulighed for at liste dig p\u00e5 vores portal All-Actresses.com eller Camshowstars.com med en eksklusiv post. Men vi tilbyder dig ogs\u00e5 hj\u00e6lp til registrering og offentligg\u00f8relse af dit f\u00f8rste indhold p\u00e5 de mest popul\u00e6re erotiske platforme. Derudover kigger vi gerne p\u00e5 dine eksisterende profiler sammen med dig og giver dig tips til, hvordan du kan f\u00e5 endnu flere fans.<\/p>\n","protected":false},"excerpt":{"rendered":"<p>Historien om All-Actresses Fra en spontan id\u00e9 til en international portal &#8211; dette er historien bag Vi befinder os i \u00e5r 2020. P\u00e5 en solrig sen efter\u00e5rsdag dedikerer vores digitale marketingteam sig til et emne, der er enormt ofte s\u00f8gt efter p\u00e5 World Wide Web: Voksen- og erotiksektoren. Eftersp\u00f8rgslen efter kunstnere, erotiske netv\u00e6rk og platforme &#8230; <a title=\"Om os\" class=\"read-more\" href=\"https:\/\/all-actresses.com\/da\/om-os\/\" aria-label=\"Read more about Om os\">L\u00e6s mere <\/a><\/p>\n","protected":false},"author":1,"featured_media":0,"parent":0,"menu_order":0,"comment_status":"closed","ping_status":"closed","template":"","meta":{"footnotes":""},"class_list":["post-12875","page","type-page","status-publish"],"yoast_head":"<!-- This site is optimized with the Yoast SEO plugin v27.3 - https:\/\/yoast.com\/product\/yoast-seo-wordpress\/ -->\n<title>Om os - all-actresses.com<\/title>\n<meta name=\"robots\" content=\"noindex, nofollow\" \/>\n<meta property=\"og:locale\" content=\"da_DK\" \/>\n<meta property=\"og:type\" content=\"article\" \/>\n<meta property=\"og:title\" content=\"Om os - all-actresses.com\" \/>\n<meta property=\"og:description\" content=\"Historien om All-Actresses Fra en spontan id\u00e9 til en international portal &#8211; dette er historien bag Vi befinder os i \u00e5r 2020. P\u00e5 en solrig sen efter\u00e5rsdag dedikerer vores digitale marketingteam sig til et emne, der er enormt ofte s\u00f8gt efter p\u00e5 World Wide Web: Voksen- og erotiksektoren. Eftersp\u00f8rgslen efter kunstnere, erotiske netv\u00e6rk og platforme ... L\u00e6s mere\" \/>\n<meta property=\"og:url\" content=\"https:\/\/all-actresses.com\/da\/om-os\/\" \/>\n<meta property=\"og:site_name\" content=\"all-actresses.com\" \/>\n<meta property=\"article:modified_time\" content=\"2024-05-17T05:22:02+00:00\" \/>\n<meta property=\"og:image\" content=\"https:\/\/all-actresses.com\/wp-content\/uploads\/2024\/05\/Om-os.jpg\" \/>\n<meta name=\"twitter:card\" content=\"summary_large_image\" \/>\n<meta name=\"twitter:label1\" content=\"Estimeret l\u00e6setid\" \/>\n\t<meta name=\"twitter:data1\" content=\"4 minutter\" \/>\n<script type=\"application\/ld+json\" class=\"yoast-schema-graph\">{\"@context\":\"https:\\\/\\\/schema.org\",\"@graph\":[{\"@type\":\"WebPage\",\"@id\":\"https:\\\/\\\/all-actresses.com\\\/da\\\/om-os\\\/\",\"url\":\"https:\\\/\\\/all-actresses.com\\\/da\\\/om-os\\\/\",\"name\":\"Om os - all-actresses.com\",\"isPartOf\":{\"@id\":\"https:\\\/\\\/all-actresses.com\\\/#website\"},\"primaryImageOfPage\":{\"@id\":\"https:\\\/\\\/all-actresses.com\\\/da\\\/om-os\\\/#primaryimage\"},\"image\":{\"@id\":\"https:\\\/\\\/all-actresses.com\\\/da\\\/om-os\\\/#primaryimage\"},\"thumbnailUrl\":\"https:\\\/\\\/all-actresses.com\\\/wp-content\\\/uploads\\\/2024\\\/05\\\/Om-os.jpg\",\"datePublished\":\"2021-06-16T13:39:30+00:00\",\"dateModified\":\"2024-05-17T05:22:02+00:00\",\"breadcrumb\":{\"@id\":\"https:\\\/\\\/all-actresses.com\\\/da\\\/om-os\\\/#breadcrumb\"},\"inLanguage\":\"da-DK\",\"potentialAction\":[{\"@type\":\"ReadAction\",\"target\":[\"https:\\\/\\\/all-actresses.com\\\/da\\\/om-os\\\/\"]}]},{\"@type\":\"ImageObject\",\"inLanguage\":\"da-DK\",\"@id\":\"https:\\\/\\\/all-actresses.com\\\/da\\\/om-os\\\/#primaryimage\",\"url\":\"https:\\\/\\\/all-actresses.com\\\/wp-content\\\/uploads\\\/2024\\\/05\\\/Om-os.jpg\",\"contentUrl\":\"https:\\\/\\\/all-actresses.com\\\/wp-content\\\/uploads\\\/2024\\\/05\\\/Om-os.jpg\"},{\"@type\":\"BreadcrumbList\",\"@id\":\"https:\\\/\\\/all-actresses.com\\\/da\\\/om-os\\\/#breadcrumb\",\"itemListElement\":[{\"@type\":\"ListItem\",\"position\":1,\"name\":\"Startseite\",\"item\":\"https:\\\/\\\/all-actresses.com\\\/da\\\/\"},{\"@type\":\"ListItem\",\"position\":2,\"name\":\"Om os\"}]},{\"@type\":\"WebSite\",\"@id\":\"https:\\\/\\\/all-actresses.com\\\/#website\",\"url\":\"https:\\\/\\\/all-actresses.com\\\/\",\"name\":\"all-actresses.com\",\"description\":\"Entdecke die Welt von AllActresses!\",\"publisher\":{\"@id\":\"https:\\\/\\\/all-actresses.com\\\/#organization\"},\"potentialAction\":[{\"@type\":\"SearchAction\",\"target\":{\"@type\":\"EntryPoint\",\"urlTemplate\":\"https:\\\/\\\/all-actresses.com\\\/?s={search_term_string}\"},\"query-input\":{\"@type\":\"PropertyValueSpecification\",\"valueRequired\":true,\"valueName\":\"search_term_string\"}}],\"inLanguage\":\"da-DK\"},{\"@type\":\"Organization\",\"@id\":\"https:\\\/\\\/all-actresses.com\\\/#organization\",\"name\":\"all-actresses.com\",\"url\":\"https:\\\/\\\/all-actresses.com\\\/\",\"logo\":{\"@type\":\"ImageObject\",\"inLanguage\":\"da-DK\",\"@id\":\"https:\\\/\\\/all-actresses.com\\\/#\\\/schema\\\/logo\\\/image\\\/\",\"url\":\"https:\\\/\\\/all-actresses.com\\\/wp-content\\\/uploads\\\/2021\\\/05\\\/allactresses-2-e1620037015851.jpg\",\"contentUrl\":\"https:\\\/\\\/all-actresses.com\\\/wp-content\\\/uploads\\\/2021\\\/05\\\/allactresses-2-e1620037015851.jpg\",\"width\":400,\"height\":213,\"caption\":\"all-actresses.com\"},\"image\":{\"@id\":\"https:\\\/\\\/all-actresses.com\\\/#\\\/schema\\\/logo\\\/image\\\/\"}}]}<\/script>\n<!-- \/ Yoast SEO plugin. -->","yoast_head_json":{"title":"Om os - all-actresses.com","robots":{"index":"noindex","follow":"nofollow"},"og_locale":"da_DK","og_type":"article","og_title":"Om os - all-actresses.com","og_description":"Historien om All-Actresses Fra en spontan id\u00e9 til en international portal &#8211; dette er historien bag Vi befinder os i \u00e5r 2020. P\u00e5 en solrig sen efter\u00e5rsdag dedikerer vores digitale marketingteam sig til et emne, der er enormt ofte s\u00f8gt efter p\u00e5 World Wide Web: Voksen- og erotiksektoren. Eftersp\u00f8rgslen efter kunstnere, erotiske netv\u00e6rk og platforme ... L\u00e6s mere","og_url":"https:\/\/all-actresses.com\/da\/om-os\/","og_site_name":"all-actresses.com","article_modified_time":"2024-05-17T05:22:02+00:00","og_image":[{"url":"https:\/\/all-actresses.com\/wp-content\/uploads\/2024\/05\/Om-os.jpg","type":"","width":"","height":""}],"twitter_card":"summary_large_image","twitter_misc":{"Estimeret l\u00e6setid":"4 minutter"},"schema":{"@context":"https:\/\/schema.org","@graph":[{"@type":"WebPage","@id":"https:\/\/all-actresses.com\/da\/om-os\/","url":"https:\/\/all-actresses.com\/da\/om-os\/","name":"Om os - all-actresses.com","isPartOf":{"@id":"https:\/\/all-actresses.com\/#website"},"primaryImageOfPage":{"@id":"https:\/\/all-actresses.com\/da\/om-os\/#primaryimage"},"image":{"@id":"https:\/\/all-actresses.com\/da\/om-os\/#primaryimage"},"thumbnailUrl":"https:\/\/all-actresses.com\/wp-content\/uploads\/2024\/05\/Om-os.jpg","datePublished":"2021-06-16T13:39:30+00:00","dateModified":"2024-05-17T05:22:02+00:00","breadcrumb":{"@id":"https:\/\/all-actresses.com\/da\/om-os\/#breadcrumb"},"inLanguage":"da-DK","potentialAction":[{"@type":"ReadAction","target":["https:\/\/all-actresses.com\/da\/om-os\/"]}]},{"@type":"ImageObject","inLanguage":"da-DK","@id":"https:\/\/all-actresses.com\/da\/om-os\/#primaryimage","url":"https:\/\/all-actresses.com\/wp-content\/uploads\/2024\/05\/Om-os.jpg","contentUrl":"https:\/\/all-actresses.com\/wp-content\/uploads\/2024\/05\/Om-os.jpg"},{"@type":"BreadcrumbList","@id":"https:\/\/all-actresses.com\/da\/om-os\/#breadcrumb","itemListElement":[{"@type":"ListItem","position":1,"name":"Startseite","item":"https:\/\/all-actresses.com\/da\/"},{"@type":"ListItem","position":2,"name":"Om os"}]},{"@type":"WebSite","@id":"https:\/\/all-actresses.com\/#website","url":"https:\/\/all-actresses.com\/","name":"all-actresses.com","description":"Entdecke die Welt von AllActresses!","publisher":{"@id":"https:\/\/all-actresses.com\/#organization"},"potentialAction":[{"@type":"SearchAction","target":{"@type":"EntryPoint","urlTemplate":"https:\/\/all-actresses.com\/?s={search_term_string}"},"query-input":{"@type":"PropertyValueSpecification","valueRequired":true,"valueName":"search_term_string"}}],"inLanguage":"da-DK"},{"@type":"Organization","@id":"https:\/\/all-actresses.com\/#organization","name":"all-actresses.com","url":"https:\/\/all-actresses.com\/","logo":{"@type":"ImageObject","inLanguage":"da-DK","@id":"https:\/\/all-actresses.com\/#\/schema\/logo\/image\/","url":"https:\/\/all-actresses.com\/wp-content\/uploads\/2021\/05\/allactresses-2-e1620037015851.jpg","contentUrl":"https:\/\/all-actresses.com\/wp-content\/uploads\/2021\/05\/allactresses-2-e1620037015851.jpg","width":400,"height":213,"caption":"all-actresses.com"},"image":{"@id":"https:\/\/all-actresses.com\/#\/schema\/logo\/image\/"}}]}},"_links":{"self":[{"href":"https:\/\/all-actresses.com\/da\/wp-json\/wp\/v2\/pages\/12875","targetHints":{"allow":["GET"]}}],"collection":[{"href":"https:\/\/all-actresses.com\/da\/wp-json\/wp\/v2\/pages"}],"about":[{"href":"https:\/\/all-actresses.com\/da\/wp-json\/wp\/v2\/types\/page"}],"author":[{"embeddable":true,"href":"https:\/\/all-actresses.com\/da\/wp-json\/wp\/v2\/users\/1"}],"replies":[{"embeddable":true,"href":"https:\/\/all-actresses.com\/da\/wp-json\/wp\/v2\/comments?post=12875"}],"version-history":[{"count":3,"href":"https:\/\/all-actresses.com\/da\/wp-json\/wp\/v2\/pages\/12875\/revisions"}],"predecessor-version":[{"id":14256,"href":"https:\/\/all-actresses.com\/da\/wp-json\/wp\/v2\/pages\/12875\/revisions\/14256"}],"wp:attachment":[{"href":"https:\/\/all-actresses.com\/da\/wp-json\/wp\/v2\/media?parent=12875"}],"curies":[{"name":"wp","href":"https:\/\/api.w.org\/{rel}","templated":true}]}}