{"id":12770,"date":"2021-05-26T11:54:50","date_gmt":"2021-05-26T09:54:50","guid":{"rendered":"https:\/\/all-actresses.com\/community\/"},"modified":"2024-05-18T13:22:37","modified_gmt":"2024-05-18T11:22:37","slug":"faellesskab","status":"publish","type":"page","link":"https:\/\/all-actresses.com\/da\/faellesskab\/","title":{"rendered":"F\u00e6llesskab"},"content":{"rendered":"\n<figure class=\"wp-block-image alignfull size-full\"><img decoding=\"async\" width=\"1900\" height=\"480\" data-src=\"https:\/\/all-actresses.com\/wp-content\/uploads\/2024\/03\/Header_Community-DA.png\" alt=\"Header_F\u00e6llesskabet\" class=\"wp-image-11288 lazyload\" data-srcset=\"https:\/\/all-actresses.com\/wp-content\/uploads\/2024\/03\/Header_Community-DA.png 1900w, https:\/\/all-actresses.com\/wp-content\/uploads\/2024\/03\/Header_Community-DA-300x76.png 300w, https:\/\/all-actresses.com\/wp-content\/uploads\/2024\/03\/Header_Community-DA-1024x259.png 1024w, https:\/\/all-actresses.com\/wp-content\/uploads\/2024\/03\/Header_Community-DA-768x194.png 768w, https:\/\/all-actresses.com\/wp-content\/uploads\/2024\/03\/Header_Community-DA-1536x388.png 1536w\" data-sizes=\"(max-width: 1900px) 100vw, 1900px\" src=\"data:image\/svg+xml;base64,PHN2ZyB3aWR0aD0iMSIgaGVpZ2h0PSIxIiB4bWxucz0iaHR0cDovL3d3dy53My5vcmcvMjAwMC9zdmciPjwvc3ZnPg==\" style=\"--smush-placeholder-width: 1900px; --smush-placeholder-aspect-ratio: 1900\/480;\" \/><\/figure>\n\n\n\n<div class=\"pt-cv-wrapper\"><div class=\"pt-cv-view pt-cv-grid pt-cv-colsys\" id=\"pt-cv-view-0b3369bu3p\"><div data-id=\"pt-cv-page-1\" class=\"pt-cv-page\" data-cvc=\"2\"><div class=\"col-md-6 col-sm-6 col-xs-12 pt-cv-content-item pt-cv-1-col\" ><div class='pt-cv-ifield'><a href=\"https:\/\/all-actresses.com\/da\/ersties\/\" class=\"_self pt-cv-href-thumbnail pt-cv-thumb-default\" target=\"_self\" ><\/a>\n<h3 class=\"pt-cv-title\"><a href=\"https:\/\/all-actresses.com\/da\/ersties\/\" class=\"_self\" target=\"_self\" >Ersties<\/a><\/h3>\n<div class=\"pt-cv-content\">Ersties Ved ordet Ersties t\u00e6nker mange i Tyskland p\u00e5 studerende, der er nye p\u00e5 universitetet. Denne tanke g\u00e5r faktisk i ...<br \/><div class=\"pt-cv-rmwrap\"><a href=\"https:\/\/all-actresses.com\/da\/ersties\/\" class=\"_self pt-cv-readmore btn btn-success\" target=\"_self\">L\u00e6s Mere<\/a><\/div><\/div><\/div><\/div>\n<div class=\"col-md-6 col-sm-6 col-xs-12 pt-cv-content-item pt-cv-1-col\" ><div class='pt-cv-ifield'><a href=\"https:\/\/all-actresses.com\/da\/mydirtyhobby\/\" class=\"_self pt-cv-href-thumbnail pt-cv-thumb-default\" target=\"_self\" ><\/a>\n<h3 class=\"pt-cv-title\"><a href=\"https:\/\/all-actresses.com\/da\/mydirtyhobby\/\" class=\"_self\" target=\"_self\" >MyDirtyHobby<\/a><\/h3>\n<div class=\"pt-cv-content\">MyDirtyHobby Er du vild med at se videoer med voksent indhold, men kan ikke finde rundt i de utallige videoudbydere? ...<br \/><div class=\"pt-cv-rmwrap\"><a href=\"https:\/\/all-actresses.com\/da\/mydirtyhobby\/\" class=\"_self pt-cv-readmore btn btn-success\" target=\"_self\">L\u00e6s Mere<\/a><\/div><\/div><\/div><\/div>\n<div class=\"col-md-6 col-sm-6 col-xs-12 pt-cv-content-item pt-cv-1-col\" ><div class='pt-cv-ifield'><a href=\"https:\/\/all-actresses.com\/da\/stripchat\/\" class=\"_self pt-cv-href-thumbnail pt-cv-thumb-default\" target=\"_self\" ><\/a>\n<h3 class=\"pt-cv-title\"><a href=\"https:\/\/all-actresses.com\/da\/stripchat\/\" class=\"_self\" target=\"_self\" >Stripchat<\/a><\/h3>\n<div class=\"pt-cv-content\">Stripchat Over tid kan man se tendenser i enhver branche. Det g\u00e6lder is\u00e6r for den erotiske industri. Erotiske film er ...<br \/><div class=\"pt-cv-rmwrap\"><a href=\"https:\/\/all-actresses.com\/da\/stripchat\/\" class=\"_self pt-cv-readmore btn btn-success\" target=\"_self\">L\u00e6s Mere<\/a><\/div><\/div><\/div><\/div>\n<div class=\"col-md-6 col-sm-6 col-xs-12 pt-cv-content-item pt-cv-1-col\" ><div class='pt-cv-ifield'><a href=\"https:\/\/all-actresses.com\/da\/youporn\/\" class=\"_self pt-cv-href-thumbnail pt-cv-thumb-default\" target=\"_self\" ><\/a>\n<h3 class=\"pt-cv-title\"><a href=\"https:\/\/all-actresses.com\/da\/youporn\/\" class=\"_self\" target=\"_self\" >YouPorn<\/a><\/h3>\n<div class=\"pt-cv-content\">YouPorn Efter verdens st\u00f8rste videoplatform YouTube blev et af de mest ber\u00f8mte videonetv\u00e6rk p\u00e5 internettet etableret i begyndelsen af 2000'erne ...<br \/><div class=\"pt-cv-rmwrap\"><a href=\"https:\/\/all-actresses.com\/da\/youporn\/\" class=\"_self pt-cv-readmore btn btn-success\" target=\"_self\">L\u00e6s Mere<\/a><\/div><\/div><\/div><\/div>\n<div class=\"col-md-6 col-sm-6 col-xs-12 pt-cv-content-item pt-cv-1-col\" ><div class='pt-cv-ifield'><a href=\"https:\/\/all-actresses.com\/da\/xvideos\/\" class=\"_self pt-cv-href-thumbnail pt-cv-thumb-default\" target=\"_self\" ><\/a>\n<h3 class=\"pt-cv-title\"><a href=\"https:\/\/all-actresses.com\/da\/xvideos\/\" class=\"_self\" target=\"_self\" >XVIDEOS<\/a><\/h3>\n<div class=\"pt-cv-content\">XVIDEOS Siden 2007 har is\u00e6r \u00e9n hjemmeside sluttet sig til r\u00e6kken af verdens mest popul\u00e6re videoplatforme: Sprog er fra videonetv\u00e6rket ...<br \/><div class=\"pt-cv-rmwrap\"><a href=\"https:\/\/all-actresses.com\/da\/xvideos\/\" class=\"_self pt-cv-readmore btn btn-success\" target=\"_self\">L\u00e6s Mere<\/a><\/div><\/div><\/div><\/div>\n<div class=\"col-md-6 col-sm-6 col-xs-12 pt-cv-content-item pt-cv-1-col\" ><div class='pt-cv-ifield'><a href=\"https:\/\/all-actresses.com\/da\/xhamsterlive\/\" class=\"_self pt-cv-href-thumbnail pt-cv-thumb-default\" target=\"_self\" ><\/a>\n<h3 class=\"pt-cv-title\"><a href=\"https:\/\/all-actresses.com\/da\/xhamsterlive\/\" class=\"_self\" target=\"_self\" >XHamsterLive<\/a><\/h3>\n<div class=\"pt-cv-content\">XHamsterLive Leder du efter en \u00e6gte erotisk platform med livestream-funktion til dig? S\u00e5 er vi glade for at kunne hj\u00e6lpe ...<br \/><div class=\"pt-cv-rmwrap\"><a href=\"https:\/\/all-actresses.com\/da\/xhamsterlive\/\" class=\"_self pt-cv-readmore btn btn-success\" target=\"_self\">L\u00e6s Mere<\/a><\/div><\/div><\/div><\/div>\n<div class=\"col-md-6 col-sm-6 col-xs-12 pt-cv-content-item pt-cv-1-col\" ><div class='pt-cv-ifield'><a href=\"https:\/\/all-actresses.com\/da\/xnxx\/\" class=\"_self pt-cv-href-thumbnail pt-cv-thumb-default\" target=\"_self\" ><\/a>\n<h3 class=\"pt-cv-title\"><a href=\"https:\/\/all-actresses.com\/da\/xnxx\/\" class=\"_self\" target=\"_self\" >XNXX<\/a><\/h3>\n<div class=\"pt-cv-content\">XNXX Hvis du leder efter videoer med erotisk indhold p\u00e5 internettet, vil du helt sikkert f\u00f8r eller siden st\u00f8de p\u00e5 ...<br \/><div class=\"pt-cv-rmwrap\"><a href=\"https:\/\/all-actresses.com\/da\/xnxx\/\" class=\"_self pt-cv-readmore btn btn-success\" target=\"_self\">L\u00e6s Mere<\/a><\/div><\/div><\/div><\/div>\n<div class=\"col-md-6 col-sm-6 col-xs-12 pt-cv-content-item pt-cv-1-col\" ><div class='pt-cv-ifield'><a href=\"https:\/\/all-actresses.com\/da\/xhamster\/\" class=\"_self pt-cv-href-thumbnail pt-cv-thumb-default\" target=\"_self\" ><\/a>\n<h3 class=\"pt-cv-title\"><a href=\"https:\/\/all-actresses.com\/da\/xhamster\/\" class=\"_self\" target=\"_self\" >XHamster<\/a><\/h3>\n<div class=\"pt-cv-content\">XHamster I l\u00f8bet af de sidste \u00e5rtier er der opst\u00e5et utallige hjemmesider med voksenindhold. Men ikke alle er lige seri\u00f8se ...<br \/><div class=\"pt-cv-rmwrap\"><a href=\"https:\/\/all-actresses.com\/da\/xhamster\/\" class=\"_self pt-cv-readmore btn btn-success\" target=\"_self\">L\u00e6s Mere<\/a><\/div><\/div><\/div><\/div>\n<div class=\"col-md-6 col-sm-6 col-xs-12 pt-cv-content-item pt-cv-1-col\" ><div class='pt-cv-ifield'><a href=\"https:\/\/all-actresses.com\/da\/susi-live\/\" class=\"_self pt-cv-href-thumbnail pt-cv-thumb-default\" target=\"_self\" ><\/a>\n<h3 class=\"pt-cv-title\"><a href=\"https:\/\/all-actresses.com\/da\/susi-live\/\" class=\"_self\" target=\"_self\" >Susi.live<\/a><\/h3>\n<div class=\"pt-cv-content\">Susi.live Hvis man kigger n\u00e6rmere p\u00e5 dagens s\u00f8getrends p\u00e5 internettet, vil man hurtigt opdage \u00e9n ting: Eftersp\u00f8rgslen efter billeder, film ...<br \/><div class=\"pt-cv-rmwrap\"><a href=\"https:\/\/all-actresses.com\/da\/susi-live\/\" class=\"_self pt-cv-readmore btn btn-success\" target=\"_self\">L\u00e6s Mere<\/a><\/div><\/div><\/div><\/div>\n<div class=\"col-md-6 col-sm-6 col-xs-12 pt-cv-content-item pt-cv-1-col\" ><div class='pt-cv-ifield'><a href=\"https:\/\/all-actresses.com\/da\/streamate\/\" class=\"_self pt-cv-href-thumbnail pt-cv-thumb-default\" target=\"_self\" ><\/a>\n<h3 class=\"pt-cv-title\"><a href=\"https:\/\/all-actresses.com\/da\/streamate\/\" class=\"_self\" target=\"_self\" >Streamate<\/a><\/h3>\n<div class=\"pt-cv-content\">Streamate Streamate - N\u00e5r man h\u00f8rer dette navn for f\u00f8rste gang, t\u00e6nker man ikke p\u00e5 en erotisk streamingplatform. Man f\u00e5r ...<br \/><div class=\"pt-cv-rmwrap\"><a href=\"https:\/\/all-actresses.com\/da\/streamate\/\" class=\"_self pt-cv-readmore btn btn-success\" target=\"_self\">L\u00e6s Mere<\/a><\/div><\/div><\/div><\/div>\n<div class=\"col-md-6 col-sm-6 col-xs-12 pt-cv-content-item pt-cv-1-col\" ><div class='pt-cv-ifield'><a href=\"https:\/\/all-actresses.com\/da\/redtube\/\" class=\"_self pt-cv-href-thumbnail pt-cv-thumb-default\" target=\"_self\" ><\/a>\n<h3 class=\"pt-cv-title\"><a href=\"https:\/\/all-actresses.com\/da\/redtube\/\" class=\"_self\" target=\"_self\" >RedTube<\/a><\/h3>\n<div class=\"pt-cv-content\">RedTube Siden 2007 har en af de st\u00f8rste erotiske platforme nogensinde eksisteret p\u00e5 internettet: Vi taler om den erotiske hjemmeside ...<br \/><div class=\"pt-cv-rmwrap\"><a href=\"https:\/\/all-actresses.com\/da\/redtube\/\" class=\"_self pt-cv-readmore btn btn-success\" target=\"_self\">L\u00e6s Mere<\/a><\/div><\/div><\/div><\/div>\n<div class=\"col-md-6 col-sm-6 col-xs-12 pt-cv-content-item pt-cv-1-col\" ><div class='pt-cv-ifield'><a href=\"https:\/\/all-actresses.com\/da\/pornhub\/\" class=\"_self pt-cv-href-thumbnail pt-cv-thumb-default\" target=\"_self\" ><\/a>\n<h3 class=\"pt-cv-title\"><a href=\"https:\/\/all-actresses.com\/da\/pornhub\/\" class=\"_self\" target=\"_self\" >Pornhub<\/a><\/h3>\n<div class=\"pt-cv-content\">Pornhub I din s\u00f8gen efter erotiske videoer og billeder er du helt sikkert st\u00f8dt p\u00e5 videoplatformen fra Pornhub er blevet ...<br \/><div class=\"pt-cv-rmwrap\"><a href=\"https:\/\/all-actresses.com\/da\/pornhub\/\" class=\"_self pt-cv-readmore btn btn-success\" target=\"_self\">L\u00e6s Mere<\/a><\/div><\/div><\/div><\/div>\n<div class=\"col-md-6 col-sm-6 col-xs-12 pt-cv-content-item pt-cv-1-col\" ><div class='pt-cv-ifield'><a href=\"https:\/\/all-actresses.com\/da\/jerkmate\/\" class=\"_self pt-cv-href-thumbnail pt-cv-thumb-default\" target=\"_self\" ><\/a>\n<h3 class=\"pt-cv-title\"><a href=\"https:\/\/all-actresses.com\/da\/jerkmate\/\" class=\"_self\" target=\"_self\" >Jerkmate<\/a><\/h3>\n<div class=\"pt-cv-content\">Jerkmate I flere \u00e5r har man kunnet se en forandring i den erotiske branche. Is\u00e6r portaler, der muligg\u00f8r interaktion mellem ...<br \/><div class=\"pt-cv-rmwrap\"><a href=\"https:\/\/all-actresses.com\/da\/jerkmate\/\" class=\"_self pt-cv-readmore btn btn-success\" target=\"_self\">L\u00e6s Mere<\/a><\/div><\/div><\/div><\/div>\n<div class=\"col-md-6 col-sm-6 col-xs-12 pt-cv-content-item pt-cv-1-col\" ><div class='pt-cv-ifield'><a href=\"https:\/\/all-actresses.com\/da\/chaturbate\/\" class=\"_self pt-cv-href-thumbnail pt-cv-thumb-default\" target=\"_self\" ><\/a>\n<h3 class=\"pt-cv-title\"><a href=\"https:\/\/all-actresses.com\/da\/chaturbate\/\" class=\"_self\" target=\"_self\" >Chaturbate<\/a><\/h3>\n<div class=\"pt-cv-content\">Chaturbate I de sidste par \u00e5r er det blevet observeret over hele verden, at sociale netv\u00e6rk bliver mere og mere ...<br \/><div class=\"pt-cv-rmwrap\"><a href=\"https:\/\/all-actresses.com\/da\/chaturbate\/\" class=\"_self pt-cv-readmore btn btn-success\" target=\"_self\">L\u00e6s Mere<\/a><\/div><\/div><\/div><\/div>\n<div class=\"col-md-6 col-sm-6 col-xs-12 pt-cv-content-item pt-cv-1-col\" ><div class='pt-cv-ifield'><a href=\"https:\/\/all-actresses.com\/da\/camsoda\/\" class=\"_self pt-cv-href-thumbnail pt-cv-thumb-default\" target=\"_self\" ><\/a>\n<h3 class=\"pt-cv-title\"><a href=\"https:\/\/all-actresses.com\/da\/camsoda\/\" class=\"_self\" target=\"_self\" >Camsoda<\/a><\/h3>\n<div class=\"pt-cv-content\">Camsoda Erotiske film var i g\u00e5r - erotiske webcamstreams er i dag. Eller hvad? Tja, denne tese lyder m\u00e5ske en ...<br \/><div class=\"pt-cv-rmwrap\"><a href=\"https:\/\/all-actresses.com\/da\/camsoda\/\" class=\"_self pt-cv-readmore btn btn-success\" target=\"_self\">L\u00e6s Mere<\/a><\/div><\/div><\/div><\/div>\n<div class=\"col-md-6 col-sm-6 col-xs-12 pt-cv-content-item pt-cv-1-col\" ><div class='pt-cv-ifield'><a href=\"https:\/\/all-actresses.com\/da\/cam4\/\" class=\"_self pt-cv-href-thumbnail pt-cv-thumb-default\" target=\"_self\" ><\/a>\n<h3 class=\"pt-cv-title\"><a href=\"https:\/\/all-actresses.com\/da\/cam4\/\" class=\"_self\" target=\"_self\" >Cam4<\/a><\/h3>\n<div class=\"pt-cv-content\">Cam4 Live streaming - Der er nok ikke nogen anden form for underholdning, der har v\u00e6ret i stand til at ...<br \/><div class=\"pt-cv-rmwrap\"><a href=\"https:\/\/all-actresses.com\/da\/cam4\/\" class=\"_self pt-cv-readmore btn btn-success\" target=\"_self\">L\u00e6s Mere<\/a><\/div><\/div><\/div><\/div>\n<div class=\"col-md-6 col-sm-6 col-xs-12 pt-cv-content-item pt-cv-1-col\" ><div class='pt-cv-ifield'><a href=\"https:\/\/all-actresses.com\/da\/beeg\/\" class=\"_self pt-cv-href-thumbnail pt-cv-thumb-default\" target=\"_self\" ><\/a>\n<h3 class=\"pt-cv-title\"><a href=\"https:\/\/all-actresses.com\/da\/beeg\/\" class=\"_self\" target=\"_self\" >Beeg.<\/a><\/h3>\n<div class=\"pt-cv-content\">Beeg Hvis du er en trofast tilh\u00e6nger af vores side, s\u00e5 ved du sikkert, at vi udelukkende pr\u00e6senterer de st\u00f8rste ...<br \/><div class=\"pt-cv-rmwrap\"><a href=\"https:\/\/all-actresses.com\/da\/beeg\/\" class=\"_self pt-cv-readmore btn btn-success\" target=\"_self\">L\u00e6s Mere<\/a><\/div><\/div><\/div><\/div>\n<div class=\"col-md-6 col-sm-6 col-xs-12 pt-cv-content-item pt-cv-1-col\" ><div class='pt-cv-ifield'><a href=\"https:\/\/all-actresses.com\/webcam-vergleich\/\" class=\"_self pt-cv-href-thumbnail pt-cv-thumb-default\" target=\"_self\" ><\/a>\n<h3 class=\"pt-cv-title\"><a href=\"https:\/\/all-actresses.com\/webcam-vergleich\/\" class=\"_self\" target=\"_self\" >Gro\u00dfer Webcam Vergleich<\/a><\/h3>\n<div class=\"pt-cv-content\">Wir wissen beide, dass du gerade besseres zu tun hast, als einen Testbericht mit mehreren Seiten zu lesen. Also halten ...<br \/><div class=\"pt-cv-rmwrap\"><a href=\"https:\/\/all-actresses.com\/webcam-vergleich\/\" class=\"_self pt-cv-readmore btn btn-success\" target=\"_self\">L\u00e6s Mere<\/a><\/div><\/div><\/div><\/div>\n<div class=\"col-md-6 col-sm-6 col-xs-12 pt-cv-content-item pt-cv-1-col\" ><div class='pt-cv-ifield'><a href=\"https:\/\/all-actresses.com\/da\/bongacams\/\" class=\"_self pt-cv-href-thumbnail pt-cv-thumb-default\" target=\"_self\" ><\/a>\n<h3 class=\"pt-cv-title\"><a href=\"https:\/\/all-actresses.com\/da\/bongacams\/\" class=\"_self\" target=\"_self\" >BongaCams<\/a><\/h3>\n<div class=\"pt-cv-content\">BongaCams Hvis man kigger n\u00e6rmere p\u00e5 de seneste \u00e5rs internettrends, er der is\u00e6r \u00e9t emne, der skiller sig ud: Sociale ...<br \/><div class=\"pt-cv-rmwrap\"><a href=\"https:\/\/all-actresses.com\/da\/bongacams\/\" class=\"_self pt-cv-readmore btn btn-success\" target=\"_self\">L\u00e6s Mere<\/a><\/div><\/div><\/div><\/div><\/div><\/div><\/div>\n","protected":false},"excerpt":{"rendered":"","protected":false},"author":1,"featured_media":0,"parent":0,"menu_order":0,"comment_status":"closed","ping_status":"closed","template":"","meta":{"footnotes":""},"class_list":["post-12770","page","type-page","status-publish"],"yoast_head":"<!-- This site is optimized with the Yoast SEO plugin v27.4 - https:\/\/yoast.com\/product\/yoast-seo-wordpress\/ -->\n<title>Erotiske netv\u00e6rk og webkameraer p\u00e5 et \u00f8jeblik | Hvad du har brug for at vide!<\/title>\n<meta name=\"description\" content=\"Hvilke velrenommerede webcam-tjenester og erotiske platforme findes der? Hvilke tjenester er gratis? Hvor venter rigtige brugere p\u00e5 mig? Find ud af det her!\" \/>\n<meta name=\"robots\" content=\"index, follow, max-snippet:-1, max-image-preview:large, max-video-preview:-1\" \/>\n<link rel=\"canonical\" href=\"https:\/\/all-actresses.com\/da\/faellesskab\/\" \/>\n<meta property=\"og:locale\" content=\"da_DK\" \/>\n<meta property=\"og:type\" content=\"article\" \/>\n<meta property=\"og:title\" content=\"Erotiske netv\u00e6rk og webkameraer p\u00e5 et \u00f8jeblik | Hvad du har brug for at vide!\" \/>\n<meta property=\"og:description\" content=\"Hvilke velrenommerede webcam-tjenester og erotiske platforme findes der? Hvilke tjenester er gratis? Hvor venter rigtige brugere p\u00e5 mig? Find ud af det her!\" \/>\n<meta property=\"og:url\" content=\"https:\/\/all-actresses.com\/da\/faellesskab\/\" \/>\n<meta property=\"og:site_name\" content=\"all-actresses.com\" \/>\n<meta property=\"article:modified_time\" content=\"2024-05-18T11:22:37+00:00\" \/>\n<meta property=\"og:image\" content=\"https:\/\/all-actresses.com\/wp-content\/uploads\/2024\/03\/Header_Community-DA.png\" \/>\n<meta name=\"twitter:card\" content=\"summary_large_image\" \/>\n<meta name=\"twitter:label1\" content=\"Estimeret l\u00e6setid\" \/>\n\t<meta name=\"twitter:data1\" content=\"1 minut\" \/>\n<script type=\"application\/ld+json\" class=\"yoast-schema-graph\">{\"@context\":\"https:\\\/\\\/schema.org\",\"@graph\":[{\"@type\":\"WebPage\",\"@id\":\"https:\\\/\\\/all-actresses.com\\\/da\\\/faellesskab\\\/\",\"url\":\"https:\\\/\\\/all-actresses.com\\\/da\\\/faellesskab\\\/\",\"name\":\"Erotiske netv\u00e6rk og webkameraer p\u00e5 et \u00f8jeblik | Hvad du har brug for at vide!\",\"isPartOf\":{\"@id\":\"https:\\\/\\\/all-actresses.com\\\/#website\"},\"primaryImageOfPage\":{\"@id\":\"https:\\\/\\\/all-actresses.com\\\/da\\\/faellesskab\\\/#primaryimage\"},\"image\":{\"@id\":\"https:\\\/\\\/all-actresses.com\\\/da\\\/faellesskab\\\/#primaryimage\"},\"thumbnailUrl\":\"https:\\\/\\\/all-actresses.com\\\/wp-content\\\/uploads\\\/2024\\\/03\\\/Header_Community-DA.png\",\"datePublished\":\"2021-05-26T09:54:50+00:00\",\"dateModified\":\"2024-05-18T11:22:37+00:00\",\"description\":\"Hvilke velrenommerede webcam-tjenester og erotiske platforme findes der? Hvilke tjenester er gratis? Hvor venter rigtige brugere p\u00e5 mig? Find ud af det her!\",\"breadcrumb\":{\"@id\":\"https:\\\/\\\/all-actresses.com\\\/da\\\/faellesskab\\\/#breadcrumb\"},\"inLanguage\":\"da-DK\",\"potentialAction\":[{\"@type\":\"ReadAction\",\"target\":[\"https:\\\/\\\/all-actresses.com\\\/da\\\/faellesskab\\\/\"]}]},{\"@type\":\"ImageObject\",\"inLanguage\":\"da-DK\",\"@id\":\"https:\\\/\\\/all-actresses.com\\\/da\\\/faellesskab\\\/#primaryimage\",\"url\":\"https:\\\/\\\/all-actresses.com\\\/wp-content\\\/uploads\\\/2024\\\/03\\\/Header_Community-DA.png\",\"contentUrl\":\"https:\\\/\\\/all-actresses.com\\\/wp-content\\\/uploads\\\/2024\\\/03\\\/Header_Community-DA.png\"},{\"@type\":\"BreadcrumbList\",\"@id\":\"https:\\\/\\\/all-actresses.com\\\/da\\\/faellesskab\\\/#breadcrumb\",\"itemListElement\":[{\"@type\":\"ListItem\",\"position\":1,\"name\":\"Startseite\",\"item\":\"https:\\\/\\\/all-actresses.com\\\/da\\\/\"},{\"@type\":\"ListItem\",\"position\":2,\"name\":\"F\u00e6llesskab\"}]},{\"@type\":\"WebSite\",\"@id\":\"https:\\\/\\\/all-actresses.com\\\/#website\",\"url\":\"https:\\\/\\\/all-actresses.com\\\/\",\"name\":\"all-actresses.com\",\"description\":\"Entdecke die Welt von AllActresses!\",\"publisher\":{\"@id\":\"https:\\\/\\\/all-actresses.com\\\/#organization\"},\"potentialAction\":[{\"@type\":\"SearchAction\",\"target\":{\"@type\":\"EntryPoint\",\"urlTemplate\":\"https:\\\/\\\/all-actresses.com\\\/?s={search_term_string}\"},\"query-input\":{\"@type\":\"PropertyValueSpecification\",\"valueRequired\":true,\"valueName\":\"search_term_string\"}}],\"inLanguage\":\"da-DK\"},{\"@type\":\"Organization\",\"@id\":\"https:\\\/\\\/all-actresses.com\\\/#organization\",\"name\":\"all-actresses.com\",\"url\":\"https:\\\/\\\/all-actresses.com\\\/\",\"logo\":{\"@type\":\"ImageObject\",\"inLanguage\":\"da-DK\",\"@id\":\"https:\\\/\\\/all-actresses.com\\\/#\\\/schema\\\/logo\\\/image\\\/\",\"url\":\"https:\\\/\\\/all-actresses.com\\\/wp-content\\\/uploads\\\/2021\\\/05\\\/allactresses-2-e1620037015851.jpg\",\"contentUrl\":\"https:\\\/\\\/all-actresses.com\\\/wp-content\\\/uploads\\\/2021\\\/05\\\/allactresses-2-e1620037015851.jpg\",\"width\":400,\"height\":213,\"caption\":\"all-actresses.com\"},\"image\":{\"@id\":\"https:\\\/\\\/all-actresses.com\\\/#\\\/schema\\\/logo\\\/image\\\/\"}}]}<\/script>\n<!-- \/ Yoast SEO plugin. -->","yoast_head_json":{"title":"Erotiske netv\u00e6rk og webkameraer p\u00e5 et \u00f8jeblik | Hvad du har brug for at vide!","description":"Hvilke velrenommerede webcam-tjenester og erotiske platforme findes der? Hvilke tjenester er gratis? Hvor venter rigtige brugere p\u00e5 mig? Find ud af det her!","robots":{"index":"index","follow":"follow","max-snippet":"max-snippet:-1","max-image-preview":"max-image-preview:large","max-video-preview":"max-video-preview:-1"},"canonical":"https:\/\/all-actresses.com\/da\/faellesskab\/","og_locale":"da_DK","og_type":"article","og_title":"Erotiske netv\u00e6rk og webkameraer p\u00e5 et \u00f8jeblik | Hvad du har brug for at vide!","og_description":"Hvilke velrenommerede webcam-tjenester og erotiske platforme findes der? Hvilke tjenester er gratis? Hvor venter rigtige brugere p\u00e5 mig? Find ud af det her!","og_url":"https:\/\/all-actresses.com\/da\/faellesskab\/","og_site_name":"all-actresses.com","article_modified_time":"2024-05-18T11:22:37+00:00","og_image":[{"url":"https:\/\/all-actresses.com\/wp-content\/uploads\/2024\/03\/Header_Community-DA.png","type":"","width":"","height":""}],"twitter_card":"summary_large_image","twitter_misc":{"Estimeret l\u00e6setid":"1 minut"},"schema":{"@context":"https:\/\/schema.org","@graph":[{"@type":"WebPage","@id":"https:\/\/all-actresses.com\/da\/faellesskab\/","url":"https:\/\/all-actresses.com\/da\/faellesskab\/","name":"Erotiske netv\u00e6rk og webkameraer p\u00e5 et \u00f8jeblik | Hvad du har brug for at vide!","isPartOf":{"@id":"https:\/\/all-actresses.com\/#website"},"primaryImageOfPage":{"@id":"https:\/\/all-actresses.com\/da\/faellesskab\/#primaryimage"},"image":{"@id":"https:\/\/all-actresses.com\/da\/faellesskab\/#primaryimage"},"thumbnailUrl":"https:\/\/all-actresses.com\/wp-content\/uploads\/2024\/03\/Header_Community-DA.png","datePublished":"2021-05-26T09:54:50+00:00","dateModified":"2024-05-18T11:22:37+00:00","description":"Hvilke velrenommerede webcam-tjenester og erotiske platforme findes der? Hvilke tjenester er gratis? Hvor venter rigtige brugere p\u00e5 mig? Find ud af det her!","breadcrumb":{"@id":"https:\/\/all-actresses.com\/da\/faellesskab\/#breadcrumb"},"inLanguage":"da-DK","potentialAction":[{"@type":"ReadAction","target":["https:\/\/all-actresses.com\/da\/faellesskab\/"]}]},{"@type":"ImageObject","inLanguage":"da-DK","@id":"https:\/\/all-actresses.com\/da\/faellesskab\/#primaryimage","url":"https:\/\/all-actresses.com\/wp-content\/uploads\/2024\/03\/Header_Community-DA.png","contentUrl":"https:\/\/all-actresses.com\/wp-content\/uploads\/2024\/03\/Header_Community-DA.png"},{"@type":"BreadcrumbList","@id":"https:\/\/all-actresses.com\/da\/faellesskab\/#breadcrumb","itemListElement":[{"@type":"ListItem","position":1,"name":"Startseite","item":"https:\/\/all-actresses.com\/da\/"},{"@type":"ListItem","position":2,"name":"F\u00e6llesskab"}]},{"@type":"WebSite","@id":"https:\/\/all-actresses.com\/#website","url":"https:\/\/all-actresses.com\/","name":"all-actresses.com","description":"Entdecke die Welt von AllActresses!","publisher":{"@id":"https:\/\/all-actresses.com\/#organization"},"potentialAction":[{"@type":"SearchAction","target":{"@type":"EntryPoint","urlTemplate":"https:\/\/all-actresses.com\/?s={search_term_string}"},"query-input":{"@type":"PropertyValueSpecification","valueRequired":true,"valueName":"search_term_string"}}],"inLanguage":"da-DK"},{"@type":"Organization","@id":"https:\/\/all-actresses.com\/#organization","name":"all-actresses.com","url":"https:\/\/all-actresses.com\/","logo":{"@type":"ImageObject","inLanguage":"da-DK","@id":"https:\/\/all-actresses.com\/#\/schema\/logo\/image\/","url":"https:\/\/all-actresses.com\/wp-content\/uploads\/2021\/05\/allactresses-2-e1620037015851.jpg","contentUrl":"https:\/\/all-actresses.com\/wp-content\/uploads\/2021\/05\/allactresses-2-e1620037015851.jpg","width":400,"height":213,"caption":"all-actresses.com"},"image":{"@id":"https:\/\/all-actresses.com\/#\/schema\/logo\/image\/"}}]}},"_links":{"self":[{"href":"https:\/\/all-actresses.com\/da\/wp-json\/wp\/v2\/pages\/12770","targetHints":{"allow":["GET"]}}],"collection":[{"href":"https:\/\/all-actresses.com\/da\/wp-json\/wp\/v2\/pages"}],"about":[{"href":"https:\/\/all-actresses.com\/da\/wp-json\/wp\/v2\/types\/page"}],"author":[{"embeddable":true,"href":"https:\/\/all-actresses.com\/da\/wp-json\/wp\/v2\/users\/1"}],"replies":[{"embeddable":true,"href":"https:\/\/all-actresses.com\/da\/wp-json\/wp\/v2\/comments?post=12770"}],"version-history":[{"count":3,"href":"https:\/\/all-actresses.com\/da\/wp-json\/wp\/v2\/pages\/12770\/revisions"}],"predecessor-version":[{"id":15140,"href":"https:\/\/all-actresses.com\/da\/wp-json\/wp\/v2\/pages\/12770\/revisions\/15140"}],"wp:attachment":[{"href":"https:\/\/all-actresses.com\/da\/wp-json\/wp\/v2\/media?parent=12770"}],"curies":[{"name":"wp","href":"https:\/\/api.w.org\/{rel}","templated":true}]}}