{"id":13736,"date":"2021-05-26T15:33:13","date_gmt":"2021-05-26T13:33:13","guid":{"rendered":"https:\/\/all-actresses.com\/producers\/"},"modified":"2024-05-13T11:44:04","modified_gmt":"2024-05-13T09:44:04","slug":"vyrobce","status":"publish","type":"page","link":"https:\/\/all-actresses.com\/cs\/vyrobce\/","title":{"rendered":"V\u00fdrobce"},"content":{"rendered":"\n<figure class=\"wp-block-image alignfull size-full\"><img decoding=\"async\" width=\"1900\" height=\"480\" data-src=\"https:\/\/all-actresses.com\/wp-content\/uploads\/2024\/04\/Header_Produzent_CZ.png\" alt=\"V\u00fdrobce\" class=\"wp-image-12011 lazyload\" data-srcset=\"https:\/\/all-actresses.com\/wp-content\/uploads\/2024\/04\/Header_Produzent_CZ.png 1900w, https:\/\/all-actresses.com\/wp-content\/uploads\/2024\/04\/Header_Produzent_CZ-300x76.png 300w, https:\/\/all-actresses.com\/wp-content\/uploads\/2024\/04\/Header_Produzent_CZ-1024x259.png 1024w, https:\/\/all-actresses.com\/wp-content\/uploads\/2024\/04\/Header_Produzent_CZ-768x194.png 768w, https:\/\/all-actresses.com\/wp-content\/uploads\/2024\/04\/Header_Produzent_CZ-1536x388.png 1536w\" data-sizes=\"(max-width: 1900px) 100vw, 1900px\" src=\"data:image\/svg+xml;base64,PHN2ZyB3aWR0aD0iMSIgaGVpZ2h0PSIxIiB4bWxucz0iaHR0cDovL3d3dy53My5vcmcvMjAwMC9zdmciPjwvc3ZnPg==\" style=\"--smush-placeholder-width: 1900px; --smush-placeholder-aspect-ratio: 1900\/480;\" \/><\/figure>\n\n\n\n<div class=\"pt-cv-wrapper\"><div class=\"pt-cv-view pt-cv-grid pt-cv-colsys\" id=\"pt-cv-view-09704e6i7r\"><div data-id=\"pt-cv-page-1\" class=\"pt-cv-page\" data-cvc=\"3\"><div class=\"col-md-4 col-sm-6 col-xs-12 pt-cv-content-item pt-cv-1-col\" ><div class='pt-cv-ifield'><h3 class=\"pt-cv-title\"><a href=\"https:\/\/all-actresses.com\/cs\/fake-taxi\/\" class=\"_self\" target=\"_self\" >Fake taxi<\/a><\/h3>\n<div class=\"pt-cv-content\">Fake taxi Producentsk\u00e1 spole\u010dnost a online videoplatforma Fake Taxi je jednou z nejzn\u00e1m\u011bj\u0161\u00edch a celosv\u011btov\u011b nejsledovan\u011bj\u0161\u00edch videoplatforem ...<br \/><div class=\"pt-cv-rmwrap\"><a href=\"https:\/\/all-actresses.com\/cs\/fake-taxi\/\" class=\"_self pt-cv-readmore btn btn-success\" target=\"_self\">Zna\u010dka Pro Pokra\u010dov\u00e1n\u00ed Textu<\/a><\/div><\/div><\/div><\/div>\n<div class=\"col-md-4 col-sm-6 col-xs-12 pt-cv-content-item pt-cv-1-col\" ><div class='pt-cv-ifield'><h3 class=\"pt-cv-title\"><a href=\"https:\/\/all-actresses.com\/cs\/brazzers\/\" class=\"_self\" target=\"_self\" >Brazzers<\/a><\/h3>\n<div class=\"pt-cv-content\">Brazzers S\u00ed\u0165 vide\u00ed pro dosp\u011bl\u00e9 Brazzers je pravd\u011bpodobn\u011b jednou z nejzn\u00e1m\u011bj\u0161\u00edch s\u00edt\u00ed. S\u00ed\u0165 provozuje lucembursk\u00e1 medi\u00e1ln\u00ed spole\u010dnost ...<br \/><div class=\"pt-cv-rmwrap\"><a href=\"https:\/\/all-actresses.com\/cs\/brazzers\/\" class=\"_self pt-cv-readmore btn btn-success\" target=\"_self\">Zna\u010dka Pro Pokra\u010dov\u00e1n\u00ed Textu<\/a><\/div><\/div><\/div><\/div>\n<div class=\"col-md-4 col-sm-6 col-xs-12 pt-cv-content-item pt-cv-1-col\" ><div class='pt-cv-ifield'><h3 class=\"pt-cv-title\"><a href=\"https:\/\/all-actresses.com\/cs\/bang-bros\/\" class=\"_self\" target=\"_self\" >Bang Bros<\/a><\/h3>\n<div class=\"pt-cv-content\">Bang Bros Spole\u010dnost Bang Bros, kter\u00e1 byla zalo\u017eena p\u0159ed v\u00edce ne\u017e 20 lety, je dnes jednou z ...<br \/><div class=\"pt-cv-rmwrap\"><a href=\"https:\/\/all-actresses.com\/cs\/bang-bros\/\" class=\"_self pt-cv-readmore btn btn-success\" target=\"_self\">Zna\u010dka Pro Pokra\u010dov\u00e1n\u00ed Textu<\/a><\/div><\/div><\/div><\/div><\/div><\/div><\/div>\n","protected":false},"excerpt":{"rendered":"","protected":false},"author":1,"featured_media":13737,"parent":0,"menu_order":0,"comment_status":"closed","ping_status":"closed","template":"","meta":{"footnotes":""},"class_list":["post-13736","page","type-page","status-publish","has-post-thumbnail"],"yoast_head":"<!-- This site is optimized with the Yoast SEO plugin v27.3 - https:\/\/yoast.com\/product\/yoast-seo-wordpress\/ -->\n<title>Nejzn\u00e1m\u011bj\u0161\u00ed producenti v pr\u016fmyslu pro dosp\u011bl\u00e9 | Sledujte nyn\u00ed!<\/title>\n<meta name=\"description\" content=\"Zjist\u011bte vzru\u0161uj\u00edc\u00ed fakta a z\u00e1kladn\u00ed informace o nejslavn\u011bj\u0161\u00edch producentech v erotick\u00e9m pr\u016fmyslu \u2713 zaj\u00edmav\u00e9 post\u0159ehy nyn\u00ed\" \/>\n<meta name=\"robots\" content=\"index, follow, max-snippet:-1, max-image-preview:large, max-video-preview:-1\" \/>\n<link rel=\"canonical\" href=\"https:\/\/all-actresses.com\/cs\/vyrobce\/\" \/>\n<meta property=\"og:locale\" content=\"cs_CZ\" \/>\n<meta property=\"og:type\" content=\"article\" \/>\n<meta property=\"og:title\" content=\"Nejzn\u00e1m\u011bj\u0161\u00ed producenti v pr\u016fmyslu pro dosp\u011bl\u00e9 | Sledujte nyn\u00ed!\" \/>\n<meta property=\"og:description\" content=\"Zjist\u011bte vzru\u0161uj\u00edc\u00ed fakta a z\u00e1kladn\u00ed informace o nejslavn\u011bj\u0161\u00edch producentech v erotick\u00e9m pr\u016fmyslu \u2713 zaj\u00edmav\u00e9 post\u0159ehy nyn\u00ed\" \/>\n<meta property=\"og:url\" content=\"https:\/\/all-actresses.com\/cs\/vyrobce\/\" \/>\n<meta property=\"og:site_name\" content=\"all-actresses.com\" \/>\n<meta property=\"article:modified_time\" content=\"2024-05-13T09:44:04+00:00\" \/>\n<meta property=\"og:image\" content=\"https:\/\/all-actresses.com\/wp-content\/uploads\/2020\/10\/All-Actresses-fav.png\" \/>\n\t<meta property=\"og:image:width\" content=\"512\" \/>\n\t<meta property=\"og:image:height\" content=\"512\" \/>\n\t<meta property=\"og:image:type\" content=\"image\/png\" \/>\n<meta name=\"twitter:card\" content=\"summary_large_image\" \/>\n<meta name=\"twitter:label1\" content=\"Odhadovan\u00e1 doba \u010dten\u00ed\" \/>\n\t<meta name=\"twitter:data1\" content=\"1 minuta\" \/>\n<script type=\"application\/ld+json\" class=\"yoast-schema-graph\">{\"@context\":\"https:\\\/\\\/schema.org\",\"@graph\":[{\"@type\":\"WebPage\",\"@id\":\"https:\\\/\\\/all-actresses.com\\\/cs\\\/vyrobce\\\/\",\"url\":\"https:\\\/\\\/all-actresses.com\\\/cs\\\/vyrobce\\\/\",\"name\":\"Nejzn\u00e1m\u011bj\u0161\u00ed producenti v pr\u016fmyslu pro dosp\u011bl\u00e9 | Sledujte nyn\u00ed!\",\"isPartOf\":{\"@id\":\"https:\\\/\\\/all-actresses.com\\\/#website\"},\"primaryImageOfPage\":{\"@id\":\"https:\\\/\\\/all-actresses.com\\\/cs\\\/vyrobce\\\/#primaryimage\"},\"image\":{\"@id\":\"https:\\\/\\\/all-actresses.com\\\/cs\\\/vyrobce\\\/#primaryimage\"},\"thumbnailUrl\":\"https:\\\/\\\/all-actresses.com\\\/wp-content\\\/uploads\\\/2020\\\/10\\\/All-Actresses-fav.png\",\"datePublished\":\"2021-05-26T13:33:13+00:00\",\"dateModified\":\"2024-05-13T09:44:04+00:00\",\"description\":\"Zjist\u011bte vzru\u0161uj\u00edc\u00ed fakta a z\u00e1kladn\u00ed informace o nejslavn\u011bj\u0161\u00edch producentech v erotick\u00e9m pr\u016fmyslu \u2713 zaj\u00edmav\u00e9 post\u0159ehy nyn\u00ed\",\"breadcrumb\":{\"@id\":\"https:\\\/\\\/all-actresses.com\\\/cs\\\/vyrobce\\\/#breadcrumb\"},\"inLanguage\":\"cs\",\"potentialAction\":[{\"@type\":\"ReadAction\",\"target\":[\"https:\\\/\\\/all-actresses.com\\\/cs\\\/vyrobce\\\/\"]}]},{\"@type\":\"ImageObject\",\"inLanguage\":\"cs\",\"@id\":\"https:\\\/\\\/all-actresses.com\\\/cs\\\/vyrobce\\\/#primaryimage\",\"url\":\"https:\\\/\\\/all-actresses.com\\\/wp-content\\\/uploads\\\/2020\\\/10\\\/All-Actresses-fav.png\",\"contentUrl\":\"https:\\\/\\\/all-actresses.com\\\/wp-content\\\/uploads\\\/2020\\\/10\\\/All-Actresses-fav.png\",\"width\":512,\"height\":512},{\"@type\":\"BreadcrumbList\",\"@id\":\"https:\\\/\\\/all-actresses.com\\\/cs\\\/vyrobce\\\/#breadcrumb\",\"itemListElement\":[{\"@type\":\"ListItem\",\"position\":1,\"name\":\"Startseite\",\"item\":\"https:\\\/\\\/all-actresses.com\\\/cs\\\/\"},{\"@type\":\"ListItem\",\"position\":2,\"name\":\"V\u00fdrobce\"}]},{\"@type\":\"WebSite\",\"@id\":\"https:\\\/\\\/all-actresses.com\\\/#website\",\"url\":\"https:\\\/\\\/all-actresses.com\\\/\",\"name\":\"all-actresses.com\",\"description\":\"Entdecke die Welt von AllActresses!\",\"publisher\":{\"@id\":\"https:\\\/\\\/all-actresses.com\\\/#organization\"},\"potentialAction\":[{\"@type\":\"SearchAction\",\"target\":{\"@type\":\"EntryPoint\",\"urlTemplate\":\"https:\\\/\\\/all-actresses.com\\\/?s={search_term_string}\"},\"query-input\":{\"@type\":\"PropertyValueSpecification\",\"valueRequired\":true,\"valueName\":\"search_term_string\"}}],\"inLanguage\":\"cs\"},{\"@type\":\"Organization\",\"@id\":\"https:\\\/\\\/all-actresses.com\\\/#organization\",\"name\":\"all-actresses.com\",\"url\":\"https:\\\/\\\/all-actresses.com\\\/\",\"logo\":{\"@type\":\"ImageObject\",\"inLanguage\":\"cs\",\"@id\":\"https:\\\/\\\/all-actresses.com\\\/#\\\/schema\\\/logo\\\/image\\\/\",\"url\":\"https:\\\/\\\/all-actresses.com\\\/wp-content\\\/uploads\\\/2021\\\/05\\\/allactresses-2-e1620037015851.jpg\",\"contentUrl\":\"https:\\\/\\\/all-actresses.com\\\/wp-content\\\/uploads\\\/2021\\\/05\\\/allactresses-2-e1620037015851.jpg\",\"width\":400,\"height\":213,\"caption\":\"all-actresses.com\"},\"image\":{\"@id\":\"https:\\\/\\\/all-actresses.com\\\/#\\\/schema\\\/logo\\\/image\\\/\"}}]}<\/script>\n<!-- \/ Yoast SEO plugin. -->","yoast_head_json":{"title":"Nejzn\u00e1m\u011bj\u0161\u00ed producenti v pr\u016fmyslu pro dosp\u011bl\u00e9 | Sledujte nyn\u00ed!","description":"Zjist\u011bte vzru\u0161uj\u00edc\u00ed fakta a z\u00e1kladn\u00ed informace o nejslavn\u011bj\u0161\u00edch producentech v erotick\u00e9m pr\u016fmyslu \u2713 zaj\u00edmav\u00e9 post\u0159ehy nyn\u00ed","robots":{"index":"index","follow":"follow","max-snippet":"max-snippet:-1","max-image-preview":"max-image-preview:large","max-video-preview":"max-video-preview:-1"},"canonical":"https:\/\/all-actresses.com\/cs\/vyrobce\/","og_locale":"cs_CZ","og_type":"article","og_title":"Nejzn\u00e1m\u011bj\u0161\u00ed producenti v pr\u016fmyslu pro dosp\u011bl\u00e9 | Sledujte nyn\u00ed!","og_description":"Zjist\u011bte vzru\u0161uj\u00edc\u00ed fakta a z\u00e1kladn\u00ed informace o nejslavn\u011bj\u0161\u00edch producentech v erotick\u00e9m pr\u016fmyslu \u2713 zaj\u00edmav\u00e9 post\u0159ehy nyn\u00ed","og_url":"https:\/\/all-actresses.com\/cs\/vyrobce\/","og_site_name":"all-actresses.com","article_modified_time":"2024-05-13T09:44:04+00:00","og_image":[{"width":512,"height":512,"url":"https:\/\/all-actresses.com\/wp-content\/uploads\/2020\/10\/All-Actresses-fav.png","type":"image\/png"}],"twitter_card":"summary_large_image","twitter_misc":{"Odhadovan\u00e1 doba \u010dten\u00ed":"1 minuta"},"schema":{"@context":"https:\/\/schema.org","@graph":[{"@type":"WebPage","@id":"https:\/\/all-actresses.com\/cs\/vyrobce\/","url":"https:\/\/all-actresses.com\/cs\/vyrobce\/","name":"Nejzn\u00e1m\u011bj\u0161\u00ed producenti v pr\u016fmyslu pro dosp\u011bl\u00e9 | Sledujte nyn\u00ed!","isPartOf":{"@id":"https:\/\/all-actresses.com\/#website"},"primaryImageOfPage":{"@id":"https:\/\/all-actresses.com\/cs\/vyrobce\/#primaryimage"},"image":{"@id":"https:\/\/all-actresses.com\/cs\/vyrobce\/#primaryimage"},"thumbnailUrl":"https:\/\/all-actresses.com\/wp-content\/uploads\/2020\/10\/All-Actresses-fav.png","datePublished":"2021-05-26T13:33:13+00:00","dateModified":"2024-05-13T09:44:04+00:00","description":"Zjist\u011bte vzru\u0161uj\u00edc\u00ed fakta a z\u00e1kladn\u00ed informace o nejslavn\u011bj\u0161\u00edch producentech v erotick\u00e9m pr\u016fmyslu \u2713 zaj\u00edmav\u00e9 post\u0159ehy nyn\u00ed","breadcrumb":{"@id":"https:\/\/all-actresses.com\/cs\/vyrobce\/#breadcrumb"},"inLanguage":"cs","potentialAction":[{"@type":"ReadAction","target":["https:\/\/all-actresses.com\/cs\/vyrobce\/"]}]},{"@type":"ImageObject","inLanguage":"cs","@id":"https:\/\/all-actresses.com\/cs\/vyrobce\/#primaryimage","url":"https:\/\/all-actresses.com\/wp-content\/uploads\/2020\/10\/All-Actresses-fav.png","contentUrl":"https:\/\/all-actresses.com\/wp-content\/uploads\/2020\/10\/All-Actresses-fav.png","width":512,"height":512},{"@type":"BreadcrumbList","@id":"https:\/\/all-actresses.com\/cs\/vyrobce\/#breadcrumb","itemListElement":[{"@type":"ListItem","position":1,"name":"Startseite","item":"https:\/\/all-actresses.com\/cs\/"},{"@type":"ListItem","position":2,"name":"V\u00fdrobce"}]},{"@type":"WebSite","@id":"https:\/\/all-actresses.com\/#website","url":"https:\/\/all-actresses.com\/","name":"all-actresses.com","description":"Entdecke die Welt von AllActresses!","publisher":{"@id":"https:\/\/all-actresses.com\/#organization"},"potentialAction":[{"@type":"SearchAction","target":{"@type":"EntryPoint","urlTemplate":"https:\/\/all-actresses.com\/?s={search_term_string}"},"query-input":{"@type":"PropertyValueSpecification","valueRequired":true,"valueName":"search_term_string"}}],"inLanguage":"cs"},{"@type":"Organization","@id":"https:\/\/all-actresses.com\/#organization","name":"all-actresses.com","url":"https:\/\/all-actresses.com\/","logo":{"@type":"ImageObject","inLanguage":"cs","@id":"https:\/\/all-actresses.com\/#\/schema\/logo\/image\/","url":"https:\/\/all-actresses.com\/wp-content\/uploads\/2021\/05\/allactresses-2-e1620037015851.jpg","contentUrl":"https:\/\/all-actresses.com\/wp-content\/uploads\/2021\/05\/allactresses-2-e1620037015851.jpg","width":400,"height":213,"caption":"all-actresses.com"},"image":{"@id":"https:\/\/all-actresses.com\/#\/schema\/logo\/image\/"}}]}},"_links":{"self":[{"href":"https:\/\/all-actresses.com\/cs\/wp-json\/wp\/v2\/pages\/13736","targetHints":{"allow":["GET"]}}],"collection":[{"href":"https:\/\/all-actresses.com\/cs\/wp-json\/wp\/v2\/pages"}],"about":[{"href":"https:\/\/all-actresses.com\/cs\/wp-json\/wp\/v2\/types\/page"}],"author":[{"embeddable":true,"href":"https:\/\/all-actresses.com\/cs\/wp-json\/wp\/v2\/users\/1"}],"replies":[{"embeddable":true,"href":"https:\/\/all-actresses.com\/cs\/wp-json\/wp\/v2\/comments?post=13736"}],"version-history":[{"count":2,"href":"https:\/\/all-actresses.com\/cs\/wp-json\/wp\/v2\/pages\/13736\/revisions"}],"predecessor-version":[{"id":13756,"href":"https:\/\/all-actresses.com\/cs\/wp-json\/wp\/v2\/pages\/13736\/revisions\/13756"}],"wp:featuredmedia":[{"embeddable":true,"href":"https:\/\/all-actresses.com\/cs\/wp-json\/wp\/v2\/media\/13737"}],"wp:attachment":[{"href":"https:\/\/all-actresses.com\/cs\/wp-json\/wp\/v2\/media?parent=13736"}],"curies":[{"name":"wp","href":"https:\/\/api.w.org\/{rel}","templated":true}]}}