{"id":12873,"date":"2021-06-16T15:39:30","date_gmt":"2021-06-16T13:39:30","guid":{"rendered":"https:\/\/all-actresses.com\/about-us\/"},"modified":"2024-05-17T07:21:40","modified_gmt":"2024-05-17T05:21:40","slug":"o-nas","status":"publish","type":"page","link":"https:\/\/all-actresses.com\/cs\/o-nas\/","title":{"rendered":"O n\u00e1s"},"content":{"rendered":"\n<figure class=\"wp-block-image alignfull size-full\"><img decoding=\"async\" width=\"1900\" height=\"480\" data-src=\"https:\/\/all-actresses.com\/wp-content\/uploads\/2024\/05\/O-nas.jpg\" alt=\"O-n\u00e1s\" class=\"wp-image-14229 lazyload\" data-srcset=\"https:\/\/all-actresses.com\/wp-content\/uploads\/2024\/05\/O-nas.jpg 1900w, https:\/\/all-actresses.com\/wp-content\/uploads\/2024\/05\/O-nas-300x76.jpg 300w, https:\/\/all-actresses.com\/wp-content\/uploads\/2024\/05\/O-nas-1024x259.jpg 1024w, https:\/\/all-actresses.com\/wp-content\/uploads\/2024\/05\/O-nas-768x194.jpg 768w, https:\/\/all-actresses.com\/wp-content\/uploads\/2024\/05\/O-nas-1536x388.jpg 1536w\" data-sizes=\"(max-width: 1900px) 100vw, 1900px\" src=\"data:image\/svg+xml;base64,PHN2ZyB3aWR0aD0iMSIgaGVpZ2h0PSIxIiB4bWxucz0iaHR0cDovL3d3dy53My5vcmcvMjAwMC9zdmciPjwvc3ZnPg==\" style=\"--smush-placeholder-width: 1900px; --smush-placeholder-aspect-ratio: 1900\/480;\" \/><\/figure>\n\n\n\n<h2 class=\"wp-block-heading\"><strong>P\u0159\u00edb\u011bh o v\u0161ech here\u010dk\u00e1ch<\/strong><\/h2>\n\n\n\n<h3 class=\"wp-block-heading\"><strong>Od spont\u00e1nn\u00edho n\u00e1padu k mezin\u00e1rodn\u00edmu port\u00e1lu &#8211; takov\u00fd je jeho p\u0159\u00edb\u011bh<\/strong><\/h3>\n\n\n\n<p>Jsme v roce 2020. Za slune\u010dn\u00e9ho pozdn\u011b podzimn\u00edho dne se n\u00e1\u0161 t\u00fdm digit\u00e1ln\u00edho marketingu v\u011bnuje t\u00e9matu, kter\u00e9 je na sv\u011btov\u00e9 s\u00edti enormn\u011b \u010dasto vyhled\u00e1v\u00e1no: Odv\u011btv\u00ed pro dosp\u011bl\u00e9 a erotiky. Popt\u00e1vka po \u00fa\u010dinkuj\u00edc\u00edch, erotick\u00fdch s\u00edt\u00edch a platform\u00e1ch je obrovsk\u00e1.<\/p>\n\n\n\n<p>V minulosti jsme ji\u017e se sektorem pro dosp\u011bl\u00e9 na internetu ud\u011blali mnoho zku\u0161enost\u00ed. Rychle jsme zjistili, \u017ee neexistuj\u00ed t\u00e9m\u011b\u0159 \u017e\u00e1dn\u00e9 seri\u00f3zn\u00ed zdroje, kter\u00e9 by tuto popt\u00e1vku uspokojovaly. Tyto str\u00e1nky neposkytuj\u00ed u\u017eite\u010dn\u00fd obsah a jejich c\u00edlem je pouze vyd\u011blat na sv\u00fdch n\u00e1v\u0161t\u011bvn\u00edc\u00edch prost\u0159ednictv\u00edm vlezl\u00fdch banner\u016f, vyskakovac\u00edch oken a dal\u0161\u00edch forem reklamy. Byli jsme rozhodnuti tento stav zm\u011bnit zalo\u017een\u00edm spole\u010dnosti All-Actresses.<\/p>\n\n\n\n<h3 class=\"wp-block-heading\"><strong>Na\u0161\u00edm posl\u00e1n\u00edm<\/strong><\/h3>\n\n\n\n<p>Chceme v\u00e1m z jednoho zdroje poskytnout ve\u0161ker\u00e9 informace o nejobl\u00edben\u011bj\u0161\u00edch here\u010dk\u00e1ch, webkamerov\u00fdch port\u00e1lech a videos\u00edt\u00edch. Chceme v\u00e1m tak\u00e9 p\u0159edstavit nejlep\u0161\u00ed erotick\u00e9 nab\u00eddky za nejlep\u0161\u00ed cenu a zbavit v\u00e1s strachu z podvodn\u00fdch nab\u00eddek. Na\u0161\u00ed hlavn\u00ed prioritou je vn\u00e9st sv\u011btlo do dosud temn\u00e9ho sv\u011bta pr\u016fmyslu pro dosp\u011bl\u00e9. Bohu\u017eel st\u00e1le existuje mnoho pochybn\u00fdch nab\u00eddek a webov\u00fdch str\u00e1nek, kter\u00e9 p\u0159esn\u011b tomu br\u00e1n\u00ed.<\/p>\n\n\n\n<h3 class=\"wp-block-heading\"><strong>Na\u0161e vize<\/strong><\/h3>\n\n\n\n<p>Na\u0161\u00ed viz\u00ed a c\u00edlem je b\u00fdt s na\u0161\u00edm port\u00e1lem k dispozici u\u017eivatel\u016fm z cel\u00e9ho sv\u011bta jako poradce pro sektor dosp\u011bl\u00fdch. All-Actresses.com by se m\u011bl etablovat jako st\u00e1l\u00fd faktor v sektoru pro dosp\u011bl\u00e9 a slou\u017eit jako v\u011brn\u00fd spole\u010dn\u00edk d\u00edky sv\u00fdm odborn\u00fdm znalostem, autorit\u011b a zejm\u00e9na d\u016fv\u011b\u0159e.<\/p>\n\n\n\n<h3 class=\"wp-block-heading\"><strong>Na\u0161i partne\u0159i<\/strong><\/h3>\n\n\n\n<p>Na All-Actresses.com chceme nab\u00edzet ty nejlep\u0161\u00ed z\u00e1\u017eitky za nejlep\u0161\u00ed cenu. Z tohoto d\u016fvodu jsme intenzivn\u011b zva\u017eovali ot\u00e1zku, s jak\u00fdmi partnery bychom cht\u011bli spolupracovat. A se kter\u00fdmi partnery nep\u0159ich\u00e1z\u00ed spolupr\u00e1ce v \u00favahu.<\/p>\n\n\n\n<p>Spolupracujeme s nejv\u011bt\u0161\u00edmi mezin\u00e1rodn\u00edmi webkamerov\u00fdmi port\u00e1ly jako <a href=\"https:\/\/all-actresses.com\/cs\/camsoda\/\">Camsoda<\/a>, <a href=\"https:\/\/all-actresses.com\/cs\/bongacams\/\">Bongacams<\/a>, <a href=\"https:\/\/all-actresses.com\/cs\/chaturbate\/\">Chaturbate<\/a>, <a href=\"https:\/\/all-actresses.com\/cs\/cam4\/\">CAM4<\/a>, <a href=\"https:\/\/all-actresses.com\/cs\/livejasmin\/\">LiveJasmin<\/a> a <a href=\"https:\/\/all-actresses.com\/cs\/streamate\/\">Streamate<\/a>. V oblasti produkce spolupracujeme mimo jin\u00e9 s <a href=\"https:\/\/all-actresses.com\/cs\/brazzers\/\">Brazzers<\/a>, <a href=\"https:\/\/all-actresses.com\/cs\/fake-taxi\/\">FakeHub<\/a>, <a href=\"https:\/\/lp.mydirtyhobby.com\/2\/?video=4&amp;lang=de&amp;ats=eyJhIjozMDkyNTEsImMiOjU5MTA3NzMyLCJuIjoyMSwicyI6MjQxLCJlIjo5NTQyLCJwIjoyfQ==\">MyDirtyHobby<\/a> a <a href=\"https:\/\/www.zubivu.com\/VX\/LP\/Tuby2\/A?w=48182&amp;ws=\">Visit-X<\/a>.<\/p>\n\n\n\n<p>S na\u0161\u00edm port\u00e1lem obsluhujeme popt\u00e1vku na nejv\u011bt\u0161\u00edch sv\u011btov\u00fdch vyhled\u00e1va\u010d\u00edch, jako jsou Google, Bing nebo Yahoo. Krom\u011b toho jsme si tak\u00e9 kladli ot\u00e1zku, jak m\u016f\u017eeme oslovit u\u017eivatele, kte\u0159\u00ed jsou aktivn\u00ed ve sf\u00e9\u0159e soci\u00e1ln\u00edch m\u00e9di\u00ed.<\/p>\n\n\n\n<p>D\u00edky na\u0161\u00ed str\u00e1nce All-Actresses.com na Facebooku a Instagramu oslovujeme pr\u00e1v\u011b tuto c\u00edlovou skupinu. Krom\u011b toho jsme d\u00edky instagramov\u00e9 str\u00e1nce <a href=\"https:\/\/www.instagram.com\/camsoda_stars\/\">@camsoda_stars<\/a> vybudovali \u0161irokou komunitu fanou\u0161k\u016f, kter\u00e1 je zam\u011b\u0159ena zejm\u00e9na na modelky Camsoda a doprov\u00e1z\u00ed a podporuje je v jejich p\u016fsoben\u00ed na soci\u00e1ln\u00edch s\u00edt\u00edch.<\/p>\n\n\n\n<p>Na\u0161\u00edm c\u00edlem v oblasti soci\u00e1ln\u00edch m\u00e9di\u00ed je vyvolat je\u0161t\u011b v\u011bt\u0161\u00ed nad\u0161en\u00ed pro na\u0161e odv\u011btv\u00ed, stmelit komunitu a zv\u00fd\u0161it dosah zn\u00e1m\u00fdch modelek i amat\u00e9rsk\u00fdch model\u016f. Pro tento druh\u00fd c\u00edl jsme spustili dal\u0161\u00ed port\u00e1l.<\/p>\n\n\n\n<p>Prost\u0159ednictv\u00edm webu CamshowStars.com a str\u00e1nky na Instagramu <a href=\"https:\/\/www.instagram.com\/camshow_stars\/\">@camshow_stars<\/a> pom\u00e1h\u00e1me za\u010d\u00ednaj\u00edc\u00edm webcam modelk\u00e1m roz\u0161i\u0159ovat jejich komunitu fanou\u0161k\u016f. Dosahujeme toho p\u0159izp\u016fsobov\u00e1n\u00edm obsahu obl\u00edben\u00fdm vyhled\u00e1va\u010d\u016fm a port\u00e1l\u016fm soci\u00e1ln\u00edch m\u00e9di\u00ed. Na\u0161e strategie se doposud uk\u00e1zala jako mimo\u0159\u00e1dn\u011b \u00fasp\u011b\u0161n\u00e1.<\/p>\n\n\n\n<h3 class=\"wp-block-heading\"><strong>Chcete se st\u00e1t \u010dlenem?<\/strong><\/h3>\n\n\n\n<p>Jste erotick\u00e1 modelka, webcam modelka nebo n\u011bkdo, kdo se nad\u0161en\u011b zaj\u00edm\u00e1 o dan\u00e1 t\u00e9mata? Pak nev\u00e1hejte a kontaktujte n\u00e1s prost\u0159ednictv\u00edm na\u0161ich str\u00e1nek na Instagramu<a href=\"https:\/\/www.instagram.com\/allactressescom\/\"><mark style=\"background-color:rgba(0, 0, 0, 0)\" class=\"has-inline-color has-contrast-color\">(<\/mark>@allactressescom<\/a> a <a href=\"https:\/\/www.instagram.com\/camshow_stars\/\">@camshow_stars<\/a>) nebo mailem. Co pro v\u00e1s m\u016f\u017eeme konkr\u00e9tn\u011b ud\u011blat? Jednak m\u00e1me mo\u017enost za\u0159adit v\u00e1s na n\u00e1\u0161 port\u00e1l All-Actresses.com nebo Camshowstars.com s exkluzivn\u00edm z\u00e1znamem. Ale tak\u00e9 v\u00e1m nab\u00edz\u00edme pomoc s registrac\u00ed a zve\u0159ejn\u011bn\u00edm va\u0161eho prvn\u00edho obsahu na nejobl\u00edben\u011bj\u0161\u00edch erotick\u00fdch platform\u00e1ch. Krom\u011b toho se s v\u00e1mi r\u00e1di pod\u00edv\u00e1me na va\u0161e st\u00e1vaj\u00edc\u00ed profily a porad\u00edme v\u00e1m, jak m\u016f\u017eete z\u00edskat je\u0161t\u011b v\u00edce fanou\u0161k\u016f.<\/p>\n","protected":false},"excerpt":{"rendered":"<p>P\u0159\u00edb\u011bh o v\u0161ech here\u010dk\u00e1ch Od spont\u00e1nn\u00edho n\u00e1padu k mezin\u00e1rodn\u00edmu port\u00e1lu &#8211; takov\u00fd je jeho p\u0159\u00edb\u011bh Jsme v roce 2020. Za slune\u010dn\u00e9ho pozdn\u011b podzimn\u00edho dne se n\u00e1\u0161 t\u00fdm digit\u00e1ln\u00edho marketingu v\u011bnuje t\u00e9matu, kter\u00e9 je na sv\u011btov\u00e9 s\u00edti enormn\u011b \u010dasto vyhled\u00e1v\u00e1no: Odv\u011btv\u00ed pro dosp\u011bl\u00e9 a erotiky. Popt\u00e1vka po \u00fa\u010dinkuj\u00edc\u00edch, erotick\u00fdch s\u00edt\u00edch a platform\u00e1ch je obrovsk\u00e1. V minulosti &#8230; <a title=\"O n\u00e1s\" class=\"read-more\" href=\"https:\/\/all-actresses.com\/cs\/o-nas\/\" aria-label=\"\u010c\u00edst v\u00edce o O n\u00e1s\">\u010c\u00edst d\u00e1l<\/a><\/p>\n","protected":false},"author":1,"featured_media":0,"parent":0,"menu_order":0,"comment_status":"closed","ping_status":"closed","template":"","meta":{"footnotes":""},"class_list":["post-12873","page","type-page","status-publish"],"yoast_head":"<!-- This site is optimized with the Yoast SEO plugin v27.3 - https:\/\/yoast.com\/product\/yoast-seo-wordpress\/ -->\n<title>O n\u00e1s - all-actresses.com<\/title>\n<meta name=\"robots\" content=\"noindex, nofollow\" \/>\n<meta property=\"og:locale\" content=\"cs_CZ\" \/>\n<meta property=\"og:type\" content=\"article\" \/>\n<meta property=\"og:title\" content=\"O n\u00e1s - all-actresses.com\" \/>\n<meta property=\"og:description\" content=\"P\u0159\u00edb\u011bh o v\u0161ech here\u010dk\u00e1ch Od spont\u00e1nn\u00edho n\u00e1padu k mezin\u00e1rodn\u00edmu port\u00e1lu &#8211; takov\u00fd je jeho p\u0159\u00edb\u011bh Jsme v roce 2020. Za slune\u010dn\u00e9ho pozdn\u011b podzimn\u00edho dne se n\u00e1\u0161 t\u00fdm digit\u00e1ln\u00edho marketingu v\u011bnuje t\u00e9matu, kter\u00e9 je na sv\u011btov\u00e9 s\u00edti enormn\u011b \u010dasto vyhled\u00e1v\u00e1no: Odv\u011btv\u00ed pro dosp\u011bl\u00e9 a erotiky. Popt\u00e1vka po \u00fa\u010dinkuj\u00edc\u00edch, erotick\u00fdch s\u00edt\u00edch a platform\u00e1ch je obrovsk\u00e1. V minulosti ... \u010c\u00edst d\u00e1l\" \/>\n<meta property=\"og:url\" content=\"https:\/\/all-actresses.com\/cs\/o-nas\/\" \/>\n<meta property=\"og:site_name\" content=\"all-actresses.com\" \/>\n<meta property=\"article:modified_time\" content=\"2024-05-17T05:21:40+00:00\" \/>\n<meta property=\"og:image\" content=\"https:\/\/all-actresses.com\/wp-content\/uploads\/2024\/05\/O-nas.jpg\" \/>\n<meta name=\"twitter:card\" content=\"summary_large_image\" \/>\n<meta name=\"twitter:label1\" content=\"Odhadovan\u00e1 doba \u010dten\u00ed\" \/>\n\t<meta name=\"twitter:data1\" content=\"4 minuty\" \/>\n<script type=\"application\/ld+json\" class=\"yoast-schema-graph\">{\"@context\":\"https:\\\/\\\/schema.org\",\"@graph\":[{\"@type\":\"WebPage\",\"@id\":\"https:\\\/\\\/all-actresses.com\\\/cs\\\/o-nas\\\/\",\"url\":\"https:\\\/\\\/all-actresses.com\\\/cs\\\/o-nas\\\/\",\"name\":\"O n\u00e1s - all-actresses.com\",\"isPartOf\":{\"@id\":\"https:\\\/\\\/all-actresses.com\\\/#website\"},\"primaryImageOfPage\":{\"@id\":\"https:\\\/\\\/all-actresses.com\\\/cs\\\/o-nas\\\/#primaryimage\"},\"image\":{\"@id\":\"https:\\\/\\\/all-actresses.com\\\/cs\\\/o-nas\\\/#primaryimage\"},\"thumbnailUrl\":\"https:\\\/\\\/all-actresses.com\\\/wp-content\\\/uploads\\\/2024\\\/05\\\/O-nas.jpg\",\"datePublished\":\"2021-06-16T13:39:30+00:00\",\"dateModified\":\"2024-05-17T05:21:40+00:00\",\"breadcrumb\":{\"@id\":\"https:\\\/\\\/all-actresses.com\\\/cs\\\/o-nas\\\/#breadcrumb\"},\"inLanguage\":\"cs\",\"potentialAction\":[{\"@type\":\"ReadAction\",\"target\":[\"https:\\\/\\\/all-actresses.com\\\/cs\\\/o-nas\\\/\"]}]},{\"@type\":\"ImageObject\",\"inLanguage\":\"cs\",\"@id\":\"https:\\\/\\\/all-actresses.com\\\/cs\\\/o-nas\\\/#primaryimage\",\"url\":\"https:\\\/\\\/all-actresses.com\\\/wp-content\\\/uploads\\\/2024\\\/05\\\/O-nas.jpg\",\"contentUrl\":\"https:\\\/\\\/all-actresses.com\\\/wp-content\\\/uploads\\\/2024\\\/05\\\/O-nas.jpg\"},{\"@type\":\"BreadcrumbList\",\"@id\":\"https:\\\/\\\/all-actresses.com\\\/cs\\\/o-nas\\\/#breadcrumb\",\"itemListElement\":[{\"@type\":\"ListItem\",\"position\":1,\"name\":\"Startseite\",\"item\":\"https:\\\/\\\/all-actresses.com\\\/cs\\\/\"},{\"@type\":\"ListItem\",\"position\":2,\"name\":\"O n\u00e1s\"}]},{\"@type\":\"WebSite\",\"@id\":\"https:\\\/\\\/all-actresses.com\\\/#website\",\"url\":\"https:\\\/\\\/all-actresses.com\\\/\",\"name\":\"all-actresses.com\",\"description\":\"Entdecke die Welt von AllActresses!\",\"publisher\":{\"@id\":\"https:\\\/\\\/all-actresses.com\\\/#organization\"},\"potentialAction\":[{\"@type\":\"SearchAction\",\"target\":{\"@type\":\"EntryPoint\",\"urlTemplate\":\"https:\\\/\\\/all-actresses.com\\\/?s={search_term_string}\"},\"query-input\":{\"@type\":\"PropertyValueSpecification\",\"valueRequired\":true,\"valueName\":\"search_term_string\"}}],\"inLanguage\":\"cs\"},{\"@type\":\"Organization\",\"@id\":\"https:\\\/\\\/all-actresses.com\\\/#organization\",\"name\":\"all-actresses.com\",\"url\":\"https:\\\/\\\/all-actresses.com\\\/\",\"logo\":{\"@type\":\"ImageObject\",\"inLanguage\":\"cs\",\"@id\":\"https:\\\/\\\/all-actresses.com\\\/#\\\/schema\\\/logo\\\/image\\\/\",\"url\":\"https:\\\/\\\/all-actresses.com\\\/wp-content\\\/uploads\\\/2021\\\/05\\\/allactresses-2-e1620037015851.jpg\",\"contentUrl\":\"https:\\\/\\\/all-actresses.com\\\/wp-content\\\/uploads\\\/2021\\\/05\\\/allactresses-2-e1620037015851.jpg\",\"width\":400,\"height\":213,\"caption\":\"all-actresses.com\"},\"image\":{\"@id\":\"https:\\\/\\\/all-actresses.com\\\/#\\\/schema\\\/logo\\\/image\\\/\"}}]}<\/script>\n<!-- \/ Yoast SEO plugin. -->","yoast_head_json":{"title":"O n\u00e1s - all-actresses.com","robots":{"index":"noindex","follow":"nofollow"},"og_locale":"cs_CZ","og_type":"article","og_title":"O n\u00e1s - all-actresses.com","og_description":"P\u0159\u00edb\u011bh o v\u0161ech here\u010dk\u00e1ch Od spont\u00e1nn\u00edho n\u00e1padu k mezin\u00e1rodn\u00edmu port\u00e1lu &#8211; takov\u00fd je jeho p\u0159\u00edb\u011bh Jsme v roce 2020. Za slune\u010dn\u00e9ho pozdn\u011b podzimn\u00edho dne se n\u00e1\u0161 t\u00fdm digit\u00e1ln\u00edho marketingu v\u011bnuje t\u00e9matu, kter\u00e9 je na sv\u011btov\u00e9 s\u00edti enormn\u011b \u010dasto vyhled\u00e1v\u00e1no: Odv\u011btv\u00ed pro dosp\u011bl\u00e9 a erotiky. Popt\u00e1vka po \u00fa\u010dinkuj\u00edc\u00edch, erotick\u00fdch s\u00edt\u00edch a platform\u00e1ch je obrovsk\u00e1. V minulosti ... \u010c\u00edst d\u00e1l","og_url":"https:\/\/all-actresses.com\/cs\/o-nas\/","og_site_name":"all-actresses.com","article_modified_time":"2024-05-17T05:21:40+00:00","og_image":[{"url":"https:\/\/all-actresses.com\/wp-content\/uploads\/2024\/05\/O-nas.jpg","type":"","width":"","height":""}],"twitter_card":"summary_large_image","twitter_misc":{"Odhadovan\u00e1 doba \u010dten\u00ed":"4 minuty"},"schema":{"@context":"https:\/\/schema.org","@graph":[{"@type":"WebPage","@id":"https:\/\/all-actresses.com\/cs\/o-nas\/","url":"https:\/\/all-actresses.com\/cs\/o-nas\/","name":"O n\u00e1s - all-actresses.com","isPartOf":{"@id":"https:\/\/all-actresses.com\/#website"},"primaryImageOfPage":{"@id":"https:\/\/all-actresses.com\/cs\/o-nas\/#primaryimage"},"image":{"@id":"https:\/\/all-actresses.com\/cs\/o-nas\/#primaryimage"},"thumbnailUrl":"https:\/\/all-actresses.com\/wp-content\/uploads\/2024\/05\/O-nas.jpg","datePublished":"2021-06-16T13:39:30+00:00","dateModified":"2024-05-17T05:21:40+00:00","breadcrumb":{"@id":"https:\/\/all-actresses.com\/cs\/o-nas\/#breadcrumb"},"inLanguage":"cs","potentialAction":[{"@type":"ReadAction","target":["https:\/\/all-actresses.com\/cs\/o-nas\/"]}]},{"@type":"ImageObject","inLanguage":"cs","@id":"https:\/\/all-actresses.com\/cs\/o-nas\/#primaryimage","url":"https:\/\/all-actresses.com\/wp-content\/uploads\/2024\/05\/O-nas.jpg","contentUrl":"https:\/\/all-actresses.com\/wp-content\/uploads\/2024\/05\/O-nas.jpg"},{"@type":"BreadcrumbList","@id":"https:\/\/all-actresses.com\/cs\/o-nas\/#breadcrumb","itemListElement":[{"@type":"ListItem","position":1,"name":"Startseite","item":"https:\/\/all-actresses.com\/cs\/"},{"@type":"ListItem","position":2,"name":"O n\u00e1s"}]},{"@type":"WebSite","@id":"https:\/\/all-actresses.com\/#website","url":"https:\/\/all-actresses.com\/","name":"all-actresses.com","description":"Entdecke die Welt von AllActresses!","publisher":{"@id":"https:\/\/all-actresses.com\/#organization"},"potentialAction":[{"@type":"SearchAction","target":{"@type":"EntryPoint","urlTemplate":"https:\/\/all-actresses.com\/?s={search_term_string}"},"query-input":{"@type":"PropertyValueSpecification","valueRequired":true,"valueName":"search_term_string"}}],"inLanguage":"cs"},{"@type":"Organization","@id":"https:\/\/all-actresses.com\/#organization","name":"all-actresses.com","url":"https:\/\/all-actresses.com\/","logo":{"@type":"ImageObject","inLanguage":"cs","@id":"https:\/\/all-actresses.com\/#\/schema\/logo\/image\/","url":"https:\/\/all-actresses.com\/wp-content\/uploads\/2021\/05\/allactresses-2-e1620037015851.jpg","contentUrl":"https:\/\/all-actresses.com\/wp-content\/uploads\/2021\/05\/allactresses-2-e1620037015851.jpg","width":400,"height":213,"caption":"all-actresses.com"},"image":{"@id":"https:\/\/all-actresses.com\/#\/schema\/logo\/image\/"}}]}},"_links":{"self":[{"href":"https:\/\/all-actresses.com\/cs\/wp-json\/wp\/v2\/pages\/12873","targetHints":{"allow":["GET"]}}],"collection":[{"href":"https:\/\/all-actresses.com\/cs\/wp-json\/wp\/v2\/pages"}],"about":[{"href":"https:\/\/all-actresses.com\/cs\/wp-json\/wp\/v2\/types\/page"}],"author":[{"embeddable":true,"href":"https:\/\/all-actresses.com\/cs\/wp-json\/wp\/v2\/users\/1"}],"replies":[{"embeddable":true,"href":"https:\/\/all-actresses.com\/cs\/wp-json\/wp\/v2\/comments?post=12873"}],"version-history":[{"count":3,"href":"https:\/\/all-actresses.com\/cs\/wp-json\/wp\/v2\/pages\/12873\/revisions"}],"predecessor-version":[{"id":14242,"href":"https:\/\/all-actresses.com\/cs\/wp-json\/wp\/v2\/pages\/12873\/revisions\/14242"}],"wp:attachment":[{"href":"https:\/\/all-actresses.com\/cs\/wp-json\/wp\/v2\/media?parent=12873"}],"curies":[{"name":"wp","href":"https:\/\/api.w.org\/{rel}","templated":true}]}}